{"id":7016,"date":"2025-01-17T11:23:53","date_gmt":"2025-01-17T09:23:53","guid":{"rendered":"https:\/\/hyotytuuli.fi\/?page_id=7016"},"modified":"2025-02-07T11:58:30","modified_gmt":"2025-02-07T09:58:30","slug":"projects","status":"publish","type":"page","link":"https:\/\/hyotytuuli.fi\/en\/projects\/","title":{"rendered":"Projects"},"content":{"rendered":"\n\n<style>\n                            @media screen and (min-width: 1px) and (max-width: 9999px) {\n            .Hero-21034807 {\n                background-image: url('https:\/\/arenso.fi\/app\/uploads\/2025\/01\/Tahkoluoto-6.jpg');\n            }\n        }\n            \n            @media screen and (max-width: 767.1px) {\n        .Hero-21034807 {\n            height: 230px !important;\n        }\n    }\n    \n                .Hero-21034807 {\n            height: 350px;\n        }\n    \n<\/style>\n\n<section class=\"mb-8\" >\n    <div class=\"\n        Hero\n        Hero-21034807\n        full-width\n        z-10\n        relative bg-cover\n        bg-center inset-x-2\/4\n        flex justify-center items-center\n    \">\n            <h1 class=\"text-white font-bold text-center h2 md:h1 text-balance\"><\/h1>\n        <\/div>\n    <\/section>\n\n\n\n<h2 class=\"wp-block-heading has-text-align-center\">Under construction or in test phase<\/h2>\n\n\n<section class=\" my-4 sm:my-8 md:my-12 xl:my-20\" >\n\t\t\t<div class=\"FiftyFiftyImage relative flex justify-between bg-hyotytuuli-light flex-col-reverse lg:flex-row-reverse\">\n\t\t\t<div class=\"w-full aspect-[7\/5] lg:w-1\/2 p-4 sm:p-8 md:p-12  lg:px-12 lg:pt-14 \">\n\t\t\t\t\t\t\t\t\t\t\t\t<h2 class=\"Title flex flex-col justify-start mb-4 text-hyotytuuli-hilight3\">\n\t\t\t\t\t\tSiikajoki wind farm project\n\t\t\t\t\t<\/h2>\n\t\t\t\t\t\t\t\t\t\t\t\t\t<div class=\"flex flex-col text-hyotytuuli-hilight3 justify-center \">\n\t\t\t\t\t\t\t\t\t\t\t\t\t<div class=\"projekti-inner\">\n<div class=\"infoteksti\">\n<p>Suomen Hy\u00f6tytuuli Oy is constructing a wind farm of 38 wind turbines in Siikajoki. The wind farm area is located in North Ostrobothnia, on the western side of the municipality.<\/p>\n<\/div>\n<\/div>\n\n\t\t\t\t\t\t\t\t\t\t\t\t\t\t\t\t\t\t\t<div class=\"flex mt-6\">\n\t\t\t\t\t\t\t\t\n<a\nhref=\"https:\/\/hyotytuuli.fi\/en\/siikajoki-wind-farm-project\/\"\nalt=\"\"\ntarget=\"\"\nclass=\"button relative flex mt-3 mr-2 px-7 py-4 items-center rounded-full text-hyotytuuli border border-hyotytuuli bg-hover:bg-white hover:text-link-hover hover:border-link-hover\">\n    <span class=\"p pr-2\">Read more<\/span>\n    <div class=\"\"><svg xmlns=\"http:\/\/www.w3.org\/2000\/svg\" fill=\"none\" viewBox=\"0 0 24 24\" stroke-width=\"1.5\" stroke=\"currentColor\" class=\"w-6 h-6\">\n  <path stroke-linecap=\"round\" stroke-linejoin=\"round\" d=\"M17.25 8.25 21 12m0 0-3.75 3.75M21 12H3\" \/>\n<\/svg>\n<\/div>\n<\/a>\n\t\t\t\t\t\t\t<\/div>\n\t\t\t\t\t\t\t\t\t\t\t<\/div>\n\t\t\t\t\t\t\t\t\t\t<\/div>\n\t\t\t\t\t\t\t<div class=\" self-stretch justify-self-stretch w-full lg:w-1\/2 relative flex justify-center lg:justify-start\">\n\t\t\t\t\t<img decoding=\"async\" loading=\"lazy\" class=\"object-cover h-full w-full aspect-[7\/5]\"  srcset=\"\n\t\t\t\t\t\t\t\t\t\t\thttps:\/\/arenso.fi\/app\/uploads\/2025\/01\/siikajoen-tuulipuistohankkeet-1.jpg-150x150.webp 150w,\n\t\t\t\t\t\t\t\t\t\t\thttps:\/\/arenso.fi\/app\/uploads\/2025\/01\/siikajoen-tuulipuistohankkeet-1.jpg-300x146.webp 300w,\n\t\t\t\t\t\t\t\t\t\t\thttps:\/\/arenso.fi\/app\/uploads\/2025\/01\/siikajoen-tuulipuistohankkeet-1.jpg-768x373.webp 768w,\n\t\t\t\t\t\t\t\t\t\t\thttps:\/\/arenso.fi\/app\/uploads\/2025\/01\/siikajoen-tuulipuistohankkeet-1.jpg-1024x497.webp 1024w,\n\t\t\t\t\t\t\t\t\t\t\thttps:\/\/arenso.fi\/app\/uploads\/2025\/01\/siikajoen-tuulipuistohankkeet-1.jpg.webp 1410w,\n\t\t\t\t\t\t\t\t\t\t    \"  src=\"https:\/\/arenso.fi\/app\/uploads\/2025\/01\/siikajoen-tuulipuistohankkeet-1.jpg-768x373.webp\"\/>\n\t\t\t\t<\/div>\n\t\t\t\t\t<\/div>\n\t<\/section>\n\n\n\n<h2 class=\"wp-block-heading has-text-align-center\">In development<\/h2>\n\n\n<section class=\" my-4 sm:my-8 md:my-12 xl:my-20\" >\n\t\t\t<div class=\"FiftyFiftyImage relative flex justify-between bg-hyotytuuli-light flex-col-reverse lg:flex-row-reverse\">\n\t\t\t<div class=\"w-full aspect-[7\/5] lg:w-1\/2 p-4 sm:p-8 md:p-12  lg:px-12 lg:pt-14 \">\n\t\t\t\t\t\t\t\t\t\t\t\t<h2 class=\"Title flex flex-col justify-start mb-4 text-hyotytuuli-hilight3\">\n\t\t\t\t\t\tKorpi-Matti wind farm project\n\t\t\t\t\t<\/h2>\n\t\t\t\t\t\t\t\t\t\t\t\t\t<div class=\"flex flex-col text-hyotytuuli-hilight3 justify-center \">\n\t\t\t\t\t\t\t\t\t\t\t\t\t<div class=\"projekti-inner\">\n<div class=\"infoteksti\">\n<p>Suomen Hy\u00f6tytuuli Oy is planning a wind farm of 8 wind turbines in Merikarvia. Merikarvia is a coastal municipality located between the towns of Pori and Kristiinankaupunki.<\/p>\n<\/div>\n<\/div>\n\n\t\t\t\t\t\t\t\t\t\t\t\t\t\t\t\t\t\t\t<div class=\"flex mt-6\">\n\t\t\t\t\t\t\t\t\n<a\nhref=\"https:\/\/hyotytuuli.fi\/en\/korpi-matti-wind-farm-project\/\"\nalt=\"\"\ntarget=\"\"\nclass=\"button relative flex mt-3 mr-2 px-7 py-4 items-center rounded-full text-hyotytuuli border border-hyotytuuli bg-hover:bg-white hover:text-link-hover hover:border-link-hover\">\n    <span class=\"p pr-2\">Read more<\/span>\n    <div class=\"\"><svg xmlns=\"http:\/\/www.w3.org\/2000\/svg\" fill=\"none\" viewBox=\"0 0 24 24\" stroke-width=\"1.5\" stroke=\"currentColor\" class=\"w-6 h-6\">\n  <path stroke-linecap=\"round\" stroke-linejoin=\"round\" d=\"M17.25 8.25 21 12m0 0-3.75 3.75M21 12H3\" \/>\n<\/svg>\n<\/div>\n<\/a>\n\t\t\t\t\t\t\t<\/div>\n\t\t\t\t\t\t\t\t\t\t\t<\/div>\n\t\t\t\t\t\t\t\t\t\t<\/div>\n\t\t\t\t\t\t\t<div class=\" self-stretch justify-self-stretch w-full lg:w-1\/2 relative flex justify-center lg:justify-start\">\n\t\t\t\t\t<img decoding=\"async\" loading=\"lazy\" class=\"object-cover h-full w-full aspect-[7\/5]\"  srcset=\"\n\t\t\t\t\t\t\t\t\t\t\thttps:\/\/arenso.fi\/app\/uploads\/2025\/01\/korpi-matin-tuulipuistohanke-1-1024x496.jpg-150x150.webp 150w,\n\t\t\t\t\t\t\t\t\t\t\thttps:\/\/arenso.fi\/app\/uploads\/2025\/01\/korpi-matin-tuulipuistohanke-1-1024x496.jpg-300x145.webp 300w,\n\t\t\t\t\t\t\t\t\t\t\thttps:\/\/arenso.fi\/app\/uploads\/2025\/01\/korpi-matin-tuulipuistohanke-1-1024x496.jpg-768x372.webp 768w,\n\t\t\t\t\t\t\t\t\t\t\thttps:\/\/arenso.fi\/app\/uploads\/2025\/01\/korpi-matin-tuulipuistohanke-1-1024x496.jpg.webp 1024w,\n\t\t\t\t\t\t\t\t\t\t\thttps:\/\/arenso.fi\/app\/uploads\/2025\/01\/korpi-matin-tuulipuistohanke-1-1024x496.jpg.webp 1024w,\n\t\t\t\t\t\t\t\t\t\t    \"  src=\"https:\/\/arenso.fi\/app\/uploads\/2025\/01\/korpi-matin-tuulipuistohanke-1-1024x496.jpg-768x372.webp\"\/>\n\t\t\t\t<\/div>\n\t\t\t\t\t<\/div>\n\t\t\t<div class=\"FiftyFiftyImage relative flex justify-between bg-hyotytuuli-light flex-col-reverse lg:flex-row\">\n\t\t\t<div class=\"w-full aspect-[7\/5] lg:w-1\/2 p-4 sm:p-8 md:p-12  lg:px-12 lg:pt-14 \">\n\t\t\t\t\t\t\t\t\t\t\t\t<h2 class=\"Title flex flex-col justify-start mb-4 text-hyotytuuli-hilight3\">\n\t\t\t\t\t\tPerho Kokkoneva wind farm project\n\t\t\t\t\t<\/h2>\n\t\t\t\t\t\t\t\t\t\t\t\t\t<div class=\"flex flex-col text-hyotytuuli-hilight3 justify-center \">\n\t\t\t\t\t\t\t\t\t\t\t\t\t<div class=\"projekti-inner\">\n<div class=\"infoteksti\">\n<p>Suomen Hy\u00f6tytuuli is planning a wind farm of 30 wind turbines in Kokkoneva, Perho. The height of the wind turbines is maximum of 300 metres and the capacity about 6\u201310 MW. The wind farm will be constructed between 2025 and 2027.<\/p>\n<\/div>\n<\/div>\n\n\t\t\t\t\t\t\t\t\t\t\t\t\t\t\t\t\t\t\t<div class=\"flex mt-6\">\n\t\t\t\t\t\t\t\t\n<a\nhref=\"https:\/\/hyotytuuli.fi\/en\/perho-kokkoneva-wind-farm-project\/\"\nalt=\"\"\ntarget=\"\"\nclass=\"button relative flex mt-3 mr-2 px-7 py-4 items-center rounded-full text-hyotytuuli border border-hyotytuuli bg-hover:bg-white hover:text-link-hover hover:border-link-hover\">\n    <span class=\"p pr-2\">Read more<\/span>\n    <div class=\"\"><svg xmlns=\"http:\/\/www.w3.org\/2000\/svg\" fill=\"none\" viewBox=\"0 0 24 24\" stroke-width=\"1.5\" stroke=\"currentColor\" class=\"w-6 h-6\">\n  <path stroke-linecap=\"round\" stroke-linejoin=\"round\" d=\"M17.25 8.25 21 12m0 0-3.75 3.75M21 12H3\" \/>\n<\/svg>\n<\/div>\n<\/a>\n\t\t\t\t\t\t\t<\/div>\n\t\t\t\t\t\t\t\t\t\t\t<\/div>\n\t\t\t\t\t\t\t\t\t\t<\/div>\n\t\t\t\t\t\t\t<div class=\" self-stretch justify-self-stretch w-full lg:w-1\/2 relative flex justify-center lg:justify-end\">\n\t\t\t\t\t<img decoding=\"async\" loading=\"lazy\" class=\"object-cover h-full w-full aspect-[7\/5]\"  srcset=\"\n\t\t\t\t\t\t\t\t\t\t\thttps:\/\/arenso.fi\/app\/uploads\/2025\/01\/kokkonevan-tuulipuistohanke-150x150.webp 150w,\n\t\t\t\t\t\t\t\t\t\t\thttps:\/\/arenso.fi\/app\/uploads\/2025\/01\/kokkonevan-tuulipuistohanke-300x146.webp 300w,\n\t\t\t\t\t\t\t\t\t\t\thttps:\/\/arenso.fi\/app\/uploads\/2025\/01\/kokkonevan-tuulipuistohanke-768x373.webp 768w,\n\t\t\t\t\t\t\t\t\t\t\thttps:\/\/arenso.fi\/app\/uploads\/2025\/01\/kokkonevan-tuulipuistohanke.webp 1024w,\n\t\t\t\t\t\t\t\t\t\t\thttps:\/\/arenso.fi\/app\/uploads\/2025\/01\/kokkonevan-tuulipuistohanke.webp 1024w,\n\t\t\t\t\t\t\t\t\t\t    \"  src=\"https:\/\/arenso.fi\/app\/uploads\/2025\/01\/kokkonevan-tuulipuistohanke-768x373.webp\"\/>\n\t\t\t\t<\/div>\n\t\t\t\t\t<\/div>\n\t\t\t<div class=\"FiftyFiftyImage relative flex justify-between bg-hyotytuuli-light flex-col-reverse lg:flex-row-reverse\">\n\t\t\t<div class=\"w-full aspect-[7\/5] lg:w-1\/2 p-4 sm:p-8 md:p-12  lg:px-12 lg:pt-14 \">\n\t\t\t\t\t\t\t\t\t\t\t\t<h2 class=\"Title flex flex-col justify-start mb-4 text-hyotytuuli-hilight3\">\n\t\t\t\t\t\tPesola wind farm project\n\t\t\t\t\t<\/h2>\n\t\t\t\t\t\t\t\t\t\t\t\t\t<div class=\"flex flex-col text-hyotytuuli-hilight3 justify-center \">\n\t\t\t\t\t\t\t\t\t\t\t\t\t<p>Suomen Hy\u00f6tytuuli Oy has made a plan for a wind farm of 7\u20138 wind turbine generators in the municipality of Soini. The municipality of Soini is located in the province of South Ostrobothnia, surrounded by the municipalities of \u00c4ht\u00e4ri, Saarij\u00e4rvi, Alaj\u00e4rvi, Kyyj\u00e4rvi and Karstula.<\/p>\n\n\t\t\t\t\t\t\t\t\t\t\t\t\t\t\t\t\t\t\t<div class=\"flex mt-6\">\n\t\t\t\t\t\t\t\t\n<a\nhref=\"https:\/\/hyotytuuli.fi\/en\/pesola-wind-farm-project\/\"\nalt=\"\"\ntarget=\"\"\nclass=\"button relative flex mt-3 mr-2 px-7 py-4 items-center rounded-full text-hyotytuuli border border-hyotytuuli bg-hover:bg-white hover:text-link-hover hover:border-link-hover\">\n    <span class=\"p pr-2\">Read more<\/span>\n    <div class=\"\"><svg xmlns=\"http:\/\/www.w3.org\/2000\/svg\" fill=\"none\" viewBox=\"0 0 24 24\" stroke-width=\"1.5\" stroke=\"currentColor\" class=\"w-6 h-6\">\n  <path stroke-linecap=\"round\" stroke-linejoin=\"round\" d=\"M17.25 8.25 21 12m0 0-3.75 3.75M21 12H3\" \/>\n<\/svg>\n<\/div>\n<\/a>\n\t\t\t\t\t\t\t<\/div>\n\t\t\t\t\t\t\t\t\t\t\t<\/div>\n\t\t\t\t\t\t\t\t\t\t<\/div>\n\t\t\t\t\t\t\t<div class=\" self-stretch justify-self-stretch w-full lg:w-1\/2 relative flex justify-center lg:justify-start\">\n\t\t\t\t\t<img decoding=\"async\" loading=\"lazy\" class=\"object-cover h-full w-full aspect-[7\/5]\"  srcset=\"\n\t\t\t\t\t\t\t\t\t\t\thttps:\/\/arenso.fi\/app\/uploads\/2025\/01\/pesolan-tuulipuistohanke-1-1024x497.jpg-150x150.webp 150w,\n\t\t\t\t\t\t\t\t\t\t\thttps:\/\/arenso.fi\/app\/uploads\/2025\/01\/pesolan-tuulipuistohanke-1-1024x497.jpg-300x146.webp 300w,\n\t\t\t\t\t\t\t\t\t\t\thttps:\/\/arenso.fi\/app\/uploads\/2025\/01\/pesolan-tuulipuistohanke-1-1024x497.jpg-768x373.webp 768w,\n\t\t\t\t\t\t\t\t\t\t\thttps:\/\/arenso.fi\/app\/uploads\/2025\/01\/pesolan-tuulipuistohanke-1-1024x497.jpg.webp 1024w,\n\t\t\t\t\t\t\t\t\t\t\thttps:\/\/arenso.fi\/app\/uploads\/2025\/01\/pesolan-tuulipuistohanke-1-1024x497.jpg.webp 1024w,\n\t\t\t\t\t\t\t\t\t\t    \"  src=\"https:\/\/arenso.fi\/app\/uploads\/2025\/01\/pesolan-tuulipuistohanke-1-1024x497.jpg-768x373.webp\"\/>\n\t\t\t\t<\/div>\n\t\t\t\t\t<\/div>\n\t\t\t<div class=\"FiftyFiftyImage relative flex justify-between bg-hyotytuuli-light flex-col-reverse lg:flex-row\">\n\t\t\t<div class=\"w-full aspect-[7\/5] lg:w-1\/2 p-4 sm:p-8 md:p-12  lg:px-12 lg:pt-14 \">\n\t\t\t\t\t\t\t\t\t\t\t\t<h2 class=\"Title flex flex-col justify-start mb-4 text-hyotytuuli-hilight3\">\n\t\t\t\t\t\tNikkarinkaarto wind farm extension project\n\t\t\t\t\t<\/h2>\n\t\t\t\t\t\t\t\t\t\t\t\t\t<div class=\"flex flex-col text-hyotytuuli-hilight3 justify-center \">\n\t\t\t\t\t\t\t\t\t\t\t\t\t<p>Suomen Hy\u00f6tytuuli is planning a five wind turbine extension to Nikkarinkaarto wind farm north of the current wind farm. The extension project will be situated approx. nine kilometres south-west of Vihanti centre.<\/p>\n\n\t\t\t\t\t\t\t\t\t\t\t\t\t\t\t\t\t\t\t<div class=\"flex mt-6\">\n\t\t\t\t\t\t\t\t\n<a\nhref=\"https:\/\/hyotytuuli.fi\/en\/nikkarinkaarto-wind-farm-extension-project\/\"\nalt=\"\"\ntarget=\"\"\nclass=\"button relative flex mt-3 mr-2 px-7 py-4 items-center rounded-full text-hyotytuuli border border-hyotytuuli bg-hover:bg-white hover:text-link-hover hover:border-link-hover\">\n    <span class=\"p pr-2\">Read more<\/span>\n    <div class=\"\"><svg xmlns=\"http:\/\/www.w3.org\/2000\/svg\" fill=\"none\" viewBox=\"0 0 24 24\" stroke-width=\"1.5\" stroke=\"currentColor\" class=\"w-6 h-6\">\n  <path stroke-linecap=\"round\" stroke-linejoin=\"round\" d=\"M17.25 8.25 21 12m0 0-3.75 3.75M21 12H3\" \/>\n<\/svg>\n<\/div>\n<\/a>\n\t\t\t\t\t\t\t<\/div>\n\t\t\t\t\t\t\t\t\t\t\t<\/div>\n\t\t\t\t\t\t\t\t\t\t<\/div>\n\t\t\t\t\t\t\t<div class=\" self-stretch justify-self-stretch w-full lg:w-1\/2 relative flex justify-center lg:justify-end\">\n\t\t\t\t\t<img decoding=\"async\" loading=\"lazy\" class=\"object-cover h-full w-full aspect-[7\/5]\"  srcset=\"\n\t\t\t\t\t\t\t\t\t\t\thttps:\/\/arenso.fi\/app\/uploads\/2025\/01\/Nikkarinkaarto-150x150.jpg 150w,\n\t\t\t\t\t\t\t\t\t\t\thttps:\/\/arenso.fi\/app\/uploads\/2025\/01\/Nikkarinkaarto-300x176.jpg 300w,\n\t\t\t\t\t\t\t\t\t\t\thttps:\/\/arenso.fi\/app\/uploads\/2025\/01\/Nikkarinkaarto-768x452.jpg 768w,\n\t\t\t\t\t\t\t\t\t\t\thttps:\/\/arenso.fi\/app\/uploads\/2025\/01\/Nikkarinkaarto.jpg 891w,\n\t\t\t\t\t\t\t\t\t\t\thttps:\/\/arenso.fi\/app\/uploads\/2025\/01\/Nikkarinkaarto.jpg 891w,\n\t\t\t\t\t\t\t\t\t\t    \"  src=\"https:\/\/arenso.fi\/app\/uploads\/2025\/01\/Nikkarinkaarto-768x452.jpg\"\/>\n\t\t\t\t<\/div>\n\t\t\t\t\t<\/div>\n\t\t\t<div class=\"FiftyFiftyImage relative flex justify-between bg-hyotytuuli-light flex-col-reverse lg:flex-row-reverse\">\n\t\t\t<div class=\"w-full aspect-[7\/5] lg:w-1\/2 p-4 sm:p-8 md:p-12  lg:px-12 lg:pt-14 \">\n\t\t\t\t\t\t\t\t\t\t\t\t<h2 class=\"Title flex flex-col justify-start mb-4 text-hyotytuuli-hilight3\">\n\t\t\t\t\t\tIsokangas wind farm project\n\t\t\t\t\t<\/h2>\n\t\t\t\t\t\t\t\t\t\t\t\t\t<div class=\"flex flex-col text-hyotytuuli-hilight3 justify-center \">\n\t\t\t\t\t\t\t\t\t\t\t\t\t<div class=\"projekti-inner\">\n<div class=\"infoteksti\">\n<p>Suomen Hy\u00f6tytuuli is planning three wind turbine generators in Isokangas, Soini.<\/p>\n<\/div>\n<\/div>\n\n\t\t\t\t\t\t\t\t\t\t\t\t\t\t\t\t\t\t\t<div class=\"flex mt-6\">\n\t\t\t\t\t\t\t\t\n<a\nhref=\"https:\/\/hyotytuuli.fi\/en\/isokangas-wind-farm-project\/\"\nalt=\"\"\ntarget=\"\"\nclass=\"button relative flex mt-3 mr-2 px-7 py-4 items-center rounded-full text-hyotytuuli border border-hyotytuuli bg-hover:bg-white hover:text-link-hover hover:border-link-hover\">\n    <span class=\"p pr-2\">Read more<\/span>\n    <div class=\"\"><svg xmlns=\"http:\/\/www.w3.org\/2000\/svg\" fill=\"none\" viewBox=\"0 0 24 24\" stroke-width=\"1.5\" stroke=\"currentColor\" class=\"w-6 h-6\">\n  <path stroke-linecap=\"round\" stroke-linejoin=\"round\" d=\"M17.25 8.25 21 12m0 0-3.75 3.75M21 12H3\" \/>\n<\/svg>\n<\/div>\n<\/a>\n\t\t\t\t\t\t\t<\/div>\n\t\t\t\t\t\t\t\t\t\t\t<\/div>\n\t\t\t\t\t\t\t\t\t\t<\/div>\n\t\t\t\t\t\t\t<div class=\" self-stretch justify-self-stretch w-full lg:w-1\/2 relative flex justify-center lg:justify-start\">\n\t\t\t\t\t<img decoding=\"async\" loading=\"lazy\" class=\"object-cover h-full w-full aspect-[7\/5]\"  srcset=\"\n\t\t\t\t\t\t\t\t\t\t\thttps:\/\/arenso.fi\/app\/uploads\/2025\/01\/isokankaan-tuulipuistohanke-1-1024x499.jpg-150x150.webp 150w,\n\t\t\t\t\t\t\t\t\t\t\thttps:\/\/arenso.fi\/app\/uploads\/2025\/01\/isokankaan-tuulipuistohanke-1-1024x499.jpg-300x146.webp 300w,\n\t\t\t\t\t\t\t\t\t\t\thttps:\/\/arenso.fi\/app\/uploads\/2025\/01\/isokankaan-tuulipuistohanke-1-1024x499.jpg-768x374.webp 768w,\n\t\t\t\t\t\t\t\t\t\t\thttps:\/\/arenso.fi\/app\/uploads\/2025\/01\/isokankaan-tuulipuistohanke-1-1024x499.jpg.webp 1024w,\n\t\t\t\t\t\t\t\t\t\t\thttps:\/\/arenso.fi\/app\/uploads\/2025\/01\/isokankaan-tuulipuistohanke-1-1024x499.jpg.webp 1024w,\n\t\t\t\t\t\t\t\t\t\t    \"  src=\"https:\/\/arenso.fi\/app\/uploads\/2025\/01\/isokankaan-tuulipuistohanke-1-1024x499.jpg-768x374.webp\"\/>\n\t\t\t\t<\/div>\n\t\t\t\t\t<\/div>\n\t\t\t<div class=\"FiftyFiftyImage relative flex justify-between bg-hyotytuuli-light flex-col-reverse lg:flex-row\">\n\t\t\t<div class=\"w-full aspect-[7\/5] lg:w-1\/2 p-4 sm:p-8 md:p-12  lg:px-12 lg:pt-14 \">\n\t\t\t\t\t\t\t\t\t\t\t\t<h2 class=\"Title flex flex-col justify-start mb-4 text-hyotytuuli-hilight3\">\n\t\t\t\t\t\tLoukkusaari wind farm project\n\t\t\t\t\t<\/h2>\n\t\t\t\t\t\t\t\t\t\t\t\t\t<div class=\"flex flex-col text-hyotytuuli-hilight3 justify-center \">\n\t\t\t\t\t\t\t\t\t\t\t\t\t<div class=\"projekti-inner\">\n<div class=\"infoteksti\">\n<p>Suomen Hy\u00f6tytuuli is planning three wind turbine generators in Loukkusaari, Soini.<\/p>\n<\/div>\n<\/div>\n\n\t\t\t\t\t\t\t\t\t\t\t\t\t\t\t\t\t\t\t<div class=\"flex mt-6\">\n\t\t\t\t\t\t\t\t\n<a\nhref=\"https:\/\/hyotytuuli.fi\/en\/loukkusaari-wind-farm-project\/\"\nalt=\"\"\ntarget=\"\"\nclass=\"button relative flex mt-3 mr-2 px-7 py-4 items-center rounded-full text-hyotytuuli border border-hyotytuuli bg-hover:bg-white hover:text-link-hover hover:border-link-hover\">\n    <span class=\"p pr-2\">Read more<\/span>\n    <div class=\"\"><svg xmlns=\"http:\/\/www.w3.org\/2000\/svg\" fill=\"none\" viewBox=\"0 0 24 24\" stroke-width=\"1.5\" stroke=\"currentColor\" class=\"w-6 h-6\">\n  <path stroke-linecap=\"round\" stroke-linejoin=\"round\" d=\"M17.25 8.25 21 12m0 0-3.75 3.75M21 12H3\" \/>\n<\/svg>\n<\/div>\n<\/a>\n\t\t\t\t\t\t\t<\/div>\n\t\t\t\t\t\t\t\t\t\t\t<\/div>\n\t\t\t\t\t\t\t\t\t\t<\/div>\n\t\t\t\t\t\t\t<div class=\" self-stretch justify-self-stretch w-full lg:w-1\/2 relative flex justify-center lg:justify-end\">\n\t\t\t\t\t<img decoding=\"async\" loading=\"lazy\" class=\"object-cover h-full w-full aspect-[7\/5]\"  srcset=\"\n\t\t\t\t\t\t\t\t\t\t\thttps:\/\/arenso.fi\/app\/uploads\/2025\/01\/loukkusaaren-tuulipuistohanke-1-1024x501.jpg-150x150.webp 150w,\n\t\t\t\t\t\t\t\t\t\t\thttps:\/\/arenso.fi\/app\/uploads\/2025\/01\/loukkusaaren-tuulipuistohanke-1-1024x501.jpg-300x147.webp 300w,\n\t\t\t\t\t\t\t\t\t\t\thttps:\/\/arenso.fi\/app\/uploads\/2025\/01\/loukkusaaren-tuulipuistohanke-1-1024x501.jpg-768x376.webp 768w,\n\t\t\t\t\t\t\t\t\t\t\thttps:\/\/arenso.fi\/app\/uploads\/2025\/01\/loukkusaaren-tuulipuistohanke-1-1024x501.jpg.webp 1024w,\n\t\t\t\t\t\t\t\t\t\t\thttps:\/\/arenso.fi\/app\/uploads\/2025\/01\/loukkusaaren-tuulipuistohanke-1-1024x501.jpg.webp 1024w,\n\t\t\t\t\t\t\t\t\t\t    \"  src=\"https:\/\/arenso.fi\/app\/uploads\/2025\/01\/loukkusaaren-tuulipuistohanke-1-1024x501.jpg-768x376.webp\"\/>\n\t\t\t\t<\/div>\n\t\t\t\t\t<\/div>\n\t<\/section>\n","protected":false},"excerpt":{"rendered":"<p>Under construction or in test phase In development<\/p>\n","protected":false},"author":1,"featured_media":0,"parent":0,"menu_order":0,"comment_status":"closed","ping_status":"closed","template":"","meta":{"_acf_changed":false,"footnotes":""},"class_list":["post-7016","page","type-page","status-publish","hentry"],"acf":[],"yoast_head":"<!-- This site is optimized with the Yoast SEO plugin v27.3 - https:\/\/yoast.com\/product\/yoast-seo-wordpress\/ -->\n<title>Projects - Hy\u00f6tytuuli<\/title>\n<meta name=\"robots\" content=\"index, follow, max-snippet:-1, max-image-preview:large, max-video-preview:-1\" \/>\n<link rel=\"canonical\" href=\"https:\/\/hyotytuuli.fi\/en\/projects\/\" \/>\n<meta property=\"og:locale\" content=\"en_US\" \/>\n<meta property=\"og:type\" content=\"article\" \/>\n<meta property=\"og:title\" content=\"Projects - Hy\u00f6tytuuli\" \/>\n<meta property=\"og:description\" content=\"Under construction or in test phase In development\" \/>\n<meta property=\"og:url\" content=\"https:\/\/hyotytuuli.fi\/en\/projects\/\" \/>\n<meta property=\"og:site_name\" content=\"Hy\u00f6tytuuli\" \/>\n<meta property=\"article:modified_time\" content=\"2025-02-07T09:58:30+00:00\" \/>\n<meta name=\"twitter:card\" content=\"summary_large_image\" \/>\n<meta name=\"twitter:label1\" content=\"Est. reading time\" \/>\n\t<meta name=\"twitter:data1\" content=\"1 minute\" \/>\n<script type=\"application\/ld+json\" class=\"yoast-schema-graph\">{\"@context\":\"https:\\\/\\\/schema.org\",\"@graph\":[{\"@type\":\"WebPage\",\"@id\":\"https:\\\/\\\/hyotytuuli.fi\\\/en\\\/projects\\\/\",\"url\":\"https:\\\/\\\/hyotytuuli.fi\\\/en\\\/projects\\\/\",\"name\":\"Projects - Hy\u00f6tytuuli\",\"isPartOf\":{\"@id\":\"https:\\\/\\\/hyotytuuli.fi\\\/en\\\/#website\"},\"datePublished\":\"2025-01-17T09:23:53+00:00\",\"dateModified\":\"2025-02-07T09:58:30+00:00\",\"breadcrumb\":{\"@id\":\"https:\\\/\\\/hyotytuuli.fi\\\/en\\\/projects\\\/#breadcrumb\"},\"inLanguage\":\"en-US\",\"potentialAction\":[{\"@type\":\"ReadAction\",\"target\":[\"https:\\\/\\\/hyotytuuli.fi\\\/en\\\/projects\\\/\"]}]},{\"@type\":\"BreadcrumbList\",\"@id\":\"https:\\\/\\\/hyotytuuli.fi\\\/en\\\/projects\\\/#breadcrumb\",\"itemListElement\":[{\"@type\":\"ListItem\",\"position\":1,\"name\":\"Home\",\"item\":\"https:\\\/\\\/hyotytuuli.fi\\\/en\\\/\"},{\"@type\":\"ListItem\",\"position\":2,\"name\":\"Projects\"}]},{\"@type\":\"WebSite\",\"@id\":\"https:\\\/\\\/hyotytuuli.fi\\\/en\\\/#website\",\"url\":\"https:\\\/\\\/hyotytuuli.fi\\\/en\\\/\",\"name\":\"Hy\u00f6tytuuli\",\"description\":\"\",\"publisher\":{\"@id\":\"https:\\\/\\\/hyotytuuli.fi\\\/en\\\/#organization\"},\"potentialAction\":[{\"@type\":\"SearchAction\",\"target\":{\"@type\":\"EntryPoint\",\"urlTemplate\":\"https:\\\/\\\/hyotytuuli.fi\\\/en\\\/?s={search_term_string}\"},\"query-input\":{\"@type\":\"PropertyValueSpecification\",\"valueRequired\":true,\"valueName\":\"search_term_string\"}}],\"inLanguage\":\"en-US\"},{\"@type\":\"Organization\",\"@id\":\"https:\\\/\\\/hyotytuuli.fi\\\/en\\\/#organization\",\"name\":\"Hy\u00f6tytuuli\",\"url\":\"https:\\\/\\\/hyotytuuli.fi\\\/en\\\/\",\"logo\":{\"@type\":\"ImageObject\",\"inLanguage\":\"en-US\",\"@id\":\"https:\\\/\\\/hyotytuuli.fi\\\/en\\\/#\\\/schema\\\/logo\\\/image\\\/\",\"url\":\"https:\\\/\\\/arenso.fi\\\/app\\\/uploads\\\/2025\\\/02\\\/cropped-favicon-1-1.webp\",\"contentUrl\":\"https:\\\/\\\/arenso.fi\\\/app\\\/uploads\\\/2025\\\/02\\\/cropped-favicon-1-1.webp\",\"width\":512,\"height\":512,\"caption\":\"Hy\u00f6tytuuli\"},\"image\":{\"@id\":\"https:\\\/\\\/hyotytuuli.fi\\\/en\\\/#\\\/schema\\\/logo\\\/image\\\/\"}}]}<\/script>\n<!-- \/ Yoast SEO plugin. -->","yoast_head_json":{"title":"Projects - Hy\u00f6tytuuli","robots":{"index":"index","follow":"follow","max-snippet":"max-snippet:-1","max-image-preview":"max-image-preview:large","max-video-preview":"max-video-preview:-1"},"canonical":"https:\/\/hyotytuuli.fi\/en\/projects\/","og_locale":"en_US","og_type":"article","og_title":"Projects - Hy\u00f6tytuuli","og_description":"Under construction or in test phase In development","og_url":"https:\/\/hyotytuuli.fi\/en\/projects\/","og_site_name":"Hy\u00f6tytuuli","article_modified_time":"2025-02-07T09:58:30+00:00","twitter_card":"summary_large_image","twitter_misc":{"Est. reading time":"1 minute"},"schema":{"@context":"https:\/\/schema.org","@graph":[{"@type":"WebPage","@id":"https:\/\/hyotytuuli.fi\/en\/projects\/","url":"https:\/\/hyotytuuli.fi\/en\/projects\/","name":"Projects - Hy\u00f6tytuuli","isPartOf":{"@id":"https:\/\/hyotytuuli.fi\/en\/#website"},"datePublished":"2025-01-17T09:23:53+00:00","dateModified":"2025-02-07T09:58:30+00:00","breadcrumb":{"@id":"https:\/\/hyotytuuli.fi\/en\/projects\/#breadcrumb"},"inLanguage":"en-US","potentialAction":[{"@type":"ReadAction","target":["https:\/\/hyotytuuli.fi\/en\/projects\/"]}]},{"@type":"BreadcrumbList","@id":"https:\/\/hyotytuuli.fi\/en\/projects\/#breadcrumb","itemListElement":[{"@type":"ListItem","position":1,"name":"Home","item":"https:\/\/hyotytuuli.fi\/en\/"},{"@type":"ListItem","position":2,"name":"Projects"}]},{"@type":"WebSite","@id":"https:\/\/hyotytuuli.fi\/en\/#website","url":"https:\/\/hyotytuuli.fi\/en\/","name":"Hy\u00f6tytuuli","description":"","publisher":{"@id":"https:\/\/hyotytuuli.fi\/en\/#organization"},"potentialAction":[{"@type":"SearchAction","target":{"@type":"EntryPoint","urlTemplate":"https:\/\/hyotytuuli.fi\/en\/?s={search_term_string}"},"query-input":{"@type":"PropertyValueSpecification","valueRequired":true,"valueName":"search_term_string"}}],"inLanguage":"en-US"},{"@type":"Organization","@id":"https:\/\/hyotytuuli.fi\/en\/#organization","name":"Hy\u00f6tytuuli","url":"https:\/\/hyotytuuli.fi\/en\/","logo":{"@type":"ImageObject","inLanguage":"en-US","@id":"https:\/\/hyotytuuli.fi\/en\/#\/schema\/logo\/image\/","url":"https:\/\/arenso.fi\/app\/uploads\/2025\/02\/cropped-favicon-1-1.webp","contentUrl":"https:\/\/arenso.fi\/app\/uploads\/2025\/02\/cropped-favicon-1-1.webp","width":512,"height":512,"caption":"Hy\u00f6tytuuli"},"image":{"@id":"https:\/\/hyotytuuli.fi\/en\/#\/schema\/logo\/image\/"}}]}},"_links":{"self":[{"href":"https:\/\/hyotytuuli.fi\/en\/wp-json\/wp\/v2\/pages\/7016","targetHints":{"allow":["GET"]}}],"collection":[{"href":"https:\/\/hyotytuuli.fi\/en\/wp-json\/wp\/v2\/pages"}],"about":[{"href":"https:\/\/hyotytuuli.fi\/en\/wp-json\/wp\/v2\/types\/page"}],"author":[{"embeddable":true,"href":"https:\/\/hyotytuuli.fi\/en\/wp-json\/wp\/v2\/users\/1"}],"replies":[{"embeddable":true,"href":"https:\/\/hyotytuuli.fi\/en\/wp-json\/wp\/v2\/comments?post=7016"}],"version-history":[{"count":2,"href":"https:\/\/hyotytuuli.fi\/en\/wp-json\/wp\/v2\/pages\/7016\/revisions"}],"predecessor-version":[{"id":7061,"href":"https:\/\/hyotytuuli.fi\/en\/wp-json\/wp\/v2\/pages\/7016\/revisions\/7061"}],"wp:attachment":[{"href":"https:\/\/hyotytuuli.fi\/en\/wp-json\/wp\/v2\/media?parent=7016"}],"curies":[{"name":"wp","href":"https:\/\/api.w.org\/{rel}","templated":true}]}}