{"id":7025,"date":"2025-01-17T14:02:29","date_gmt":"2025-01-17T12:02:29","guid":{"rendered":"https:\/\/hyotytuuli.fi\/?page_id=7025"},"modified":"2025-02-07T12:42:23","modified_gmt":"2025-02-07T10:42:23","slug":"pesola-wind-farm-project","status":"publish","type":"page","link":"https:\/\/hyotytuuli.fi\/en\/projects\/pesola-wind-farm-project\/","title":{"rendered":"Pesola wind farm project"},"content":{"rendered":"\n\n<style>\n                            @media screen and (min-width: 1px) and (max-width: 9999px) {\n            .Hero-1043738561 {\n                background-image: url('https:\/\/arenso.fi\/app\/uploads\/2025\/01\/Hero-Pesola.jpg');\n            }\n        }\n            \n            @media screen and (max-width: 767.1px) {\n        .Hero-1043738561 {\n            height: 230px !important;\n        }\n    }\n    \n                .Hero-1043738561 {\n            height: 350px;\n        }\n    \n<\/style>\n\n<section class=\"mb-8\" >\n    <div class=\"\n        Hero\n        Hero-1043738561\n        full-width\n        z-10\n        relative bg-cover\n        bg-center inset-x-2\/4\n        flex justify-center items-center\n    \">\n            <h1 class=\"text-white font-bold text-center h2 md:h1 text-balance\"><\/h1>\n        <\/div>\n    <\/section>\n\n\n<section >\n\t<div class=\"IconElement relative flex justify-between flex-col lg:flex-row lg:flex-row my-20 xl:mx-8\">\n\t\t<div class=\"w-full \">\n\t\t\t<div class=\"grid grid-cols-2 sm:grid-cols-[repeat(auto-fit,minmax(100px,1fr))] gap-2 xl:gap-4 2xl:gap-4\">\n\t\t\t\t\t\t\t\t\t\t\t\t\t\t\t<div class=\"border border-hyotytuuli rounded-md hover:bg-hyotytuuli-light overflow-auto\">\n\t\t\t\t\t\t\t<div class=\"py-2 text-center\">\n\t\t\t\t\t\t\t\t<p class=\"flex justify-center uppercase pt-2 sm:py-4\">WIND TURBINES<\/p>\n\t\t\t\t\t\t\t\t<div class=\"flex items-baseline justify-center text-center sm:pb-4\">\n\t\t\t\t\t\t\t\t\t\t\t\t\t\t\t\t\t\t\t<h4 class=\"text-hyotytuuli-hilight2 px-2 py-4 h1\">7-8<\/h4>\n\t\t\t\t\t\t\t\t\t\t\t\t\t\t\t\t\t\t<p class=\"\">pcs<\/p>\n\t\t\t\t\t\t\t\t<\/div>\n\t\t\t\t\t\t\t<\/div>\n\t\t\t\t\t\t\t<div class=\"flex justify-center\">\n\t\t\t\t\t\t\t\t<img decoding=\"async\" loading=\"lazy\" class=\"object-contain h-full w-full aspect-[1\/1] max-w-52 max-h-52\" src=\"https:\/\/arenso.fi\/app\/uploads\/2025\/01\/amount-icon.png.webp\"\/>\n\t\t\t\t\t\t\t<\/div>\n\t\t\t\t\t\t<\/div>\n\t\t\t\t\t\t\t\t\t\n\t\t\t<\/div>\n\t\t\t\t\t\t\t<div class=\"mt-4 p-4 border border-hyotytuuli rounded-md hover:bg-hyotytuuli-light flex flex-wrap justify-center text-center\">\n\t\t\t\t\t<span class=\"uppercase\">Pesola wind farm project is under development.&nbsp;<\/span>\n\t\t\t\t\t<span class=\"text-hyotytuuli\">&nbsp;<\/span>\n\t\t\t\t\t<span><\/span>\n\t\t\t\t<\/div>\n\t\t\t\t\t<\/div>\n\t<\/section>\n\n\n\n<h2 class=\"wp-block-heading\">Pesola wind farm project \/ in development<\/h2>\n\n\n\n<p>Suomen Hy\u00f6tytuuli Oy has made a plan for a wind farm of 7\u20138 wind turbine generators in the municipality of Soini.<\/p>\n\n\n\n<p>The municipality of Soini is located in the province of South Ostrobothnia, surrounded by the municipalities of \u00c4ht\u00e4ri, Saarij\u00e4rvi, Alaj\u00e4rvi, Kyyj\u00e4rvi and Karstula. The wind farm will be situated in the area of Pesola, which is located in the northern part of Soini at a distance of some nine kilometres from the center of the municipality. On its eastern side, the Pesola area borders the municipalities of Kyyj\u00e4rvi and Karstula in the province of Central Finland. The Pesola area is about 1,600 hectares.<\/p>\n\n\n\n<p>The Pesola planning area is connected to the Korkeanmaa planning area, and together they form a uniform area to examine with respect to their environmental impacts. The EIA procedure is completed. The municipality of Soini is undergoing master planning for wind power.<\/p>\n\n\n\n<div style=\"height:20px\" aria-hidden=\"true\" class=\"wp-block-spacer\"><\/div>\n\n\n\n\n<div  class=\"contact-cards lg:mx-16 wrapmb-8\">\n\t<div\n\t\tclass=\"flex flex-wrap flex-col sm:flex-row \">\n\t\t\t\t\t\t\t<div class=\"w-full sm:w-1\/2 justify-center\">\n\t\t\t\t\n<div class=\"flex border border-hyotytuuli rounded items-center mb-2 lg:ml-2 px-2 py-4 lg:py-6\">\n\t<div class=\"px-2 lg:px-6\">\n\t\t<img decoding=\"async\" class=\"object-cover rounded-full min-w-[100px] md:min-w-[130px] lg:min-w-[166px] w-[100px] md:w-[130px] lg:w-[166px] aspect-square\" alt=\"petteri-makela\" src=\" https:\/\/arenso.fi\/app\/uploads\/2025\/01\/petteri-makela.webp \"\/>\n\t<\/div>\n\t<div class=\"flex flex-col w-full overflow-hidden\">\n\t\t<p class=\"font-bold text-hyotytuuli truncate\">Petteri M\u00e4kel\u00e4<\/p>\n\t\t<p class=\"truncate\">Project Manager\/Environmental Manager<\/p>\n\t\t<a href=\"tel:+358 40 018 7028\" class=\"p truncate\">+358 40 018 7028<\/a>\n\t\t<a href=\"mailto:petteri.makela@hyotytuuli.fi\" class=\"p truncate\">petteri.makela@hyotytuuli.fi<\/a>\n\t<\/div>\n<\/div>\n\t\t\t<\/div>\n\t\t\n\t\t\t<\/div>\n<\/div>\n\n\n\n<p><\/p>\n\n\n\n<div style=\"height:30px\" aria-hidden=\"true\" class=\"wp-block-spacer\"><\/div>\n\n\n<div class=\"wp-block-image\">\n<figure class=\"aligncenter size-full\"><img loading=\"lazy\" decoding=\"async\" width=\"1024\" height=\"497\" src=\"https:\/\/arenso.fi\/app\/uploads\/2025\/01\/pesolan-tuulipuistohanke-1-1024x497.jpg.webp\" alt=\"pesolan-tuulipuistohanke\" class=\"wp-image-6652\" srcset=\"https:\/\/arenso.fi\/app\/uploads\/2025\/01\/pesolan-tuulipuistohanke-1-1024x497.jpg.webp 1024w, https:\/\/arenso.fi\/app\/uploads\/2025\/01\/pesolan-tuulipuistohanke-1-1024x497.jpg-300x146.webp 300w, https:\/\/arenso.fi\/app\/uploads\/2025\/01\/pesolan-tuulipuistohanke-1-1024x497.jpg-768x373.webp 768w\" sizes=\"auto, (max-width: 1024px) 100vw, 1024px\" \/><\/figure>\n<\/div>\n\n<section class=\" my-4 sm:my-8 md:my-12 xl:my-20\" >\n\t\t\t<div class=\"FiftyFiftyImage relative flex justify-between bg-hyotytuuli-light flex-col-reverse lg:flex-row-reverse\">\n\t\t\t<div class=\"w-full aspect-[7\/5] lg:w-1\/2 p-4 sm:p-8 md:p-12  lg:px-12 lg:pt-14 \">\n\t\t\t\t\t\t\t\t\t\t\t\t<h2 class=\"Title flex flex-col justify-start mb-4 text-hyotytuuli-hilight3\">\n\t\t\t\t\t\tFor land owners\n\t\t\t\t\t<\/h2>\n\t\t\t\t\t\t\t\t\t\t\t\t\t<div class=\"flex flex-col text-hyotytuuli-hilight3 justify-center \">\n\t\t\t\t\t\t\t\t\t\t\t\t\t<p>Suomen Hy\u00f6tytuuli invests in long-term cooperation with the landowners of wind farm sites.<\/p>\n\n\t\t\t\t\t\t\t\t\t\t\t\t\t\t\t\t\t\t\t<div class=\"flex mt-6\">\n\t\t\t\t\t\t\t\t\n<a\nhref=\"https:\/\/hyotytuuli.fi\/en\/for-land-owners\/\"\nalt=\"\"\ntarget=\"\"\nclass=\"button relative flex mt-3 mr-2 px-7 py-4 items-center rounded-full text-hyotytuuli border border-hyotytuuli bg-hover:bg-white hover:text-link-hover hover:border-link-hover\">\n    <span class=\"p pr-2\">Read more about our cooperation with landowners<\/span>\n    <div class=\"\"><svg xmlns=\"http:\/\/www.w3.org\/2000\/svg\" fill=\"none\" viewBox=\"0 0 24 24\" stroke-width=\"1.5\" stroke=\"currentColor\" class=\"w-6 h-6\">\n  <path stroke-linecap=\"round\" stroke-linejoin=\"round\" d=\"M17.25 8.25 21 12m0 0-3.75 3.75M21 12H3\" \/>\n<\/svg>\n<\/div>\n<\/a>\n\t\t\t\t\t\t\t<\/div>\n\t\t\t\t\t\t\t\t\t\t\t<\/div>\n\t\t\t\t\t\t\t\t\t\t<\/div>\n\t\t\t\t\t\t\t<div class=\" self-stretch justify-self-stretch w-full lg:w-1\/2 relative flex justify-center lg:justify-start\">\n\t\t\t\t\t<img decoding=\"async\" loading=\"lazy\" class=\"object-cover h-full w-full aspect-[7\/5]\"  srcset=\"\n\t\t\t\t\t\t\t\t\t\t\thttps:\/\/arenso.fi\/app\/uploads\/2024\/12\/Yleis3-Hyotytuuli-150x150.jpg 150w,\n\t\t\t\t\t\t\t\t\t\t\thttps:\/\/arenso.fi\/app\/uploads\/2024\/12\/Yleis3-Hyotytuuli-300x211.jpg 300w,\n\t\t\t\t\t\t\t\t\t\t\thttps:\/\/arenso.fi\/app\/uploads\/2024\/12\/Yleis3-Hyotytuuli.jpg 762w,\n\t\t\t\t\t\t\t\t\t\t\thttps:\/\/arenso.fi\/app\/uploads\/2024\/12\/Yleis3-Hyotytuuli.jpg 762w,\n\t\t\t\t\t\t\t\t\t\t\thttps:\/\/arenso.fi\/app\/uploads\/2024\/12\/Yleis3-Hyotytuuli.jpg 762w,\n\t\t\t\t\t\t\t\t\t\t    \"  src=\"https:\/\/arenso.fi\/app\/uploads\/2024\/12\/Yleis3-Hyotytuuli.jpg\"\/>\n\t\t\t\t<\/div>\n\t\t\t\t\t<\/div>\n\t<\/section>\n","protected":false},"excerpt":{"rendered":"<p>Pesola wind farm project \/ in development Suomen Hy\u00f6tytuuli Oy has made a plan for a wind farm of 7\u20138 wind turbine generators in the municipality of Soini. The municipality of Soini is located in the province of South Ostrobothnia, surrounded by the municipalities of \u00c4ht\u00e4ri, Saarij\u00e4rvi, Alaj\u00e4rvi, Kyyj\u00e4rvi and Karstula. The wind farm will [&hellip;]<\/p>\n","protected":false},"author":1,"featured_media":0,"parent":7016,"menu_order":0,"comment_status":"closed","ping_status":"closed","template":"","meta":{"_acf_changed":false,"footnotes":""},"class_list":["post-7025","page","type-page","status-publish","hentry"],"acf":[],"yoast_head":"<!-- This site is optimized with the Yoast SEO plugin v27.3 - https:\/\/yoast.com\/product\/yoast-seo-wordpress\/ -->\n<title>Pesola wind farm project - Hy\u00f6tytuuli<\/title>\n<meta name=\"robots\" content=\"index, follow, max-snippet:-1, max-image-preview:large, max-video-preview:-1\" \/>\n<link rel=\"canonical\" href=\"https:\/\/hyotytuuli.fi\/en\/projects\/pesola-wind-farm-project\/\" \/>\n<meta property=\"og:locale\" content=\"en_US\" \/>\n<meta property=\"og:type\" content=\"article\" \/>\n<meta property=\"og:title\" content=\"Pesola wind farm project - Hy\u00f6tytuuli\" \/>\n<meta property=\"og:description\" content=\"Pesola wind farm project \/ in development Suomen Hy\u00f6tytuuli Oy has made a plan for a wind farm of 7\u20138 wind turbine generators in the municipality of Soini. The municipality of Soini is located in the province of South Ostrobothnia, surrounded by the municipalities of \u00c4ht\u00e4ri, Saarij\u00e4rvi, Alaj\u00e4rvi, Kyyj\u00e4rvi and Karstula. The wind farm will [&hellip;]\" \/>\n<meta property=\"og:url\" content=\"https:\/\/hyotytuuli.fi\/en\/projects\/pesola-wind-farm-project\/\" \/>\n<meta property=\"og:site_name\" content=\"Hy\u00f6tytuuli\" \/>\n<meta property=\"article:modified_time\" content=\"2025-02-07T10:42:23+00:00\" \/>\n<meta property=\"og:image\" content=\"https:\/\/arenso.fi\/app\/uploads\/2025\/01\/pesolan-tuulipuistohanke-1-1024x497.jpg.webp\" \/>\n<meta name=\"twitter:card\" content=\"summary_large_image\" \/>\n<meta name=\"twitter:label1\" content=\"Est. reading time\" \/>\n\t<meta name=\"twitter:data1\" content=\"2 minutes\" \/>\n<script type=\"application\/ld+json\" class=\"yoast-schema-graph\">{\"@context\":\"https:\\\/\\\/schema.org\",\"@graph\":[{\"@type\":\"WebPage\",\"@id\":\"https:\\\/\\\/hyotytuuli.fi\\\/en\\\/projects\\\/pesola-wind-farm-project\\\/\",\"url\":\"https:\\\/\\\/hyotytuuli.fi\\\/en\\\/projects\\\/pesola-wind-farm-project\\\/\",\"name\":\"Pesola wind farm project - Hy\u00f6tytuuli\",\"isPartOf\":{\"@id\":\"https:\\\/\\\/hyotytuuli.fi\\\/en\\\/#website\"},\"primaryImageOfPage\":{\"@id\":\"https:\\\/\\\/hyotytuuli.fi\\\/en\\\/projects\\\/pesola-wind-farm-project\\\/#primaryimage\"},\"image\":{\"@id\":\"https:\\\/\\\/hyotytuuli.fi\\\/en\\\/projects\\\/pesola-wind-farm-project\\\/#primaryimage\"},\"thumbnailUrl\":\"https:\\\/\\\/arenso.fi\\\/app\\\/uploads\\\/2025\\\/01\\\/pesolan-tuulipuistohanke-1-1024x497.jpg.webp\",\"datePublished\":\"2025-01-17T12:02:29+00:00\",\"dateModified\":\"2025-02-07T10:42:23+00:00\",\"breadcrumb\":{\"@id\":\"https:\\\/\\\/hyotytuuli.fi\\\/en\\\/projects\\\/pesola-wind-farm-project\\\/#breadcrumb\"},\"inLanguage\":\"en-US\",\"potentialAction\":[{\"@type\":\"ReadAction\",\"target\":[\"https:\\\/\\\/hyotytuuli.fi\\\/en\\\/projects\\\/pesola-wind-farm-project\\\/\"]}]},{\"@type\":\"ImageObject\",\"inLanguage\":\"en-US\",\"@id\":\"https:\\\/\\\/hyotytuuli.fi\\\/en\\\/projects\\\/pesola-wind-farm-project\\\/#primaryimage\",\"url\":\"https:\\\/\\\/arenso.fi\\\/app\\\/uploads\\\/2025\\\/01\\\/pesolan-tuulipuistohanke-1-1024x497.jpg.webp\",\"contentUrl\":\"https:\\\/\\\/arenso.fi\\\/app\\\/uploads\\\/2025\\\/01\\\/pesolan-tuulipuistohanke-1-1024x497.jpg.webp\"},{\"@type\":\"BreadcrumbList\",\"@id\":\"https:\\\/\\\/hyotytuuli.fi\\\/en\\\/projects\\\/pesola-wind-farm-project\\\/#breadcrumb\",\"itemListElement\":[{\"@type\":\"ListItem\",\"position\":1,\"name\":\"Home\",\"item\":\"https:\\\/\\\/hyotytuuli.fi\\\/en\\\/\"},{\"@type\":\"ListItem\",\"position\":2,\"name\":\"Pesola wind farm project\"}]},{\"@type\":\"WebSite\",\"@id\":\"https:\\\/\\\/hyotytuuli.fi\\\/en\\\/#website\",\"url\":\"https:\\\/\\\/hyotytuuli.fi\\\/en\\\/\",\"name\":\"Hy\u00f6tytuuli\",\"description\":\"\",\"publisher\":{\"@id\":\"https:\\\/\\\/hyotytuuli.fi\\\/en\\\/#organization\"},\"potentialAction\":[{\"@type\":\"SearchAction\",\"target\":{\"@type\":\"EntryPoint\",\"urlTemplate\":\"https:\\\/\\\/hyotytuuli.fi\\\/en\\\/?s={search_term_string}\"},\"query-input\":{\"@type\":\"PropertyValueSpecification\",\"valueRequired\":true,\"valueName\":\"search_term_string\"}}],\"inLanguage\":\"en-US\"},{\"@type\":\"Organization\",\"@id\":\"https:\\\/\\\/hyotytuuli.fi\\\/en\\\/#organization\",\"name\":\"Hy\u00f6tytuuli\",\"url\":\"https:\\\/\\\/hyotytuuli.fi\\\/en\\\/\",\"logo\":{\"@type\":\"ImageObject\",\"inLanguage\":\"en-US\",\"@id\":\"https:\\\/\\\/hyotytuuli.fi\\\/en\\\/#\\\/schema\\\/logo\\\/image\\\/\",\"url\":\"https:\\\/\\\/arenso.fi\\\/app\\\/uploads\\\/2025\\\/02\\\/cropped-favicon-1-1.webp\",\"contentUrl\":\"https:\\\/\\\/arenso.fi\\\/app\\\/uploads\\\/2025\\\/02\\\/cropped-favicon-1-1.webp\",\"width\":512,\"height\":512,\"caption\":\"Hy\u00f6tytuuli\"},\"image\":{\"@id\":\"https:\\\/\\\/hyotytuuli.fi\\\/en\\\/#\\\/schema\\\/logo\\\/image\\\/\"}}]}<\/script>\n<!-- \/ Yoast SEO plugin. -->","yoast_head_json":{"title":"Pesola wind farm project - Hy\u00f6tytuuli","robots":{"index":"index","follow":"follow","max-snippet":"max-snippet:-1","max-image-preview":"max-image-preview:large","max-video-preview":"max-video-preview:-1"},"canonical":"https:\/\/hyotytuuli.fi\/en\/projects\/pesola-wind-farm-project\/","og_locale":"en_US","og_type":"article","og_title":"Pesola wind farm project - Hy\u00f6tytuuli","og_description":"Pesola wind farm project \/ in development Suomen Hy\u00f6tytuuli Oy has made a plan for a wind farm of 7\u20138 wind turbine generators in the municipality of Soini. The municipality of Soini is located in the province of South Ostrobothnia, surrounded by the municipalities of \u00c4ht\u00e4ri, Saarij\u00e4rvi, Alaj\u00e4rvi, Kyyj\u00e4rvi and Karstula. The wind farm will [&hellip;]","og_url":"https:\/\/hyotytuuli.fi\/en\/projects\/pesola-wind-farm-project\/","og_site_name":"Hy\u00f6tytuuli","article_modified_time":"2025-02-07T10:42:23+00:00","og_image":[{"url":"https:\/\/arenso.fi\/app\/uploads\/2025\/01\/pesolan-tuulipuistohanke-1-1024x497.jpg.webp","type":"","width":"","height":""}],"twitter_card":"summary_large_image","twitter_misc":{"Est. reading time":"2 minutes"},"schema":{"@context":"https:\/\/schema.org","@graph":[{"@type":"WebPage","@id":"https:\/\/hyotytuuli.fi\/en\/projects\/pesola-wind-farm-project\/","url":"https:\/\/hyotytuuli.fi\/en\/projects\/pesola-wind-farm-project\/","name":"Pesola wind farm project - Hy\u00f6tytuuli","isPartOf":{"@id":"https:\/\/hyotytuuli.fi\/en\/#website"},"primaryImageOfPage":{"@id":"https:\/\/hyotytuuli.fi\/en\/projects\/pesola-wind-farm-project\/#primaryimage"},"image":{"@id":"https:\/\/hyotytuuli.fi\/en\/projects\/pesola-wind-farm-project\/#primaryimage"},"thumbnailUrl":"https:\/\/arenso.fi\/app\/uploads\/2025\/01\/pesolan-tuulipuistohanke-1-1024x497.jpg.webp","datePublished":"2025-01-17T12:02:29+00:00","dateModified":"2025-02-07T10:42:23+00:00","breadcrumb":{"@id":"https:\/\/hyotytuuli.fi\/en\/projects\/pesola-wind-farm-project\/#breadcrumb"},"inLanguage":"en-US","potentialAction":[{"@type":"ReadAction","target":["https:\/\/hyotytuuli.fi\/en\/projects\/pesola-wind-farm-project\/"]}]},{"@type":"ImageObject","inLanguage":"en-US","@id":"https:\/\/hyotytuuli.fi\/en\/projects\/pesola-wind-farm-project\/#primaryimage","url":"https:\/\/arenso.fi\/app\/uploads\/2025\/01\/pesolan-tuulipuistohanke-1-1024x497.jpg.webp","contentUrl":"https:\/\/arenso.fi\/app\/uploads\/2025\/01\/pesolan-tuulipuistohanke-1-1024x497.jpg.webp"},{"@type":"BreadcrumbList","@id":"https:\/\/hyotytuuli.fi\/en\/projects\/pesola-wind-farm-project\/#breadcrumb","itemListElement":[{"@type":"ListItem","position":1,"name":"Home","item":"https:\/\/hyotytuuli.fi\/en\/"},{"@type":"ListItem","position":2,"name":"Pesola wind farm project"}]},{"@type":"WebSite","@id":"https:\/\/hyotytuuli.fi\/en\/#website","url":"https:\/\/hyotytuuli.fi\/en\/","name":"Hy\u00f6tytuuli","description":"","publisher":{"@id":"https:\/\/hyotytuuli.fi\/en\/#organization"},"potentialAction":[{"@type":"SearchAction","target":{"@type":"EntryPoint","urlTemplate":"https:\/\/hyotytuuli.fi\/en\/?s={search_term_string}"},"query-input":{"@type":"PropertyValueSpecification","valueRequired":true,"valueName":"search_term_string"}}],"inLanguage":"en-US"},{"@type":"Organization","@id":"https:\/\/hyotytuuli.fi\/en\/#organization","name":"Hy\u00f6tytuuli","url":"https:\/\/hyotytuuli.fi\/en\/","logo":{"@type":"ImageObject","inLanguage":"en-US","@id":"https:\/\/hyotytuuli.fi\/en\/#\/schema\/logo\/image\/","url":"https:\/\/arenso.fi\/app\/uploads\/2025\/02\/cropped-favicon-1-1.webp","contentUrl":"https:\/\/arenso.fi\/app\/uploads\/2025\/02\/cropped-favicon-1-1.webp","width":512,"height":512,"caption":"Hy\u00f6tytuuli"},"image":{"@id":"https:\/\/hyotytuuli.fi\/en\/#\/schema\/logo\/image\/"}}]}},"_links":{"self":[{"href":"https:\/\/hyotytuuli.fi\/en\/wp-json\/wp\/v2\/pages\/7025","targetHints":{"allow":["GET"]}}],"collection":[{"href":"https:\/\/hyotytuuli.fi\/en\/wp-json\/wp\/v2\/pages"}],"about":[{"href":"https:\/\/hyotytuuli.fi\/en\/wp-json\/wp\/v2\/types\/page"}],"author":[{"embeddable":true,"href":"https:\/\/hyotytuuli.fi\/en\/wp-json\/wp\/v2\/users\/1"}],"replies":[{"embeddable":true,"href":"https:\/\/hyotytuuli.fi\/en\/wp-json\/wp\/v2\/comments?post=7025"}],"version-history":[{"count":2,"href":"https:\/\/hyotytuuli.fi\/en\/wp-json\/wp\/v2\/pages\/7025\/revisions"}],"predecessor-version":[{"id":7104,"href":"https:\/\/hyotytuuli.fi\/en\/wp-json\/wp\/v2\/pages\/7025\/revisions\/7104"}],"up":[{"embeddable":true,"href":"https:\/\/hyotytuuli.fi\/en\/wp-json\/wp\/v2\/pages\/7016"}],"wp:attachment":[{"href":"https:\/\/hyotytuuli.fi\/en\/wp-json\/wp\/v2\/media?parent=7025"}],"curies":[{"name":"wp","href":"https:\/\/api.w.org\/{rel}","templated":true}]}}