{"id":7109,"date":"2025-02-07T09:00:21","date_gmt":"2025-02-07T07:00:21","guid":{"rendered":"https:\/\/hyotytuuli.fi\/?page_id=7109"},"modified":"2025-02-07T12:53:16","modified_gmt":"2025-02-07T10:53:16","slug":"terms-and-conditions-data-protection","status":"publish","type":"page","link":"https:\/\/hyotytuuli.fi\/en\/terms-and-conditions-data-protection\/","title":{"rendered":"Terms and conditions &amp; data protection"},"content":{"rendered":"\n\n<style>\n                            @media screen and (min-width: 1px) and (max-width: 9999px) {\n            .Hero-611649536 {\n                background-image: url('https:\/\/arenso.fi\/app\/uploads\/2025\/01\/Vastuullisuus2.jpg');\n            }\n        }\n            \n            @media screen and (max-width: 767.1px) {\n        .Hero-611649536 {\n            height: 230px !important;\n        }\n    }\n    \n                .Hero-611649536 {\n            height: 350px;\n        }\n    \n<\/style>\n\n<section class=\"mb-8\" >\n    <div class=\"\n        Hero\n        Hero-611649536\n        full-width\n        z-10\n        relative bg-cover\n        bg-center inset-x-2\/4\n        flex justify-center items-center\n    \">\n            <h1 class=\"text-white font-bold text-center h2 md:h1 text-balance\"><\/h1>\n        <\/div>\n    <\/section>\n\n\n\n<h2 class=\"wp-block-heading\">Terms and conditions<\/h2>\n\n\n\n<p>The website of Suomen Hy\u00f6tytuuli Oy is the property of Suomen Hy\u00f6tytuuli Oy.<\/p>\n\n\n\n<p>The website has been created to serve the stakeholders of Suomen Hy\u00f6tytuuli Oy. All information in Suomen Hy\u00f6tytuuli Oy\u2019s website is provided \u201cas is\u201d. Suomen Hy\u00f6tytuuli Oy is not responsible for the accuracy of the information provided on the website or the information contained in links to other external websites. The information on the website may be quoted, in accordance with proper usage, to the extent necessary for the purpose. Suomen Hy\u00f6tytuuli Oy takes no responsibility for any damage suffered as a result of using the information published on the website.<\/p>\n\n\n\n<p>Suomen Hy\u00f6tytuuli Oy reserves the right to update or take down the website at any time without prior notice.<\/p>\n\n\n\n<p>Suomen Hy\u00f6tytuuli Oy does not collect personal data through the website.<\/p>\n\n\n\n<p>Information on cookies is provided on our website (hyotytuuli.fi):<br>We may use cookies and collect certain information automatically (excluding personal data) to improve the usability of our website (cookies are text files that your browser saves on your computer when you visit a website). We use cookies to ensure the proper functioning of our website. We do not use cookies to collect or store identifiable personal information. You can disable cookies by modifying your browser settings. Please note that if you disable cookies, you may be unable to access certain features on our website. If you want to know more about the cookies used on our website, please contact Suomen Hy\u00f6tytuuli Oy.<\/p>\n\n\n\n<h2 class=\"wp-block-heading\"><strong>Data protection<\/strong><\/h2>\n\n\n\n<p>Registrar:<\/p>\n\n\n\n<p>Suomen Hy\u00f6tytuuli Oy<br>Business ID: 1477522-9<br>P.O.Box 305, 28601 PORI<br>Street address: Lautantekij\u00e4ntie 60, 28880 PORI<\/p>\n\n\n\n<p>Suomen Hy\u00f6tytuuli\u2019s privacy policy abides by the Finnish laws and regulations regarding privacy and by the EU General Data Protection Regulation.<\/p>\n\n\n\n<h3 class=\"wp-block-heading\"><strong>Contact person at Suomen Hy\u00f6tytuuli responsible for the register and privacy policy<\/strong><\/h3>\n\n\n\n<p>Executive Assistant Tanja Kivi, tanja.kivi(at)hyotytuuli.fi<\/p>\n\n\n\n<h3 class=\"wp-block-heading\"><strong>The name of the data register<\/strong><\/h3>\n\n\n\n<p>Suomen Hy\u00f6tytuuli\u2019s stakeholder register.<\/p>\n\n\n\n<h3 class=\"wp-block-heading\"><strong>The purposes of the data register<\/strong><\/h3>\n\n\n\n<p>The information collected is used for handling the obligations stated in the agreements, for communicating with stakeholders and for Suomen Hy\u00f6tytuuli\u2019s various business interests. The information is used solely for the purpose for which it has been collected.<\/p>\n\n\n\n<h3 class=\"wp-block-heading\"><strong>The content of the data register<\/strong><\/h3>\n\n\n\n<p>The register holds information about various stakeholders of Suomen Hy\u00f6tytuuli. These include, e.g., partners, shareholders, board of directors, landowners, public officials, media contacts. The register includes the following information:<\/p>\n\n\n\n<ul class=\"wp-block-list\">\n<li>name of the contact person<\/li>\n\n\n\n<li>title<\/li>\n\n\n\n<li>organisation<\/li>\n\n\n\n<li>address<\/li>\n\n\n\n<li>e-mail address<\/li>\n\n\n\n<li>phone number.<\/li>\n<\/ul>\n\n\n\n<p>The register may also include other information related to the contact person and their organisation, such as agreement details, property information, bank account numbers and information related to communications.<\/p>\n\n\n\n<h3 class=\"wp-block-heading\"><strong>Data retention time<\/strong><\/h3>\n\n\n\n<p>Personal data shall be retained as long as it is deemed necessary to fulfill the purposes listed in chapter The purposes of the data register.<\/p>\n\n\n\n<h3 class=\"wp-block-heading\"><strong>Collecting personal data<\/strong><\/h3>\n\n\n\n<p>Personal data is primarily collected from the data subjects themselves, e.g., by e-mail, web page forms, phone and in meeting and events. Personal data is also collected by means of marketing activities and from web pages, public records and information services.<\/p>\n\n\n\n<h3 class=\"wp-block-heading\"><strong>Regular disclosures of data<\/strong><\/h3>\n\n\n\n<p>The data controller has the right to use partners, and transfer personal data to the partners (e.g. city officials and representatives of municipalities) in accordance with the data security contract when is it necessary to carry out the purposes described in this document.<\/p>\n\n\n\n<h3 class=\"wp-block-heading\"><strong>Disclosure or transfer of data outside the EU or the EEA<\/strong><\/h3>\n\n\n\n<p>No data is transferred outside the EU or the EEA.<\/p>\n\n\n\n<h3 class=\"wp-block-heading\"><strong>Automatic decision making and profiling<\/strong><\/h3>\n\n\n\n<p>Automated individual decisions and profiling shall not be made.<\/p>\n\n\n\n<h3 class=\"wp-block-heading\"><strong>The principles of register protection<\/strong><\/h3>\n\n\n\n<p>Access to personal data is restricted to those who need the information in order to carry out their work duties. The personal data in electronic format has been protected by reasonable technical means generally accepted in the industry, such as firewalls and passwords. Personal data stored in other than electronic format is stored in locked premises accessible only to those whose work duties include handling personal data.<\/p>\n\n\n\n<h3 class=\"wp-block-heading\"><strong>The rights of the data subject<\/strong><\/h3>\n\n\n\n<p>The data subject has the right to check the information that is stored in the register about them. The data subject also has the right to demand the removal of their personal data from the register or demand the rectification of inaccurate, outdated or unnecessary personal data. Additionally, the data subject has the rights detailed in the EU General Data Protection Regulation.<\/p>\n\n\n\n<p>Any requests to see or correct the personal data in the register must be sent in writing to Suomen Hy\u00f6tytuuli\u2019s data privacy contact person. For information security reasons, the data subject shall be required to show a proof of identity.<\/p>\n\n\n\n<h3 class=\"wp-block-heading\"><strong>Further information<\/strong><\/h3>\n\n\n\n<p>For further information, please turn to Suomen Hy\u00f6tytuuli\u2019s data privacy contact person tiedotus@hyotytuuli.fi.<\/p>\n\n\n\n<div style=\"height:50px\" aria-hidden=\"true\" class=\"wp-block-spacer\"><\/div>\n","protected":false},"excerpt":{"rendered":"<p>Terms and conditions The website of Suomen Hy\u00f6tytuuli Oy is the property of Suomen Hy\u00f6tytuuli Oy. The website has been created to serve the stakeholders of Suomen Hy\u00f6tytuuli Oy. All information in Suomen Hy\u00f6tytuuli Oy\u2019s website is provided \u201cas is\u201d. Suomen Hy\u00f6tytuuli Oy is not responsible for the accuracy of the information provided on the [&hellip;]<\/p>\n","protected":false},"author":1,"featured_media":0,"parent":0,"menu_order":0,"comment_status":"closed","ping_status":"closed","template":"","meta":{"_acf_changed":false,"footnotes":""},"class_list":["post-7109","page","type-page","status-publish","hentry"],"acf":[],"yoast_head":"<!-- This site is optimized with the Yoast SEO plugin v27.3 - https:\/\/yoast.com\/product\/yoast-seo-wordpress\/ -->\n<title>Terms and conditions &amp; data protection - Hy\u00f6tytuuli<\/title>\n<meta name=\"robots\" content=\"index, follow, max-snippet:-1, max-image-preview:large, max-video-preview:-1\" \/>\n<link rel=\"canonical\" href=\"https:\/\/hyotytuuli.fi\/en\/terms-and-conditions-data-protection\/\" \/>\n<meta property=\"og:locale\" content=\"en_US\" \/>\n<meta property=\"og:type\" content=\"article\" \/>\n<meta property=\"og:title\" content=\"Terms and conditions &amp; data protection - Hy\u00f6tytuuli\" \/>\n<meta property=\"og:description\" content=\"Terms and conditions The website of Suomen Hy\u00f6tytuuli Oy is the property of Suomen Hy\u00f6tytuuli Oy. The website has been created to serve the stakeholders of Suomen Hy\u00f6tytuuli Oy. All information in Suomen Hy\u00f6tytuuli Oy\u2019s website is provided \u201cas is\u201d. Suomen Hy\u00f6tytuuli Oy is not responsible for the accuracy of the information provided on the [&hellip;]\" \/>\n<meta property=\"og:url\" content=\"https:\/\/hyotytuuli.fi\/en\/terms-and-conditions-data-protection\/\" \/>\n<meta property=\"og:site_name\" content=\"Hy\u00f6tytuuli\" \/>\n<meta property=\"article:modified_time\" content=\"2025-02-07T10:53:16+00:00\" \/>\n<meta name=\"twitter:card\" content=\"summary_large_image\" \/>\n<meta name=\"twitter:label1\" content=\"Est. reading time\" \/>\n\t<meta name=\"twitter:data1\" content=\"5 minutes\" \/>\n<script type=\"application\/ld+json\" class=\"yoast-schema-graph\">{\"@context\":\"https:\\\/\\\/schema.org\",\"@graph\":[{\"@type\":\"WebPage\",\"@id\":\"https:\\\/\\\/hyotytuuli.fi\\\/en\\\/terms-and-conditions-data-protection\\\/\",\"url\":\"https:\\\/\\\/hyotytuuli.fi\\\/en\\\/terms-and-conditions-data-protection\\\/\",\"name\":\"Terms and conditions &amp; data protection - Hy\u00f6tytuuli\",\"isPartOf\":{\"@id\":\"https:\\\/\\\/hyotytuuli.fi\\\/en\\\/#website\"},\"datePublished\":\"2025-02-07T07:00:21+00:00\",\"dateModified\":\"2025-02-07T10:53:16+00:00\",\"breadcrumb\":{\"@id\":\"https:\\\/\\\/hyotytuuli.fi\\\/en\\\/terms-and-conditions-data-protection\\\/#breadcrumb\"},\"inLanguage\":\"en-US\",\"potentialAction\":[{\"@type\":\"ReadAction\",\"target\":[\"https:\\\/\\\/hyotytuuli.fi\\\/en\\\/terms-and-conditions-data-protection\\\/\"]}]},{\"@type\":\"BreadcrumbList\",\"@id\":\"https:\\\/\\\/hyotytuuli.fi\\\/en\\\/terms-and-conditions-data-protection\\\/#breadcrumb\",\"itemListElement\":[{\"@type\":\"ListItem\",\"position\":1,\"name\":\"Home\",\"item\":\"https:\\\/\\\/hyotytuuli.fi\\\/en\\\/\"},{\"@type\":\"ListItem\",\"position\":2,\"name\":\"Terms and conditions &amp; data protection\"}]},{\"@type\":\"WebSite\",\"@id\":\"https:\\\/\\\/hyotytuuli.fi\\\/en\\\/#website\",\"url\":\"https:\\\/\\\/hyotytuuli.fi\\\/en\\\/\",\"name\":\"Hy\u00f6tytuuli\",\"description\":\"\",\"publisher\":{\"@id\":\"https:\\\/\\\/hyotytuuli.fi\\\/en\\\/#organization\"},\"potentialAction\":[{\"@type\":\"SearchAction\",\"target\":{\"@type\":\"EntryPoint\",\"urlTemplate\":\"https:\\\/\\\/hyotytuuli.fi\\\/en\\\/?s={search_term_string}\"},\"query-input\":{\"@type\":\"PropertyValueSpecification\",\"valueRequired\":true,\"valueName\":\"search_term_string\"}}],\"inLanguage\":\"en-US\"},{\"@type\":\"Organization\",\"@id\":\"https:\\\/\\\/hyotytuuli.fi\\\/en\\\/#organization\",\"name\":\"Hy\u00f6tytuuli\",\"url\":\"https:\\\/\\\/hyotytuuli.fi\\\/en\\\/\",\"logo\":{\"@type\":\"ImageObject\",\"inLanguage\":\"en-US\",\"@id\":\"https:\\\/\\\/hyotytuuli.fi\\\/en\\\/#\\\/schema\\\/logo\\\/image\\\/\",\"url\":\"https:\\\/\\\/arenso.fi\\\/app\\\/uploads\\\/2025\\\/02\\\/cropped-favicon-1-1.webp\",\"contentUrl\":\"https:\\\/\\\/arenso.fi\\\/app\\\/uploads\\\/2025\\\/02\\\/cropped-favicon-1-1.webp\",\"width\":512,\"height\":512,\"caption\":\"Hy\u00f6tytuuli\"},\"image\":{\"@id\":\"https:\\\/\\\/hyotytuuli.fi\\\/en\\\/#\\\/schema\\\/logo\\\/image\\\/\"}}]}<\/script>\n<!-- \/ Yoast SEO plugin. -->","yoast_head_json":{"title":"Terms and conditions &amp; data protection - Hy\u00f6tytuuli","robots":{"index":"index","follow":"follow","max-snippet":"max-snippet:-1","max-image-preview":"max-image-preview:large","max-video-preview":"max-video-preview:-1"},"canonical":"https:\/\/hyotytuuli.fi\/en\/terms-and-conditions-data-protection\/","og_locale":"en_US","og_type":"article","og_title":"Terms and conditions &amp; data protection - Hy\u00f6tytuuli","og_description":"Terms and conditions The website of Suomen Hy\u00f6tytuuli Oy is the property of Suomen Hy\u00f6tytuuli Oy. The website has been created to serve the stakeholders of Suomen Hy\u00f6tytuuli Oy. All information in Suomen Hy\u00f6tytuuli Oy\u2019s website is provided \u201cas is\u201d. Suomen Hy\u00f6tytuuli Oy is not responsible for the accuracy of the information provided on the [&hellip;]","og_url":"https:\/\/hyotytuuli.fi\/en\/terms-and-conditions-data-protection\/","og_site_name":"Hy\u00f6tytuuli","article_modified_time":"2025-02-07T10:53:16+00:00","twitter_card":"summary_large_image","twitter_misc":{"Est. reading time":"5 minutes"},"schema":{"@context":"https:\/\/schema.org","@graph":[{"@type":"WebPage","@id":"https:\/\/hyotytuuli.fi\/en\/terms-and-conditions-data-protection\/","url":"https:\/\/hyotytuuli.fi\/en\/terms-and-conditions-data-protection\/","name":"Terms and conditions &amp; data protection - Hy\u00f6tytuuli","isPartOf":{"@id":"https:\/\/hyotytuuli.fi\/en\/#website"},"datePublished":"2025-02-07T07:00:21+00:00","dateModified":"2025-02-07T10:53:16+00:00","breadcrumb":{"@id":"https:\/\/hyotytuuli.fi\/en\/terms-and-conditions-data-protection\/#breadcrumb"},"inLanguage":"en-US","potentialAction":[{"@type":"ReadAction","target":["https:\/\/hyotytuuli.fi\/en\/terms-and-conditions-data-protection\/"]}]},{"@type":"BreadcrumbList","@id":"https:\/\/hyotytuuli.fi\/en\/terms-and-conditions-data-protection\/#breadcrumb","itemListElement":[{"@type":"ListItem","position":1,"name":"Home","item":"https:\/\/hyotytuuli.fi\/en\/"},{"@type":"ListItem","position":2,"name":"Terms and conditions &amp; data protection"}]},{"@type":"WebSite","@id":"https:\/\/hyotytuuli.fi\/en\/#website","url":"https:\/\/hyotytuuli.fi\/en\/","name":"Hy\u00f6tytuuli","description":"","publisher":{"@id":"https:\/\/hyotytuuli.fi\/en\/#organization"},"potentialAction":[{"@type":"SearchAction","target":{"@type":"EntryPoint","urlTemplate":"https:\/\/hyotytuuli.fi\/en\/?s={search_term_string}"},"query-input":{"@type":"PropertyValueSpecification","valueRequired":true,"valueName":"search_term_string"}}],"inLanguage":"en-US"},{"@type":"Organization","@id":"https:\/\/hyotytuuli.fi\/en\/#organization","name":"Hy\u00f6tytuuli","url":"https:\/\/hyotytuuli.fi\/en\/","logo":{"@type":"ImageObject","inLanguage":"en-US","@id":"https:\/\/hyotytuuli.fi\/en\/#\/schema\/logo\/image\/","url":"https:\/\/arenso.fi\/app\/uploads\/2025\/02\/cropped-favicon-1-1.webp","contentUrl":"https:\/\/arenso.fi\/app\/uploads\/2025\/02\/cropped-favicon-1-1.webp","width":512,"height":512,"caption":"Hy\u00f6tytuuli"},"image":{"@id":"https:\/\/hyotytuuli.fi\/en\/#\/schema\/logo\/image\/"}}]}},"_links":{"self":[{"href":"https:\/\/hyotytuuli.fi\/en\/wp-json\/wp\/v2\/pages\/7109","targetHints":{"allow":["GET"]}}],"collection":[{"href":"https:\/\/hyotytuuli.fi\/en\/wp-json\/wp\/v2\/pages"}],"about":[{"href":"https:\/\/hyotytuuli.fi\/en\/wp-json\/wp\/v2\/types\/page"}],"author":[{"embeddable":true,"href":"https:\/\/hyotytuuli.fi\/en\/wp-json\/wp\/v2\/users\/1"}],"replies":[{"embeddable":true,"href":"https:\/\/hyotytuuli.fi\/en\/wp-json\/wp\/v2\/comments?post=7109"}],"version-history":[{"count":1,"href":"https:\/\/hyotytuuli.fi\/en\/wp-json\/wp\/v2\/pages\/7109\/revisions"}],"predecessor-version":[{"id":7110,"href":"https:\/\/hyotytuuli.fi\/en\/wp-json\/wp\/v2\/pages\/7109\/revisions\/7110"}],"wp:attachment":[{"href":"https:\/\/hyotytuuli.fi\/en\/wp-json\/wp\/v2\/media?parent=7109"}],"curies":[{"name":"wp","href":"https:\/\/api.w.org\/{rel}","templated":true}]}}