{"id":7753,"date":"2025-05-13T11:08:59","date_gmt":"2025-05-13T09:08:59","guid":{"rendered":"https:\/\/hyotytuuli.fi\/?page_id=7753"},"modified":"2025-05-14T10:42:04","modified_gmt":"2025-05-14T08:42:04","slug":"linnunmaki-wind-farm-project","status":"publish","type":"page","link":"https:\/\/hyotytuuli.fi\/en\/linnunmaki-wind-farm-project\/","title":{"rendered":"Linnunm\u00e4ki wind farm project"},"content":{"rendered":"\n\n<style>\n                            @media screen and (min-width: 1px) and (max-width: 9999px) {\n            .Hero-629362937 {\n                background-image: url('https:\/\/arenso.fi\/app\/uploads\/2025\/05\/Linnunmaki-hero.png');\n            }\n        }\n            \n            @media screen and (max-width: 767.1px) {\n        .Hero-629362937 {\n            height: 230px !important;\n        }\n    }\n    \n                .Hero-629362937 {\n            height: 350px;\n        }\n    \n<\/style>\n\n<section class=\"mb-8\" >\n    <div class=\"\n        Hero\n        Hero-629362937\n        full-width\n        z-10\n        relative bg-cover\n        bg-center inset-x-2\/4\n        flex justify-center items-center\n    \">\n            <h1 class=\"text-white font-bold text-center h2 md:h1 text-balance\"><\/h1>\n        <\/div>\n    <\/section>\n\n\n<section >\n\t<div class=\"IconElement relative flex justify-between flex-col lg:flex-row lg:flex-row my-20 xl:mx-8\">\n\t\t<div class=\"w-full \">\n\t\t\t<div class=\"grid grid-cols-2 sm:grid-cols-[repeat(auto-fit,minmax(100px,1fr))] gap-2 xl:gap-4 2xl:gap-4\">\n\t\t\t\t\t\t\t\t\t\t\t\t\t\t\t<div class=\"border border-hyotytuuli rounded-md hover:bg-hyotytuuli-light overflow-auto\">\n\t\t\t\t\t\t\t<div class=\"py-2 text-center\">\n\t\t\t\t\t\t\t\t<p class=\"flex justify-center uppercase pt-2 sm:py-4\">WIND TURBINES<\/p>\n\t\t\t\t\t\t\t\t<div class=\"flex items-baseline justify-center text-center sm:pb-4\">\n\t\t\t\t\t\t\t\t\t\t\t\t\t\t\t\t\t\t\t<h4 class=\"text-hyotytuuli-hilight2 px-2 py-4 h1\">10\u201320<\/h4>\n\t\t\t\t\t\t\t\t\t\t\t\t\t\t\t\t\t\t<p class=\"\">pcs<\/p>\n\t\t\t\t\t\t\t\t<\/div>\n\t\t\t\t\t\t\t<\/div>\n\t\t\t\t\t\t\t<div class=\"flex justify-center\">\n\t\t\t\t\t\t\t\t<img decoding=\"async\" loading=\"lazy\" class=\"object-contain h-full w-full aspect-[1\/1] max-w-52 max-h-52\" src=\"https:\/\/arenso.fi\/app\/uploads\/2025\/01\/amount-icon.png.webp\"\/>\n\t\t\t\t\t\t\t<\/div>\n\t\t\t\t\t\t<\/div>\n\t\t\t\t\t\t\t\t\t\t\t\t\t\t\t\t\t\t\t\t<div class=\"border border-hyotytuuli rounded-md hover:bg-hyotytuuli-light overflow-auto\">\n\t\t\t\t\t\t\t<div class=\"py-2 text-center\">\n\t\t\t\t\t\t\t\t<p class=\"flex justify-center uppercase pt-2 sm:py-4\">TIP HEIGHT <\/p>\n\t\t\t\t\t\t\t\t<div class=\"flex items-baseline justify-center text-center sm:pb-4\">\n\t\t\t\t\t\t\t\t\t\t\t\t\t\t\t\t\t\t\t<h4 class=\"text-hyotytuuli-hilight2 px-2 py-4 h1\">300<\/h4>\n\t\t\t\t\t\t\t\t\t\t\t\t\t\t\t\t\t\t<p class=\"\">m<\/p>\n\t\t\t\t\t\t\t\t<\/div>\n\t\t\t\t\t\t\t<\/div>\n\t\t\t\t\t\t\t<div class=\"flex justify-center\">\n\t\t\t\t\t\t\t\t<img decoding=\"async\" loading=\"lazy\" class=\"object-contain h-full w-full aspect-[1\/1] max-w-52 max-h-52\" src=\"https:\/\/arenso.fi\/app\/uploads\/2025\/02\/tipheight-icon.png.webp\"\/>\n\t\t\t\t\t\t\t<\/div>\n\t\t\t\t\t\t<\/div>\n\t\t\t\t\t\t\t\t\t\t\t\t\t\t\t\t\t\t\t\t<div class=\"border border-hyotytuuli rounded-md hover:bg-hyotytuuli-light overflow-auto\">\n\t\t\t\t\t\t\t<div class=\"py-2 text-center\">\n\t\t\t\t\t\t\t\t<p class=\"flex justify-center uppercase pt-2 sm:py-4\">POWER \/ TURBINE<\/p>\n\t\t\t\t\t\t\t\t<div class=\"flex items-baseline justify-center text-center sm:pb-4\">\n\t\t\t\t\t\t\t\t\t\t\t\t\t\t\t\t\t\t\t<h4 class=\"text-hyotytuuli-hilight2 px-2 py-4 h1\">7\u201311<\/h4>\n\t\t\t\t\t\t\t\t\t\t\t\t\t\t\t\t\t\t<p class=\"\">MW<\/p>\n\t\t\t\t\t\t\t\t<\/div>\n\t\t\t\t\t\t\t<\/div>\n\t\t\t\t\t\t\t<div class=\"flex justify-center\">\n\t\t\t\t\t\t\t\t<img decoding=\"async\" loading=\"lazy\" class=\"object-contain h-full w-full aspect-[1\/1] max-w-52 max-h-52\" src=\"https:\/\/arenso.fi\/app\/uploads\/2025\/01\/power-icon.png.webp\"\/>\n\t\t\t\t\t\t\t<\/div>\n\t\t\t\t\t\t<\/div>\n\t\t\t\t\t\t\t\t\t\n\t\t\t<\/div>\n\t\t\t\t\t\t\t<div class=\"mt-4 p-4 border border-hyotytuuli rounded-md hover:bg-hyotytuuli-light flex flex-wrap justify-center text-center\">\n\t\t\t\t\t<span class=\"uppercase\">The Linnunm\u00e4ki wind farm project is under development. &nbsp;<\/span>\n\t\t\t\t\t<span class=\"text-hyotytuuli\">&nbsp;<\/span>\n\t\t\t\t\t<span><\/span>\n\t\t\t\t<\/div>\n\t\t\t\t\t<\/div>\n\t<\/section>\n\n\n\n<h2 class=\"wp-block-heading\">Linnunm\u00e4ki wind farm project<\/h2>\n\n\n\n<p>Suomen Hy\u00f6tytuuli is planning a wind farm of 10\u201320 wind turbines in Linnunm\u00e4ki, Harjavalta. The height of the wind turbines is maximum of 300 metres and the capacity about 7\u201311 MW.<\/p>\n\n\n\n\n<div  class=\"contact-cards lg:mx-16 wrapmb-8\">\n\t<div\n\t\tclass=\"flex flex-wrap flex-col sm:flex-row \">\n\t\t\t\t\t\t\t<div class=\"w-full sm:w-1\/2 justify-center\">\n\t\t\t\t\n<div class=\"flex border border-hyotytuuli rounded items-center mb-2 lg:ml-2 px-2 py-4 lg:py-6\">\n\t<div class=\"px-2 lg:px-6\">\n\t\t<img decoding=\"async\" class=\"object-cover rounded-full min-w-[100px] md:min-w-[130px] lg:min-w-[166px] w-[100px] md:w-[130px] lg:w-[166px] aspect-square\" alt=\"panu-piirtola\" src=\" https:\/\/arenso.fi\/app\/uploads\/2025\/01\/panu-piirtola.webp \"\/>\n\t<\/div>\n\t<div class=\"flex flex-col w-full overflow-hidden\">\n\t\t<p class=\"font-bold text-hyotytuuli truncate\">Panu Piirtola<\/p>\n\t\t<p class=\"truncate\">Project Development and Sustainability Manager<\/p>\n\t\t<a href=\"tel:+358 40 655 1315\" class=\"p truncate\">+358 40 655 1315<\/a>\n\t\t<a href=\"mailto:panu.piirtola@hyotytuuli.fi\" class=\"p truncate\">panu.piirtola@hyotytuuli.fi<\/a>\n\t<\/div>\n<\/div>\n\t\t\t<\/div>\n\t\t\n\t\t\t<\/div>\n<\/div>\n\n\n\n<p><\/p>\n\n\n\n<figure class=\"wp-block-image size-large\"><img loading=\"lazy\" decoding=\"async\" width=\"1024\" height=\"633\" src=\"https:\/\/arenso.fi\/app\/uploads\/2025\/05\/Linnunmaki-1024x633.png\" alt=\"\" class=\"wp-image-7726\" srcset=\"https:\/\/arenso.fi\/app\/uploads\/2025\/05\/Linnunmaki-1024x633.png 1024w, https:\/\/arenso.fi\/app\/uploads\/2025\/05\/Linnunmaki-300x186.png 300w, https:\/\/arenso.fi\/app\/uploads\/2025\/05\/Linnunmaki-768x475.png 768w, https:\/\/arenso.fi\/app\/uploads\/2025\/05\/Linnunmaki-1536x950.png 1536w, https:\/\/arenso.fi\/app\/uploads\/2025\/05\/Linnunmaki-2048x1267.png 2048w\" sizes=\"auto, (max-width: 1024px) 100vw, 1024px\" \/><\/figure>\n","protected":false},"excerpt":{"rendered":"<p>Linnunm\u00e4ki wind farm project Suomen Hy\u00f6tytuuli is planning a wind farm of 10\u201320 wind turbines in Linnunm\u00e4ki, Harjavalta. The height of the wind turbines is maximum of 300 metres and the capacity about 7\u201311 MW.<\/p>\n","protected":false},"author":3,"featured_media":0,"parent":0,"menu_order":0,"comment_status":"closed","ping_status":"closed","template":"","meta":{"_acf_changed":false,"footnotes":""},"class_list":["post-7753","page","type-page","status-publish","hentry"],"acf":[],"yoast_head":"<!-- This site is optimized with the Yoast SEO plugin v27.3 - https:\/\/yoast.com\/product\/yoast-seo-wordpress\/ -->\n<title>Linnunm\u00e4ki wind farm project - Hy\u00f6tytuuli<\/title>\n<meta name=\"robots\" content=\"index, follow, max-snippet:-1, max-image-preview:large, max-video-preview:-1\" \/>\n<link rel=\"canonical\" href=\"https:\/\/hyotytuuli.fi\/en\/linnunmaki-wind-farm-project\/\" \/>\n<meta property=\"og:locale\" content=\"en_US\" \/>\n<meta property=\"og:type\" content=\"article\" \/>\n<meta property=\"og:title\" content=\"Linnunm\u00e4ki wind farm project - Hy\u00f6tytuuli\" \/>\n<meta property=\"og:description\" content=\"Linnunm\u00e4ki wind farm project Suomen Hy\u00f6tytuuli is planning a wind farm of 10\u201320 wind turbines in Linnunm\u00e4ki, Harjavalta. The height of the wind turbines is maximum of 300 metres and the capacity about 7\u201311 MW.\" \/>\n<meta property=\"og:url\" content=\"https:\/\/hyotytuuli.fi\/en\/linnunmaki-wind-farm-project\/\" \/>\n<meta property=\"og:site_name\" content=\"Hy\u00f6tytuuli\" \/>\n<meta property=\"article:modified_time\" content=\"2025-05-14T08:42:04+00:00\" \/>\n<meta property=\"og:image\" content=\"https:\/\/arenso.fi\/app\/uploads\/2025\/05\/Linnunmaki-1024x633.png\" \/>\n<meta name=\"twitter:card\" content=\"summary_large_image\" \/>\n<meta name=\"twitter:label1\" content=\"Est. reading time\" \/>\n\t<meta name=\"twitter:data1\" content=\"1 minute\" \/>\n<script type=\"application\/ld+json\" class=\"yoast-schema-graph\">{\"@context\":\"https:\\\/\\\/schema.org\",\"@graph\":[{\"@type\":\"WebPage\",\"@id\":\"https:\\\/\\\/hyotytuuli.fi\\\/en\\\/linnunmaki-wind-farm-project\\\/\",\"url\":\"https:\\\/\\\/hyotytuuli.fi\\\/en\\\/linnunmaki-wind-farm-project\\\/\",\"name\":\"Linnunm\u00e4ki wind farm project - Hy\u00f6tytuuli\",\"isPartOf\":{\"@id\":\"https:\\\/\\\/hyotytuuli.fi\\\/en\\\/#website\"},\"primaryImageOfPage\":{\"@id\":\"https:\\\/\\\/hyotytuuli.fi\\\/en\\\/linnunmaki-wind-farm-project\\\/#primaryimage\"},\"image\":{\"@id\":\"https:\\\/\\\/hyotytuuli.fi\\\/en\\\/linnunmaki-wind-farm-project\\\/#primaryimage\"},\"thumbnailUrl\":\"https:\\\/\\\/arenso.fi\\\/app\\\/uploads\\\/2025\\\/05\\\/Linnunmaki-1024x633.png\",\"datePublished\":\"2025-05-13T09:08:59+00:00\",\"dateModified\":\"2025-05-14T08:42:04+00:00\",\"breadcrumb\":{\"@id\":\"https:\\\/\\\/hyotytuuli.fi\\\/en\\\/linnunmaki-wind-farm-project\\\/#breadcrumb\"},\"inLanguage\":\"en-US\",\"potentialAction\":[{\"@type\":\"ReadAction\",\"target\":[\"https:\\\/\\\/hyotytuuli.fi\\\/en\\\/linnunmaki-wind-farm-project\\\/\"]}]},{\"@type\":\"ImageObject\",\"inLanguage\":\"en-US\",\"@id\":\"https:\\\/\\\/hyotytuuli.fi\\\/en\\\/linnunmaki-wind-farm-project\\\/#primaryimage\",\"url\":\"https:\\\/\\\/arenso.fi\\\/app\\\/uploads\\\/2025\\\/05\\\/Linnunmaki-1024x633.png\",\"contentUrl\":\"https:\\\/\\\/arenso.fi\\\/app\\\/uploads\\\/2025\\\/05\\\/Linnunmaki-1024x633.png\"},{\"@type\":\"BreadcrumbList\",\"@id\":\"https:\\\/\\\/hyotytuuli.fi\\\/en\\\/linnunmaki-wind-farm-project\\\/#breadcrumb\",\"itemListElement\":[{\"@type\":\"ListItem\",\"position\":1,\"name\":\"Home\",\"item\":\"https:\\\/\\\/hyotytuuli.fi\\\/en\\\/\"},{\"@type\":\"ListItem\",\"position\":2,\"name\":\"Linnunm\u00e4ki wind farm project\"}]},{\"@type\":\"WebSite\",\"@id\":\"https:\\\/\\\/hyotytuuli.fi\\\/en\\\/#website\",\"url\":\"https:\\\/\\\/hyotytuuli.fi\\\/en\\\/\",\"name\":\"Hy\u00f6tytuuli\",\"description\":\"\",\"publisher\":{\"@id\":\"https:\\\/\\\/hyotytuuli.fi\\\/en\\\/#organization\"},\"potentialAction\":[{\"@type\":\"SearchAction\",\"target\":{\"@type\":\"EntryPoint\",\"urlTemplate\":\"https:\\\/\\\/hyotytuuli.fi\\\/en\\\/?s={search_term_string}\"},\"query-input\":{\"@type\":\"PropertyValueSpecification\",\"valueRequired\":true,\"valueName\":\"search_term_string\"}}],\"inLanguage\":\"en-US\"},{\"@type\":\"Organization\",\"@id\":\"https:\\\/\\\/hyotytuuli.fi\\\/en\\\/#organization\",\"name\":\"Hy\u00f6tytuuli\",\"url\":\"https:\\\/\\\/hyotytuuli.fi\\\/en\\\/\",\"logo\":{\"@type\":\"ImageObject\",\"inLanguage\":\"en-US\",\"@id\":\"https:\\\/\\\/hyotytuuli.fi\\\/en\\\/#\\\/schema\\\/logo\\\/image\\\/\",\"url\":\"https:\\\/\\\/arenso.fi\\\/app\\\/uploads\\\/2025\\\/02\\\/cropped-favicon-1-1.webp\",\"contentUrl\":\"https:\\\/\\\/arenso.fi\\\/app\\\/uploads\\\/2025\\\/02\\\/cropped-favicon-1-1.webp\",\"width\":512,\"height\":512,\"caption\":\"Hy\u00f6tytuuli\"},\"image\":{\"@id\":\"https:\\\/\\\/hyotytuuli.fi\\\/en\\\/#\\\/schema\\\/logo\\\/image\\\/\"}}]}<\/script>\n<!-- \/ Yoast SEO plugin. -->","yoast_head_json":{"title":"Linnunm\u00e4ki wind farm project - Hy\u00f6tytuuli","robots":{"index":"index","follow":"follow","max-snippet":"max-snippet:-1","max-image-preview":"max-image-preview:large","max-video-preview":"max-video-preview:-1"},"canonical":"https:\/\/hyotytuuli.fi\/en\/linnunmaki-wind-farm-project\/","og_locale":"en_US","og_type":"article","og_title":"Linnunm\u00e4ki wind farm project - Hy\u00f6tytuuli","og_description":"Linnunm\u00e4ki wind farm project Suomen Hy\u00f6tytuuli is planning a wind farm of 10\u201320 wind turbines in Linnunm\u00e4ki, Harjavalta. The height of the wind turbines is maximum of 300 metres and the capacity about 7\u201311 MW.","og_url":"https:\/\/hyotytuuli.fi\/en\/linnunmaki-wind-farm-project\/","og_site_name":"Hy\u00f6tytuuli","article_modified_time":"2025-05-14T08:42:04+00:00","og_image":[{"url":"https:\/\/arenso.fi\/app\/uploads\/2025\/05\/Linnunmaki-1024x633.png","type":"","width":"","height":""}],"twitter_card":"summary_large_image","twitter_misc":{"Est. reading time":"1 minute"},"schema":{"@context":"https:\/\/schema.org","@graph":[{"@type":"WebPage","@id":"https:\/\/hyotytuuli.fi\/en\/linnunmaki-wind-farm-project\/","url":"https:\/\/hyotytuuli.fi\/en\/linnunmaki-wind-farm-project\/","name":"Linnunm\u00e4ki wind farm project - Hy\u00f6tytuuli","isPartOf":{"@id":"https:\/\/hyotytuuli.fi\/en\/#website"},"primaryImageOfPage":{"@id":"https:\/\/hyotytuuli.fi\/en\/linnunmaki-wind-farm-project\/#primaryimage"},"image":{"@id":"https:\/\/hyotytuuli.fi\/en\/linnunmaki-wind-farm-project\/#primaryimage"},"thumbnailUrl":"https:\/\/arenso.fi\/app\/uploads\/2025\/05\/Linnunmaki-1024x633.png","datePublished":"2025-05-13T09:08:59+00:00","dateModified":"2025-05-14T08:42:04+00:00","breadcrumb":{"@id":"https:\/\/hyotytuuli.fi\/en\/linnunmaki-wind-farm-project\/#breadcrumb"},"inLanguage":"en-US","potentialAction":[{"@type":"ReadAction","target":["https:\/\/hyotytuuli.fi\/en\/linnunmaki-wind-farm-project\/"]}]},{"@type":"ImageObject","inLanguage":"en-US","@id":"https:\/\/hyotytuuli.fi\/en\/linnunmaki-wind-farm-project\/#primaryimage","url":"https:\/\/arenso.fi\/app\/uploads\/2025\/05\/Linnunmaki-1024x633.png","contentUrl":"https:\/\/arenso.fi\/app\/uploads\/2025\/05\/Linnunmaki-1024x633.png"},{"@type":"BreadcrumbList","@id":"https:\/\/hyotytuuli.fi\/en\/linnunmaki-wind-farm-project\/#breadcrumb","itemListElement":[{"@type":"ListItem","position":1,"name":"Home","item":"https:\/\/hyotytuuli.fi\/en\/"},{"@type":"ListItem","position":2,"name":"Linnunm\u00e4ki wind farm project"}]},{"@type":"WebSite","@id":"https:\/\/hyotytuuli.fi\/en\/#website","url":"https:\/\/hyotytuuli.fi\/en\/","name":"Hy\u00f6tytuuli","description":"","publisher":{"@id":"https:\/\/hyotytuuli.fi\/en\/#organization"},"potentialAction":[{"@type":"SearchAction","target":{"@type":"EntryPoint","urlTemplate":"https:\/\/hyotytuuli.fi\/en\/?s={search_term_string}"},"query-input":{"@type":"PropertyValueSpecification","valueRequired":true,"valueName":"search_term_string"}}],"inLanguage":"en-US"},{"@type":"Organization","@id":"https:\/\/hyotytuuli.fi\/en\/#organization","name":"Hy\u00f6tytuuli","url":"https:\/\/hyotytuuli.fi\/en\/","logo":{"@type":"ImageObject","inLanguage":"en-US","@id":"https:\/\/hyotytuuli.fi\/en\/#\/schema\/logo\/image\/","url":"https:\/\/arenso.fi\/app\/uploads\/2025\/02\/cropped-favicon-1-1.webp","contentUrl":"https:\/\/arenso.fi\/app\/uploads\/2025\/02\/cropped-favicon-1-1.webp","width":512,"height":512,"caption":"Hy\u00f6tytuuli"},"image":{"@id":"https:\/\/hyotytuuli.fi\/en\/#\/schema\/logo\/image\/"}}]}},"_links":{"self":[{"href":"https:\/\/hyotytuuli.fi\/en\/wp-json\/wp\/v2\/pages\/7753","targetHints":{"allow":["GET"]}}],"collection":[{"href":"https:\/\/hyotytuuli.fi\/en\/wp-json\/wp\/v2\/pages"}],"about":[{"href":"https:\/\/hyotytuuli.fi\/en\/wp-json\/wp\/v2\/types\/page"}],"author":[{"embeddable":true,"href":"https:\/\/hyotytuuli.fi\/en\/wp-json\/wp\/v2\/users\/3"}],"replies":[{"embeddable":true,"href":"https:\/\/hyotytuuli.fi\/en\/wp-json\/wp\/v2\/comments?post=7753"}],"version-history":[{"count":3,"href":"https:\/\/hyotytuuli.fi\/en\/wp-json\/wp\/v2\/pages\/7753\/revisions"}],"predecessor-version":[{"id":7758,"href":"https:\/\/hyotytuuli.fi\/en\/wp-json\/wp\/v2\/pages\/7753\/revisions\/7758"}],"wp:attachment":[{"href":"https:\/\/hyotytuuli.fi\/en\/wp-json\/wp\/v2\/media?parent=7753"}],"curies":[{"name":"wp","href":"https:\/\/api.w.org\/{rel}","templated":true}]}}