{"id":7999,"date":"2025-10-27T17:32:31","date_gmt":"2025-10-27T15:32:31","guid":{"rendered":"https:\/\/hyotytuuli.fi\/?page_id=7999"},"modified":"2025-10-30T20:55:39","modified_gmt":"2025-10-30T18:55:39","slug":"7999-2","status":"publish","type":"page","link":"https:\/\/hyotytuuli.fi\/en\/sustainability\/7999-2\/","title":{"rendered":"Sustainability strategy"},"content":{"rendered":"\n\n<style>\n                            @media screen and (min-width: 1px) and (max-width: 9999px) {\n            .Hero-706662638 {\n                background-image: url('https:\/\/arenso.fi\/app\/uploads\/2025\/01\/Ilmoituskanava.webp');\n            }\n        }\n            \n            @media screen and (max-width: 767.1px) {\n        .Hero-706662638 {\n            height: 230px !important;\n        }\n    }\n    \n                .Hero-706662638 {\n            height: 350px;\n        }\n    \n<\/style>\n\n<section class=\"mb-8\" >\n    <div class=\"\n        Hero\n        Hero-706662638\n        full-width\n        z-10\n        relative bg-cover\n        bg-center inset-x-2\/4\n        flex justify-center items-center\n    \">\n            <h1 class=\"text-white font-bold text-center h2 md:h1 text-balance\"><\/h1>\n        <\/div>\n    <\/section>\n\n\n\n<h2 class=\"wp-block-heading\">Suomen Hy\u00f6tytuuli&#8217;s sustainability strategy<\/h2>\n\n\n\n<p>Sustainability is a core value at Suomen Hy\u00f6tytuuli. For us, sustainable business is about continuous development in terms of operations, stakeholders, and value chains. Our sustainability strategy is based on our long-standing and in-depth expertise and on sufficiently thorough background work. We have carried out a double materiality assessment of the sustainability impact that our company has on the environment and society \u2013 and how the environment and society affects our business \u2013 considering both positive and negative impacts, risks, and opportunities.<\/p>\n\n\n\n<p>The most important objective is to implement and develop activities that support our strategy in the practices of our value chain. The sustainability strategy is integrated in the action plans and metrics of all Suomen Hy\u00f6tytuuli\u2019s business units. Activities are prioritised first and foremost by the impact they have on business.<\/p>\n\n\n\n<p><strong>Sustainable business<\/strong><\/p>\n\n\n\n<ul class=\"wp-block-list\">\n<li>We conduct our business profitably and sustainably, and monitor this through management team activities and board reporting.<\/li>\n\n\n\n<li><strong>We ensure that people working for us and throughout our value chain comply with guidelines and standard operating procedures<\/strong>, including ethical guidelines (both internal and for partners), procurement and contracting guidelines, risk management processes, information security guidelines, practices related to human rights, safety and well-being, incident management, and environmental policy.<\/li>\n\n\n\n<li><strong>We integrate environmental responsibility<\/strong> into our daily operations and future investments.<\/li>\n\n\n\n<li><strong>Our goal for biodiversity<\/strong> is to achieve a net positive impact by 2035.<\/li>\n\n\n\n<li>Our most important climate impact is positive as we contribute to Finland\u2019s carbon neutrality target and support our owners in achieving the emission reduction goals of the Paris Agreement through renewable energy production. <strong>We also aim for carbon-neutrality in direct and indirect greenhouse gas emissions across the life cycle of renewable energy by 2035.<\/strong><\/li>\n\n\n\n<li><strong>We enhance the prevention of pollution<\/strong>, especially in construction and production.<\/li>\n\n\n\n<li><strong>We optimise the use and re-use of resources and raw materials as well as circular economy.<\/strong><\/li>\n\n\n\n<li><strong>We foster the public acceptance of wind power in a transparent manner.<\/strong><\/li>\n\n\n\n<li><strong>We maintain strong relationships with our regional stakeholders.<\/strong><\/li>\n\n\n\n<li><strong>We take part in preparedness and contingency planning activities.<\/strong><\/li>\n\n\n\n<li><strong>Our communication with our stakeholders is clear and factual.<\/strong><\/li>\n<\/ul>\n","protected":false},"excerpt":{"rendered":"<p>Suomen Hy\u00f6tytuuli&#8217;s sustainability strategy Sustainability is a core value at Suomen Hy\u00f6tytuuli. For us, sustainable business is about continuous development in terms of operations, stakeholders, and value chains. Our sustainability strategy is based on our long-standing and in-depth expertise and on sufficiently thorough background work. We have carried out a double materiality assessment of the [&hellip;]<\/p>\n","protected":false},"author":3,"featured_media":0,"parent":7045,"menu_order":0,"comment_status":"closed","ping_status":"closed","template":"","meta":{"_acf_changed":false,"footnotes":""},"class_list":["post-7999","page","type-page","status-publish","hentry"],"acf":[],"yoast_head":"<!-- This site is optimized with the Yoast SEO plugin v27.3 - https:\/\/yoast.com\/product\/yoast-seo-wordpress\/ -->\n<title>Sustainability strategy - Hy\u00f6tytuuli<\/title>\n<meta name=\"robots\" content=\"index, follow, max-snippet:-1, max-image-preview:large, max-video-preview:-1\" \/>\n<link rel=\"canonical\" href=\"https:\/\/hyotytuuli.fi\/en\/sustainability\/7999-2\/\" \/>\n<meta property=\"og:locale\" content=\"en_US\" \/>\n<meta property=\"og:type\" content=\"article\" \/>\n<meta property=\"og:title\" content=\"Sustainability strategy - Hy\u00f6tytuuli\" \/>\n<meta property=\"og:description\" content=\"Suomen Hy\u00f6tytuuli&#8217;s sustainability strategy Sustainability is a core value at Suomen Hy\u00f6tytuuli. For us, sustainable business is about continuous development in terms of operations, stakeholders, and value chains. Our sustainability strategy is based on our long-standing and in-depth expertise and on sufficiently thorough background work. We have carried out a double materiality assessment of the [&hellip;]\" \/>\n<meta property=\"og:url\" content=\"https:\/\/hyotytuuli.fi\/en\/sustainability\/7999-2\/\" \/>\n<meta property=\"og:site_name\" content=\"Hy\u00f6tytuuli\" \/>\n<meta property=\"article:modified_time\" content=\"2025-10-30T18:55:39+00:00\" \/>\n<meta name=\"twitter:card\" content=\"summary_large_image\" \/>\n<meta name=\"twitter:label1\" content=\"Est. reading time\" \/>\n\t<meta name=\"twitter:data1\" content=\"2 minutes\" \/>\n<script type=\"application\/ld+json\" class=\"yoast-schema-graph\">{\"@context\":\"https:\\\/\\\/schema.org\",\"@graph\":[{\"@type\":\"WebPage\",\"@id\":\"https:\\\/\\\/hyotytuuli.fi\\\/en\\\/sustainability\\\/7999-2\\\/\",\"url\":\"https:\\\/\\\/hyotytuuli.fi\\\/en\\\/sustainability\\\/7999-2\\\/\",\"name\":\"Sustainability strategy - Hy\u00f6tytuuli\",\"isPartOf\":{\"@id\":\"https:\\\/\\\/hyotytuuli.fi\\\/en\\\/#website\"},\"datePublished\":\"2025-10-27T15:32:31+00:00\",\"dateModified\":\"2025-10-30T18:55:39+00:00\",\"breadcrumb\":{\"@id\":\"https:\\\/\\\/hyotytuuli.fi\\\/en\\\/sustainability\\\/7999-2\\\/#breadcrumb\"},\"inLanguage\":\"en-US\",\"potentialAction\":[{\"@type\":\"ReadAction\",\"target\":[\"https:\\\/\\\/hyotytuuli.fi\\\/en\\\/sustainability\\\/7999-2\\\/\"]}]},{\"@type\":\"BreadcrumbList\",\"@id\":\"https:\\\/\\\/hyotytuuli.fi\\\/en\\\/sustainability\\\/7999-2\\\/#breadcrumb\",\"itemListElement\":[{\"@type\":\"ListItem\",\"position\":1,\"name\":\"Home\",\"item\":\"https:\\\/\\\/hyotytuuli.fi\\\/en\\\/\"},{\"@type\":\"ListItem\",\"position\":2,\"name\":\"Sustainability\",\"item\":\"https:\\\/\\\/hyotytuuli.fi\\\/en\\\/sustainability\\\/\"},{\"@type\":\"ListItem\",\"position\":3,\"name\":\"Sustainability strategy\"}]},{\"@type\":\"WebSite\",\"@id\":\"https:\\\/\\\/hyotytuuli.fi\\\/en\\\/#website\",\"url\":\"https:\\\/\\\/hyotytuuli.fi\\\/en\\\/\",\"name\":\"Hy\u00f6tytuuli\",\"description\":\"\",\"publisher\":{\"@id\":\"https:\\\/\\\/hyotytuuli.fi\\\/en\\\/#organization\"},\"potentialAction\":[{\"@type\":\"SearchAction\",\"target\":{\"@type\":\"EntryPoint\",\"urlTemplate\":\"https:\\\/\\\/hyotytuuli.fi\\\/en\\\/?s={search_term_string}\"},\"query-input\":{\"@type\":\"PropertyValueSpecification\",\"valueRequired\":true,\"valueName\":\"search_term_string\"}}],\"inLanguage\":\"en-US\"},{\"@type\":\"Organization\",\"@id\":\"https:\\\/\\\/hyotytuuli.fi\\\/en\\\/#organization\",\"name\":\"Hy\u00f6tytuuli\",\"url\":\"https:\\\/\\\/hyotytuuli.fi\\\/en\\\/\",\"logo\":{\"@type\":\"ImageObject\",\"inLanguage\":\"en-US\",\"@id\":\"https:\\\/\\\/hyotytuuli.fi\\\/en\\\/#\\\/schema\\\/logo\\\/image\\\/\",\"url\":\"https:\\\/\\\/arenso.fi\\\/app\\\/uploads\\\/2025\\\/02\\\/cropped-favicon-1-1.webp\",\"contentUrl\":\"https:\\\/\\\/arenso.fi\\\/app\\\/uploads\\\/2025\\\/02\\\/cropped-favicon-1-1.webp\",\"width\":512,\"height\":512,\"caption\":\"Hy\u00f6tytuuli\"},\"image\":{\"@id\":\"https:\\\/\\\/hyotytuuli.fi\\\/en\\\/#\\\/schema\\\/logo\\\/image\\\/\"}}]}<\/script>\n<!-- \/ Yoast SEO plugin. -->","yoast_head_json":{"title":"Sustainability strategy - Hy\u00f6tytuuli","robots":{"index":"index","follow":"follow","max-snippet":"max-snippet:-1","max-image-preview":"max-image-preview:large","max-video-preview":"max-video-preview:-1"},"canonical":"https:\/\/hyotytuuli.fi\/en\/sustainability\/7999-2\/","og_locale":"en_US","og_type":"article","og_title":"Sustainability strategy - Hy\u00f6tytuuli","og_description":"Suomen Hy\u00f6tytuuli&#8217;s sustainability strategy Sustainability is a core value at Suomen Hy\u00f6tytuuli. For us, sustainable business is about continuous development in terms of operations, stakeholders, and value chains. Our sustainability strategy is based on our long-standing and in-depth expertise and on sufficiently thorough background work. We have carried out a double materiality assessment of the [&hellip;]","og_url":"https:\/\/hyotytuuli.fi\/en\/sustainability\/7999-2\/","og_site_name":"Hy\u00f6tytuuli","article_modified_time":"2025-10-30T18:55:39+00:00","twitter_card":"summary_large_image","twitter_misc":{"Est. reading time":"2 minutes"},"schema":{"@context":"https:\/\/schema.org","@graph":[{"@type":"WebPage","@id":"https:\/\/hyotytuuli.fi\/en\/sustainability\/7999-2\/","url":"https:\/\/hyotytuuli.fi\/en\/sustainability\/7999-2\/","name":"Sustainability strategy - Hy\u00f6tytuuli","isPartOf":{"@id":"https:\/\/hyotytuuli.fi\/en\/#website"},"datePublished":"2025-10-27T15:32:31+00:00","dateModified":"2025-10-30T18:55:39+00:00","breadcrumb":{"@id":"https:\/\/hyotytuuli.fi\/en\/sustainability\/7999-2\/#breadcrumb"},"inLanguage":"en-US","potentialAction":[{"@type":"ReadAction","target":["https:\/\/hyotytuuli.fi\/en\/sustainability\/7999-2\/"]}]},{"@type":"BreadcrumbList","@id":"https:\/\/hyotytuuli.fi\/en\/sustainability\/7999-2\/#breadcrumb","itemListElement":[{"@type":"ListItem","position":1,"name":"Home","item":"https:\/\/hyotytuuli.fi\/en\/"},{"@type":"ListItem","position":2,"name":"Sustainability","item":"https:\/\/hyotytuuli.fi\/en\/sustainability\/"},{"@type":"ListItem","position":3,"name":"Sustainability strategy"}]},{"@type":"WebSite","@id":"https:\/\/hyotytuuli.fi\/en\/#website","url":"https:\/\/hyotytuuli.fi\/en\/","name":"Hy\u00f6tytuuli","description":"","publisher":{"@id":"https:\/\/hyotytuuli.fi\/en\/#organization"},"potentialAction":[{"@type":"SearchAction","target":{"@type":"EntryPoint","urlTemplate":"https:\/\/hyotytuuli.fi\/en\/?s={search_term_string}"},"query-input":{"@type":"PropertyValueSpecification","valueRequired":true,"valueName":"search_term_string"}}],"inLanguage":"en-US"},{"@type":"Organization","@id":"https:\/\/hyotytuuli.fi\/en\/#organization","name":"Hy\u00f6tytuuli","url":"https:\/\/hyotytuuli.fi\/en\/","logo":{"@type":"ImageObject","inLanguage":"en-US","@id":"https:\/\/hyotytuuli.fi\/en\/#\/schema\/logo\/image\/","url":"https:\/\/arenso.fi\/app\/uploads\/2025\/02\/cropped-favicon-1-1.webp","contentUrl":"https:\/\/arenso.fi\/app\/uploads\/2025\/02\/cropped-favicon-1-1.webp","width":512,"height":512,"caption":"Hy\u00f6tytuuli"},"image":{"@id":"https:\/\/hyotytuuli.fi\/en\/#\/schema\/logo\/image\/"}}]}},"_links":{"self":[{"href":"https:\/\/hyotytuuli.fi\/en\/wp-json\/wp\/v2\/pages\/7999","targetHints":{"allow":["GET"]}}],"collection":[{"href":"https:\/\/hyotytuuli.fi\/en\/wp-json\/wp\/v2\/pages"}],"about":[{"href":"https:\/\/hyotytuuli.fi\/en\/wp-json\/wp\/v2\/types\/page"}],"author":[{"embeddable":true,"href":"https:\/\/hyotytuuli.fi\/en\/wp-json\/wp\/v2\/users\/3"}],"replies":[{"embeddable":true,"href":"https:\/\/hyotytuuli.fi\/en\/wp-json\/wp\/v2\/comments?post=7999"}],"version-history":[{"count":5,"href":"https:\/\/hyotytuuli.fi\/en\/wp-json\/wp\/v2\/pages\/7999\/revisions"}],"predecessor-version":[{"id":8009,"href":"https:\/\/hyotytuuli.fi\/en\/wp-json\/wp\/v2\/pages\/7999\/revisions\/8009"}],"up":[{"embeddable":true,"href":"https:\/\/hyotytuuli.fi\/en\/wp-json\/wp\/v2\/pages\/7045"}],"wp:attachment":[{"href":"https:\/\/hyotytuuli.fi\/en\/wp-json\/wp\/v2\/media?parent=7999"}],"curies":[{"name":"wp","href":"https:\/\/api.w.org\/{rel}","templated":true}]}}