{"id":8273,"date":"2026-04-21T15:47:33","date_gmt":"2026-04-21T13:47:33","guid":{"rendered":"https:\/\/hyotytuuli.fi\/?page_id=8273"},"modified":"2026-04-21T18:39:21","modified_gmt":"2026-04-21T16:39:21","slug":"hyotytuuli-services-oy","status":"publish","type":"page","link":"https:\/\/hyotytuuli.fi\/en\/hyotytuuli-services-oy\/","title":{"rendered":"Hy\u00f6tytuuli Services Oy"},"content":{"rendered":"\n\n<style>\n                @media screen and (min-width: 1px) and (max-width: 9999px) {\n            .Hero-742253665 {\n                background-image: url('\/app\/themes\/hyotytuuli\/assets\/images\/artikkeli-placeholder.jpg');\n            }\n        }\n    \n            @media screen and (max-width: 767.1px) {\n        .Hero-742253665 {\n            height: 230px !important;\n        }\n    }\n    \n                .Hero-742253665 {\n            height: 600px;\n        }\n    \n<\/style>\n\n<section class=\"mb-8\" >\n    <div class=\"\n        Hero\n        Hero-742253665\n        full-width\n        z-10\n        relative bg-cover\n        bg-center inset-x-2\/4\n        flex justify-center items-center\n    \">\n            <h1 class=\"text-white font-bold text-center h2 md:h1 text-balance\"><\/h1>\n        <\/div>\n    <\/section>\n\n\n\n<p>Hy\u00f6tytuuli Services Oy operates Suomen Hy\u00f6tytuuli Oy and its wind farms and wind energy projects. The company is owned by the sames eight Finnish energy companies that:own Suomen Hy\u00f6tytuuli Oy. <\/p>\n\n\n\n<p>Management<\/p>\n\n\n\n\n<div  class=\"contact-cards lg:mx-16 wrapmb-8\">\n\t<div\n\t\tclass=\"flex flex-wrap flex-col sm:flex-row \">\n\t\t\t\t\t\t\t<div class=\"w-full sm:w-1\/2 justify-center\">\n\t\t\t\t\n<div class=\"flex border border-hyotytuuli rounded items-center mb-2 lg:ml-2 px-2 py-4 lg:py-6\">\n\t<div class=\"px-2 lg:px-6\">\n\t\t<img decoding=\"async\" class=\"object-cover rounded-full min-w-[100px] md:min-w-[130px] lg:min-w-[166px] w-[100px] md:w-[130px] lg:w-[166px] aspect-square\" alt=\"\" src=\" https:\/\/arenso.fi\/app\/uploads\/2025\/09\/Jaakko-Kleemola-23.jpg \"\/>\n\t<\/div>\n\t<div class=\"flex flex-col w-full overflow-hidden\">\n\t\t<p class=\"font-bold text-hyotytuuli truncate\">Jaakko Kleemola<\/p>\n\t\t<p class=\"truncate\">CEO<\/p>\n\t\t<a href=\"tel:+358 40 5938 227\" class=\"p truncate\">+358 40 5938 227<\/a>\n\t\t<a href=\"mailto:jaakko.kleemola@hyotytuuli.fi\" class=\"p truncate\">jaakko.kleemola@hyotytuuli.fi<\/a>\n\t<\/div>\n<\/div>\n\t\t\t<\/div>\n\t\t\n\t\t\t<\/div>\n<\/div>\n\n\n\n<h2 class=\"wp-block-heading\">Media contacts<\/h2>\n\n\n\n\n<div  class=\"contact-cards lg:mx-16 wrapmb-8\">\n\t<div\n\t\tclass=\"flex flex-wrap flex-col sm:flex-row \">\n\t\t\t\t\t\t\t<div class=\"w-full sm:w-1\/2 justify-center\">\n\t\t\t\t\n<div class=\"flex border border-hyotytuuli rounded items-center mb-2 lg:ml-2 px-2 py-4 lg:py-6\">\n\t<div class=\"px-2 lg:px-6\">\n\t\t<img decoding=\"async\" class=\"object-cover rounded-full min-w-[100px] md:min-w-[130px] lg:min-w-[166px] w-[100px] md:w-[130px] lg:w-[166px] aspect-square\" alt=\"\" src=\" https:\/\/arenso.fi\/app\/uploads\/2025\/01\/Marjut-Heinonen-2-scaled.jpg \"\/>\n\t<\/div>\n\t<div class=\"flex flex-col w-full overflow-hidden\">\n\t\t<p class=\"font-bold text-hyotytuuli truncate\">Marjut Heinonen<\/p>\n\t\t<p class=\"truncate\">Communications Manager<\/p>\n\t\t<a href=\"tel:+358 10 525 1860\" class=\"p truncate\">+358 10 525 1860<\/a>\n\t\t<a href=\"mailto:marjut.heinonen@hyotytuuli.fi\" class=\"p truncate\">marjut.heinonen@hyotytuuli.fi<\/a>\n\t<\/div>\n<\/div>\n\t\t\t<\/div>\n\t\t\t\t\t<div class=\"w-full sm:w-1\/2 justify-center\">\n\t\t\t\t\n<div class=\"flex border border-hyotytuuli rounded items-center mb-2 lg:ml-2 px-2 py-4 lg:py-6\">\n\t<div class=\"px-2 lg:px-6\">\n\t\t<img decoding=\"async\" class=\"object-cover rounded-full min-w-[100px] md:min-w-[130px] lg:min-w-[166px] w-[100px] md:w-[130px] lg:w-[166px] aspect-square\" alt=\"\" src=\" https:\/\/arenso.fi\/app\/uploads\/2025\/01\/Tanja-Kivi-2-scaled.jpg \"\/>\n\t<\/div>\n\t<div class=\"flex flex-col w-full overflow-hidden\">\n\t\t<p class=\"font-bold text-hyotytuuli truncate\">Tanja Kivi<\/p>\n\t\t<p class=\"truncate\">Executive Assistant<\/p>\n\t\t<a href=\"tel:+358 10 525 1860\" class=\"p truncate\">+358 10 525 1860<\/a>\n\t\t<a href=\"mailto:tanja.kivi@hyotytuuli.fi\" class=\"p truncate\">tanja.kivi@hyotytuuli.fi<\/a>\n\t<\/div>\n<\/div>\n\t\t\t<\/div>\n\t\t\n\t\t\t<\/div>\n<\/div>\n\n\n\n<h2 class=\"wp-block-heading\">Careers<\/h2>\n\n\n\n\n<div  class=\"contact-cards lg:mx-16 wrapmb-8\">\n\t<div\n\t\tclass=\"flex flex-wrap flex-col sm:flex-row \">\n\t\t\t\t\t\t\t<div class=\"w-full sm:w-1\/2 justify-center\">\n\t\t\t\t\n<div class=\"flex border border-hyotytuuli rounded items-center mb-2 lg:ml-2 px-2 py-4 lg:py-6\">\n\t<div class=\"px-2 lg:px-6\">\n\t\t<img decoding=\"async\" class=\"object-cover rounded-full min-w-[100px] md:min-w-[130px] lg:min-w-[166px] w-[100px] md:w-[130px] lg:w-[166px] aspect-square\" alt=\"\" src=\" https:\/\/arenso.fi\/app\/uploads\/2026\/04\/HTS-2.png \"\/>\n\t<\/div>\n\t<div class=\"flex flex-col w-full overflow-hidden\">\n\t\t<p class=\"font-bold text-hyotytuuli truncate\"><\/p>\n\t\t<p class=\"truncate\"><\/p>\n\t\t<a href=\"tel:\" class=\"p truncate\"><\/a>\n\t\t<a href=\"mailto:rekry@hyotytuuli.fi\" class=\"p truncate\">rekry@hyotytuuli.fi<\/a>\n\t<\/div>\n<\/div>\n\t\t\t<\/div>\n\t\t\n\t\t\t<\/div>\n<\/div>\n\n\n\n<div  class=\"lg:mx-16 wrapmb-8\">\n    <div>\n                    <div class=\"my-4\">\n                <div class=\"AccordionTrigger bg-hyotytuuli py-8 px-16 text-white flex justify-between hover:cursor-pointer\">\n                    <h3>Hy\u00f6tytuuli Services Oy invoicing information<\/h3>\n                    <div>\n                        <svg xmlns=\"http:\/\/www.w3.org\/2000\/svg\" fill=\"none\" viewBox=\"0 0 24 24\" stroke-width=\"1.5\" stroke=\"currentColor\" class=\"w-6 h-6\">\n  <path stroke-linecap=\"round\" stroke-linejoin=\"round\" d=\"M19.5 8.25l-7.5 7.5-7.5-7.5\" \/>\n<\/svg>\n\n                    <\/div>\n                <\/div>\n                <div class=\"AccordionContent hidden px-12 py-8\">\n                    <div class=\" \">\n                        <h3>Hy\u00f6tytuuli Services Oy invoifing information<\/h3>\n<p>We process all incoming purchase invoices electronically, so we hope that you will send us your invoices as e-invoice.<\/p>\n<p>Hy\u00f6tytuuli Services Oy, VAT number: FI34341858<\/p>\n<p><strong>Electronic invoicing<\/strong><\/p>\n<p>Our electronic invoicing address is:<\/p>\n<p>Operator: Apix Messaging Oy (003723327487)<br \/>\nE-invoice address: 003734341858<br \/>\nEDI identifier: 003734341858<\/p>\n<p>Please note that if You use one of the following operators for sending the E-invoices: Danske Bank Oyj, Handelsbanken, Paikallisosuuspankki or S\u00e4\u00e4st\u00f6pankki, You need to use the following address for Apix E-invoice address:<\/p>\n<p>Operator: DABAFIHH<br \/>\nE-invoice address:: 003723327487<br \/>\nEDI identifier: 003734341858<\/p>\n<p><strong>Invoicing by email<\/strong><\/p>\n<p>If You are currently not able to provide an electronic invoice, the invoice can be sent in pdf form to the following email address: laskutus@hyotytuuliservices.fi<\/p>\n<p>The invoice must be attached to the email in pdf form. One email may only contain one attached invoice. If the email contains other attachments in addition to the invoice, they will be added as attachments to the invoice. The maximum size of the attachments is 2 mb. The system will send a reply indicating if the sent invoice was received successfully or unsuccessfully within 15 minutes from sending.<\/p>\n<p><strong>Paper invoicing<\/strong><\/p>\n<p>If electronic invoicing or invoicing by email is not possible, you can send the invoices to our invoice scanning service to the following address:<\/p>\n<p>Hy\u00f6tytuuli Services Oy (Apix skannauspalvelu)<br \/>\nPL 16112<br \/>\n00021 LASKUTUS<\/p>\n<p>For the scanning service to correctly identify the recipient of Your invoice, the above stated invoicing address should be clearly printed on the actual invoice, not only on the envelope. We also kindly ask You to note that no other material than invoices are to be sent to the above address.<\/p>\n<p>All invoices need to indicate a cost pool (provided by the subscriber) and the subscriber\u2019s name.<\/p>\n\n                    <\/div>\n                                    <\/div>\n            <\/div>\n            <\/div>\n<\/div>\n","protected":false},"excerpt":{"rendered":"<p>Hy\u00f6tytuuli Services Oy operates Suomen Hy\u00f6tytuuli Oy and its wind farms and wind energy projects. The company is owned by the sames eight Finnish energy companies that:own Suomen Hy\u00f6tytuuli Oy. Management Media contacts Careers<\/p>\n","protected":false},"author":3,"featured_media":0,"parent":0,"menu_order":0,"comment_status":"closed","ping_status":"closed","template":"","meta":{"_acf_changed":false,"footnotes":""},"class_list":["post-8273","page","type-page","status-publish","hentry"],"acf":[],"yoast_head":"<!-- This site is optimized with the Yoast SEO plugin v27.3 - https:\/\/yoast.com\/product\/yoast-seo-wordpress\/ -->\n<title>Hy\u00f6tytuuli Services Oy - Hy\u00f6tytuuli<\/title>\n<meta name=\"robots\" content=\"index, follow, max-snippet:-1, max-image-preview:large, max-video-preview:-1\" \/>\n<link rel=\"canonical\" href=\"https:\/\/hyotytuuli.fi\/en\/hyotytuuli-services-oy\/\" \/>\n<meta property=\"og:locale\" content=\"en_US\" \/>\n<meta property=\"og:type\" content=\"article\" \/>\n<meta property=\"og:title\" content=\"Hy\u00f6tytuuli Services Oy - Hy\u00f6tytuuli\" \/>\n<meta property=\"og:description\" content=\"Hy\u00f6tytuuli Services Oy operates Suomen Hy\u00f6tytuuli Oy and its wind farms and wind energy projects. The company is owned by the sames eight Finnish energy companies that:own Suomen Hy\u00f6tytuuli Oy. Management Media contacts Careers\" \/>\n<meta property=\"og:url\" content=\"https:\/\/hyotytuuli.fi\/en\/hyotytuuli-services-oy\/\" \/>\n<meta property=\"og:site_name\" content=\"Hy\u00f6tytuuli\" \/>\n<meta property=\"article:modified_time\" content=\"2026-04-21T16:39:21+00:00\" \/>\n<meta name=\"twitter:card\" content=\"summary_large_image\" \/>\n<meta name=\"twitter:label1\" content=\"Est. reading time\" \/>\n\t<meta name=\"twitter:data1\" content=\"1 minute\" \/>\n<script type=\"application\/ld+json\" class=\"yoast-schema-graph\">{\"@context\":\"https:\\\/\\\/schema.org\",\"@graph\":[{\"@type\":\"WebPage\",\"@id\":\"https:\\\/\\\/hyotytuuli.fi\\\/en\\\/hyotytuuli-services-oy\\\/\",\"url\":\"https:\\\/\\\/hyotytuuli.fi\\\/en\\\/hyotytuuli-services-oy\\\/\",\"name\":\"Hy\u00f6tytuuli Services Oy - Hy\u00f6tytuuli\",\"isPartOf\":{\"@id\":\"https:\\\/\\\/hyotytuuli.fi\\\/en\\\/#website\"},\"datePublished\":\"2026-04-21T13:47:33+00:00\",\"dateModified\":\"2026-04-21T16:39:21+00:00\",\"breadcrumb\":{\"@id\":\"https:\\\/\\\/hyotytuuli.fi\\\/en\\\/hyotytuuli-services-oy\\\/#breadcrumb\"},\"inLanguage\":\"en-US\",\"potentialAction\":[{\"@type\":\"ReadAction\",\"target\":[\"https:\\\/\\\/hyotytuuli.fi\\\/en\\\/hyotytuuli-services-oy\\\/\"]}]},{\"@type\":\"BreadcrumbList\",\"@id\":\"https:\\\/\\\/hyotytuuli.fi\\\/en\\\/hyotytuuli-services-oy\\\/#breadcrumb\",\"itemListElement\":[{\"@type\":\"ListItem\",\"position\":1,\"name\":\"Home\",\"item\":\"https:\\\/\\\/hyotytuuli.fi\\\/en\\\/\"},{\"@type\":\"ListItem\",\"position\":2,\"name\":\"Hy\u00f6tytuuli Services Oy\"}]},{\"@type\":\"WebSite\",\"@id\":\"https:\\\/\\\/hyotytuuli.fi\\\/en\\\/#website\",\"url\":\"https:\\\/\\\/hyotytuuli.fi\\\/en\\\/\",\"name\":\"Hy\u00f6tytuuli\",\"description\":\"\",\"publisher\":{\"@id\":\"https:\\\/\\\/hyotytuuli.fi\\\/en\\\/#organization\"},\"potentialAction\":[{\"@type\":\"SearchAction\",\"target\":{\"@type\":\"EntryPoint\",\"urlTemplate\":\"https:\\\/\\\/hyotytuuli.fi\\\/en\\\/?s={search_term_string}\"},\"query-input\":{\"@type\":\"PropertyValueSpecification\",\"valueRequired\":true,\"valueName\":\"search_term_string\"}}],\"inLanguage\":\"en-US\"},{\"@type\":\"Organization\",\"@id\":\"https:\\\/\\\/hyotytuuli.fi\\\/en\\\/#organization\",\"name\":\"Hy\u00f6tytuuli\",\"url\":\"https:\\\/\\\/hyotytuuli.fi\\\/en\\\/\",\"logo\":{\"@type\":\"ImageObject\",\"inLanguage\":\"en-US\",\"@id\":\"https:\\\/\\\/hyotytuuli.fi\\\/en\\\/#\\\/schema\\\/logo\\\/image\\\/\",\"url\":\"https:\\\/\\\/arenso.fi\\\/app\\\/uploads\\\/2025\\\/02\\\/cropped-favicon-1-1.webp\",\"contentUrl\":\"https:\\\/\\\/arenso.fi\\\/app\\\/uploads\\\/2025\\\/02\\\/cropped-favicon-1-1.webp\",\"width\":512,\"height\":512,\"caption\":\"Hy\u00f6tytuuli\"},\"image\":{\"@id\":\"https:\\\/\\\/hyotytuuli.fi\\\/en\\\/#\\\/schema\\\/logo\\\/image\\\/\"}}]}<\/script>\n<!-- \/ Yoast SEO plugin. -->","yoast_head_json":{"title":"Hy\u00f6tytuuli Services Oy - Hy\u00f6tytuuli","robots":{"index":"index","follow":"follow","max-snippet":"max-snippet:-1","max-image-preview":"max-image-preview:large","max-video-preview":"max-video-preview:-1"},"canonical":"https:\/\/hyotytuuli.fi\/en\/hyotytuuli-services-oy\/","og_locale":"en_US","og_type":"article","og_title":"Hy\u00f6tytuuli Services Oy - Hy\u00f6tytuuli","og_description":"Hy\u00f6tytuuli Services Oy operates Suomen Hy\u00f6tytuuli Oy and its wind farms and wind energy projects. The company is owned by the sames eight Finnish energy companies that:own Suomen Hy\u00f6tytuuli Oy. Management Media contacts Careers","og_url":"https:\/\/hyotytuuli.fi\/en\/hyotytuuli-services-oy\/","og_site_name":"Hy\u00f6tytuuli","article_modified_time":"2026-04-21T16:39:21+00:00","twitter_card":"summary_large_image","twitter_misc":{"Est. reading time":"1 minute"},"schema":{"@context":"https:\/\/schema.org","@graph":[{"@type":"WebPage","@id":"https:\/\/hyotytuuli.fi\/en\/hyotytuuli-services-oy\/","url":"https:\/\/hyotytuuli.fi\/en\/hyotytuuli-services-oy\/","name":"Hy\u00f6tytuuli Services Oy - Hy\u00f6tytuuli","isPartOf":{"@id":"https:\/\/hyotytuuli.fi\/en\/#website"},"datePublished":"2026-04-21T13:47:33+00:00","dateModified":"2026-04-21T16:39:21+00:00","breadcrumb":{"@id":"https:\/\/hyotytuuli.fi\/en\/hyotytuuli-services-oy\/#breadcrumb"},"inLanguage":"en-US","potentialAction":[{"@type":"ReadAction","target":["https:\/\/hyotytuuli.fi\/en\/hyotytuuli-services-oy\/"]}]},{"@type":"BreadcrumbList","@id":"https:\/\/hyotytuuli.fi\/en\/hyotytuuli-services-oy\/#breadcrumb","itemListElement":[{"@type":"ListItem","position":1,"name":"Home","item":"https:\/\/hyotytuuli.fi\/en\/"},{"@type":"ListItem","position":2,"name":"Hy\u00f6tytuuli Services Oy"}]},{"@type":"WebSite","@id":"https:\/\/hyotytuuli.fi\/en\/#website","url":"https:\/\/hyotytuuli.fi\/en\/","name":"Hy\u00f6tytuuli","description":"","publisher":{"@id":"https:\/\/hyotytuuli.fi\/en\/#organization"},"potentialAction":[{"@type":"SearchAction","target":{"@type":"EntryPoint","urlTemplate":"https:\/\/hyotytuuli.fi\/en\/?s={search_term_string}"},"query-input":{"@type":"PropertyValueSpecification","valueRequired":true,"valueName":"search_term_string"}}],"inLanguage":"en-US"},{"@type":"Organization","@id":"https:\/\/hyotytuuli.fi\/en\/#organization","name":"Hy\u00f6tytuuli","url":"https:\/\/hyotytuuli.fi\/en\/","logo":{"@type":"ImageObject","inLanguage":"en-US","@id":"https:\/\/hyotytuuli.fi\/en\/#\/schema\/logo\/image\/","url":"https:\/\/arenso.fi\/app\/uploads\/2025\/02\/cropped-favicon-1-1.webp","contentUrl":"https:\/\/arenso.fi\/app\/uploads\/2025\/02\/cropped-favicon-1-1.webp","width":512,"height":512,"caption":"Hy\u00f6tytuuli"},"image":{"@id":"https:\/\/hyotytuuli.fi\/en\/#\/schema\/logo\/image\/"}}]}},"_links":{"self":[{"href":"https:\/\/hyotytuuli.fi\/en\/wp-json\/wp\/v2\/pages\/8273","targetHints":{"allow":["GET"]}}],"collection":[{"href":"https:\/\/hyotytuuli.fi\/en\/wp-json\/wp\/v2\/pages"}],"about":[{"href":"https:\/\/hyotytuuli.fi\/en\/wp-json\/wp\/v2\/types\/page"}],"author":[{"embeddable":true,"href":"https:\/\/hyotytuuli.fi\/en\/wp-json\/wp\/v2\/users\/3"}],"replies":[{"embeddable":true,"href":"https:\/\/hyotytuuli.fi\/en\/wp-json\/wp\/v2\/comments?post=8273"}],"version-history":[{"count":1,"href":"https:\/\/hyotytuuli.fi\/en\/wp-json\/wp\/v2\/pages\/8273\/revisions"}],"predecessor-version":[{"id":8274,"href":"https:\/\/hyotytuuli.fi\/en\/wp-json\/wp\/v2\/pages\/8273\/revisions\/8274"}],"wp:attachment":[{"href":"https:\/\/hyotytuuli.fi\/en\/wp-json\/wp\/v2\/media?parent=8273"}],"curies":[{"name":"wp","href":"https:\/\/api.w.org\/{rel}","templated":true}]}}