{"id":7115,"date":"2024-12-04T14:01:04","date_gmt":"2024-12-04T12:01:04","guid":{"rendered":"https:\/\/hyotytuuli.fi\/?page_id=7115"},"modified":"2025-02-19T21:15:35","modified_gmt":"2025-02-19T19:15:35","slug":"vindkraft","status":"publish","type":"page","link":"https:\/\/hyotytuuli.fi\/sv\/vindkraft\/","title":{"rendered":"Vindkraft"},"content":{"rendered":"\n\n<style>\n                            @media screen and (min-width: 1px) and (max-width: 9999px) {\n            .Hero-191420612 {\n                background-image: url('https:\/\/arenso.fi\/app\/uploads\/2025\/01\/Polusjarvi.jpg');\n            }\n        }\n            \n            @media screen and (max-width: 767.1px) {\n        .Hero-191420612 {\n            height: 230px !important;\n        }\n    }\n    \n                .Hero-191420612 {\n            height: 350px;\n        }\n    \n<\/style>\n\n<section class=\"mb-8\" >\n    <div class=\"\n        Hero\n        Hero-191420612\n        full-width\n        z-10\n        relative bg-cover\n        bg-center inset-x-2\/4\n        flex justify-center items-center\n    \">\n            <h1 class=\"text-white font-bold text-center h2 md:h1 text-balance\"><\/h1>\n        <\/div>\n    <\/section>\n\n\n\n<h2 class=\"wp-block-heading\">Som expert p\u00e5 vindkraftparkers hela livscykel \u00e4r Suomen Hy\u00f6tytuuli en f\u00f6reg\u00e5ngare inom inhemsk vindkraft<\/h2>\n\n\n\n<p>Samtidigt som behovet av el och annan energi \u00f6kar globalt har energiproduktionens milj\u00f6p\u00e5verkan blivit uppenbar och f\u00f6rnybara, fossilfria energiformer har b\u00f6rjat kr\u00e4vas i allt st\u00f6rre omfattning. Nya vindkraftverk byggs i allt snabbare takt \u00e4ven i Finland. Vindkraften minskar koldioxidutsl\u00e4ppen fr\u00e5n energiproduktionen och dessutom skapas p\u00e5 detta s\u00e4tt nya arbetsplatser och kommunerna f\u00e5r fastighetsskatteinkomster. Suomen Hy\u00f6tytuuli hanterar vindparkernas hela livscykel och \u00e4r f\u00f6reg\u00e5ngare inom vindkraft i Finland.<\/p>\n\n\n\n<h2 class=\"wp-block-heading\">F\u00f6rdelar med vindkraft<\/h2>\n\n\n\n<p>F\u00f6rdelarna med vindkraft \u00e4r obestridliga n\u00e4r det g\u00e4ller att n\u00e5 klimatm\u00e5len. F\u00f6rutom nyttan f\u00f6r milj\u00f6n och naturen inneb\u00e4r v\u00e5ra vindkraftsprojekt betydliga ekonomiska f\u00f6rdelar f\u00f6r de orter d\u00e4r vindparkerna \u00e4r placerade.<\/p>\n\n\n\n<p>Vi samarbetar l\u00e5ngsiktigt med mark\u00e4garna och genom att arrendera ut mark f\u00f6r vindkraftverk f\u00e5r&nbsp;<strong>mark\u00e4garna arrendeinkomster<\/strong>&nbsp;under hela den tid vindkraftverket \u00e4r i drift. Omr\u00e5det kan \u00e4nd\u00e5 anv\u00e4ndas f\u00f6r fritidsaktiviteter och rekreationsverksamhet. De v\u00e4gar som byggts f\u00f6r byggnads- och underh\u00e5llsarbeten vid kraftverket kan anv\u00e4ndas av mark\u00e4garna n\u00e4r de utf\u00f6r skogsv\u00e5rdsarbeten.<\/p>\n\n\n\n<p>Kraftverksprojekten&nbsp;<strong>syssels\u00e4tter<\/strong>&nbsp;inv\u00e5nare p\u00e5 de orter d\u00e4r vindparker byggs och i n\u00e4rliggande omr\u00e5den. I byggnadsskedet syssels\u00e4tter kraftverksprojektet personer i transport- och byggbranschen och g\u00f6r att nya kunder utnyttjar de lokala tj\u00e4nsterna. F\u00f6r underh\u00e5ll och service av kraftverken beh\u00f6ver vi p\u00e5 l\u00e5ng sikt anst\u00e4llda som snabbt kan utf\u00f6ra underh\u00e5lls- eller service\u00e5tg\u00e4rder vid kraftverket.<\/p>\n\n\n\n<p>Vi vill vara en&nbsp;<strong>synlig akt\u00f6r<\/strong>&nbsp;p\u00e5 vindparksorterna. Vindkraftverk byggs ofta p\u00e5 sm\u00e5 orter, vilket inneb\u00e4r att kraftverkens betydelse \u00e4r \u00e4nnu st\u00f6rre. Vindparkerna betalar fastighetsskatt till kommunerna under hela sin livscykel. Skattens storlek beror p\u00e5 kostnaderna f\u00f6r att bygga kraftverket, vindparkens effekt och den kommunala skattesatsen. Vi st\u00f6der ocks\u00e5 den lokala hobbyverksamheten f\u00f6r barn och ungdomar och ger information om vindkraftsbranschen som karri\u00e4ralternativ.<\/p>\n\n\n<section class=\" my-4 sm:my-8 md:my-12 xl:my-20\" >\n\t\t\t<div class=\"FiftyFiftyImage relative flex justify-between bg-hyotytuuli-light flex-col-reverse lg:flex-row-reverse\">\n\t\t\t<div class=\"w-full aspect-[7\/5] lg:w-1\/2 p-4 sm:p-8 md:p-12  lg:px-12 lg:pt-14 \">\n\t\t\t\t\t\t\t\t\t\t\t\t<h2 class=\"Title flex flex-col justify-start mb-4 text-hyotytuuli-hilight3\">\n\t\t\t\t\t\tF\u00f6rnybar \u2013 inga utsl\u00e4pp \u2013 inhemsk\n\t\t\t\t\t<\/h2>\n\t\t\t\t\t\t\t\t\t\t\t\t\t<div class=\"flex flex-col text-hyotytuuli-hilight3 justify-center \">\n\t\t\t\t\t\t\t\t\t\t\t\t\t<p>Vindkraft \u00e4r inhemsk, f\u00f6rnybar energi. Under produktionen uppst\u00e5r inga utsl\u00e4pp i luften, vattnet eller marken. Anv\u00e4ndningen av vindkraft g\u00f6r ocks\u00e5 Finlands energiproduktion mer oberoende av fossila importerade br\u00e4nslen och importerad el.<\/p>\n<p>EU str\u00e4var efter att minska v\u00e4xthusutsl\u00e4ppen med 55 procent under perioden 1990\u20132030 och \u00f6ka andelen f\u00f6rnybar energi till minst 27 procent. M\u00e5let med programmet Kolneutralt Finland \u00e4r att minska v\u00e4xthusutsl\u00e4ppen med upp till 95 procent under perioden 1990\u20132050. Det nationella m\u00e5let f\u00f6r vindkraftsproduktionen f\u00f6r 2025 \u00e4r 9 TWh.<\/p>\n<p>Suomen Hy\u00f6tytuuli hj\u00e4lper Finland att n\u00e5 klimatm\u00e5len genom att aktivt utveckla och producera vindkraft och investera i nya vindparker.<\/p>\n\n\t\t\t\t\t\t\t\t\t\t\t\t\t\t\t\t\t<\/div>\n\t\t\t\t\t\t\t\t\t\t<\/div>\n\t\t\t\t\t\t\t<div class=\" self-stretch justify-self-stretch w-full lg:w-1\/2 relative flex justify-center lg:justify-start\">\n\t\t\t\t\t<img decoding=\"async\" loading=\"lazy\" class=\"object-cover h-full w-full aspect-[7\/5]\"  srcset=\"\n\t\t\t\t\t\t\t\t\t\t\thttps:\/\/arenso.fi\/app\/uploads\/2024\/12\/Yleis4-Hyotytuuli-150x150.jpg 150w,\n\t\t\t\t\t\t\t\t\t\t\thttps:\/\/arenso.fi\/app\/uploads\/2024\/12\/Yleis4-Hyotytuuli-300x211.jpg 300w,\n\t\t\t\t\t\t\t\t\t\t\thttps:\/\/arenso.fi\/app\/uploads\/2024\/12\/Yleis4-Hyotytuuli.jpg 762w,\n\t\t\t\t\t\t\t\t\t\t\thttps:\/\/arenso.fi\/app\/uploads\/2024\/12\/Yleis4-Hyotytuuli.jpg 762w,\n\t\t\t\t\t\t\t\t\t\t\thttps:\/\/arenso.fi\/app\/uploads\/2024\/12\/Yleis4-Hyotytuuli.jpg 762w,\n\t\t\t\t\t\t\t\t\t\t    \"  src=\"https:\/\/arenso.fi\/app\/uploads\/2024\/12\/Yleis4-Hyotytuuli.jpg\"\/>\n\t\t\t\t<\/div>\n\t\t\t\t\t<\/div>\n\t\t\t<div class=\"FiftyFiftyImage relative flex justify-between bg-hyotytuuli-light flex-col-reverse lg:flex-row\">\n\t\t\t<div class=\"w-full aspect-[7\/5] lg:w-1\/2 p-4 sm:p-8 md:p-12  lg:px-12 lg:pt-14 \">\n\t\t\t\t\t\t\t\t\t\t\t\t<h2 class=\"Title flex flex-col justify-start mb-4 text-hyotytuuli-hilight3\">\n\t\t\t\t\t\tTeknologi\n\t\t\t\t\t<\/h2>\n\t\t\t\t\t\t\t\t\t\t\t\t\t<div class=\"flex flex-col text-hyotytuuli-hilight3 justify-center \">\n\t\t\t\t\t\t\t\t\t\t\t\t\t<p>Vindkraft betyder att vinden, dvs. luftstr\u00f6mmens kinetiska energi, omvandlas till energi som f\u00e5r axeln i vindkraftverken att rotera. Mekanisk energi omvandlas allts\u00e5 till elektricitet i vindgeneratorn.<\/p>\n<p>Vindkraften avviker fr\u00e5n traditionell elproduktion n\u00e4rmast i och med att produktionen varierar tidsm\u00e4ssigt. Produktionen av vindkraft \u00e4r beroende av vindstyrkan och vindparkerna byggs d\u00e4rf\u00f6r vanligen i omr\u00e5den med gynnsamma vindf\u00f6rh\u00e5llanden.<\/p>\n<p>Suomen Hy\u00f6tytuuli utnyttjar aktivt nya teknologier i vindkraftbranschen och st\u00f6der forskningsprojekt i branschen. Vi har ocks\u00e5 egna utvecklingsprojekt: vi har bland annat utvecklat och patenterat en ny markgrundl\u00e4ggning f\u00f6r havsvindturbiner. Grundl\u00e4ggningen utnyttjar turbinens och grundl\u00e4ggningens egen massa. I Tahkoluoto havsvindpark utvecklade vi ett system som utnyttjar radarteknologi och som f\u00f6ljer f\u00e5gelbest\u00e5ndet i n\u00e4rheten av kraftverken. Systemet bidrar till att minimera skador som vindkraftverken orsakar f\u00e5gelbest\u00e5ndet.<\/p>\n\n\t\t\t\t\t\t\t\t\t\t\t\t\t\t\t\t\t<\/div>\n\t\t\t\t\t\t\t\t\t\t<\/div>\n\t\t\t\t\t\t\t<div class=\" self-stretch justify-self-stretch w-full lg:w-1\/2 relative flex justify-center lg:justify-end\">\n\t\t\t\t\t<img decoding=\"async\" loading=\"lazy\" class=\"object-cover h-full w-full aspect-[7\/5]\"  srcset=\"\n\t\t\t\t\t\t\t\t\t\t\thttps:\/\/arenso.fi\/app\/uploads\/2024\/12\/Yleis5-Hyotytuuli-150x150.jpg 150w,\n\t\t\t\t\t\t\t\t\t\t\thttps:\/\/arenso.fi\/app\/uploads\/2024\/12\/Yleis5-Hyotytuuli-300x223.jpg 300w,\n\t\t\t\t\t\t\t\t\t\t\thttps:\/\/arenso.fi\/app\/uploads\/2024\/12\/Yleis5-Hyotytuuli.jpg 761w,\n\t\t\t\t\t\t\t\t\t\t\thttps:\/\/arenso.fi\/app\/uploads\/2024\/12\/Yleis5-Hyotytuuli.jpg 761w,\n\t\t\t\t\t\t\t\t\t\t\thttps:\/\/arenso.fi\/app\/uploads\/2024\/12\/Yleis5-Hyotytuuli.jpg 761w,\n\t\t\t\t\t\t\t\t\t\t    \"  src=\"https:\/\/arenso.fi\/app\/uploads\/2024\/12\/Yleis5-Hyotytuuli.jpg\"\/>\n\t\t\t\t<\/div>\n\t\t\t\t\t<\/div>\n\t\t\t<div class=\"FiftyFiftyImage relative flex justify-between bg-hyotytuuli-light flex-col-reverse lg:flex-row-reverse\">\n\t\t\t<div class=\"w-full aspect-[7\/5] lg:w-1\/2 p-4 sm:p-8 md:p-12  lg:px-12 lg:pt-14 \">\n\t\t\t\t\t\t\t\t\t\t\t\t<h2 class=\"Title flex flex-col justify-start mb-4 text-hyotytuuli-hilight3\">\n\t\t\t\t\t\tKostnadseffektivitet\n\t\t\t\t\t<\/h2>\n\t\t\t\t\t\t\t\t\t\t\t\t\t<div class=\"flex flex-col text-hyotytuuli-hilight3 justify-center \">\n\t\t\t\t\t\t\t\t\t\t\t\t\t<p>De externa kostnaderna f\u00f6r vindkraft, dvs. extra kostnader som f\u00f6ranletts samh\u00e4llet och milj\u00f6n, \u00e4r de f\u00f6rm\u00e5nligaste bland olika energiformer. Vindkraften \u00e4r ocks\u00e5 den kostnadseffektivaste av de nuvarande formerna av separat producerad f\u00f6rnybar el. Eftersom r\u00e5varan, dvs. vinden, \u00e4r gratis och outsinlig \u00e4r sj\u00e4lva elproduktionen f\u00f6rm\u00e5nlig efter att investeringarna i inledningsfasen har gjorts. Vindkraftsteknologin och samtidigt kraftverkens effekt utvecklas st\u00e4ndigt, vilket g\u00f6r vindkraften \u00e4nnu kostnadseffektivare.<\/p>\n<ul>\n<li>En person som bor ensam i en etta f\u00f6rbrukar 1 000 kWh el per \u00e5r.<\/li>\n<li>En familj p\u00e5 fyra personer f\u00f6rbrukar 20 MWh el per \u00e5r i ett egnahemshus med elv\u00e4rme.<\/li>\n<li>Ett vindkraftverk producerar 15 000 MWh el per \u00e5r, dvs. energi f\u00f6r cirka 750 egnahemshus med elv\u00e4rme eller 15 000 enrumsl\u00e4genheter i v\u00e5ningshus.<\/li>\n<\/ul>\n\n\t\t\t\t\t\t\t\t\t\t\t\t\t\t\t\t\t<\/div>\n\t\t\t\t\t\t\t\t\t\t<\/div>\n\t\t\t\t\t\t\t<div class=\" self-stretch justify-self-stretch w-full lg:w-1\/2 relative flex justify-center lg:justify-start\">\n\t\t\t\t\t<img decoding=\"async\" loading=\"lazy\" class=\"object-cover h-full w-full aspect-[7\/5]\"  srcset=\"\n\t\t\t\t\t\t\t\t\t\t\thttps:\/\/arenso.fi\/app\/uploads\/2024\/12\/Yleis6-Hyotytuuli-150x150.jpg 150w,\n\t\t\t\t\t\t\t\t\t\t\thttps:\/\/arenso.fi\/app\/uploads\/2024\/12\/Yleis6-Hyotytuuli-300x227.jpg 300w,\n\t\t\t\t\t\t\t\t\t\t\thttps:\/\/arenso.fi\/app\/uploads\/2024\/12\/Yleis6-Hyotytuuli.jpg 762w,\n\t\t\t\t\t\t\t\t\t\t\thttps:\/\/arenso.fi\/app\/uploads\/2024\/12\/Yleis6-Hyotytuuli.jpg 762w,\n\t\t\t\t\t\t\t\t\t\t\thttps:\/\/arenso.fi\/app\/uploads\/2024\/12\/Yleis6-Hyotytuuli.jpg 762w,\n\t\t\t\t\t\t\t\t\t\t    \"  src=\"https:\/\/arenso.fi\/app\/uploads\/2024\/12\/Yleis6-Hyotytuuli.jpg\"\/>\n\t\t\t\t<\/div>\n\t\t\t\t\t<\/div>\n\t<\/section>\n","protected":false},"excerpt":{"rendered":"<p>Som expert p\u00e5 vindkraftparkers hela livscykel \u00e4r Suomen Hy\u00f6tytuuli en f\u00f6reg\u00e5ngare inom inhemsk vindkraft Samtidigt som behovet av el och annan energi \u00f6kar globalt har energiproduktionens milj\u00f6p\u00e5verkan blivit uppenbar och f\u00f6rnybara, fossilfria energiformer har b\u00f6rjat kr\u00e4vas i allt st\u00f6rre omfattning. Nya vindkraftverk byggs i allt snabbare takt \u00e4ven i Finland. Vindkraften minskar koldioxidutsl\u00e4ppen fr\u00e5n energiproduktionen [&hellip;]<\/p>\n","protected":false},"author":1,"featured_media":0,"parent":0,"menu_order":0,"comment_status":"closed","ping_status":"closed","template":"","meta":{"_acf_changed":false,"footnotes":""},"class_list":["post-7115","page","type-page","status-publish","hentry"],"acf":[],"yoast_head":"<!-- This site is optimized with the Yoast SEO plugin v27.3 - https:\/\/yoast.com\/product\/yoast-seo-wordpress\/ -->\n<title>Vindkraft - Hy\u00f6tytuuli<\/title>\n<meta name=\"robots\" content=\"index, follow, max-snippet:-1, max-image-preview:large, max-video-preview:-1\" \/>\n<link rel=\"canonical\" href=\"https:\/\/hyotytuuli.fi\/sv\/vindkraft\/\" \/>\n<meta property=\"og:locale\" content=\"sv_SE\" \/>\n<meta property=\"og:type\" content=\"article\" \/>\n<meta property=\"og:title\" content=\"Vindkraft - Hy\u00f6tytuuli\" \/>\n<meta property=\"og:description\" content=\"Som expert p\u00e5 vindkraftparkers hela livscykel \u00e4r Suomen Hy\u00f6tytuuli en f\u00f6reg\u00e5ngare inom inhemsk vindkraft Samtidigt som behovet av el och annan energi \u00f6kar globalt har energiproduktionens milj\u00f6p\u00e5verkan blivit uppenbar och f\u00f6rnybara, fossilfria energiformer har b\u00f6rjat kr\u00e4vas i allt st\u00f6rre omfattning. Nya vindkraftverk byggs i allt snabbare takt \u00e4ven i Finland. Vindkraften minskar koldioxidutsl\u00e4ppen fr\u00e5n energiproduktionen [&hellip;]\" \/>\n<meta property=\"og:url\" content=\"https:\/\/hyotytuuli.fi\/sv\/vindkraft\/\" \/>\n<meta property=\"og:site_name\" content=\"Hy\u00f6tytuuli\" \/>\n<meta property=\"article:modified_time\" content=\"2025-02-19T19:15:35+00:00\" \/>\n<meta name=\"twitter:card\" content=\"summary_large_image\" \/>\n<meta name=\"twitter:label1\" content=\"Est. reading time\" \/>\n\t<meta name=\"twitter:data1\" content=\"2 minutes\" \/>\n<script type=\"application\/ld+json\" class=\"yoast-schema-graph\">{\"@context\":\"https:\\\/\\\/schema.org\",\"@graph\":[{\"@type\":\"WebPage\",\"@id\":\"https:\\\/\\\/hyotytuuli.fi\\\/sv\\\/vindkraft\\\/\",\"url\":\"https:\\\/\\\/hyotytuuli.fi\\\/sv\\\/vindkraft\\\/\",\"name\":\"Vindkraft - Hy\u00f6tytuuli\",\"isPartOf\":{\"@id\":\"https:\\\/\\\/hyotytuuli.fi\\\/sv\\\/#website\"},\"datePublished\":\"2024-12-04T12:01:04+00:00\",\"dateModified\":\"2025-02-19T19:15:35+00:00\",\"breadcrumb\":{\"@id\":\"https:\\\/\\\/hyotytuuli.fi\\\/sv\\\/vindkraft\\\/#breadcrumb\"},\"inLanguage\":\"sv-SE\",\"potentialAction\":[{\"@type\":\"ReadAction\",\"target\":[\"https:\\\/\\\/hyotytuuli.fi\\\/sv\\\/vindkraft\\\/\"]}]},{\"@type\":\"BreadcrumbList\",\"@id\":\"https:\\\/\\\/hyotytuuli.fi\\\/sv\\\/vindkraft\\\/#breadcrumb\",\"itemListElement\":[{\"@type\":\"ListItem\",\"position\":1,\"name\":\"Home\",\"item\":\"https:\\\/\\\/hyotytuuli.fi\\\/sv\\\/\"},{\"@type\":\"ListItem\",\"position\":2,\"name\":\"Vindkraft\"}]},{\"@type\":\"WebSite\",\"@id\":\"https:\\\/\\\/hyotytuuli.fi\\\/sv\\\/#website\",\"url\":\"https:\\\/\\\/hyotytuuli.fi\\\/sv\\\/\",\"name\":\"Hy\u00f6tytuuli\",\"description\":\"\",\"publisher\":{\"@id\":\"https:\\\/\\\/hyotytuuli.fi\\\/sv\\\/#organization\"},\"potentialAction\":[{\"@type\":\"SearchAction\",\"target\":{\"@type\":\"EntryPoint\",\"urlTemplate\":\"https:\\\/\\\/hyotytuuli.fi\\\/sv\\\/?s={search_term_string}\"},\"query-input\":{\"@type\":\"PropertyValueSpecification\",\"valueRequired\":true,\"valueName\":\"search_term_string\"}}],\"inLanguage\":\"sv-SE\"},{\"@type\":\"Organization\",\"@id\":\"https:\\\/\\\/hyotytuuli.fi\\\/sv\\\/#organization\",\"name\":\"Hy\u00f6tytuuli\",\"url\":\"https:\\\/\\\/hyotytuuli.fi\\\/sv\\\/\",\"logo\":{\"@type\":\"ImageObject\",\"inLanguage\":\"sv-SE\",\"@id\":\"https:\\\/\\\/hyotytuuli.fi\\\/sv\\\/#\\\/schema\\\/logo\\\/image\\\/\",\"url\":\"https:\\\/\\\/arenso.fi\\\/app\\\/uploads\\\/2025\\\/02\\\/cropped-favicon-1-1.webp\",\"contentUrl\":\"https:\\\/\\\/arenso.fi\\\/app\\\/uploads\\\/2025\\\/02\\\/cropped-favicon-1-1.webp\",\"width\":512,\"height\":512,\"caption\":\"Hy\u00f6tytuuli\"},\"image\":{\"@id\":\"https:\\\/\\\/hyotytuuli.fi\\\/sv\\\/#\\\/schema\\\/logo\\\/image\\\/\"}}]}<\/script>\n<!-- \/ Yoast SEO plugin. -->","yoast_head_json":{"title":"Vindkraft - Hy\u00f6tytuuli","robots":{"index":"index","follow":"follow","max-snippet":"max-snippet:-1","max-image-preview":"max-image-preview:large","max-video-preview":"max-video-preview:-1"},"canonical":"https:\/\/hyotytuuli.fi\/sv\/vindkraft\/","og_locale":"sv_SE","og_type":"article","og_title":"Vindkraft - Hy\u00f6tytuuli","og_description":"Som expert p\u00e5 vindkraftparkers hela livscykel \u00e4r Suomen Hy\u00f6tytuuli en f\u00f6reg\u00e5ngare inom inhemsk vindkraft Samtidigt som behovet av el och annan energi \u00f6kar globalt har energiproduktionens milj\u00f6p\u00e5verkan blivit uppenbar och f\u00f6rnybara, fossilfria energiformer har b\u00f6rjat kr\u00e4vas i allt st\u00f6rre omfattning. Nya vindkraftverk byggs i allt snabbare takt \u00e4ven i Finland. Vindkraften minskar koldioxidutsl\u00e4ppen fr\u00e5n energiproduktionen [&hellip;]","og_url":"https:\/\/hyotytuuli.fi\/sv\/vindkraft\/","og_site_name":"Hy\u00f6tytuuli","article_modified_time":"2025-02-19T19:15:35+00:00","twitter_card":"summary_large_image","twitter_misc":{"Est. reading time":"2 minutes"},"schema":{"@context":"https:\/\/schema.org","@graph":[{"@type":"WebPage","@id":"https:\/\/hyotytuuli.fi\/sv\/vindkraft\/","url":"https:\/\/hyotytuuli.fi\/sv\/vindkraft\/","name":"Vindkraft - Hy\u00f6tytuuli","isPartOf":{"@id":"https:\/\/hyotytuuli.fi\/sv\/#website"},"datePublished":"2024-12-04T12:01:04+00:00","dateModified":"2025-02-19T19:15:35+00:00","breadcrumb":{"@id":"https:\/\/hyotytuuli.fi\/sv\/vindkraft\/#breadcrumb"},"inLanguage":"sv-SE","potentialAction":[{"@type":"ReadAction","target":["https:\/\/hyotytuuli.fi\/sv\/vindkraft\/"]}]},{"@type":"BreadcrumbList","@id":"https:\/\/hyotytuuli.fi\/sv\/vindkraft\/#breadcrumb","itemListElement":[{"@type":"ListItem","position":1,"name":"Home","item":"https:\/\/hyotytuuli.fi\/sv\/"},{"@type":"ListItem","position":2,"name":"Vindkraft"}]},{"@type":"WebSite","@id":"https:\/\/hyotytuuli.fi\/sv\/#website","url":"https:\/\/hyotytuuli.fi\/sv\/","name":"Hy\u00f6tytuuli","description":"","publisher":{"@id":"https:\/\/hyotytuuli.fi\/sv\/#organization"},"potentialAction":[{"@type":"SearchAction","target":{"@type":"EntryPoint","urlTemplate":"https:\/\/hyotytuuli.fi\/sv\/?s={search_term_string}"},"query-input":{"@type":"PropertyValueSpecification","valueRequired":true,"valueName":"search_term_string"}}],"inLanguage":"sv-SE"},{"@type":"Organization","@id":"https:\/\/hyotytuuli.fi\/sv\/#organization","name":"Hy\u00f6tytuuli","url":"https:\/\/hyotytuuli.fi\/sv\/","logo":{"@type":"ImageObject","inLanguage":"sv-SE","@id":"https:\/\/hyotytuuli.fi\/sv\/#\/schema\/logo\/image\/","url":"https:\/\/arenso.fi\/app\/uploads\/2025\/02\/cropped-favicon-1-1.webp","contentUrl":"https:\/\/arenso.fi\/app\/uploads\/2025\/02\/cropped-favicon-1-1.webp","width":512,"height":512,"caption":"Hy\u00f6tytuuli"},"image":{"@id":"https:\/\/hyotytuuli.fi\/sv\/#\/schema\/logo\/image\/"}}]}},"_links":{"self":[{"href":"https:\/\/hyotytuuli.fi\/sv\/wp-json\/wp\/v2\/pages\/7115","targetHints":{"allow":["GET"]}}],"collection":[{"href":"https:\/\/hyotytuuli.fi\/sv\/wp-json\/wp\/v2\/pages"}],"about":[{"href":"https:\/\/hyotytuuli.fi\/sv\/wp-json\/wp\/v2\/types\/page"}],"author":[{"embeddable":true,"href":"https:\/\/hyotytuuli.fi\/sv\/wp-json\/wp\/v2\/users\/1"}],"replies":[{"embeddable":true,"href":"https:\/\/hyotytuuli.fi\/sv\/wp-json\/wp\/v2\/comments?post=7115"}],"version-history":[{"count":3,"href":"https:\/\/hyotytuuli.fi\/sv\/wp-json\/wp\/v2\/pages\/7115\/revisions"}],"predecessor-version":[{"id":7387,"href":"https:\/\/hyotytuuli.fi\/sv\/wp-json\/wp\/v2\/pages\/7115\/revisions\/7387"}],"wp:attachment":[{"href":"https:\/\/hyotytuuli.fi\/sv\/wp-json\/wp\/v2\/media?parent=7115"}],"curies":[{"name":"wp","href":"https:\/\/api.w.org\/{rel}","templated":true}]}}