{"id":7119,"date":"2024-12-04T14:04:07","date_gmt":"2024-12-04T12:04:07","guid":{"rendered":"https:\/\/hyotytuuli.fi\/?page_id=7119"},"modified":"2025-10-20T09:38:18","modified_gmt":"2025-10-20T07:38:18","slug":"vindparken-alajoki-peuralinna","status":"publish","type":"page","link":"https:\/\/hyotytuuli.fi\/sv\/vindkraft\/vindparken-alajoki-peuralinna\/","title":{"rendered":"Vindparken Alajoki-Peuralinna"},"content":{"rendered":"\n\n<style>\n                            @media screen and (min-width: 1px) and (max-width: 9999px) {\n            .Hero-1752275977 {\n                background-image: url('https:\/\/arenso.fi\/app\/uploads\/2025\/01\/Alajoki-Peuralinna.jpg');\n            }\n        }\n            \n            @media screen and (max-width: 767.1px) {\n        .Hero-1752275977 {\n            height: 230px !important;\n        }\n    }\n    \n                .Hero-1752275977 {\n            height: 350px;\n        }\n    \n<\/style>\n\n<section class=\"mb-8\" >\n    <div class=\"\n        Hero\n        Hero-1752275977\n        full-width\n        z-10\n        relative bg-cover\n        bg-center inset-x-2\/4\n        flex justify-center items-center\n    \">\n            <h1 class=\"text-white font-bold text-center h2 md:h1 text-balance\"><\/h1>\n        <\/div>\n    <\/section>\n\n\n<section >\n\t<div class=\"IconElement relative flex justify-between flex-col lg:flex-row lg:flex-row my-20 xl:mx-8\">\n\t\t<div class=\"w-full \">\n\t\t\t<div class=\"grid grid-cols-2 sm:grid-cols-[repeat(auto-fit,minmax(100px,1fr))] gap-2 xl:gap-4 2xl:gap-4\">\n\t\t\t\t\t\t\t\t\t\t\t\t\t\t\t<div class=\"border border-hyotytuuli rounded-md hover:bg-hyotytuuli-light overflow-auto\">\n\t\t\t\t\t\t\t<div class=\"py-2 text-center\">\n\t\t\t\t\t\t\t\t<p class=\"flex justify-center uppercase pt-2 sm:py-4\">VINDTURBINER<\/p>\n\t\t\t\t\t\t\t\t<div class=\"flex items-baseline justify-center text-center sm:pb-4\">\n\t\t\t\t\t\t\t\t\t\t\t\t\t\t\t\t\t\t\t<h4 class=\"text-hyotytuuli-hilight2 px-2 py-4 h1\">14<\/h4>\n\t\t\t\t\t\t\t\t\t\t\t\t\t\t\t\t\t\t<p class=\"\">st<\/p>\n\t\t\t\t\t\t\t\t<\/div>\n\t\t\t\t\t\t\t<\/div>\n\t\t\t\t\t\t\t<div class=\"flex justify-center\">\n\t\t\t\t\t\t\t\t<img decoding=\"async\" loading=\"lazy\" class=\"object-contain h-full w-full aspect-[1\/1] max-w-52 max-h-52\" src=\"https:\/\/arenso.fi\/app\/uploads\/2025\/01\/amount-icon.png.webp\"\/>\n\t\t\t\t\t\t\t<\/div>\n\t\t\t\t\t\t<\/div>\n\t\t\t\t\t\t\t\t\t\t\t\t\t\t\t\t\t\t\t\t<div class=\"border border-hyotytuuli rounded-md hover:bg-hyotytuuli-light overflow-auto\">\n\t\t\t\t\t\t\t<div class=\"py-2 text-center\">\n\t\t\t\t\t\t\t\t<p class=\"flex justify-center uppercase pt-2 sm:py-4\">SPETSH\u00d6JD<\/p>\n\t\t\t\t\t\t\t\t<div class=\"flex items-baseline justify-center text-center sm:pb-4\">\n\t\t\t\t\t\t\t\t\t\t\t\t\t\t\t\t\t\t\t<h4 class=\"text-hyotytuuli-hilight2 px-2 py-4 h1\">240<\/h4>\n\t\t\t\t\t\t\t\t\t\t\t\t\t\t\t\t\t\t<p class=\"\">m<\/p>\n\t\t\t\t\t\t\t\t<\/div>\n\t\t\t\t\t\t\t<\/div>\n\t\t\t\t\t\t\t<div class=\"flex justify-center\">\n\t\t\t\t\t\t\t\t<img decoding=\"async\" loading=\"lazy\" class=\"object-contain h-full w-full aspect-[1\/1] max-w-52 max-h-52\" src=\"https:\/\/arenso.fi\/app\/uploads\/2025\/02\/tipheight-icon.png.webp\"\/>\n\t\t\t\t\t\t\t<\/div>\n\t\t\t\t\t\t<\/div>\n\t\t\t\t\t\t\t\t\t\t\t\t\t\t\t\t\t\t\t\t<div class=\"border border-hyotytuuli rounded-md hover:bg-hyotytuuli-light overflow-auto\">\n\t\t\t\t\t\t\t<div class=\"py-2 text-center\">\n\t\t\t\t\t\t\t\t<p class=\"flex justify-center uppercase pt-2 sm:py-4\">DIAMETER P\u00c5 ROTORN<\/p>\n\t\t\t\t\t\t\t\t<div class=\"flex items-baseline justify-center text-center sm:pb-4\">\n\t\t\t\t\t\t\t\t\t\t\t\t\t\t\t\t\t\t\t<h4 class=\"text-hyotytuuli-hilight2 px-2 py-4 h1\">155<\/h4>\n\t\t\t\t\t\t\t\t\t\t\t\t\t\t\t\t\t\t<p class=\"\">m<\/p>\n\t\t\t\t\t\t\t\t<\/div>\n\t\t\t\t\t\t\t<\/div>\n\t\t\t\t\t\t\t<div class=\"flex justify-center\">\n\t\t\t\t\t\t\t\t<img decoding=\"async\" loading=\"lazy\" class=\"object-contain h-full w-full aspect-[1\/1] max-w-52 max-h-52\" src=\"https:\/\/arenso.fi\/app\/uploads\/2025\/01\/width-icon.png.webp\"\/>\n\t\t\t\t\t\t\t<\/div>\n\t\t\t\t\t\t<\/div>\n\t\t\t\t\t\t\t\t\t\t\t\t\t\t\t\t\t\t\t\t<div class=\"border border-hyotytuuli rounded-md hover:bg-hyotytuuli-light overflow-auto\">\n\t\t\t\t\t\t\t<div class=\"py-2 text-center\">\n\t\t\t\t\t\t\t\t<p class=\"flex justify-center uppercase pt-2 sm:py-4\">KRAFT \/ TURBIN<\/p>\n\t\t\t\t\t\t\t\t<div class=\"flex items-baseline justify-center text-center sm:pb-4\">\n\t\t\t\t\t\t\t\t\t\t\t\t\t\t\t\t\t\t\t<h4 class=\"text-hyotytuuli-hilight2 px-2 py-4 h1\">6<\/h4>\n\t\t\t\t\t\t\t\t\t\t\t\t\t\t\t\t\t\t<p class=\"\">MW<\/p>\n\t\t\t\t\t\t\t\t<\/div>\n\t\t\t\t\t\t\t<\/div>\n\t\t\t\t\t\t\t<div class=\"flex justify-center\">\n\t\t\t\t\t\t\t\t<img decoding=\"async\" loading=\"lazy\" class=\"object-contain h-full w-full aspect-[1\/1] max-w-52 max-h-52\" src=\"https:\/\/arenso.fi\/app\/uploads\/2025\/01\/power-icon.png.webp\"\/>\n\t\t\t\t\t\t\t<\/div>\n\t\t\t\t\t\t<\/div>\n\t\t\t\t\t\t\t\t\t\n\t\t\t<\/div>\n\t\t\t\t\t\t\t<div class=\"mt-4 p-4 border border-hyotytuuli rounded-md hover:bg-hyotytuuli-light flex flex-wrap justify-center text-center\">\n\t\t\t\t\t<span class=\"uppercase\">VINDPARKENS \u00c5RSPRODUKTION 250 000 MWh.&nbsp;<\/span>\n\t\t\t\t\t<span class=\"text-hyotytuuli\">&nbsp;<\/span>\n\t\t\t\t\t<span><\/span>\n\t\t\t\t<\/div>\n\t\t\t\t\t<\/div>\n\t<\/section>\n\n\n\n<h2 class=\"wp-block-heading\">Vindparken Alajoki-Peuralinna<\/h2>\n\n\n\n<p>Alajoki-Peuralinna vindparken \u00e4r placerat i Perho och dess grannkommun Kyyj\u00e4rvi i Mellersta \u00d6sterbotten och i Mellersta Finland. Vindparken producerar el sedan 2024, cirka 250 GWh el \u00e5rligen.<br><\/p>\n\n\n\n\t<section class=\"full-width inset-x-2\/4 relative  my-12\">\n\t\t<div>\n\t\t\t<h2 class=\"text-center text-3xl font-bold mb-4\">Aktuellt<\/h2>\n\t\t<\/div>\n\t\t\t\t\t<div class=\"absolute h-[500px] right-0 left-0 top-48 bottom-0 bg-hyotytuuli-hilight3\"><\/div>\n\t\t\t\t<div\n\t\t\tclass=\"Carousel relative wrap h-[620px]  \" >\n\t\t\t<!-- Slider main container -->\n\t\t\t<div id=\"swiper-1\" class=\"swiper  relative\">\n\t\t\t\t<!-- Additional required wrapper -->\n\t\t\t\t<div class=\"swiper-wrapper\">\n\t\t\t\t\t\t\t\t\t\t\t<div class=\"swiper-slide relative\">\n\t\t\t\t\t\t\t<article class=\"tease tease-post\" id=\"tease-6002\">\n\t\t<div class=\"flex flex-col shadow-md rounded-sm h-[600px] bg-white\">\n\t\t\t\t<div>\n\t\t\t<a href=\"https:\/\/hyotytuuli.fi\/sv\/provkorningen-av-suomen-hyotytuulis-vindkraftspark-i-alajoki-peuralinna-inleddes\/\">\n\t\t\t\t\t\t\t\t\t<img decoding=\"async\" src=\"\/app\/themes\/hyotytuuli\/assets\/images\/artikkeli-placeholder.jpg\" alt=\"Artikkelikuva\" class=\"w-full h-56 object-cover object-center rounded-t-sm mb-4 hover:opacity-70\">\n\t\t\t\t\t\t\t<\/a>\n\t\t<\/div>\n\t\t<div class=\"flex flex-col justify-between px-4 pt-4 text-center h-full\">\n\t\t\t<div>\n\t\t\t\t<a href=\"https:\/\/hyotytuuli.fi\/sv\/provkorningen-av-suomen-hyotytuulis-vindkraftspark-i-alajoki-peuralinna-inleddes\/\">\n\t\t\t\t\t<h3 class=\"font-bold hover:text-link-hover hover:border-link-hover\">Provk\u00f6rningen av Suomen Hy\u00f6tytuulis vindkraftspark i Alajoki-Peuralinna inleddes\n\t\t\t\t\t<\/h3>\n\t\t\t\t<\/a>\n\t\t\t\t<p class=\"m-2\">Publiceras\n\t\t\t\t\t18.12.2023<\/p>\n\t\t\t<\/div>\n\t\t\t\t\t\t\t<p class=\"text-center p-small text-gray-500 text-balance\">Suomen Hy\u00f6tytuuli Oy har p\u00e5b\u00f6rjat en provk\u00f6rning av de f\u00f6rsta kraftverken i vindkraftsparken Alajoki-Peuralinna i \u00d6sterbotten. Vindkraftsparkens sammanlagda kapacitet \u00e4r cirka 90 megawatt. Provk\u00f6rning&#8230;<\/p>\n\t\t\t\t\t\t<div class=\"flex justify-center z-20 pb-4\">\n\t\t\t\t<a href=\"https:\/\/hyotytuuli.fi\/sv\/provkorningen-av-suomen-hyotytuulis-vindkraftspark-i-alajoki-peuralinna-inleddes\/\" class=\"button relative flex px-7 py-4 items-center rounded-full text-hyotytuuli border border-hyotytuuli bg-hover:bg-white hover:text-link-hover hover:border-link-hover\">\n\t\t\t\t\t<span class=\"p pr-2\">L\u00e4s mer<\/span>\n\t\t\t\t\t<div class=\"\"><svg xmlns=\"http:\/\/www.w3.org\/2000\/svg\" fill=\"none\" viewBox=\"0 0 24 24\" stroke-width=\"1.5\" stroke=\"currentColor\" class=\"w-6 h-6\">\n  <path stroke-linecap=\"round\" stroke-linejoin=\"round\" d=\"M17.25 8.25 21 12m0 0-3.75 3.75M21 12H3\" \/>\n<\/svg>\n<\/div>\n\t\t\t\t<\/a>\n\t\t\t<\/div>\n\t\t<\/div>\n\t<\/div>\n<\/article>\n\t\t\t\t\t\t<\/div>\n\t\t\t\t\t\t\t\t\t\t\t<div class=\"swiper-slide relative\">\n\t\t\t\t\t\t\t<article class=\"tease tease-post\" id=\"tease-3818\">\n\t\t<div class=\"flex flex-col shadow-md rounded-sm h-[600px] bg-white\">\n\t\t\t\t<div>\n\t\t\t<a href=\"https:\/\/hyotytuuli.fi\/sv\/byggandet-av-vindkraftsparken-alajoki-peuralinna-inleds\/\">\n\t\t\t\t\t\t\t\t\t<img decoding=\"async\" src=\"\/app\/themes\/hyotytuuli\/assets\/images\/artikkeli-placeholder.jpg\" alt=\"Artikkelikuva\" class=\"w-full h-56 object-cover object-center rounded-t-sm mb-4 hover:opacity-70\">\n\t\t\t\t\t\t\t<\/a>\n\t\t<\/div>\n\t\t<div class=\"flex flex-col justify-between px-4 pt-4 text-center h-full\">\n\t\t\t<div>\n\t\t\t\t<a href=\"https:\/\/hyotytuuli.fi\/sv\/byggandet-av-vindkraftsparken-alajoki-peuralinna-inleds\/\">\n\t\t\t\t\t<h3 class=\"font-bold hover:text-link-hover hover:border-link-hover\">Byggandet av vindkraftsparken Alajoki-Peuralinna inleds\n\t\t\t\t\t<\/h3>\n\t\t\t\t<\/a>\n\t\t\t\t<p class=\"m-2\">Publiceras\n\t\t\t\t\t23.02.2021<\/p>\n\t\t\t<\/div>\n\t\t\t\t\t\t\t<p class=\"text-center p-small text-gray-500 text-balance\">Byggarbetena i anslutning till vindkraftsparkprojektet Alajoki-Peuralinna inleds snart. Som huvudentrepren\u00f6r f\u00f6r vindkraftsparken har Infra Builders Oy (tidigare NCC:s vindkraftsenhet) valts. Ett avta&#8230;<\/p>\n\t\t\t\t\t\t<div class=\"flex justify-center z-20 pb-4\">\n\t\t\t\t<a href=\"https:\/\/hyotytuuli.fi\/sv\/byggandet-av-vindkraftsparken-alajoki-peuralinna-inleds\/\" class=\"button relative flex px-7 py-4 items-center rounded-full text-hyotytuuli border border-hyotytuuli bg-hover:bg-white hover:text-link-hover hover:border-link-hover\">\n\t\t\t\t\t<span class=\"p pr-2\">L\u00e4s mer<\/span>\n\t\t\t\t\t<div class=\"\"><svg xmlns=\"http:\/\/www.w3.org\/2000\/svg\" fill=\"none\" viewBox=\"0 0 24 24\" stroke-width=\"1.5\" stroke=\"currentColor\" class=\"w-6 h-6\">\n  <path stroke-linecap=\"round\" stroke-linejoin=\"round\" d=\"M17.25 8.25 21 12m0 0-3.75 3.75M21 12H3\" \/>\n<\/svg>\n<\/div>\n\t\t\t\t<\/a>\n\t\t\t<\/div>\n\t\t<\/div>\n\t<\/div>\n<\/article>\n\t\t\t\t\t\t<\/div>\n\t\t\t\t\t\t\t\t\t\t\t<div class=\"swiper-slide relative\">\n\t\t\t\t\t\t\t<article class=\"tease tease-post\" id=\"tease-3852\">\n\t\t<div class=\"flex flex-col shadow-md rounded-sm h-[600px] bg-white\">\n\t\t\t\t<div>\n\t\t\t<a href=\"https:\/\/hyotytuuli.fi\/sv\/suomen-hyotytuuli-investerar-i-alajoki-peuralinna-vindpark-i-perho-och-kyyjarvi\/\">\n\t\t\t\t\t\t\t\t\t<img decoding=\"async\" src=\"\/app\/themes\/hyotytuuli\/assets\/images\/artikkeli-placeholder.jpg\" alt=\"Artikkelikuva\" class=\"w-full h-56 object-cover object-center rounded-t-sm mb-4 hover:opacity-70\">\n\t\t\t\t\t\t\t<\/a>\n\t\t<\/div>\n\t\t<div class=\"flex flex-col justify-between px-4 pt-4 text-center h-full\">\n\t\t\t<div>\n\t\t\t\t<a href=\"https:\/\/hyotytuuli.fi\/sv\/suomen-hyotytuuli-investerar-i-alajoki-peuralinna-vindpark-i-perho-och-kyyjarvi\/\">\n\t\t\t\t\t<h3 class=\"font-bold hover:text-link-hover hover:border-link-hover\">Suomen Hy\u00f6tytuuli investerar i Alajoki-Peuralinna vindpark i Perho och Kyyj\u00e4rvi\n\t\t\t\t\t<\/h3>\n\t\t\t\t<\/a>\n\t\t\t\t<p class=\"m-2\">Publiceras\n\t\t\t\t\t24.09.2020<\/p>\n\t\t\t<\/div>\n\t\t\t\t\t\t\t<p class=\"text-center p-small text-gray-500 text-balance\">Suomen Hy\u00f6tytuuli Oy har gjort investeringsbeslut om byggande av Alajoki-Peuralinna vindpark i Perho i Mellersta \u00d6sterbotten och Kyyj\u00e4rvi kommun bredvid Perho. F\u00f6rhandlingarna om turbinleverant\u00f6rer oc&#8230;<\/p>\n\t\t\t\t\t\t<div class=\"flex justify-center z-20 pb-4\">\n\t\t\t\t<a href=\"https:\/\/hyotytuuli.fi\/sv\/suomen-hyotytuuli-investerar-i-alajoki-peuralinna-vindpark-i-perho-och-kyyjarvi\/\" class=\"button relative flex px-7 py-4 items-center rounded-full text-hyotytuuli border border-hyotytuuli bg-hover:bg-white hover:text-link-hover hover:border-link-hover\">\n\t\t\t\t\t<span class=\"p pr-2\">L\u00e4s mer<\/span>\n\t\t\t\t\t<div class=\"\"><svg xmlns=\"http:\/\/www.w3.org\/2000\/svg\" fill=\"none\" viewBox=\"0 0 24 24\" stroke-width=\"1.5\" stroke=\"currentColor\" class=\"w-6 h-6\">\n  <path stroke-linecap=\"round\" stroke-linejoin=\"round\" d=\"M17.25 8.25 21 12m0 0-3.75 3.75M21 12H3\" \/>\n<\/svg>\n<\/div>\n\t\t\t\t<\/a>\n\t\t\t<\/div>\n\t\t<\/div>\n\t<\/div>\n<\/article>\n\t\t\t\t\t\t<\/div>\n\t\t\t\t\t\t\t\t\t\t\t<div class=\"swiper-slide relative\">\n\t\t\t\t\t\t\t<article class=\"tease tease-post\" id=\"tease-3884\">\n\t\t<div class=\"flex flex-col shadow-md rounded-sm h-[600px] bg-white\">\n\t\t\t\t<div>\n\t\t\t<a href=\"https:\/\/hyotytuuli.fi\/sv\/suomen-hyotytuuli-oy-har-forvarvat-peuralinna-vindparksprojekt\/\">\n\t\t\t\t\t\t\t\t\t<img decoding=\"async\" src=\"\/app\/themes\/hyotytuuli\/assets\/images\/artikkeli-placeholder.jpg\" alt=\"Artikkelikuva\" class=\"w-full h-56 object-cover object-center rounded-t-sm mb-4 hover:opacity-70\">\n\t\t\t\t\t\t\t<\/a>\n\t\t<\/div>\n\t\t<div class=\"flex flex-col justify-between px-4 pt-4 text-center h-full\">\n\t\t\t<div>\n\t\t\t\t<a href=\"https:\/\/hyotytuuli.fi\/sv\/suomen-hyotytuuli-oy-har-forvarvat-peuralinna-vindparksprojekt\/\">\n\t\t\t\t\t<h3 class=\"font-bold hover:text-link-hover hover:border-link-hover\">Suomen Hy\u00f6tytuuli Oy har f\u00f6rv\u00e4rvat Peuralinna vindparksprojekt\n\t\t\t\t\t<\/h3>\n\t\t\t\t<\/a>\n\t\t\t\t<p class=\"m-2\">Publiceras\n\t\t\t\t\t15.11.2019<\/p>\n\t\t\t<\/div>\n\t\t\t\t\t\t\t<p class=\"text-center p-small text-gray-500 text-balance\">\nSuomen Hy\u00f6tytuuli Oy har f\u00f6rv\u00e4rvat YIT Oys Peuralinna vindparksprojekt i Kyyj\u00e4rvi kommun i Mellersta Finland. Vindparken planeras med sju vindkraftverk med total effekt cirka 45 MW. Peuralinna delgen&#8230;<\/p>\n\t\t\t\t\t\t<div class=\"flex justify-center z-20 pb-4\">\n\t\t\t\t<a href=\"https:\/\/hyotytuuli.fi\/sv\/suomen-hyotytuuli-oy-har-forvarvat-peuralinna-vindparksprojekt\/\" class=\"button relative flex px-7 py-4 items-center rounded-full text-hyotytuuli border border-hyotytuuli bg-hover:bg-white hover:text-link-hover hover:border-link-hover\">\n\t\t\t\t\t<span class=\"p pr-2\">L\u00e4s mer<\/span>\n\t\t\t\t\t<div class=\"\"><svg xmlns=\"http:\/\/www.w3.org\/2000\/svg\" fill=\"none\" viewBox=\"0 0 24 24\" stroke-width=\"1.5\" stroke=\"currentColor\" class=\"w-6 h-6\">\n  <path stroke-linecap=\"round\" stroke-linejoin=\"round\" d=\"M17.25 8.25 21 12m0 0-3.75 3.75M21 12H3\" \/>\n<\/svg>\n<\/div>\n\t\t\t\t<\/a>\n\t\t\t<\/div>\n\t\t<\/div>\n\t<\/div>\n<\/article>\n\t\t\t\t\t\t<\/div>\n\t\t\t\t\t\t\t\t\t<\/div>\n\t\t\t<\/div>\n\t\t<\/div>\n\t\t<div class=\"ArticleCarouselButtons hidden md:block\">\n\t\t\t<div id=\"prev-1\" class=\"swiper-button-prev 2xl:ml-20\"><\/div>\n\t\t\t<div id=\"next-1\" class=\"swiper-button-next 2xl:mr-20\"><\/div>\n\t\t<\/div>\n\t\t\t\t<div class=\"flex justify-center text-white bg-hyotytuuli-hilight3 p-8\">\n\t\t\t\t\t<\/div>\n\t\t\t<\/section>\n\n\n<section class=\" my-4 sm:my-8 md:my-12 xl:my-20\" >\n\t\t\t<div class=\"FiftyFiftyImage relative flex justify-between bg-hyotytuuli-light flex-col-reverse lg:flex-row-reverse\">\n\t\t\t<div class=\"w-full aspect-[7\/5] lg:w-1\/2 p-4 sm:p-8 md:p-12  lg:px-12 lg:pt-14 \">\n\t\t\t\t\t\t\t\t\t\t\t\t<h2 class=\"Title flex flex-col justify-start mb-4 text-hyotytuuli-hilight3\">\n\t\t\t\t\t\tF\u00f6r mark\u00e4gare\n\t\t\t\t\t<\/h2>\n\t\t\t\t\t\t\t\t\t\t\t\t\t<div class=\"flex flex-col text-hyotytuuli-hilight3 justify-center \">\n\t\t\t\t\t\t\t\t\t\t\t\t\t<p>Suomen Hy\u00f6tytuuli satsar p\u00e5 l\u00e5ngsiktigt samarbete med mark\u00e4garna till vindkraftsparkerna.<\/p>\n\n\t\t\t\t\t\t\t\t\t\t\t\t\t\t\t\t\t\t\t<div class=\"flex mt-6\">\n\t\t\t\t\t\t\t\t\n<a\nhref=\"https:\/\/hyotytuuli.fi\/sv\/for-markagare\/\"\nalt=\"\"\ntarget=\"\"\nclass=\"button relative flex mt-3 mr-2 px-7 py-4 items-center rounded-full text-hyotytuuli border border-hyotytuuli bg-hover:bg-white hover:text-link-hover hover:border-link-hover\">\n    <span class=\"p pr-2\">L\u00e4s mer om v\u00e5rt partnerskap med mark\u00e4gare<\/span>\n    <div class=\"\"><svg xmlns=\"http:\/\/www.w3.org\/2000\/svg\" fill=\"none\" viewBox=\"0 0 24 24\" stroke-width=\"1.5\" stroke=\"currentColor\" class=\"w-6 h-6\">\n  <path stroke-linecap=\"round\" stroke-linejoin=\"round\" d=\"M17.25 8.25 21 12m0 0-3.75 3.75M21 12H3\" \/>\n<\/svg>\n<\/div>\n<\/a>\n\t\t\t\t\t\t\t<\/div>\n\t\t\t\t\t\t\t\t\t\t\t<\/div>\n\t\t\t\t\t\t\t\t\t\t<\/div>\n\t\t\t\t\t\t\t<div class=\" self-stretch justify-self-stretch w-full lg:w-1\/2 relative flex justify-center lg:justify-start\">\n\t\t\t\t\t<img decoding=\"async\" loading=\"lazy\" class=\"object-cover h-full w-full aspect-[7\/5]\"  srcset=\"\n\t\t\t\t\t\t\t\t\t\t\thttps:\/\/arenso.fi\/app\/uploads\/2024\/12\/Yleis3-Hyotytuuli-150x150.jpg 150w,\n\t\t\t\t\t\t\t\t\t\t\thttps:\/\/arenso.fi\/app\/uploads\/2024\/12\/Yleis3-Hyotytuuli-300x211.jpg 300w,\n\t\t\t\t\t\t\t\t\t\t\thttps:\/\/arenso.fi\/app\/uploads\/2024\/12\/Yleis3-Hyotytuuli.jpg 762w,\n\t\t\t\t\t\t\t\t\t\t\thttps:\/\/arenso.fi\/app\/uploads\/2024\/12\/Yleis3-Hyotytuuli.jpg 762w,\n\t\t\t\t\t\t\t\t\t\t\thttps:\/\/arenso.fi\/app\/uploads\/2024\/12\/Yleis3-Hyotytuuli.jpg 762w,\n\t\t\t\t\t\t\t\t\t\t    \"  src=\"https:\/\/arenso.fi\/app\/uploads\/2024\/12\/Yleis3-Hyotytuuli.jpg\"\/>\n\t\t\t\t<\/div>\n\t\t\t\t\t<\/div>\n\t<\/section>\n","protected":false},"excerpt":{"rendered":"<p>Vindparken Alajoki-Peuralinna Alajoki-Peuralinna vindparken \u00e4r placerat i Perho och dess grannkommun Kyyj\u00e4rvi i Mellersta \u00d6sterbotten och i Mellersta Finland. Vindparken producerar el sedan 2024, cirka 250 GWh el \u00e5rligen.<\/p>\n","protected":false},"author":1,"featured_media":0,"parent":7115,"menu_order":0,"comment_status":"closed","ping_status":"closed","template":"","meta":{"_acf_changed":false,"footnotes":""},"class_list":["post-7119","page","type-page","status-publish","hentry"],"acf":[],"yoast_head":"<!-- This site is optimized with the Yoast SEO plugin v27.3 - https:\/\/yoast.com\/product\/yoast-seo-wordpress\/ -->\n<title>Vindparken Alajoki-Peuralinna - Hy\u00f6tytuuli<\/title>\n<meta name=\"robots\" content=\"index, follow, max-snippet:-1, max-image-preview:large, max-video-preview:-1\" \/>\n<link rel=\"canonical\" href=\"https:\/\/hyotytuuli.fi\/sv\/vindkraft\/vindparken-alajoki-peuralinna\/\" \/>\n<meta property=\"og:locale\" content=\"sv_SE\" \/>\n<meta property=\"og:type\" content=\"article\" \/>\n<meta property=\"og:title\" content=\"Vindparken Alajoki-Peuralinna - Hy\u00f6tytuuli\" \/>\n<meta property=\"og:description\" content=\"Vindparken Alajoki-Peuralinna Alajoki-Peuralinna vindparken \u00e4r placerat i Perho och dess grannkommun Kyyj\u00e4rvi i Mellersta \u00d6sterbotten och i Mellersta Finland. Vindparken producerar el sedan 2024, cirka 250 GWh el \u00e5rligen.\" \/>\n<meta property=\"og:url\" content=\"https:\/\/hyotytuuli.fi\/sv\/vindkraft\/vindparken-alajoki-peuralinna\/\" \/>\n<meta property=\"og:site_name\" content=\"Hy\u00f6tytuuli\" \/>\n<meta property=\"article:modified_time\" content=\"2025-10-20T07:38:18+00:00\" \/>\n<meta name=\"twitter:card\" content=\"summary_large_image\" \/>\n<meta name=\"twitter:label1\" content=\"Est. reading time\" \/>\n\t<meta name=\"twitter:data1\" content=\"1 minute\" \/>\n<script type=\"application\/ld+json\" class=\"yoast-schema-graph\">{\"@context\":\"https:\\\/\\\/schema.org\",\"@graph\":[{\"@type\":\"WebPage\",\"@id\":\"https:\\\/\\\/hyotytuuli.fi\\\/sv\\\/vindkraft\\\/vindparken-alajoki-peuralinna\\\/\",\"url\":\"https:\\\/\\\/hyotytuuli.fi\\\/sv\\\/vindkraft\\\/vindparken-alajoki-peuralinna\\\/\",\"name\":\"Vindparken Alajoki-Peuralinna - Hy\u00f6tytuuli\",\"isPartOf\":{\"@id\":\"https:\\\/\\\/hyotytuuli.fi\\\/sv\\\/#website\"},\"datePublished\":\"2024-12-04T12:04:07+00:00\",\"dateModified\":\"2025-10-20T07:38:18+00:00\",\"breadcrumb\":{\"@id\":\"https:\\\/\\\/hyotytuuli.fi\\\/sv\\\/vindkraft\\\/vindparken-alajoki-peuralinna\\\/#breadcrumb\"},\"inLanguage\":\"sv-SE\",\"potentialAction\":[{\"@type\":\"ReadAction\",\"target\":[\"https:\\\/\\\/hyotytuuli.fi\\\/sv\\\/vindkraft\\\/vindparken-alajoki-peuralinna\\\/\"]}]},{\"@type\":\"BreadcrumbList\",\"@id\":\"https:\\\/\\\/hyotytuuli.fi\\\/sv\\\/vindkraft\\\/vindparken-alajoki-peuralinna\\\/#breadcrumb\",\"itemListElement\":[{\"@type\":\"ListItem\",\"position\":1,\"name\":\"Home\",\"item\":\"https:\\\/\\\/hyotytuuli.fi\\\/sv\\\/\"},{\"@type\":\"ListItem\",\"position\":2,\"name\":\"Vindkraft\",\"item\":\"https:\\\/\\\/hyotytuuli.fi\\\/sv\\\/vindkraft\\\/\"},{\"@type\":\"ListItem\",\"position\":3,\"name\":\"Vindparken Alajoki-Peuralinna\"}]},{\"@type\":\"WebSite\",\"@id\":\"https:\\\/\\\/hyotytuuli.fi\\\/sv\\\/#website\",\"url\":\"https:\\\/\\\/hyotytuuli.fi\\\/sv\\\/\",\"name\":\"Hy\u00f6tytuuli\",\"description\":\"\",\"publisher\":{\"@id\":\"https:\\\/\\\/hyotytuuli.fi\\\/sv\\\/#organization\"},\"potentialAction\":[{\"@type\":\"SearchAction\",\"target\":{\"@type\":\"EntryPoint\",\"urlTemplate\":\"https:\\\/\\\/hyotytuuli.fi\\\/sv\\\/?s={search_term_string}\"},\"query-input\":{\"@type\":\"PropertyValueSpecification\",\"valueRequired\":true,\"valueName\":\"search_term_string\"}}],\"inLanguage\":\"sv-SE\"},{\"@type\":\"Organization\",\"@id\":\"https:\\\/\\\/hyotytuuli.fi\\\/sv\\\/#organization\",\"name\":\"Hy\u00f6tytuuli\",\"url\":\"https:\\\/\\\/hyotytuuli.fi\\\/sv\\\/\",\"logo\":{\"@type\":\"ImageObject\",\"inLanguage\":\"sv-SE\",\"@id\":\"https:\\\/\\\/hyotytuuli.fi\\\/sv\\\/#\\\/schema\\\/logo\\\/image\\\/\",\"url\":\"https:\\\/\\\/arenso.fi\\\/app\\\/uploads\\\/2025\\\/02\\\/cropped-favicon-1-1.webp\",\"contentUrl\":\"https:\\\/\\\/arenso.fi\\\/app\\\/uploads\\\/2025\\\/02\\\/cropped-favicon-1-1.webp\",\"width\":512,\"height\":512,\"caption\":\"Hy\u00f6tytuuli\"},\"image\":{\"@id\":\"https:\\\/\\\/hyotytuuli.fi\\\/sv\\\/#\\\/schema\\\/logo\\\/image\\\/\"}}]}<\/script>\n<!-- \/ Yoast SEO plugin. -->","yoast_head_json":{"title":"Vindparken Alajoki-Peuralinna - Hy\u00f6tytuuli","robots":{"index":"index","follow":"follow","max-snippet":"max-snippet:-1","max-image-preview":"max-image-preview:large","max-video-preview":"max-video-preview:-1"},"canonical":"https:\/\/hyotytuuli.fi\/sv\/vindkraft\/vindparken-alajoki-peuralinna\/","og_locale":"sv_SE","og_type":"article","og_title":"Vindparken Alajoki-Peuralinna - Hy\u00f6tytuuli","og_description":"Vindparken Alajoki-Peuralinna Alajoki-Peuralinna vindparken \u00e4r placerat i Perho och dess grannkommun Kyyj\u00e4rvi i Mellersta \u00d6sterbotten och i Mellersta Finland. Vindparken producerar el sedan 2024, cirka 250 GWh el \u00e5rligen.","og_url":"https:\/\/hyotytuuli.fi\/sv\/vindkraft\/vindparken-alajoki-peuralinna\/","og_site_name":"Hy\u00f6tytuuli","article_modified_time":"2025-10-20T07:38:18+00:00","twitter_card":"summary_large_image","twitter_misc":{"Est. reading time":"1 minute"},"schema":{"@context":"https:\/\/schema.org","@graph":[{"@type":"WebPage","@id":"https:\/\/hyotytuuli.fi\/sv\/vindkraft\/vindparken-alajoki-peuralinna\/","url":"https:\/\/hyotytuuli.fi\/sv\/vindkraft\/vindparken-alajoki-peuralinna\/","name":"Vindparken Alajoki-Peuralinna - Hy\u00f6tytuuli","isPartOf":{"@id":"https:\/\/hyotytuuli.fi\/sv\/#website"},"datePublished":"2024-12-04T12:04:07+00:00","dateModified":"2025-10-20T07:38:18+00:00","breadcrumb":{"@id":"https:\/\/hyotytuuli.fi\/sv\/vindkraft\/vindparken-alajoki-peuralinna\/#breadcrumb"},"inLanguage":"sv-SE","potentialAction":[{"@type":"ReadAction","target":["https:\/\/hyotytuuli.fi\/sv\/vindkraft\/vindparken-alajoki-peuralinna\/"]}]},{"@type":"BreadcrumbList","@id":"https:\/\/hyotytuuli.fi\/sv\/vindkraft\/vindparken-alajoki-peuralinna\/#breadcrumb","itemListElement":[{"@type":"ListItem","position":1,"name":"Home","item":"https:\/\/hyotytuuli.fi\/sv\/"},{"@type":"ListItem","position":2,"name":"Vindkraft","item":"https:\/\/hyotytuuli.fi\/sv\/vindkraft\/"},{"@type":"ListItem","position":3,"name":"Vindparken Alajoki-Peuralinna"}]},{"@type":"WebSite","@id":"https:\/\/hyotytuuli.fi\/sv\/#website","url":"https:\/\/hyotytuuli.fi\/sv\/","name":"Hy\u00f6tytuuli","description":"","publisher":{"@id":"https:\/\/hyotytuuli.fi\/sv\/#organization"},"potentialAction":[{"@type":"SearchAction","target":{"@type":"EntryPoint","urlTemplate":"https:\/\/hyotytuuli.fi\/sv\/?s={search_term_string}"},"query-input":{"@type":"PropertyValueSpecification","valueRequired":true,"valueName":"search_term_string"}}],"inLanguage":"sv-SE"},{"@type":"Organization","@id":"https:\/\/hyotytuuli.fi\/sv\/#organization","name":"Hy\u00f6tytuuli","url":"https:\/\/hyotytuuli.fi\/sv\/","logo":{"@type":"ImageObject","inLanguage":"sv-SE","@id":"https:\/\/hyotytuuli.fi\/sv\/#\/schema\/logo\/image\/","url":"https:\/\/arenso.fi\/app\/uploads\/2025\/02\/cropped-favicon-1-1.webp","contentUrl":"https:\/\/arenso.fi\/app\/uploads\/2025\/02\/cropped-favicon-1-1.webp","width":512,"height":512,"caption":"Hy\u00f6tytuuli"},"image":{"@id":"https:\/\/hyotytuuli.fi\/sv\/#\/schema\/logo\/image\/"}}]}},"_links":{"self":[{"href":"https:\/\/hyotytuuli.fi\/sv\/wp-json\/wp\/v2\/pages\/7119","targetHints":{"allow":["GET"]}}],"collection":[{"href":"https:\/\/hyotytuuli.fi\/sv\/wp-json\/wp\/v2\/pages"}],"about":[{"href":"https:\/\/hyotytuuli.fi\/sv\/wp-json\/wp\/v2\/types\/page"}],"author":[{"embeddable":true,"href":"https:\/\/hyotytuuli.fi\/sv\/wp-json\/wp\/v2\/users\/1"}],"replies":[{"embeddable":true,"href":"https:\/\/hyotytuuli.fi\/sv\/wp-json\/wp\/v2\/comments?post=7119"}],"version-history":[{"count":12,"href":"https:\/\/hyotytuuli.fi\/sv\/wp-json\/wp\/v2\/pages\/7119\/revisions"}],"predecessor-version":[{"id":7986,"href":"https:\/\/hyotytuuli.fi\/sv\/wp-json\/wp\/v2\/pages\/7119\/revisions\/7986"}],"up":[{"embeddable":true,"href":"https:\/\/hyotytuuli.fi\/sv\/wp-json\/wp\/v2\/pages\/7115"}],"wp:attachment":[{"href":"https:\/\/hyotytuuli.fi\/sv\/wp-json\/wp\/v2\/media?parent=7119"}],"curies":[{"name":"wp","href":"https:\/\/api.w.org\/{rel}","templated":true}]}}