{"id":7126,"date":"2025-01-17T10:31:04","date_gmt":"2025-01-17T08:31:04","guid":{"rendered":"https:\/\/hyotytuuli.fi\/?page_id=7126"},"modified":"2025-02-19T21:37:57","modified_gmt":"2025-02-19T19:37:57","slug":"vindparken-jokela","status":"publish","type":"page","link":"https:\/\/hyotytuuli.fi\/sv\/vindkraft\/vindparken-jokela\/","title":{"rendered":"Vindparken Jokela"},"content":{"rendered":"\n\n<style>\n                            @media screen and (min-width: 1px) and (max-width: 9999px) {\n            .Hero-933437360 {\n                background-image: url('https:\/\/arenso.fi\/app\/uploads\/2025\/01\/Jokelan-tuulipuisto-1.jpg');\n            }\n        }\n            \n            @media screen and (max-width: 767.1px) {\n        .Hero-933437360 {\n            height: 230px !important;\n        }\n    }\n    \n                .Hero-933437360 {\n            height: 350px;\n        }\n    \n<\/style>\n\n<section class=\"mb-8\" >\n    <div class=\"\n        Hero\n        Hero-933437360\n        full-width\n        z-10\n        relative bg-cover\n        bg-center inset-x-2\/4\n        flex justify-center items-center\n    \">\n            <h1 class=\"text-white font-bold text-center h2 md:h1 text-balance\"><\/h1>\n        <\/div>\n    <\/section>\n\n\n<section >\n\t<div class=\"IconElement relative flex justify-between flex-col lg:flex-row lg:flex-row my-20 xl:mx-8\">\n\t\t<div class=\"w-full \">\n\t\t\t<div class=\"grid grid-cols-2 sm:grid-cols-[repeat(auto-fit,minmax(100px,1fr))] gap-2 xl:gap-4 2xl:gap-4\">\n\t\t\t\t\t\t\t\t\t\t\t\t\t\t\t<div class=\"border border-hyotytuuli rounded-md hover:bg-hyotytuuli-light overflow-auto\">\n\t\t\t\t\t\t\t<div class=\"py-2 text-center\">\n\t\t\t\t\t\t\t\t<p class=\"flex justify-center uppercase pt-2 sm:py-4\">VINDTURBINER<\/p>\n\t\t\t\t\t\t\t\t<div class=\"flex items-baseline justify-center text-center sm:pb-4\">\n\t\t\t\t\t\t\t\t\t\t\t\t\t\t\t\t\t\t\t<h4 class=\"text-hyotytuuli-hilight2 px-2 py-4 h1\">12<\/h4>\n\t\t\t\t\t\t\t\t\t\t\t\t\t\t\t\t\t\t<p class=\"\">st<\/p>\n\t\t\t\t\t\t\t\t<\/div>\n\t\t\t\t\t\t\t<\/div>\n\t\t\t\t\t\t\t<div class=\"flex justify-center\">\n\t\t\t\t\t\t\t\t<img decoding=\"async\" loading=\"lazy\" class=\"object-contain h-full w-full aspect-[1\/1] max-w-52 max-h-52\" src=\"https:\/\/arenso.fi\/app\/uploads\/2025\/01\/amount-icon.png.webp\"\/>\n\t\t\t\t\t\t\t<\/div>\n\t\t\t\t\t\t<\/div>\n\t\t\t\t\t\t\t\t\t\t\t\t\t\t\t\t\t\t\t\t<div class=\"border border-hyotytuuli rounded-md hover:bg-hyotytuuli-light overflow-auto\">\n\t\t\t\t\t\t\t<div class=\"py-2 text-center\">\n\t\t\t\t\t\t\t\t<p class=\"flex justify-center uppercase pt-2 sm:py-4\">NAVH\u00d6JD<\/p>\n\t\t\t\t\t\t\t\t<div class=\"flex items-baseline justify-center text-center sm:pb-4\">\n\t\t\t\t\t\t\t\t\t\t\t\t\t\t\t\t\t\t\t<h4 class=\"text-hyotytuuli-hilight2 px-2 py-4 h1\">140<\/h4>\n\t\t\t\t\t\t\t\t\t\t\t\t\t\t\t\t\t\t<p class=\"\">m<\/p>\n\t\t\t\t\t\t\t\t<\/div>\n\t\t\t\t\t\t\t<\/div>\n\t\t\t\t\t\t\t<div class=\"flex justify-center\">\n\t\t\t\t\t\t\t\t<img decoding=\"async\" loading=\"lazy\" class=\"object-contain h-full w-full aspect-[1\/1] max-w-52 max-h-52\" src=\"https:\/\/arenso.fi\/app\/uploads\/2025\/01\/height-icon.png.webp\"\/>\n\t\t\t\t\t\t\t<\/div>\n\t\t\t\t\t\t<\/div>\n\t\t\t\t\t\t\t\t\t\t\t\t\t\t\t\t\t\t\t\t<div class=\"border border-hyotytuuli rounded-md hover:bg-hyotytuuli-light overflow-auto\">\n\t\t\t\t\t\t\t<div class=\"py-2 text-center\">\n\t\t\t\t\t\t\t\t<p class=\"flex justify-center uppercase pt-2 sm:py-4\">DIAMETER P\u00c5 ROTORN<\/p>\n\t\t\t\t\t\t\t\t<div class=\"flex items-baseline justify-center text-center sm:pb-4\">\n\t\t\t\t\t\t\t\t\t\t\t\t\t\t\t\t\t\t\t<h4 class=\"text-hyotytuuli-hilight2 px-2 py-4 h1\">117<\/h4>\n\t\t\t\t\t\t\t\t\t\t\t\t\t\t\t\t\t\t<p class=\"\">m<\/p>\n\t\t\t\t\t\t\t\t<\/div>\n\t\t\t\t\t\t\t<\/div>\n\t\t\t\t\t\t\t<div class=\"flex justify-center\">\n\t\t\t\t\t\t\t\t<img decoding=\"async\" loading=\"lazy\" class=\"object-contain h-full w-full aspect-[1\/1] max-w-52 max-h-52\" src=\"https:\/\/arenso.fi\/app\/uploads\/2025\/01\/width-icon.png.webp\"\/>\n\t\t\t\t\t\t\t<\/div>\n\t\t\t\t\t\t<\/div>\n\t\t\t\t\t\t\t\t\t\t\t\t\t\t\t\t\t\t\t\t<div class=\"border border-hyotytuuli rounded-md hover:bg-hyotytuuli-light overflow-auto\">\n\t\t\t\t\t\t\t<div class=\"py-2 text-center\">\n\t\t\t\t\t\t\t\t<p class=\"flex justify-center uppercase pt-2 sm:py-4\">KRAFT \/ TURBIN<\/p>\n\t\t\t\t\t\t\t\t<div class=\"flex items-baseline justify-center text-center sm:pb-4\">\n\t\t\t\t\t\t\t\t\t\t\t\t\t\t\t\t\t\t\t<h4 class=\"text-hyotytuuli-hilight2 px-2 py-4 h1\">3,0<\/h4>\n\t\t\t\t\t\t\t\t\t\t\t\t\t\t\t\t\t\t<p class=\"\">MW<\/p>\n\t\t\t\t\t\t\t\t<\/div>\n\t\t\t\t\t\t\t<\/div>\n\t\t\t\t\t\t\t<div class=\"flex justify-center\">\n\t\t\t\t\t\t\t\t<img decoding=\"async\" loading=\"lazy\" class=\"object-contain h-full w-full aspect-[1\/1] max-w-52 max-h-52\" src=\"https:\/\/arenso.fi\/app\/uploads\/2025\/01\/power-icon.png.webp\"\/>\n\t\t\t\t\t\t\t<\/div>\n\t\t\t\t\t\t<\/div>\n\t\t\t\t\t\t\t\t\t\n\t\t\t<\/div>\n\t\t\t\t\t\t\t<div class=\"mt-4 p-4 border border-hyotytuuli rounded-md hover:bg-hyotytuuli-light flex flex-wrap justify-center text-center\">\n\t\t\t\t\t<span class=\"uppercase\">VINDPARKENS \u00c5RSPRODUKTION 121 000 MWh.&nbsp;<\/span>\n\t\t\t\t\t<span class=\"text-hyotytuuli\">&nbsp;<\/span>\n\t\t\t\t\t<span><\/span>\n\t\t\t\t<\/div>\n\t\t\t\t\t<\/div>\n\t<\/section>\n\n\n\n<h2 class=\"wp-block-heading\">Vindparken Jokela<\/h2>\n\n\n\n<p>Jokela vindpark i Kalajoki producerar el sedan 2015. Vindparken finns cirka 4 kilometer norr om Kalajoki centrum. Vindparksomr\u00e5det \u00e4r cirka 300 hektar stort. De n\u00e4rmaste bostadshusen ligger p\u00e5 cirka 1,5 kilometers avst\u00e5nd fr\u00e5n omr\u00e5det.<\/p>\n\n\n\n<p>Vindparken best\u00e5r av 12 Nordex N117-vindkraftverk med en effekt p\u00e5 3 MW. Vindkraftverken \u00e4r placerade cirka 400\u2013600 meter fr\u00e5n varandra. Kraftverkens torn \u00e4r cirka 140 meter h\u00f6ga och rotorerna har en diameter p\u00e5 117 meter.<\/p>\n\n\n\n<p>Kraftverken producerar cirka 121 GWh el, vilket motsvarar den \u00e5rliga elf\u00f6rbrukningen i ungef\u00e4r 60 000 tv\u00e5rumsl\u00e4genheter i v\u00e5ningshus.<\/p>\n\n\n\n<p><a href=\"https:\/\/media.hyotytuuli.fi\/category\/3\">Bilder av Jokela vindpark<\/a><\/p>\n\n\n\n<div style=\"height:30px\" aria-hidden=\"true\" class=\"wp-block-spacer\"><\/div>\n\n\n\n<h2 class=\"wp-block-heading\"><\/h2>\n\n\n\n<div style=\"height:50px\" aria-hidden=\"true\" class=\"wp-block-spacer\"><\/div>\n","protected":false},"excerpt":{"rendered":"<p>Vindparken Jokela Jokela vindpark i Kalajoki producerar el sedan 2015. Vindparken finns cirka 4 kilometer norr om Kalajoki centrum. Vindparksomr\u00e5det \u00e4r cirka 300 hektar stort. De n\u00e4rmaste bostadshusen ligger p\u00e5 cirka 1,5 kilometers avst\u00e5nd fr\u00e5n omr\u00e5det. Vindparken best\u00e5r av 12 Nordex N117-vindkraftverk med en effekt p\u00e5 3 MW. Vindkraftverken \u00e4r placerade cirka 400\u2013600 meter fr\u00e5n [&hellip;]<\/p>\n","protected":false},"author":1,"featured_media":0,"parent":7115,"menu_order":0,"comment_status":"closed","ping_status":"closed","template":"","meta":{"_acf_changed":false,"footnotes":""},"class_list":["post-7126","page","type-page","status-publish","hentry"],"acf":[],"yoast_head":"<!-- This site is optimized with the Yoast SEO plugin v27.3 - https:\/\/yoast.com\/product\/yoast-seo-wordpress\/ -->\n<title>Vindparken Jokela - Hy\u00f6tytuuli<\/title>\n<meta name=\"robots\" content=\"index, follow, max-snippet:-1, max-image-preview:large, max-video-preview:-1\" \/>\n<link rel=\"canonical\" href=\"https:\/\/hyotytuuli.fi\/sv\/vindkraft\/vindparken-jokela\/\" \/>\n<meta property=\"og:locale\" content=\"sv_SE\" \/>\n<meta property=\"og:type\" content=\"article\" \/>\n<meta property=\"og:title\" content=\"Vindparken Jokela - Hy\u00f6tytuuli\" \/>\n<meta property=\"og:description\" content=\"Vindparken Jokela Jokela vindpark i Kalajoki producerar el sedan 2015. Vindparken finns cirka 4 kilometer norr om Kalajoki centrum. Vindparksomr\u00e5det \u00e4r cirka 300 hektar stort. De n\u00e4rmaste bostadshusen ligger p\u00e5 cirka 1,5 kilometers avst\u00e5nd fr\u00e5n omr\u00e5det. Vindparken best\u00e5r av 12 Nordex N117-vindkraftverk med en effekt p\u00e5 3 MW. Vindkraftverken \u00e4r placerade cirka 400\u2013600 meter fr\u00e5n [&hellip;]\" \/>\n<meta property=\"og:url\" content=\"https:\/\/hyotytuuli.fi\/sv\/vindkraft\/vindparken-jokela\/\" \/>\n<meta property=\"og:site_name\" content=\"Hy\u00f6tytuuli\" \/>\n<meta property=\"article:modified_time\" content=\"2025-02-19T19:37:57+00:00\" \/>\n<meta name=\"twitter:card\" content=\"summary_large_image\" \/>\n<meta name=\"twitter:label1\" content=\"Est. reading time\" \/>\n\t<meta name=\"twitter:data1\" content=\"1 minute\" \/>\n<script type=\"application\/ld+json\" class=\"yoast-schema-graph\">{\"@context\":\"https:\\\/\\\/schema.org\",\"@graph\":[{\"@type\":\"WebPage\",\"@id\":\"https:\\\/\\\/hyotytuuli.fi\\\/sv\\\/vindkraft\\\/vindparken-jokela\\\/\",\"url\":\"https:\\\/\\\/hyotytuuli.fi\\\/sv\\\/vindkraft\\\/vindparken-jokela\\\/\",\"name\":\"Vindparken Jokela - Hy\u00f6tytuuli\",\"isPartOf\":{\"@id\":\"https:\\\/\\\/hyotytuuli.fi\\\/sv\\\/#website\"},\"datePublished\":\"2025-01-17T08:31:04+00:00\",\"dateModified\":\"2025-02-19T19:37:57+00:00\",\"breadcrumb\":{\"@id\":\"https:\\\/\\\/hyotytuuli.fi\\\/sv\\\/vindkraft\\\/vindparken-jokela\\\/#breadcrumb\"},\"inLanguage\":\"sv-SE\",\"potentialAction\":[{\"@type\":\"ReadAction\",\"target\":[\"https:\\\/\\\/hyotytuuli.fi\\\/sv\\\/vindkraft\\\/vindparken-jokela\\\/\"]}]},{\"@type\":\"BreadcrumbList\",\"@id\":\"https:\\\/\\\/hyotytuuli.fi\\\/sv\\\/vindkraft\\\/vindparken-jokela\\\/#breadcrumb\",\"itemListElement\":[{\"@type\":\"ListItem\",\"position\":1,\"name\":\"Home\",\"item\":\"https:\\\/\\\/hyotytuuli.fi\\\/sv\\\/\"},{\"@type\":\"ListItem\",\"position\":2,\"name\":\"Vindkraft\",\"item\":\"https:\\\/\\\/hyotytuuli.fi\\\/sv\\\/vindkraft\\\/\"},{\"@type\":\"ListItem\",\"position\":3,\"name\":\"Vindparken Jokela\"}]},{\"@type\":\"WebSite\",\"@id\":\"https:\\\/\\\/hyotytuuli.fi\\\/sv\\\/#website\",\"url\":\"https:\\\/\\\/hyotytuuli.fi\\\/sv\\\/\",\"name\":\"Hy\u00f6tytuuli\",\"description\":\"\",\"publisher\":{\"@id\":\"https:\\\/\\\/hyotytuuli.fi\\\/sv\\\/#organization\"},\"potentialAction\":[{\"@type\":\"SearchAction\",\"target\":{\"@type\":\"EntryPoint\",\"urlTemplate\":\"https:\\\/\\\/hyotytuuli.fi\\\/sv\\\/?s={search_term_string}\"},\"query-input\":{\"@type\":\"PropertyValueSpecification\",\"valueRequired\":true,\"valueName\":\"search_term_string\"}}],\"inLanguage\":\"sv-SE\"},{\"@type\":\"Organization\",\"@id\":\"https:\\\/\\\/hyotytuuli.fi\\\/sv\\\/#organization\",\"name\":\"Hy\u00f6tytuuli\",\"url\":\"https:\\\/\\\/hyotytuuli.fi\\\/sv\\\/\",\"logo\":{\"@type\":\"ImageObject\",\"inLanguage\":\"sv-SE\",\"@id\":\"https:\\\/\\\/hyotytuuli.fi\\\/sv\\\/#\\\/schema\\\/logo\\\/image\\\/\",\"url\":\"https:\\\/\\\/arenso.fi\\\/app\\\/uploads\\\/2025\\\/02\\\/cropped-favicon-1-1.webp\",\"contentUrl\":\"https:\\\/\\\/arenso.fi\\\/app\\\/uploads\\\/2025\\\/02\\\/cropped-favicon-1-1.webp\",\"width\":512,\"height\":512,\"caption\":\"Hy\u00f6tytuuli\"},\"image\":{\"@id\":\"https:\\\/\\\/hyotytuuli.fi\\\/sv\\\/#\\\/schema\\\/logo\\\/image\\\/\"}}]}<\/script>\n<!-- \/ Yoast SEO plugin. -->","yoast_head_json":{"title":"Vindparken Jokela - Hy\u00f6tytuuli","robots":{"index":"index","follow":"follow","max-snippet":"max-snippet:-1","max-image-preview":"max-image-preview:large","max-video-preview":"max-video-preview:-1"},"canonical":"https:\/\/hyotytuuli.fi\/sv\/vindkraft\/vindparken-jokela\/","og_locale":"sv_SE","og_type":"article","og_title":"Vindparken Jokela - Hy\u00f6tytuuli","og_description":"Vindparken Jokela Jokela vindpark i Kalajoki producerar el sedan 2015. Vindparken finns cirka 4 kilometer norr om Kalajoki centrum. Vindparksomr\u00e5det \u00e4r cirka 300 hektar stort. De n\u00e4rmaste bostadshusen ligger p\u00e5 cirka 1,5 kilometers avst\u00e5nd fr\u00e5n omr\u00e5det. Vindparken best\u00e5r av 12 Nordex N117-vindkraftverk med en effekt p\u00e5 3 MW. Vindkraftverken \u00e4r placerade cirka 400\u2013600 meter fr\u00e5n [&hellip;]","og_url":"https:\/\/hyotytuuli.fi\/sv\/vindkraft\/vindparken-jokela\/","og_site_name":"Hy\u00f6tytuuli","article_modified_time":"2025-02-19T19:37:57+00:00","twitter_card":"summary_large_image","twitter_misc":{"Est. reading time":"1 minute"},"schema":{"@context":"https:\/\/schema.org","@graph":[{"@type":"WebPage","@id":"https:\/\/hyotytuuli.fi\/sv\/vindkraft\/vindparken-jokela\/","url":"https:\/\/hyotytuuli.fi\/sv\/vindkraft\/vindparken-jokela\/","name":"Vindparken Jokela - Hy\u00f6tytuuli","isPartOf":{"@id":"https:\/\/hyotytuuli.fi\/sv\/#website"},"datePublished":"2025-01-17T08:31:04+00:00","dateModified":"2025-02-19T19:37:57+00:00","breadcrumb":{"@id":"https:\/\/hyotytuuli.fi\/sv\/vindkraft\/vindparken-jokela\/#breadcrumb"},"inLanguage":"sv-SE","potentialAction":[{"@type":"ReadAction","target":["https:\/\/hyotytuuli.fi\/sv\/vindkraft\/vindparken-jokela\/"]}]},{"@type":"BreadcrumbList","@id":"https:\/\/hyotytuuli.fi\/sv\/vindkraft\/vindparken-jokela\/#breadcrumb","itemListElement":[{"@type":"ListItem","position":1,"name":"Home","item":"https:\/\/hyotytuuli.fi\/sv\/"},{"@type":"ListItem","position":2,"name":"Vindkraft","item":"https:\/\/hyotytuuli.fi\/sv\/vindkraft\/"},{"@type":"ListItem","position":3,"name":"Vindparken Jokela"}]},{"@type":"WebSite","@id":"https:\/\/hyotytuuli.fi\/sv\/#website","url":"https:\/\/hyotytuuli.fi\/sv\/","name":"Hy\u00f6tytuuli","description":"","publisher":{"@id":"https:\/\/hyotytuuli.fi\/sv\/#organization"},"potentialAction":[{"@type":"SearchAction","target":{"@type":"EntryPoint","urlTemplate":"https:\/\/hyotytuuli.fi\/sv\/?s={search_term_string}"},"query-input":{"@type":"PropertyValueSpecification","valueRequired":true,"valueName":"search_term_string"}}],"inLanguage":"sv-SE"},{"@type":"Organization","@id":"https:\/\/hyotytuuli.fi\/sv\/#organization","name":"Hy\u00f6tytuuli","url":"https:\/\/hyotytuuli.fi\/sv\/","logo":{"@type":"ImageObject","inLanguage":"sv-SE","@id":"https:\/\/hyotytuuli.fi\/sv\/#\/schema\/logo\/image\/","url":"https:\/\/arenso.fi\/app\/uploads\/2025\/02\/cropped-favicon-1-1.webp","contentUrl":"https:\/\/arenso.fi\/app\/uploads\/2025\/02\/cropped-favicon-1-1.webp","width":512,"height":512,"caption":"Hy\u00f6tytuuli"},"image":{"@id":"https:\/\/hyotytuuli.fi\/sv\/#\/schema\/logo\/image\/"}}]}},"_links":{"self":[{"href":"https:\/\/hyotytuuli.fi\/sv\/wp-json\/wp\/v2\/pages\/7126","targetHints":{"allow":["GET"]}}],"collection":[{"href":"https:\/\/hyotytuuli.fi\/sv\/wp-json\/wp\/v2\/pages"}],"about":[{"href":"https:\/\/hyotytuuli.fi\/sv\/wp-json\/wp\/v2\/types\/page"}],"author":[{"embeddable":true,"href":"https:\/\/hyotytuuli.fi\/sv\/wp-json\/wp\/v2\/users\/1"}],"replies":[{"embeddable":true,"href":"https:\/\/hyotytuuli.fi\/sv\/wp-json\/wp\/v2\/comments?post=7126"}],"version-history":[{"count":3,"href":"https:\/\/hyotytuuli.fi\/sv\/wp-json\/wp\/v2\/pages\/7126\/revisions"}],"predecessor-version":[{"id":7411,"href":"https:\/\/hyotytuuli.fi\/sv\/wp-json\/wp\/v2\/pages\/7126\/revisions\/7411"}],"up":[{"embeddable":true,"href":"https:\/\/hyotytuuli.fi\/sv\/wp-json\/wp\/v2\/pages\/7115"}],"wp:attachment":[{"href":"https:\/\/hyotytuuli.fi\/sv\/wp-json\/wp\/v2\/media?parent=7126"}],"curies":[{"name":"wp","href":"https:\/\/api.w.org\/{rel}","templated":true}]}}