{"id":7150,"date":"2025-01-17T14:41:25","date_gmt":"2025-01-17T12:41:25","guid":{"rendered":"https:\/\/hyotytuuli.fi\/?page_id=7150"},"modified":"2026-02-23T08:25:14","modified_gmt":"2026-02-23T06:25:14","slug":"ansvar","status":"publish","type":"page","link":"https:\/\/hyotytuuli.fi\/sv\/ansvar\/","title":{"rendered":"Ansvar"},"content":{"rendered":"\n\n<style>\n                            @media screen and (min-width: 1px) and (max-width: 9999px) {\n            .Hero-1515822241 {\n                background-image: url('https:\/\/arenso.fi\/app\/uploads\/2025\/01\/Vastuullisuus.webp');\n            }\n        }\n            \n            @media screen and (max-width: 767.1px) {\n        .Hero-1515822241 {\n            height: 230px !important;\n        }\n    }\n    \n                .Hero-1515822241 {\n            height: 350px;\n        }\n    \n<\/style>\n\n<section class=\"mb-8\" >\n    <div class=\"\n        Hero\n        Hero-1515822241\n        full-width\n        z-10\n        relative bg-cover\n        bg-center inset-x-2\/4\n        flex justify-center items-center\n    \">\n            <h1 class=\"text-white font-bold text-center h2 md:h1 text-balance\"><\/h1>\n        <\/div>\n    <\/section>\n\n\n\n<h2 class=\"wp-block-heading\">Bygga en mer h\u00e5llbar v\u00e4rld<\/h2>\n\n\n\n<p><strong>Suomen Hy\u00f6tytuuli<\/strong>&nbsp;\u00e4r ett bolag som producerar vindkraft och spelar d\u00e4rf\u00f6r&nbsp;en betydande roll n\u00e4r det g\u00e4ller att bromsa klimatf\u00f6r\u00e4ndringen. Vi producerar ren och f\u00f6rnybar energi och v\u00e5r vindkraftsproduktion orsakar inga utsl\u00e4pp i luften, vattnet eller marken. Ansvar och h\u00e5llbar utveckling \u00e4r en v\u00e4sentlig del av livscykelhanteringen i v\u00e5ra vindparker och vindkraftverk. N\u00e4r vi utvecklar vindkraftsomr\u00e5den ger vi information om v\u00e5ra planer och p\u00e5g\u00e5ende vindparksprojekt. Vi h\u00f6r ocks\u00e5 mark\u00e4garna, inv\u00e5narna i det n\u00e4rliggande omr\u00e5det och andra kommuninv\u00e5nare. Vi samarbetar med kommunala akt\u00f6rer och lokala medier under hela projektet.<\/p>\n\n\n\n\n<div  class=\"contact-cards lg:mx-16 wrapmb-8\">\n\t<div\n\t\tclass=\"flex flex-wrap flex-col sm:flex-row \">\n\t\t\t\t\t\t\t<div class=\"w-full sm:w-1\/2 justify-center\">\n\t\t\t\t\n<div class=\"flex border border-hyotytuuli rounded items-center mb-2 lg:ml-2 px-2 py-4 lg:py-6\">\n\t<div class=\"px-2 lg:px-6\">\n\t\t<img decoding=\"async\" class=\"object-cover rounded-full min-w-[100px] md:min-w-[130px] lg:min-w-[166px] w-[100px] md:w-[130px] lg:w-[166px] aspect-square\" alt=\"panu-piirtola\" src=\" https:\/\/arenso.fi\/app\/uploads\/2025\/01\/panu-piirtola.webp \"\/>\n\t<\/div>\n\t<div class=\"flex flex-col w-full overflow-hidden\">\n\t\t<p class=\"font-bold text-hyotytuuli truncate\">Panu Piirtola<\/p>\n\t\t<p class=\"truncate\">Projektutvecklings och ansvarschef<\/p>\n\t\t<a href=\"tel:+358 40 655 1315\" class=\"p truncate\">+358 40 655 1315<\/a>\n\t\t<a href=\"mailto:panu.piirtola@hyotytuuli.fi\" class=\"p truncate\">panu.piirtola@hyotytuuli.fi<\/a>\n\t<\/div>\n<\/div>\n\t\t\t<\/div>\n\t\t\n\t\t\t<\/div>\n<\/div>\n\n\n<section class=\" my-4 sm:my-8 md:my-12 xl:my-20\" >\n\t\t\t<div class=\"FiftyFiftyImage relative flex justify-between bg-hyotytuuli-light flex-col-reverse lg:flex-row-reverse\">\n\t\t\t<div class=\"w-full aspect-[7\/5] lg:w-1\/2 p-4 sm:p-8 md:p-12  lg:px-12 lg:pt-14 \">\n\t\t\t\t\t\t\t\t\t\t\t\t<h2 class=\"Title flex flex-col justify-start mb-4 text-hyotytuuli-hilight3\">\n\t\t\t\t\t\tAtt tygla klimatf\u00f6r\u00e4ndringen\n\t\t\t\t\t<\/h2>\n\t\t\t\t\t\t\t\t\t\t\t\t\t<div class=\"flex flex-col text-hyotytuuli-hilight3 justify-center \">\n\t\t\t\t\t\t\t\t\t\t\t\t\t<div class=\"column fp-hl-box yksinosto\">\n<div class=\"fp-hl-outer wow scroll-reveal\">\n<div class=\"fp-hl-inner\">\n<p>Klimatf\u00f6r\u00e4ndringen \u00e4r ett hot mot milj\u00f6n, naturens m\u00e5ngfald och v\u00e5rt v\u00e4lbefinnande. D\u00e4rf\u00f6r \u00e4r det viktigt att vi alla f\u00f6rs\u00f6ker tygla den. EU str\u00e4var efter att minska v\u00e4xthusutsl\u00e4ppen med 55 procent under perioden 1990\u20132030 och \u00f6ka andelen f\u00f6rnybar energi till minst 27 procent. M\u00e5let med programmet Kolneutralt Finland \u00e4r att minska v\u00e4xthusutsl\u00e4ppen med upp till 95 procent under \u00e5ren 1990\u20132050. Fr\u00e5n 2010 till 2021 minskade koldioxidutsl\u00e4ppen i Finland med 69 procent. Anv\u00e4ndningen av vindkraft g\u00f6r Finland \u00e4nnu mer oberoende av fossila importerade br\u00e4nslen, vilket st\u00e4rker landets sj\u00e4lvf\u00f6rs\u00f6rjning i fr\u00e5ga om energiproduktion. \u00c5r 2021 producerade vindkraftverken i Finland 8,1 TWh el, vilket motsvarade ungef\u00e4r 10 procent av elf\u00f6rbrukningen i Finland. Det nationella m\u00e5let f\u00f6r vindkraftsproduktionen f\u00f6r 2025 \u00e4r 9 TWh.<\/p>\n<\/div>\n<\/div>\n<\/div>\n\n\t\t\t\t\t\t\t\t\t\t\t\t\t\t\t\t\t<\/div>\n\t\t\t\t\t\t\t\t\t\t<\/div>\n\t\t\t\t\t\t\t<div class=\" self-stretch justify-self-stretch w-full lg:w-1\/2 relative flex justify-center lg:justify-start\">\n\t\t\t\t\t<img decoding=\"async\" loading=\"lazy\" class=\"object-cover h-full w-full aspect-[7\/5]\"  srcset=\"\n\t\t\t\t\t\t\t\t\t\t\thttps:\/\/arenso.fi\/app\/uploads\/2025\/01\/nikkarinkaarron-tuulipuisto.jpg-150x150.webp 150w,\n\t\t\t\t\t\t\t\t\t\t\thttps:\/\/arenso.fi\/app\/uploads\/2025\/01\/nikkarinkaarron-tuulipuisto.jpg-300x168.webp 300w,\n\t\t\t\t\t\t\t\t\t\t\thttps:\/\/arenso.fi\/app\/uploads\/2025\/01\/nikkarinkaarron-tuulipuisto.jpg-768x431.webp 768w,\n\t\t\t\t\t\t\t\t\t\t\thttps:\/\/arenso.fi\/app\/uploads\/2025\/01\/nikkarinkaarron-tuulipuisto.jpg-1024x575.webp 1024w,\n\t\t\t\t\t\t\t\t\t\t\thttps:\/\/arenso.fi\/app\/uploads\/2025\/01\/nikkarinkaarron-tuulipuisto.jpg.webp 1920w,\n\t\t\t\t\t\t\t\t\t\t    \"  src=\"https:\/\/arenso.fi\/app\/uploads\/2025\/01\/nikkarinkaarron-tuulipuisto.jpg-768x431.webp\"\/>\n\t\t\t\t<\/div>\n\t\t\t\t\t<\/div>\n\t\t\t<div class=\"FiftyFiftyImage relative flex justify-between bg-hyotytuuli-light flex-col-reverse lg:flex-row\">\n\t\t\t<div class=\"w-full aspect-[7\/5] lg:w-1\/2 p-4 sm:p-8 md:p-12  lg:px-12 lg:pt-14 \">\n\t\t\t\t\t\t\t\t\t\t\t\t<h2 class=\"Title flex flex-col justify-start mb-4 text-hyotytuuli-hilight3\">\n\t\t\t\t\t\tMilj\u00f6skyddet styr planeringsarbetet\n\t\t\t\t\t<\/h2>\n\t\t\t\t\t\t\t\t\t\t\t\t\t<div class=\"flex flex-col text-hyotytuuli-hilight3 justify-center \">\n\t\t\t\t\t\t\t\t\t\t\t\t\t<div class=\"column fp-hl-box yksinosto\">\n<div class=\"fp-hl-outer wow scroll-reveal\">\n<div class=\"fp-hl-inner\">\n<p>N\u00e4r vi v\u00e4ljer vindkraftsomr\u00e5den beaktar vi alltid Naturaomr\u00e5den och andra motsvarande omst\u00e4ndigheter som g\u00e4ller milj\u00f6skyddet. Vi str\u00e4var ocks\u00e5 efter att minska eventuella problem med buller och st\u00f6rekon n\u00e4r vi best\u00e4mmer vindkraftverkens placering. I planeringsskedet l\u00e5ter vi utf\u00f6ra en milj\u00f6konsekvensbed\u00f6mning (MKB) f\u00f6r varje vindparksprojekt f\u00f6r att reda ut projektets eventuella konsekvenser f\u00f6r milj\u00f6n och bos\u00e4ttningen i omr\u00e5det.<\/p>\n<\/div>\n<\/div>\n<\/div>\n\n\t\t\t\t\t\t\t\t\t\t\t\t\t\t\t\t\t<\/div>\n\t\t\t\t\t\t\t\t\t\t<\/div>\n\t\t\t\t\t\t\t<div class=\" self-stretch justify-self-stretch w-full lg:w-1\/2 relative flex justify-center lg:justify-end\">\n\t\t\t\t\t<img decoding=\"async\" loading=\"lazy\" class=\"object-cover h-full w-full aspect-[7\/5]\"  srcset=\"\n\t\t\t\t\t\t\t\t\t\t\thttps:\/\/arenso.fi\/app\/uploads\/2025\/01\/Kuljunniemi-150x150.jpg 150w,\n\t\t\t\t\t\t\t\t\t\t\thttps:\/\/arenso.fi\/app\/uploads\/2025\/01\/Kuljunniemi-300x200.jpg 300w,\n\t\t\t\t\t\t\t\t\t\t\thttps:\/\/arenso.fi\/app\/uploads\/2025\/01\/Kuljunniemi-768x512.jpg 768w,\n\t\t\t\t\t\t\t\t\t\t\thttps:\/\/arenso.fi\/app\/uploads\/2025\/01\/Kuljunniemi-1024x682.jpg 1024w,\n\t\t\t\t\t\t\t\t\t\t\thttps:\/\/arenso.fi\/app\/uploads\/2025\/01\/Kuljunniemi.jpg 1920w,\n\t\t\t\t\t\t\t\t\t\t    \"  src=\"https:\/\/arenso.fi\/app\/uploads\/2025\/01\/Kuljunniemi-768x512.jpg\"\/>\n\t\t\t\t<\/div>\n\t\t\t\t\t<\/div>\n\t\t\t<div class=\"FiftyFiftyImage relative flex justify-between bg-hyotytuuli-light flex-col-reverse lg:flex-row-reverse\">\n\t\t\t<div class=\"w-full aspect-[7\/5] lg:w-1\/2 p-4 sm:p-8 md:p-12  lg:px-12 lg:pt-14 \">\n\t\t\t\t\t\t\t\t\t\t\t\t<h2 class=\"Title flex flex-col justify-start mb-4 text-hyotytuuli-hilight3\">\n\t\t\t\t\t\tMilj\u00f6unders\u00f6kningar \u00e4r en viktig del av v\u00e5r energiproduktion\n\t\t\t\t\t<\/h2>\n\t\t\t\t\t\t\t\t\t\t\t\t\t<div class=\"flex flex-col text-hyotytuuli-hilight3 justify-center \">\n\t\t\t\t\t\t\t\t\t\t\t\t\t<div class=\"column fp-hl-box yksinosto\">\n<div class=\"fp-hl-outer wow scroll-reveal\">\n<div class=\"fp-hl-inner\">\n<p>Vi \u00f6vervakar v\u00e5ra vindparker dygnet runt. Vi f\u00e5r information om dem i realtid och utnyttjar denna information f\u00f6r att b\u00e5de operera och underh\u00e5lla kraftverken. Vi g\u00f6r regelbundet milj\u00f6unders\u00f6kningar och milj\u00f6uppf\u00f6ljning i v\u00e5ra vindparker f\u00f6r att bed\u00f6ma hur vindkraftverken p\u00e5verkar det n\u00e4rliggande omr\u00e5det. Eventuellt buller fr\u00e5n vindkraftverken unders\u00f6ker vi till exempel genom att utf\u00f6ra m\u00e4tningar vid olika st\u00e4llen under en l\u00e5ng tid. Resultaten fr\u00e5n unders\u00f6kningarna utnyttjar vi b\u00e5de f\u00f6r styrningen av enskilda kraftverk och f\u00f6r livscykelhanteringen i hela parken.<\/p>\n<\/div>\n<\/div>\n<\/div>\n\n\t\t\t\t\t\t\t\t\t\t\t\t\t\t\t\t\t<\/div>\n\t\t\t\t\t\t\t\t\t\t<\/div>\n\t\t\t\t\t\t\t<div class=\" self-stretch justify-self-stretch w-full lg:w-1\/2 relative flex justify-center lg:justify-start\">\n\t\t\t\t\t<img decoding=\"async\" loading=\"lazy\" class=\"object-cover h-full w-full aspect-[7\/5]\"  srcset=\"\n\t\t\t\t\t\t\t\t\t\t\thttps:\/\/arenso.fi\/app\/uploads\/2025\/01\/Polusjarvi-150x150.jpg 150w,\n\t\t\t\t\t\t\t\t\t\t\thttps:\/\/arenso.fi\/app\/uploads\/2025\/01\/Polusjarvi-300x200.jpg 300w,\n\t\t\t\t\t\t\t\t\t\t\thttps:\/\/arenso.fi\/app\/uploads\/2025\/01\/Polusjarvi-768x512.jpg 768w,\n\t\t\t\t\t\t\t\t\t\t\thttps:\/\/arenso.fi\/app\/uploads\/2025\/01\/Polusjarvi-1024x683.jpg 1024w,\n\t\t\t\t\t\t\t\t\t\t\thttps:\/\/arenso.fi\/app\/uploads\/2025\/01\/Polusjarvi.jpg 1920w,\n\t\t\t\t\t\t\t\t\t\t    \"  src=\"https:\/\/arenso.fi\/app\/uploads\/2025\/01\/Polusjarvi-768x512.jpg\"\/>\n\t\t\t\t<\/div>\n\t\t\t\t\t<\/div>\n\t\t\t<div class=\"FiftyFiftyImage relative flex justify-between bg-hyotytuuli-light flex-col-reverse lg:flex-row\">\n\t\t\t<div class=\"w-full aspect-[7\/5] lg:w-1\/2 p-4 sm:p-8 md:p-12  lg:px-12 lg:pt-14 \">\n\t\t\t\t\t\t\t\t\t\t\t\t<h2 class=\"Title flex flex-col justify-start mb-4 text-hyotytuuli-hilight3\">\n\t\t\t\t\t\tNaturens m\u00e5ngfald \u00e4r viktig f\u00f6r oss\n\t\t\t\t\t<\/h2>\n\t\t\t\t\t\t\t\t\t\t\t\t\t<div class=\"flex flex-col text-hyotytuuli-hilight3 justify-center \">\n\t\t\t\t\t\t\t\t\t\t\t\t\t<div class=\"column fp-hl-box yksinosto\">\n<div class=\"fp-hl-outer wow scroll-reveal\">\n<div class=\"fp-hl-inner\">\n<p>Vi f\u00f6ljer f\u00e5gelbest\u00e5ndet f\u00f6r att v\u00e4rna om biodiversiteten och skydda hotade eller s\u00e5rbara arter. Till exempel i Tahkoluoto havsvindpark har vi utvecklat ett system som utnyttjar radarteknologin och som f\u00f6ljer f\u00e5gelbest\u00e5ndet som r\u00f6r sig n\u00e4ra kraftverken. V\u00e5r f\u00e5gelradar urskiljer sm\u00e5 f\u00e5glar inom en radie p\u00e5 minst 4 km och stora f\u00e5glar inom en radie p\u00e5 minst 10 km. Radarn ger vid behov order om att enskilda vindkraftverk m\u00e5ste sakta av eller helt stanna.<\/p>\n<p>Vi deltar i forskningsprojekt som unders\u00f6ker vindkraftens inverkan p\u00e5 djurlivet i omr\u00e5det. Vi samarbetar ocks\u00e5 aktivt med inv\u00e5nare och akt\u00f6rer i omr\u00e5det, till exempel med jaktf\u00f6reningar. Vi vill framh\u00e4va att jordbruk och skogssk\u00f6tsel, b\u00e4rplockning och fiske kan idkas i vindparksomr\u00e5det precis som tidigare. Det v\u00e4gn\u00e4t vi byggt kan ocks\u00e5 anv\u00e4ndas av alla som r\u00f6r sig i omr\u00e5det.<\/p>\n<\/div>\n<\/div>\n<\/div>\n\n\t\t\t\t\t\t\t\t\t\t\t\t\t\t\t\t\t<\/div>\n\t\t\t\t\t\t\t\t\t\t<\/div>\n\t\t\t\t\t\t\t<div class=\" self-stretch justify-self-stretch w-full lg:w-1\/2 relative flex justify-center lg:justify-end\">\n\t\t\t\t\t<img decoding=\"async\" loading=\"lazy\" class=\"object-cover h-full w-full aspect-[7\/5]\"  srcset=\"\n\t\t\t\t\t\t\t\t\t\t\thttps:\/\/arenso.fi\/app\/uploads\/2025\/01\/reposaaren-voimaloiden-purku-20221-683x1024.jpg-150x150.webp 150w,\n\t\t\t\t\t\t\t\t\t\t\thttps:\/\/arenso.fi\/app\/uploads\/2025\/01\/reposaaren-voimaloiden-purku-20221-683x1024.jpg-200x300.webp 200w,\n\t\t\t\t\t\t\t\t\t\t\thttps:\/\/arenso.fi\/app\/uploads\/2025\/01\/reposaaren-voimaloiden-purku-20221-683x1024.jpg.webp 683w,\n\t\t\t\t\t\t\t\t\t\t\thttps:\/\/arenso.fi\/app\/uploads\/2025\/01\/reposaaren-voimaloiden-purku-20221-683x1024.jpg.webp 683w,\n\t\t\t\t\t\t\t\t\t\t\thttps:\/\/arenso.fi\/app\/uploads\/2025\/01\/reposaaren-voimaloiden-purku-20221-683x1024.jpg.webp 683w,\n\t\t\t\t\t\t\t\t\t\t    \"  src=\"https:\/\/arenso.fi\/app\/uploads\/2025\/01\/reposaaren-voimaloiden-purku-20221-683x1024.jpg.webp\"\/>\n\t\t\t\t<\/div>\n\t\t\t\t\t<\/div>\n\t<\/section>\n\n\n\n<div style=\"height:50px\" aria-hidden=\"true\" class=\"wp-block-spacer\"><\/div>\n","protected":false},"excerpt":{"rendered":"<p>Bygga en mer h\u00e5llbar v\u00e4rld Suomen Hy\u00f6tytuuli&nbsp;\u00e4r ett bolag som producerar vindkraft och spelar d\u00e4rf\u00f6r&nbsp;en betydande roll n\u00e4r det g\u00e4ller att bromsa klimatf\u00f6r\u00e4ndringen. Vi producerar ren och f\u00f6rnybar energi och v\u00e5r vindkraftsproduktion orsakar inga utsl\u00e4pp i luften, vattnet eller marken. Ansvar och h\u00e5llbar utveckling \u00e4r en v\u00e4sentlig del av livscykelhanteringen i v\u00e5ra vindparker och vindkraftverk. [&hellip;]<\/p>\n","protected":false},"author":1,"featured_media":0,"parent":0,"menu_order":0,"comment_status":"closed","ping_status":"closed","template":"","meta":{"_acf_changed":false,"footnotes":""},"class_list":["post-7150","page","type-page","status-publish","hentry"],"acf":[],"yoast_head":"<!-- This site is optimized with the Yoast SEO plugin v27.3 - https:\/\/yoast.com\/product\/yoast-seo-wordpress\/ -->\n<title>Ansvar - Hy\u00f6tytuuli<\/title>\n<meta name=\"robots\" content=\"index, follow, max-snippet:-1, max-image-preview:large, max-video-preview:-1\" \/>\n<link rel=\"canonical\" href=\"https:\/\/hyotytuuli.fi\/sv\/ansvar\/\" \/>\n<meta property=\"og:locale\" content=\"sv_SE\" \/>\n<meta property=\"og:type\" content=\"article\" \/>\n<meta property=\"og:title\" content=\"Ansvar - Hy\u00f6tytuuli\" \/>\n<meta property=\"og:description\" content=\"Bygga en mer h\u00e5llbar v\u00e4rld Suomen Hy\u00f6tytuuli&nbsp;\u00e4r ett bolag som producerar vindkraft och spelar d\u00e4rf\u00f6r&nbsp;en betydande roll n\u00e4r det g\u00e4ller att bromsa klimatf\u00f6r\u00e4ndringen. Vi producerar ren och f\u00f6rnybar energi och v\u00e5r vindkraftsproduktion orsakar inga utsl\u00e4pp i luften, vattnet eller marken. Ansvar och h\u00e5llbar utveckling \u00e4r en v\u00e4sentlig del av livscykelhanteringen i v\u00e5ra vindparker och vindkraftverk. [&hellip;]\" \/>\n<meta property=\"og:url\" content=\"https:\/\/hyotytuuli.fi\/sv\/ansvar\/\" \/>\n<meta property=\"og:site_name\" content=\"Hy\u00f6tytuuli\" \/>\n<meta property=\"article:modified_time\" content=\"2026-02-23T06:25:14+00:00\" \/>\n<meta name=\"twitter:card\" content=\"summary_large_image\" \/>\n<meta name=\"twitter:label1\" content=\"Est. reading time\" \/>\n\t<meta name=\"twitter:data1\" content=\"1 minute\" \/>\n<script type=\"application\/ld+json\" class=\"yoast-schema-graph\">{\"@context\":\"https:\\\/\\\/schema.org\",\"@graph\":[{\"@type\":\"WebPage\",\"@id\":\"https:\\\/\\\/hyotytuuli.fi\\\/sv\\\/ansvar\\\/\",\"url\":\"https:\\\/\\\/hyotytuuli.fi\\\/sv\\\/ansvar\\\/\",\"name\":\"Ansvar - Hy\u00f6tytuuli\",\"isPartOf\":{\"@id\":\"https:\\\/\\\/hyotytuuli.fi\\\/sv\\\/#website\"},\"datePublished\":\"2025-01-17T12:41:25+00:00\",\"dateModified\":\"2026-02-23T06:25:14+00:00\",\"breadcrumb\":{\"@id\":\"https:\\\/\\\/hyotytuuli.fi\\\/sv\\\/ansvar\\\/#breadcrumb\"},\"inLanguage\":\"sv-SE\",\"potentialAction\":[{\"@type\":\"ReadAction\",\"target\":[\"https:\\\/\\\/hyotytuuli.fi\\\/sv\\\/ansvar\\\/\"]}]},{\"@type\":\"BreadcrumbList\",\"@id\":\"https:\\\/\\\/hyotytuuli.fi\\\/sv\\\/ansvar\\\/#breadcrumb\",\"itemListElement\":[{\"@type\":\"ListItem\",\"position\":1,\"name\":\"Home\",\"item\":\"https:\\\/\\\/hyotytuuli.fi\\\/sv\\\/\"},{\"@type\":\"ListItem\",\"position\":2,\"name\":\"Ansvar\"}]},{\"@type\":\"WebSite\",\"@id\":\"https:\\\/\\\/hyotytuuli.fi\\\/sv\\\/#website\",\"url\":\"https:\\\/\\\/hyotytuuli.fi\\\/sv\\\/\",\"name\":\"Hy\u00f6tytuuli\",\"description\":\"\",\"publisher\":{\"@id\":\"https:\\\/\\\/hyotytuuli.fi\\\/sv\\\/#organization\"},\"potentialAction\":[{\"@type\":\"SearchAction\",\"target\":{\"@type\":\"EntryPoint\",\"urlTemplate\":\"https:\\\/\\\/hyotytuuli.fi\\\/sv\\\/?s={search_term_string}\"},\"query-input\":{\"@type\":\"PropertyValueSpecification\",\"valueRequired\":true,\"valueName\":\"search_term_string\"}}],\"inLanguage\":\"sv-SE\"},{\"@type\":\"Organization\",\"@id\":\"https:\\\/\\\/hyotytuuli.fi\\\/sv\\\/#organization\",\"name\":\"Hy\u00f6tytuuli\",\"url\":\"https:\\\/\\\/hyotytuuli.fi\\\/sv\\\/\",\"logo\":{\"@type\":\"ImageObject\",\"inLanguage\":\"sv-SE\",\"@id\":\"https:\\\/\\\/hyotytuuli.fi\\\/sv\\\/#\\\/schema\\\/logo\\\/image\\\/\",\"url\":\"https:\\\/\\\/arenso.fi\\\/app\\\/uploads\\\/2025\\\/02\\\/cropped-favicon-1-1.webp\",\"contentUrl\":\"https:\\\/\\\/arenso.fi\\\/app\\\/uploads\\\/2025\\\/02\\\/cropped-favicon-1-1.webp\",\"width\":512,\"height\":512,\"caption\":\"Hy\u00f6tytuuli\"},\"image\":{\"@id\":\"https:\\\/\\\/hyotytuuli.fi\\\/sv\\\/#\\\/schema\\\/logo\\\/image\\\/\"}}]}<\/script>\n<!-- \/ Yoast SEO plugin. -->","yoast_head_json":{"title":"Ansvar - Hy\u00f6tytuuli","robots":{"index":"index","follow":"follow","max-snippet":"max-snippet:-1","max-image-preview":"max-image-preview:large","max-video-preview":"max-video-preview:-1"},"canonical":"https:\/\/hyotytuuli.fi\/sv\/ansvar\/","og_locale":"sv_SE","og_type":"article","og_title":"Ansvar - Hy\u00f6tytuuli","og_description":"Bygga en mer h\u00e5llbar v\u00e4rld Suomen Hy\u00f6tytuuli&nbsp;\u00e4r ett bolag som producerar vindkraft och spelar d\u00e4rf\u00f6r&nbsp;en betydande roll n\u00e4r det g\u00e4ller att bromsa klimatf\u00f6r\u00e4ndringen. Vi producerar ren och f\u00f6rnybar energi och v\u00e5r vindkraftsproduktion orsakar inga utsl\u00e4pp i luften, vattnet eller marken. Ansvar och h\u00e5llbar utveckling \u00e4r en v\u00e4sentlig del av livscykelhanteringen i v\u00e5ra vindparker och vindkraftverk. [&hellip;]","og_url":"https:\/\/hyotytuuli.fi\/sv\/ansvar\/","og_site_name":"Hy\u00f6tytuuli","article_modified_time":"2026-02-23T06:25:14+00:00","twitter_card":"summary_large_image","twitter_misc":{"Est. reading time":"1 minute"},"schema":{"@context":"https:\/\/schema.org","@graph":[{"@type":"WebPage","@id":"https:\/\/hyotytuuli.fi\/sv\/ansvar\/","url":"https:\/\/hyotytuuli.fi\/sv\/ansvar\/","name":"Ansvar - Hy\u00f6tytuuli","isPartOf":{"@id":"https:\/\/hyotytuuli.fi\/sv\/#website"},"datePublished":"2025-01-17T12:41:25+00:00","dateModified":"2026-02-23T06:25:14+00:00","breadcrumb":{"@id":"https:\/\/hyotytuuli.fi\/sv\/ansvar\/#breadcrumb"},"inLanguage":"sv-SE","potentialAction":[{"@type":"ReadAction","target":["https:\/\/hyotytuuli.fi\/sv\/ansvar\/"]}]},{"@type":"BreadcrumbList","@id":"https:\/\/hyotytuuli.fi\/sv\/ansvar\/#breadcrumb","itemListElement":[{"@type":"ListItem","position":1,"name":"Home","item":"https:\/\/hyotytuuli.fi\/sv\/"},{"@type":"ListItem","position":2,"name":"Ansvar"}]},{"@type":"WebSite","@id":"https:\/\/hyotytuuli.fi\/sv\/#website","url":"https:\/\/hyotytuuli.fi\/sv\/","name":"Hy\u00f6tytuuli","description":"","publisher":{"@id":"https:\/\/hyotytuuli.fi\/sv\/#organization"},"potentialAction":[{"@type":"SearchAction","target":{"@type":"EntryPoint","urlTemplate":"https:\/\/hyotytuuli.fi\/sv\/?s={search_term_string}"},"query-input":{"@type":"PropertyValueSpecification","valueRequired":true,"valueName":"search_term_string"}}],"inLanguage":"sv-SE"},{"@type":"Organization","@id":"https:\/\/hyotytuuli.fi\/sv\/#organization","name":"Hy\u00f6tytuuli","url":"https:\/\/hyotytuuli.fi\/sv\/","logo":{"@type":"ImageObject","inLanguage":"sv-SE","@id":"https:\/\/hyotytuuli.fi\/sv\/#\/schema\/logo\/image\/","url":"https:\/\/arenso.fi\/app\/uploads\/2025\/02\/cropped-favicon-1-1.webp","contentUrl":"https:\/\/arenso.fi\/app\/uploads\/2025\/02\/cropped-favicon-1-1.webp","width":512,"height":512,"caption":"Hy\u00f6tytuuli"},"image":{"@id":"https:\/\/hyotytuuli.fi\/sv\/#\/schema\/logo\/image\/"}}]}},"_links":{"self":[{"href":"https:\/\/hyotytuuli.fi\/sv\/wp-json\/wp\/v2\/pages\/7150","targetHints":{"allow":["GET"]}}],"collection":[{"href":"https:\/\/hyotytuuli.fi\/sv\/wp-json\/wp\/v2\/pages"}],"about":[{"href":"https:\/\/hyotytuuli.fi\/sv\/wp-json\/wp\/v2\/types\/page"}],"author":[{"embeddable":true,"href":"https:\/\/hyotytuuli.fi\/sv\/wp-json\/wp\/v2\/users\/1"}],"replies":[{"embeddable":true,"href":"https:\/\/hyotytuuli.fi\/sv\/wp-json\/wp\/v2\/comments?post=7150"}],"version-history":[{"count":2,"href":"https:\/\/hyotytuuli.fi\/sv\/wp-json\/wp\/v2\/pages\/7150\/revisions"}],"predecessor-version":[{"id":8178,"href":"https:\/\/hyotytuuli.fi\/sv\/wp-json\/wp\/v2\/pages\/7150\/revisions\/8178"}],"wp:attachment":[{"href":"https:\/\/hyotytuuli.fi\/sv\/wp-json\/wp\/v2\/media?parent=7150"}],"curies":[{"name":"wp","href":"https:\/\/api.w.org\/{rel}","templated":true}]}}