{"id":7156,"date":"2025-01-17T12:30:15","date_gmt":"2025-01-17T10:30:15","guid":{"rendered":"https:\/\/hyotytuuli.fi\/?page_id=7156"},"modified":"2025-10-13T14:21:08","modified_gmt":"2025-10-13T12:21:08","slug":"vindparksprojekt-siikajoki","status":"publish","type":"page","link":"https:\/\/hyotytuuli.fi\/sv\/projekt\/vindparksprojekt-siikajoki\/","title":{"rendered":"Siikajoki vindkraftsprojekt"},"content":{"rendered":"\n\n<style>\n                            @media screen and (min-width: 1px) and (max-width: 9999px) {\n            .Hero-1367235964 {\n                background-image: url('https:\/\/arenso.fi\/app\/uploads\/2025\/01\/a7r05951-edit.jpg.webp');\n            }\n        }\n            \n            @media screen and (max-width: 767.1px) {\n        .Hero-1367235964 {\n            height: 230px !important;\n        }\n    }\n    \n                .Hero-1367235964 {\n            height: 350px;\n        }\n    \n<\/style>\n\n<section class=\"mb-8\" >\n    <div class=\"\n        Hero\n        Hero-1367235964\n        full-width\n        z-10\n        relative bg-cover\n        bg-center inset-x-2\/4\n        flex justify-center items-center\n    \">\n            <h1 class=\"text-white font-bold text-center h2 md:h1 text-balance\"><\/h1>\n        <\/div>\n    <\/section>\n\n\n<section >\n\t<div class=\"IconElement relative flex justify-between flex-col lg:flex-row lg:flex-row my-20 xl:mx-8\">\n\t\t<div class=\"w-full \">\n\t\t\t<div class=\"grid grid-cols-2 sm:grid-cols-[repeat(auto-fit,minmax(100px,1fr))] gap-2 xl:gap-4 2xl:gap-4\">\n\t\t\t\t\t\t\t\t\t\t\t\t\t\t\t<div class=\"border border-hyotytuuli rounded-md hover:bg-hyotytuuli-light overflow-auto\">\n\t\t\t\t\t\t\t<div class=\"py-2 text-center\">\n\t\t\t\t\t\t\t\t<p class=\"flex justify-center uppercase pt-2 sm:py-4\">VINDTURBINER<\/p>\n\t\t\t\t\t\t\t\t<div class=\"flex items-baseline justify-center text-center sm:pb-4\">\n\t\t\t\t\t\t\t\t\t\t\t\t\t\t\t\t\t\t\t<h4 class=\"text-hyotytuuli-hilight2 px-2 py-4 h1\">38<\/h4>\n\t\t\t\t\t\t\t\t\t\t\t\t\t\t\t\t\t\t<p class=\"\">st<\/p>\n\t\t\t\t\t\t\t\t<\/div>\n\t\t\t\t\t\t\t<\/div>\n\t\t\t\t\t\t\t<div class=\"flex justify-center\">\n\t\t\t\t\t\t\t\t<img decoding=\"async\" loading=\"lazy\" class=\"object-contain h-full w-full aspect-[1\/1] max-w-52 max-h-52\" src=\"https:\/\/arenso.fi\/app\/uploads\/2025\/01\/amount-icon.png.webp\"\/>\n\t\t\t\t\t\t\t<\/div>\n\t\t\t\t\t\t<\/div>\n\t\t\t\t\t\t\t\t\t\t\t\t\t\t\t\t\t\t\t\t<div class=\"border border-hyotytuuli rounded-md hover:bg-hyotytuuli-light overflow-auto\">\n\t\t\t\t\t\t\t<div class=\"py-2 text-center\">\n\t\t\t\t\t\t\t\t<p class=\"flex justify-center uppercase pt-2 sm:py-4\">SPETSH\u00d6JD<\/p>\n\t\t\t\t\t\t\t\t<div class=\"flex items-baseline justify-center text-center sm:pb-4\">\n\t\t\t\t\t\t\t\t\t\t\t\t\t\t\t\t\t\t\t<h4 class=\"text-hyotytuuli-hilight2 px-2 py-4 h1\">230-240<\/h4>\n\t\t\t\t\t\t\t\t\t\t\t\t\t\t\t\t\t\t<p class=\"\">m<\/p>\n\t\t\t\t\t\t\t\t<\/div>\n\t\t\t\t\t\t\t<\/div>\n\t\t\t\t\t\t\t<div class=\"flex justify-center\">\n\t\t\t\t\t\t\t\t<img decoding=\"async\" loading=\"lazy\" class=\"object-contain h-full w-full aspect-[1\/1] max-w-52 max-h-52\" src=\"https:\/\/arenso.fi\/app\/uploads\/2025\/02\/tipheight-icon.png.webp\"\/>\n\t\t\t\t\t\t\t<\/div>\n\t\t\t\t\t\t<\/div>\n\t\t\t\t\t\t\t\t\t\t\t\t\t\t\t\t\t\t\t\t<div class=\"border border-hyotytuuli rounded-md hover:bg-hyotytuuli-light overflow-auto\">\n\t\t\t\t\t\t\t<div class=\"py-2 text-center\">\n\t\t\t\t\t\t\t\t<p class=\"flex justify-center uppercase pt-2 sm:py-4\">DIAMETER P\u00c5 ROTORN<\/p>\n\t\t\t\t\t\t\t\t<div class=\"flex items-baseline justify-center text-center sm:pb-4\">\n\t\t\t\t\t\t\t\t\t\t\t\t\t\t\t\t\t\t\t<h4 class=\"text-hyotytuuli-hilight2 px-2 py-4 h1\">162<\/h4>\n\t\t\t\t\t\t\t\t\t\t\t\t\t\t\t\t\t\t<p class=\"\">m<\/p>\n\t\t\t\t\t\t\t\t<\/div>\n\t\t\t\t\t\t\t<\/div>\n\t\t\t\t\t\t\t<div class=\"flex justify-center\">\n\t\t\t\t\t\t\t\t<img decoding=\"async\" loading=\"lazy\" class=\"object-contain h-full w-full aspect-[1\/1] max-w-52 max-h-52\" src=\"https:\/\/arenso.fi\/app\/uploads\/2025\/01\/width-icon.png.webp\"\/>\n\t\t\t\t\t\t\t<\/div>\n\t\t\t\t\t\t<\/div>\n\t\t\t\t\t\t\t\t\t\t\t\t\t\t\t\t\t\t\t\t<div class=\"border border-hyotytuuli rounded-md hover:bg-hyotytuuli-light overflow-auto\">\n\t\t\t\t\t\t\t<div class=\"py-2 text-center\">\n\t\t\t\t\t\t\t\t<p class=\"flex justify-center uppercase pt-2 sm:py-4\">KRAFT \/ TURBIN<\/p>\n\t\t\t\t\t\t\t\t<div class=\"flex items-baseline justify-center text-center sm:pb-4\">\n\t\t\t\t\t\t\t\t\t\t\t\t\t\t\t\t\t\t\t<h4 class=\"text-hyotytuuli-hilight2 px-2 py-4 h1\">6,2<\/h4>\n\t\t\t\t\t\t\t\t\t\t\t\t\t\t\t\t\t\t<p class=\"\">MW<\/p>\n\t\t\t\t\t\t\t\t<\/div>\n\t\t\t\t\t\t\t<\/div>\n\t\t\t\t\t\t\t<div class=\"flex justify-center\">\n\t\t\t\t\t\t\t\t<img decoding=\"async\" loading=\"lazy\" class=\"object-contain h-full w-full aspect-[1\/1] max-w-52 max-h-52\" src=\"https:\/\/arenso.fi\/app\/uploads\/2025\/01\/power-icon.png.webp\"\/>\n\t\t\t\t\t\t\t<\/div>\n\t\t\t\t\t\t<\/div>\n\t\t\t\t\t\t\t\t\t\n\t\t\t<\/div>\n\t\t\t\t\t\t\t<div class=\"mt-4 p-4 border border-hyotytuuli rounded-md hover:bg-hyotytuuli-light flex flex-wrap justify-center text-center\">\n\t\t\t\t\t<span class=\"uppercase\">&nbsp;<\/span>\n\t\t\t\t\t<span class=\"text-hyotytuuli\">&nbsp;<\/span>\n\t\t\t\t\t<span><\/span>\n\t\t\t\t<\/div>\n\t\t\t\t\t<\/div>\n\t<\/section>\n\n\n\n<h2 class=\"wp-block-heading\">Siikajoki vindkraftsprojekt \/ under uppbyggnad<\/h2>\n\n\n\n<p>Suomen Hy\u00f6tytuuli bygger en vindpark med 38 vindkraftverk i ett omr\u00e5de som h\u00f6r till Siikajoki kommun.<\/p>\n\n\n\n<p>Vindparksomr\u00e5det ligger i v\u00e4stra delen av Siikajoki kommun i Norra \u00d6sterbotten. Byn Revonlahti ligger cirka fem kilometer \u00f6ster om vindparken och Brahestads centrum cirka femton kilometer v\u00e4ster om vindparken.<\/p>\n\n\n\n<p>Vindparken best\u00e5r av vindkraftverk j\u00e4mte grundl\u00e4ggningar, jordkablar som f\u00f6renar dem, vindparkens elstation, en luftledning p\u00e5 110 kV f\u00f6r anslutning till eln\u00e4tet samt servicev\u00e4gar mellan vindkraftverken.<\/p>\n\n\n\n<p>Projektets delgeneralplaner och bygglov har vunnit laga kraft.<\/p>\n\n\n\n<p><\/p>\n\n\n\n<div style=\"height:30px\" aria-hidden=\"true\" class=\"wp-block-spacer\"><\/div>\n\n\n<div class=\"wp-block-image\">\n<figure class=\"aligncenter size-large\"><img loading=\"lazy\" decoding=\"async\" width=\"1024\" height=\"497\" src=\"https:\/\/arenso.fi\/app\/uploads\/2025\/01\/siikajoen-tuulipuistohankkeet-1.jpg-1024x497.webp\" alt=\"siikajoen-tuulipuistohankkeet\" class=\"wp-image-6640\" srcset=\"https:\/\/arenso.fi\/app\/uploads\/2025\/01\/siikajoen-tuulipuistohankkeet-1.jpg-1024x497.webp 1024w, https:\/\/arenso.fi\/app\/uploads\/2025\/01\/siikajoen-tuulipuistohankkeet-1.jpg-300x146.webp 300w, https:\/\/arenso.fi\/app\/uploads\/2025\/01\/siikajoen-tuulipuistohankkeet-1.jpg-768x373.webp 768w, https:\/\/arenso.fi\/app\/uploads\/2025\/01\/siikajoen-tuulipuistohankkeet-1.jpg.webp 1410w\" sizes=\"auto, (max-width: 1024px) 100vw, 1024px\" \/><\/figure>\n<\/div>\n\n\n\t<section class=\"full-width inset-x-2\/4 relative  my-12\">\n\t\t<div>\n\t\t\t<h2 class=\"text-center text-3xl font-bold mb-4\">Aktuellt<\/h2>\n\t\t<\/div>\n\t\t\t\t\t<div class=\"absolute h-[500px] right-0 left-0 top-48 bottom-0 bg-hyotytuuli-hilight3\"><\/div>\n\t\t\t\t<div\n\t\t\tclass=\"Carousel relative wrap h-[620px]  \" >\n\t\t\t<!-- Slider main container -->\n\t\t\t<div id=\"swiper-1\" class=\"swiper  relative\">\n\t\t\t\t<!-- Additional required wrapper -->\n\t\t\t\t<div class=\"swiper-wrapper\">\n\t\t\t\t\t\t\t\t\t\t\t<div class=\"swiper-slide relative\">\n\t\t\t\t\t\t\t<article class=\"tease tease-post\" id=\"tease-5208\">\n\t\t<div class=\"flex flex-col shadow-md rounded-sm h-[600px] bg-white\">\n\t\t\t\t<div>\n\t\t\t<a href=\"https:\/\/hyotytuuli.fi\/sv\/suomen-hyotytuuli-investerar-i-hittills-sin-storsta-vindpark-i-siikajoki-i-norra-osterbotten\/\">\n\t\t\t\t\t\t\t\t\t<img decoding=\"async\" src=\"\/app\/themes\/hyotytuuli\/assets\/images\/artikkeli-placeholder.jpg\" alt=\"Artikkelikuva\" class=\"w-full h-56 object-cover object-center rounded-t-sm mb-4 hover:opacity-70\">\n\t\t\t\t\t\t\t<\/a>\n\t\t<\/div>\n\t\t<div class=\"flex flex-col justify-between px-4 pt-4 text-center h-full\">\n\t\t\t<div>\n\t\t\t\t<a href=\"https:\/\/hyotytuuli.fi\/sv\/suomen-hyotytuuli-investerar-i-hittills-sin-storsta-vindpark-i-siikajoki-i-norra-osterbotten\/\">\n\t\t\t\t\t<h3 class=\"font-bold hover:text-link-hover hover:border-link-hover\">Suomen Hy\u00f6tytuuli investerar i hittills sin st\u00f6rsta vindpark i Siikajoki i Norra \u00d6sterbotten\n\t\t\t\t\t<\/h3>\n\t\t\t\t<\/a>\n\t\t\t\t<p class=\"m-2\">Publiceras\n\t\t\t\t\t02.12.2022<\/p>\n\t\t\t<\/div>\n\t\t\t\t\t\t\t<p class=\"text-center p-small text-gray-500 text-balance\">Uppdaterad den 21 december 2022\n\nSuomen Hy\u00f6tytuuli ska bygga en vindpark med 38 vindturbiner i Siikajoki i Norra \u00d6sterbotten.\u00a0 Investeringens v\u00e4rde \u00e4r cirka 330 miljoner euro. Projektet \u00e4r tills vidar&#8230;<\/p>\n\t\t\t\t\t\t<div class=\"flex justify-center z-20 pb-4\">\n\t\t\t\t<a href=\"https:\/\/hyotytuuli.fi\/sv\/suomen-hyotytuuli-investerar-i-hittills-sin-storsta-vindpark-i-siikajoki-i-norra-osterbotten\/\" class=\"button relative flex px-7 py-4 items-center rounded-full text-hyotytuuli border border-hyotytuuli bg-hover:bg-white hover:text-link-hover hover:border-link-hover\">\n\t\t\t\t\t<span class=\"p pr-2\">L\u00e4s mer<\/span>\n\t\t\t\t\t<div class=\"\"><svg xmlns=\"http:\/\/www.w3.org\/2000\/svg\" fill=\"none\" viewBox=\"0 0 24 24\" stroke-width=\"1.5\" stroke=\"currentColor\" class=\"w-6 h-6\">\n  <path stroke-linecap=\"round\" stroke-linejoin=\"round\" d=\"M17.25 8.25 21 12m0 0-3.75 3.75M21 12H3\" \/>\n<\/svg>\n<\/div>\n\t\t\t\t<\/a>\n\t\t\t<\/div>\n\t\t<\/div>\n\t<\/div>\n<\/article>\n\t\t\t\t\t\t<\/div>\n\t\t\t\t\t\t\t\t\t<\/div>\n\t\t\t<\/div>\n\t\t<\/div>\n\t\t<div class=\"ArticleCarouselButtons hidden md:block\">\n\t\t\t<div id=\"prev-1\" class=\"swiper-button-prev 2xl:ml-20\"><\/div>\n\t\t\t<div id=\"next-1\" class=\"swiper-button-next 2xl:mr-20\"><\/div>\n\t\t<\/div>\n\t\t\t\t<div class=\"flex justify-center text-white bg-hyotytuuli-hilight3 p-8\">\n\t\t\t\t\t<\/div>\n\t\t\t<\/section>\n\n\n<section class=\" my-4 sm:my-8 md:my-12 xl:my-20\" >\n\t\t\t<div class=\"FiftyFiftyImage relative flex justify-between bg-hyotytuuli-light flex-col-reverse lg:flex-row-reverse\">\n\t\t\t<div class=\"w-full aspect-[7\/5] lg:w-1\/2 p-4 sm:p-8 md:p-12  lg:px-12 lg:pt-14 \">\n\t\t\t\t\t\t\t\t\t\t\t\t<h2 class=\"Title flex flex-col justify-start mb-4 text-hyotytuuli-hilight3\">\n\t\t\t\t\t\tF\u00f6r mark\u00e4gare\n\t\t\t\t\t<\/h2>\n\t\t\t\t\t\t\t\t\t\t\t\t\t<div class=\"flex flex-col text-hyotytuuli-hilight3 justify-center \">\n\t\t\t\t\t\t\t\t\t\t\t\t\t<p>Suomen Hy\u00f6tytuuli satsar p\u00e5 l\u00e5ngsiktigt samarbete med mark\u00e4garna till vindkraftsparkerna.<\/p>\n\n\t\t\t\t\t\t\t\t\t\t\t\t\t\t\t\t\t\t\t<div class=\"flex mt-6\">\n\t\t\t\t\t\t\t\t\n<a\nhref=\"https:\/\/hyotytuuli.fi\/sv\/for-markagare\/\"\nalt=\"\"\ntarget=\"\"\nclass=\"button relative flex mt-3 mr-2 px-7 py-4 items-center rounded-full text-hyotytuuli border border-hyotytuuli bg-hover:bg-white hover:text-link-hover hover:border-link-hover\">\n    <span class=\"p pr-2\">L\u00e4s mer om v\u00e5rt samarbete med mark\u00e4gare<\/span>\n    <div class=\"\"><svg xmlns=\"http:\/\/www.w3.org\/2000\/svg\" fill=\"none\" viewBox=\"0 0 24 24\" stroke-width=\"1.5\" stroke=\"currentColor\" class=\"w-6 h-6\">\n  <path stroke-linecap=\"round\" stroke-linejoin=\"round\" d=\"M17.25 8.25 21 12m0 0-3.75 3.75M21 12H3\" \/>\n<\/svg>\n<\/div>\n<\/a>\n\t\t\t\t\t\t\t<\/div>\n\t\t\t\t\t\t\t\t\t\t\t<\/div>\n\t\t\t\t\t\t\t\t\t\t<\/div>\n\t\t\t\t\t\t\t<div class=\" self-stretch justify-self-stretch w-full lg:w-1\/2 relative flex justify-center lg:justify-start\">\n\t\t\t\t\t<img decoding=\"async\" loading=\"lazy\" class=\"object-cover h-full w-full aspect-[7\/5]\"  srcset=\"\n\t\t\t\t\t\t\t\t\t\t\thttps:\/\/arenso.fi\/app\/uploads\/2024\/12\/Yleis3-Hyotytuuli-150x150.jpg 150w,\n\t\t\t\t\t\t\t\t\t\t\thttps:\/\/arenso.fi\/app\/uploads\/2024\/12\/Yleis3-Hyotytuuli-300x211.jpg 300w,\n\t\t\t\t\t\t\t\t\t\t\thttps:\/\/arenso.fi\/app\/uploads\/2024\/12\/Yleis3-Hyotytuuli.jpg 762w,\n\t\t\t\t\t\t\t\t\t\t\thttps:\/\/arenso.fi\/app\/uploads\/2024\/12\/Yleis3-Hyotytuuli.jpg 762w,\n\t\t\t\t\t\t\t\t\t\t\thttps:\/\/arenso.fi\/app\/uploads\/2024\/12\/Yleis3-Hyotytuuli.jpg 762w,\n\t\t\t\t\t\t\t\t\t\t    \"  src=\"https:\/\/arenso.fi\/app\/uploads\/2024\/12\/Yleis3-Hyotytuuli.jpg\"\/>\n\t\t\t\t<\/div>\n\t\t\t\t\t<\/div>\n\t<\/section>\n","protected":false},"excerpt":{"rendered":"<p>Siikajoki vindkraftsprojekt \/ under uppbyggnad Suomen Hy\u00f6tytuuli bygger en vindpark med 38 vindkraftverk i ett omr\u00e5de som h\u00f6r till Siikajoki kommun. Vindparksomr\u00e5det ligger i v\u00e4stra delen av Siikajoki kommun i Norra \u00d6sterbotten. Byn Revonlahti ligger cirka fem kilometer \u00f6ster om vindparken och Brahestads centrum cirka femton kilometer v\u00e4ster om vindparken. Vindparken best\u00e5r av vindkraftverk j\u00e4mte [&hellip;]<\/p>\n","protected":false},"author":1,"featured_media":0,"parent":7153,"menu_order":0,"comment_status":"closed","ping_status":"closed","template":"","meta":{"_acf_changed":false,"footnotes":""},"class_list":["post-7156","page","type-page","status-publish","hentry"],"acf":[],"yoast_head":"<!-- This site is optimized with the Yoast SEO plugin v27.3 - https:\/\/yoast.com\/product\/yoast-seo-wordpress\/ -->\n<title>Siikajoki vindkraftsprojekt - Hy\u00f6tytuuli<\/title>\n<meta name=\"robots\" content=\"index, follow, max-snippet:-1, max-image-preview:large, max-video-preview:-1\" \/>\n<link rel=\"canonical\" href=\"https:\/\/hyotytuuli.fi\/sv\/projekt\/vindparksprojekt-siikajoki\/\" \/>\n<meta property=\"og:locale\" content=\"sv_SE\" \/>\n<meta property=\"og:type\" content=\"article\" \/>\n<meta property=\"og:title\" content=\"Siikajoki vindkraftsprojekt - Hy\u00f6tytuuli\" \/>\n<meta property=\"og:description\" content=\"Siikajoki vindkraftsprojekt \/ under uppbyggnad Suomen Hy\u00f6tytuuli bygger en vindpark med 38 vindkraftverk i ett omr\u00e5de som h\u00f6r till Siikajoki kommun. Vindparksomr\u00e5det ligger i v\u00e4stra delen av Siikajoki kommun i Norra \u00d6sterbotten. Byn Revonlahti ligger cirka fem kilometer \u00f6ster om vindparken och Brahestads centrum cirka femton kilometer v\u00e4ster om vindparken. Vindparken best\u00e5r av vindkraftverk j\u00e4mte [&hellip;]\" \/>\n<meta property=\"og:url\" content=\"https:\/\/hyotytuuli.fi\/sv\/projekt\/vindparksprojekt-siikajoki\/\" \/>\n<meta property=\"og:site_name\" content=\"Hy\u00f6tytuuli\" \/>\n<meta property=\"article:modified_time\" content=\"2025-10-13T12:21:08+00:00\" \/>\n<meta property=\"og:image\" content=\"https:\/\/arenso.fi\/app\/uploads\/2025\/01\/siikajoen-tuulipuistohankkeet-1.jpg-1024x497.webp\" \/>\n<meta name=\"twitter:card\" content=\"summary_large_image\" \/>\n<meta name=\"twitter:label1\" content=\"Est. reading time\" \/>\n\t<meta name=\"twitter:data1\" content=\"1 minute\" \/>\n<script type=\"application\/ld+json\" class=\"yoast-schema-graph\">{\"@context\":\"https:\\\/\\\/schema.org\",\"@graph\":[{\"@type\":\"WebPage\",\"@id\":\"https:\\\/\\\/hyotytuuli.fi\\\/sv\\\/projekt\\\/vindparksprojekt-siikajoki\\\/\",\"url\":\"https:\\\/\\\/hyotytuuli.fi\\\/sv\\\/projekt\\\/vindparksprojekt-siikajoki\\\/\",\"name\":\"Siikajoki vindkraftsprojekt - Hy\u00f6tytuuli\",\"isPartOf\":{\"@id\":\"https:\\\/\\\/hyotytuuli.fi\\\/sv\\\/#website\"},\"primaryImageOfPage\":{\"@id\":\"https:\\\/\\\/hyotytuuli.fi\\\/sv\\\/projekt\\\/vindparksprojekt-siikajoki\\\/#primaryimage\"},\"image\":{\"@id\":\"https:\\\/\\\/hyotytuuli.fi\\\/sv\\\/projekt\\\/vindparksprojekt-siikajoki\\\/#primaryimage\"},\"thumbnailUrl\":\"https:\\\/\\\/arenso.fi\\\/app\\\/uploads\\\/2025\\\/01\\\/siikajoen-tuulipuistohankkeet-1.jpg-1024x497.webp\",\"datePublished\":\"2025-01-17T10:30:15+00:00\",\"dateModified\":\"2025-10-13T12:21:08+00:00\",\"breadcrumb\":{\"@id\":\"https:\\\/\\\/hyotytuuli.fi\\\/sv\\\/projekt\\\/vindparksprojekt-siikajoki\\\/#breadcrumb\"},\"inLanguage\":\"sv-SE\",\"potentialAction\":[{\"@type\":\"ReadAction\",\"target\":[\"https:\\\/\\\/hyotytuuli.fi\\\/sv\\\/projekt\\\/vindparksprojekt-siikajoki\\\/\"]}]},{\"@type\":\"ImageObject\",\"inLanguage\":\"sv-SE\",\"@id\":\"https:\\\/\\\/hyotytuuli.fi\\\/sv\\\/projekt\\\/vindparksprojekt-siikajoki\\\/#primaryimage\",\"url\":\"https:\\\/\\\/arenso.fi\\\/app\\\/uploads\\\/2025\\\/01\\\/siikajoen-tuulipuistohankkeet-1.jpg-1024x497.webp\",\"contentUrl\":\"https:\\\/\\\/arenso.fi\\\/app\\\/uploads\\\/2025\\\/01\\\/siikajoen-tuulipuistohankkeet-1.jpg-1024x497.webp\"},{\"@type\":\"BreadcrumbList\",\"@id\":\"https:\\\/\\\/hyotytuuli.fi\\\/sv\\\/projekt\\\/vindparksprojekt-siikajoki\\\/#breadcrumb\",\"itemListElement\":[{\"@type\":\"ListItem\",\"position\":1,\"name\":\"Home\",\"item\":\"https:\\\/\\\/hyotytuuli.fi\\\/sv\\\/\"},{\"@type\":\"ListItem\",\"position\":2,\"name\":\"Projekt\",\"item\":\"https:\\\/\\\/hyotytuuli.fi\\\/sv\\\/projekt\\\/\"},{\"@type\":\"ListItem\",\"position\":3,\"name\":\"Siikajoki vindkraftsprojekt\"}]},{\"@type\":\"WebSite\",\"@id\":\"https:\\\/\\\/hyotytuuli.fi\\\/sv\\\/#website\",\"url\":\"https:\\\/\\\/hyotytuuli.fi\\\/sv\\\/\",\"name\":\"Hy\u00f6tytuuli\",\"description\":\"\",\"publisher\":{\"@id\":\"https:\\\/\\\/hyotytuuli.fi\\\/sv\\\/#organization\"},\"potentialAction\":[{\"@type\":\"SearchAction\",\"target\":{\"@type\":\"EntryPoint\",\"urlTemplate\":\"https:\\\/\\\/hyotytuuli.fi\\\/sv\\\/?s={search_term_string}\"},\"query-input\":{\"@type\":\"PropertyValueSpecification\",\"valueRequired\":true,\"valueName\":\"search_term_string\"}}],\"inLanguage\":\"sv-SE\"},{\"@type\":\"Organization\",\"@id\":\"https:\\\/\\\/hyotytuuli.fi\\\/sv\\\/#organization\",\"name\":\"Hy\u00f6tytuuli\",\"url\":\"https:\\\/\\\/hyotytuuli.fi\\\/sv\\\/\",\"logo\":{\"@type\":\"ImageObject\",\"inLanguage\":\"sv-SE\",\"@id\":\"https:\\\/\\\/hyotytuuli.fi\\\/sv\\\/#\\\/schema\\\/logo\\\/image\\\/\",\"url\":\"https:\\\/\\\/arenso.fi\\\/app\\\/uploads\\\/2025\\\/02\\\/cropped-favicon-1-1.webp\",\"contentUrl\":\"https:\\\/\\\/arenso.fi\\\/app\\\/uploads\\\/2025\\\/02\\\/cropped-favicon-1-1.webp\",\"width\":512,\"height\":512,\"caption\":\"Hy\u00f6tytuuli\"},\"image\":{\"@id\":\"https:\\\/\\\/hyotytuuli.fi\\\/sv\\\/#\\\/schema\\\/logo\\\/image\\\/\"}}]}<\/script>\n<!-- \/ Yoast SEO plugin. -->","yoast_head_json":{"title":"Siikajoki vindkraftsprojekt - Hy\u00f6tytuuli","robots":{"index":"index","follow":"follow","max-snippet":"max-snippet:-1","max-image-preview":"max-image-preview:large","max-video-preview":"max-video-preview:-1"},"canonical":"https:\/\/hyotytuuli.fi\/sv\/projekt\/vindparksprojekt-siikajoki\/","og_locale":"sv_SE","og_type":"article","og_title":"Siikajoki vindkraftsprojekt - Hy\u00f6tytuuli","og_description":"Siikajoki vindkraftsprojekt \/ under uppbyggnad Suomen Hy\u00f6tytuuli bygger en vindpark med 38 vindkraftverk i ett omr\u00e5de som h\u00f6r till Siikajoki kommun. Vindparksomr\u00e5det ligger i v\u00e4stra delen av Siikajoki kommun i Norra \u00d6sterbotten. Byn Revonlahti ligger cirka fem kilometer \u00f6ster om vindparken och Brahestads centrum cirka femton kilometer v\u00e4ster om vindparken. Vindparken best\u00e5r av vindkraftverk j\u00e4mte [&hellip;]","og_url":"https:\/\/hyotytuuli.fi\/sv\/projekt\/vindparksprojekt-siikajoki\/","og_site_name":"Hy\u00f6tytuuli","article_modified_time":"2025-10-13T12:21:08+00:00","og_image":[{"url":"https:\/\/arenso.fi\/app\/uploads\/2025\/01\/siikajoen-tuulipuistohankkeet-1.jpg-1024x497.webp","type":"","width":"","height":""}],"twitter_card":"summary_large_image","twitter_misc":{"Est. reading time":"1 minute"},"schema":{"@context":"https:\/\/schema.org","@graph":[{"@type":"WebPage","@id":"https:\/\/hyotytuuli.fi\/sv\/projekt\/vindparksprojekt-siikajoki\/","url":"https:\/\/hyotytuuli.fi\/sv\/projekt\/vindparksprojekt-siikajoki\/","name":"Siikajoki vindkraftsprojekt - Hy\u00f6tytuuli","isPartOf":{"@id":"https:\/\/hyotytuuli.fi\/sv\/#website"},"primaryImageOfPage":{"@id":"https:\/\/hyotytuuli.fi\/sv\/projekt\/vindparksprojekt-siikajoki\/#primaryimage"},"image":{"@id":"https:\/\/hyotytuuli.fi\/sv\/projekt\/vindparksprojekt-siikajoki\/#primaryimage"},"thumbnailUrl":"https:\/\/arenso.fi\/app\/uploads\/2025\/01\/siikajoen-tuulipuistohankkeet-1.jpg-1024x497.webp","datePublished":"2025-01-17T10:30:15+00:00","dateModified":"2025-10-13T12:21:08+00:00","breadcrumb":{"@id":"https:\/\/hyotytuuli.fi\/sv\/projekt\/vindparksprojekt-siikajoki\/#breadcrumb"},"inLanguage":"sv-SE","potentialAction":[{"@type":"ReadAction","target":["https:\/\/hyotytuuli.fi\/sv\/projekt\/vindparksprojekt-siikajoki\/"]}]},{"@type":"ImageObject","inLanguage":"sv-SE","@id":"https:\/\/hyotytuuli.fi\/sv\/projekt\/vindparksprojekt-siikajoki\/#primaryimage","url":"https:\/\/arenso.fi\/app\/uploads\/2025\/01\/siikajoen-tuulipuistohankkeet-1.jpg-1024x497.webp","contentUrl":"https:\/\/arenso.fi\/app\/uploads\/2025\/01\/siikajoen-tuulipuistohankkeet-1.jpg-1024x497.webp"},{"@type":"BreadcrumbList","@id":"https:\/\/hyotytuuli.fi\/sv\/projekt\/vindparksprojekt-siikajoki\/#breadcrumb","itemListElement":[{"@type":"ListItem","position":1,"name":"Home","item":"https:\/\/hyotytuuli.fi\/sv\/"},{"@type":"ListItem","position":2,"name":"Projekt","item":"https:\/\/hyotytuuli.fi\/sv\/projekt\/"},{"@type":"ListItem","position":3,"name":"Siikajoki vindkraftsprojekt"}]},{"@type":"WebSite","@id":"https:\/\/hyotytuuli.fi\/sv\/#website","url":"https:\/\/hyotytuuli.fi\/sv\/","name":"Hy\u00f6tytuuli","description":"","publisher":{"@id":"https:\/\/hyotytuuli.fi\/sv\/#organization"},"potentialAction":[{"@type":"SearchAction","target":{"@type":"EntryPoint","urlTemplate":"https:\/\/hyotytuuli.fi\/sv\/?s={search_term_string}"},"query-input":{"@type":"PropertyValueSpecification","valueRequired":true,"valueName":"search_term_string"}}],"inLanguage":"sv-SE"},{"@type":"Organization","@id":"https:\/\/hyotytuuli.fi\/sv\/#organization","name":"Hy\u00f6tytuuli","url":"https:\/\/hyotytuuli.fi\/sv\/","logo":{"@type":"ImageObject","inLanguage":"sv-SE","@id":"https:\/\/hyotytuuli.fi\/sv\/#\/schema\/logo\/image\/","url":"https:\/\/arenso.fi\/app\/uploads\/2025\/02\/cropped-favicon-1-1.webp","contentUrl":"https:\/\/arenso.fi\/app\/uploads\/2025\/02\/cropped-favicon-1-1.webp","width":512,"height":512,"caption":"Hy\u00f6tytuuli"},"image":{"@id":"https:\/\/hyotytuuli.fi\/sv\/#\/schema\/logo\/image\/"}}]}},"_links":{"self":[{"href":"https:\/\/hyotytuuli.fi\/sv\/wp-json\/wp\/v2\/pages\/7156","targetHints":{"allow":["GET"]}}],"collection":[{"href":"https:\/\/hyotytuuli.fi\/sv\/wp-json\/wp\/v2\/pages"}],"about":[{"href":"https:\/\/hyotytuuli.fi\/sv\/wp-json\/wp\/v2\/types\/page"}],"author":[{"embeddable":true,"href":"https:\/\/hyotytuuli.fi\/sv\/wp-json\/wp\/v2\/users\/1"}],"replies":[{"embeddable":true,"href":"https:\/\/hyotytuuli.fi\/sv\/wp-json\/wp\/v2\/comments?post=7156"}],"version-history":[{"count":12,"href":"https:\/\/hyotytuuli.fi\/sv\/wp-json\/wp\/v2\/pages\/7156\/revisions"}],"predecessor-version":[{"id":7981,"href":"https:\/\/hyotytuuli.fi\/sv\/wp-json\/wp\/v2\/pages\/7156\/revisions\/7981"}],"up":[{"embeddable":true,"href":"https:\/\/hyotytuuli.fi\/sv\/wp-json\/wp\/v2\/pages\/7153"}],"wp:attachment":[{"href":"https:\/\/hyotytuuli.fi\/sv\/wp-json\/wp\/v2\/media?parent=7156"}],"curies":[{"name":"wp","href":"https:\/\/api.w.org\/{rel}","templated":true}]}}