{"id":7210,"date":"2025-01-17T14:47:54","date_gmt":"2025-01-17T12:47:54","guid":{"rendered":"https:\/\/hyotytuuli.fi\/?page_id=7210"},"modified":"2025-02-13T09:23:49","modified_gmt":"2025-02-13T07:23:49","slug":"etiska-riktlinjer","status":"publish","type":"page","link":"https:\/\/hyotytuuli.fi\/sv\/ansvar\/etiska-riktlinjer\/","title":{"rendered":"V\u00e5ra v\u00e4rderingar och etiska riktlinjer"},"content":{"rendered":"\n\n<style>\n                            @media screen and (min-width: 1px) and (max-width: 9999px) {\n            .Hero-1386648748 {\n                background-image: url('https:\/\/arenso.fi\/app\/uploads\/2025\/01\/Vastuullisuus2.jpg');\n            }\n        }\n            \n            @media screen and (max-width: 767.1px) {\n        .Hero-1386648748 {\n            height: 230px !important;\n        }\n    }\n    \n                .Hero-1386648748 {\n            height: 350px;\n        }\n    \n<\/style>\n\n<section class=\"mb-8\" >\n    <div class=\"\n        Hero\n        Hero-1386648748\n        full-width\n        z-10\n        relative bg-cover\n        bg-center inset-x-2\/4\n        flex justify-center items-center\n    \">\n            <h1 class=\"text-white font-bold text-center h2 md:h1 text-balance\"><\/h1>\n        <\/div>\n    <\/section>\n\n\n\n<h2 class=\"wp-block-heading\"><strong>V\u00e5ra v\u00e4rderingar<\/strong><\/h2>\n\n\n\n<p>Vi p\u00e5 Suomen Hy\u00f6tytuuli Oy bygger ett koldioxidneutralt och h\u00e5llbart samh\u00e4lle med h\u00e4nsyn till milj\u00f6v\u00e4rden genom att tillhandah\u00e5lla v\u00e5ra \u00e4gare f\u00f6rnybar energi p\u00e5 ett konkurrenskraftigt s\u00e4tt. All v\u00e5r verksamhet styrs av de v\u00e4rderingar som utstakats i f\u00f6retagets strategiska plan: ansvar, effektivitet och pionj\u00e4rskap.<\/p>\n\n\n\n<h2 class=\"wp-block-heading\"><strong>Ansvar<\/strong><\/h2>\n\n\n\n<ul class=\"wp-block-list\">\n<li>V\u00e5rt ansvar \u00e5terspeglas i varje persons dagliga verksamhet, och vi f\u00f6ruts\u00e4tter ocks\u00e5 ansvar av v\u00e5ra samarbetspartner.<\/li>\n\n\n\n<li>Vi \u00e4r en p\u00e5litlig arbetsgivare och partner, och v\u00e5r verksamhet grundar sig p\u00e5 en v\u00e4lm\u00e5ende personal och ett n\u00e4tverk av v\u00e4rderingar.<\/li>\n\n\n\n<li>Vi samarbetar alltid med lokala inv\u00e5nare och akt\u00f6rer.<\/li>\n\n\n\n<li>Vi kan b\u00e4ra ansvar f\u00f6r v\u00e5r verksamhet i alla situationer..<\/li>\n<\/ul>\n\n\n\n<h2 class=\"wp-block-heading\"><strong>Effektivitet<\/strong><\/h2>\n\n\n\n<ul class=\"wp-block-list\">\n<li>Vi producerar f\u00f6rm\u00e5nlig och konkurrenskraftig energi.<\/li>\n\n\n\n<li>Vi utvecklar effektiva verksamhetsmodeller.<\/li>\n\n\n\n<li>Vi utnyttjar v\u00e5ra resurser optimalt.<\/li>\n\n\n\n<li>Vi arbetar systematiskt, snabbt och proaktivt.<\/li>\n<\/ul>\n\n\n\n<h2 class=\"wp-block-heading\"><strong>Pionj\u00e4rskap<\/strong><\/h2>\n\n\n\n<ul class=\"wp-block-list\">\n<li>Vi s\u00f6ker verksamhetsmodeller och l\u00f6sningar f\u00f6r att g\u00f6ra vindkraft mer konkurrenskraftig.<\/li>\n\n\n\n<li>Vi utnyttjar ny teknik f\u00f6r att f\u00f6rb\u00e4ttra s\u00e4kerheten och produktiviteten.<\/li>\n<\/ul>\n\n\n\n<p>Varje person som arbetar p\u00e5 Suomen Hy\u00f6tytuuli Oy m\u00e5ste agera ansvarsfullt och s\u00e4kert, respektera och beakta andra samt fr\u00e4mja arbetsgemenskapens fysiska och psykiska v\u00e4lbefinnande och lika behandling av alla.<\/p>\n\n\n\n<h2 class=\"wp-block-heading\"><strong>Etiska riktlinjer<\/strong><\/h2>\n\n\n\n<ul class=\"wp-block-list\">\n<li>I all v\u00e5r verksamhet f\u00f6ljer vi finsk lagstiftning och g\u00e4llande f\u00f6rfattningar, och vi f\u00f6ruts\u00e4tter ocks\u00e5 detta av v\u00e5ra samarbetspartner.<\/li>\n\n\n\n<li>I all v\u00e5r verksamhet f\u00f6ljer vi konkurrensr\u00e4ttsliga lagar, f\u00f6rfattningar och riktlinjer.<\/li>\n\n\n\n<li>I all v\u00e5r verksamhet f\u00f6ljer vi likst\u00e4llighetsprincipen: alla v\u00e5ra anst\u00e4llda \u00e4r j\u00e4mlika oavsett k\u00f6n, \u00e5lder, etniskt eller nationellt ursprung, nationalitet, spr\u00e5k, religion och \u00f6vertygelse, \u00e5sikter, funktionshinder, h\u00e4lsa, sexuell l\u00e4ggning eller annat personligt sk\u00e4l.<\/li>\n\n\n\n<li>Vi fr\u00e4mjar aktivt s\u00e4kerhet, arbetsh\u00e4lsa och v\u00e4lbefinnande f\u00f6r hela personalen.<\/li>\n\n\n\n<li>Vi svarar alltid f\u00f6r god datas\u00e4kerhet och dataskydd.<\/li>\n\n\n\n<li>F\u00f6retaget ger inte g\u00e5vor eller donationer som p\u00e5verkar politiskt beslutsfattande. Vi varken lovar eller betalar mutor eller olagliga betalningar till n\u00e5gon f\u00f6r att s\u00e4kra v\u00e5r aff\u00e4rsverksamhet.<\/li>\n\n\n\n<li>Ingen av v\u00e5ra anst\u00e4llda ger eller tar emot g\u00e5vor, resor, traktering eller tj\u00e4nster som g\u00e5r ut\u00f6ver vanlig g\u00e4stfrihet.<\/li>\n\n\n\n<li>Marknadsf\u00f6ringssamarbetet och sponsorverksamheten ska vara transparenta och i linje med f\u00f6retagets h\u00e5llbarhetsv\u00e4rderingar. Syftet med sponsringen \u00e4r att \u00f6ka bolagets v\u00e4lk\u00e4ndhet samt positivt p\u00e5verka bolagets anseende och vindkraftens acceptans.<\/li>\n<\/ul>\n\n\n\n<div style=\"height:20px\" aria-hidden=\"true\" class=\"wp-block-spacer\"><\/div>\n\n\n\n\n<div  class=\"contact-cards lg:mx-16 wrapmb-8\">\n\t<div\n\t\tclass=\"flex flex-wrap flex-col sm:flex-row \">\n\t\t\t\t\t\t\t<div class=\"w-full sm:w-1\/2 justify-center\">\n\t\t\t\t\n<div class=\"flex border border-hyotytuuli rounded items-center mb-2 lg:ml-2 px-2 py-4 lg:py-6\">\n\t<div class=\"px-2 lg:px-6\">\n\t\t<img decoding=\"async\" class=\"object-cover rounded-full min-w-[100px] md:min-w-[130px] lg:min-w-[166px] w-[100px] md:w-[130px] lg:w-[166px] aspect-square\" alt=\"paula-makelainen\" src=\" https:\/\/arenso.fi\/app\/uploads\/2025\/01\/paula-makelainen.webp \"\/>\n\t<\/div>\n\t<div class=\"flex flex-col w-full overflow-hidden\">\n\t\t<p class=\"font-bold text-hyotytuuli truncate\">Paula M\u00e4kel\u00e4inen<\/p>\n\t\t<p class=\"truncate\">H\u00e5llbarhetschef<\/p>\n\t\t<a href=\"tel:+358 50 405 9940\" class=\"p truncate\">+358 50 405 9940<\/a>\n\t\t<a href=\"mailto:paula.makelainen@hyotytuuli.fi\" class=\"p truncate\">paula.makelainen@hyotytuuli.fi<\/a>\n\t<\/div>\n<\/div>\n\t\t\t<\/div>\n\t\t\n\t\t\t<\/div>\n<\/div>\n\n\n\n<div style=\"height:50px\" aria-hidden=\"true\" class=\"wp-block-spacer\"><\/div>\n","protected":false},"excerpt":{"rendered":"<p>V\u00e5ra v\u00e4rderingar Vi p\u00e5 Suomen Hy\u00f6tytuuli Oy bygger ett koldioxidneutralt och h\u00e5llbart samh\u00e4lle med h\u00e4nsyn till milj\u00f6v\u00e4rden genom att tillhandah\u00e5lla v\u00e5ra \u00e4gare f\u00f6rnybar energi p\u00e5 ett konkurrenskraftigt s\u00e4tt. All v\u00e5r verksamhet styrs av de v\u00e4rderingar som utstakats i f\u00f6retagets strategiska plan: ansvar, effektivitet och pionj\u00e4rskap. Ansvar Effektivitet Pionj\u00e4rskap Varje person som arbetar p\u00e5 Suomen Hy\u00f6tytuuli [&hellip;]<\/p>\n","protected":false},"author":1,"featured_media":0,"parent":7150,"menu_order":0,"comment_status":"closed","ping_status":"closed","template":"","meta":{"_acf_changed":false,"footnotes":""},"class_list":["post-7210","page","type-page","status-publish","hentry"],"acf":[],"yoast_head":"<!-- This site is optimized with the Yoast SEO plugin v27.3 - https:\/\/yoast.com\/product\/yoast-seo-wordpress\/ -->\n<title>V\u00e5ra v\u00e4rderingar och etiska riktlinjer - Hy\u00f6tytuuli<\/title>\n<meta name=\"robots\" content=\"index, follow, max-snippet:-1, max-image-preview:large, max-video-preview:-1\" \/>\n<link rel=\"canonical\" href=\"https:\/\/hyotytuuli.fi\/sv\/ansvar\/etiska-riktlinjer\/\" \/>\n<meta property=\"og:locale\" content=\"sv_SE\" \/>\n<meta property=\"og:type\" content=\"article\" \/>\n<meta property=\"og:title\" content=\"V\u00e5ra v\u00e4rderingar och etiska riktlinjer - Hy\u00f6tytuuli\" \/>\n<meta property=\"og:description\" content=\"V\u00e5ra v\u00e4rderingar Vi p\u00e5 Suomen Hy\u00f6tytuuli Oy bygger ett koldioxidneutralt och h\u00e5llbart samh\u00e4lle med h\u00e4nsyn till milj\u00f6v\u00e4rden genom att tillhandah\u00e5lla v\u00e5ra \u00e4gare f\u00f6rnybar energi p\u00e5 ett konkurrenskraftigt s\u00e4tt. All v\u00e5r verksamhet styrs av de v\u00e4rderingar som utstakats i f\u00f6retagets strategiska plan: ansvar, effektivitet och pionj\u00e4rskap. Ansvar Effektivitet Pionj\u00e4rskap Varje person som arbetar p\u00e5 Suomen Hy\u00f6tytuuli [&hellip;]\" \/>\n<meta property=\"og:url\" content=\"https:\/\/hyotytuuli.fi\/sv\/ansvar\/etiska-riktlinjer\/\" \/>\n<meta property=\"og:site_name\" content=\"Hy\u00f6tytuuli\" \/>\n<meta property=\"article:modified_time\" content=\"2025-02-13T07:23:49+00:00\" \/>\n<meta name=\"twitter:card\" content=\"summary_large_image\" \/>\n<meta name=\"twitter:label1\" content=\"Est. reading time\" \/>\n\t<meta name=\"twitter:data1\" content=\"3 minutes\" \/>\n<script type=\"application\/ld+json\" class=\"yoast-schema-graph\">{\"@context\":\"https:\\\/\\\/schema.org\",\"@graph\":[{\"@type\":\"WebPage\",\"@id\":\"https:\\\/\\\/hyotytuuli.fi\\\/sv\\\/ansvar\\\/etiska-riktlinjer\\\/\",\"url\":\"https:\\\/\\\/hyotytuuli.fi\\\/sv\\\/ansvar\\\/etiska-riktlinjer\\\/\",\"name\":\"V\u00e5ra v\u00e4rderingar och etiska riktlinjer - Hy\u00f6tytuuli\",\"isPartOf\":{\"@id\":\"https:\\\/\\\/hyotytuuli.fi\\\/sv\\\/#website\"},\"datePublished\":\"2025-01-17T12:47:54+00:00\",\"dateModified\":\"2025-02-13T07:23:49+00:00\",\"breadcrumb\":{\"@id\":\"https:\\\/\\\/hyotytuuli.fi\\\/sv\\\/ansvar\\\/etiska-riktlinjer\\\/#breadcrumb\"},\"inLanguage\":\"sv-SE\",\"potentialAction\":[{\"@type\":\"ReadAction\",\"target\":[\"https:\\\/\\\/hyotytuuli.fi\\\/sv\\\/ansvar\\\/etiska-riktlinjer\\\/\"]}]},{\"@type\":\"BreadcrumbList\",\"@id\":\"https:\\\/\\\/hyotytuuli.fi\\\/sv\\\/ansvar\\\/etiska-riktlinjer\\\/#breadcrumb\",\"itemListElement\":[{\"@type\":\"ListItem\",\"position\":1,\"name\":\"Home\",\"item\":\"https:\\\/\\\/hyotytuuli.fi\\\/sv\\\/\"},{\"@type\":\"ListItem\",\"position\":2,\"name\":\"V\u00e5ra v\u00e4rderingar och etiska riktlinjer\"}]},{\"@type\":\"WebSite\",\"@id\":\"https:\\\/\\\/hyotytuuli.fi\\\/sv\\\/#website\",\"url\":\"https:\\\/\\\/hyotytuuli.fi\\\/sv\\\/\",\"name\":\"Hy\u00f6tytuuli\",\"description\":\"\",\"publisher\":{\"@id\":\"https:\\\/\\\/hyotytuuli.fi\\\/sv\\\/#organization\"},\"potentialAction\":[{\"@type\":\"SearchAction\",\"target\":{\"@type\":\"EntryPoint\",\"urlTemplate\":\"https:\\\/\\\/hyotytuuli.fi\\\/sv\\\/?s={search_term_string}\"},\"query-input\":{\"@type\":\"PropertyValueSpecification\",\"valueRequired\":true,\"valueName\":\"search_term_string\"}}],\"inLanguage\":\"sv-SE\"},{\"@type\":\"Organization\",\"@id\":\"https:\\\/\\\/hyotytuuli.fi\\\/sv\\\/#organization\",\"name\":\"Hy\u00f6tytuuli\",\"url\":\"https:\\\/\\\/hyotytuuli.fi\\\/sv\\\/\",\"logo\":{\"@type\":\"ImageObject\",\"inLanguage\":\"sv-SE\",\"@id\":\"https:\\\/\\\/hyotytuuli.fi\\\/sv\\\/#\\\/schema\\\/logo\\\/image\\\/\",\"url\":\"https:\\\/\\\/arenso.fi\\\/app\\\/uploads\\\/2025\\\/02\\\/cropped-favicon-1-1.webp\",\"contentUrl\":\"https:\\\/\\\/arenso.fi\\\/app\\\/uploads\\\/2025\\\/02\\\/cropped-favicon-1-1.webp\",\"width\":512,\"height\":512,\"caption\":\"Hy\u00f6tytuuli\"},\"image\":{\"@id\":\"https:\\\/\\\/hyotytuuli.fi\\\/sv\\\/#\\\/schema\\\/logo\\\/image\\\/\"}}]}<\/script>\n<!-- \/ Yoast SEO plugin. -->","yoast_head_json":{"title":"V\u00e5ra v\u00e4rderingar och etiska riktlinjer - Hy\u00f6tytuuli","robots":{"index":"index","follow":"follow","max-snippet":"max-snippet:-1","max-image-preview":"max-image-preview:large","max-video-preview":"max-video-preview:-1"},"canonical":"https:\/\/hyotytuuli.fi\/sv\/ansvar\/etiska-riktlinjer\/","og_locale":"sv_SE","og_type":"article","og_title":"V\u00e5ra v\u00e4rderingar och etiska riktlinjer - Hy\u00f6tytuuli","og_description":"V\u00e5ra v\u00e4rderingar Vi p\u00e5 Suomen Hy\u00f6tytuuli Oy bygger ett koldioxidneutralt och h\u00e5llbart samh\u00e4lle med h\u00e4nsyn till milj\u00f6v\u00e4rden genom att tillhandah\u00e5lla v\u00e5ra \u00e4gare f\u00f6rnybar energi p\u00e5 ett konkurrenskraftigt s\u00e4tt. All v\u00e5r verksamhet styrs av de v\u00e4rderingar som utstakats i f\u00f6retagets strategiska plan: ansvar, effektivitet och pionj\u00e4rskap. Ansvar Effektivitet Pionj\u00e4rskap Varje person som arbetar p\u00e5 Suomen Hy\u00f6tytuuli [&hellip;]","og_url":"https:\/\/hyotytuuli.fi\/sv\/ansvar\/etiska-riktlinjer\/","og_site_name":"Hy\u00f6tytuuli","article_modified_time":"2025-02-13T07:23:49+00:00","twitter_card":"summary_large_image","twitter_misc":{"Est. reading time":"3 minutes"},"schema":{"@context":"https:\/\/schema.org","@graph":[{"@type":"WebPage","@id":"https:\/\/hyotytuuli.fi\/sv\/ansvar\/etiska-riktlinjer\/","url":"https:\/\/hyotytuuli.fi\/sv\/ansvar\/etiska-riktlinjer\/","name":"V\u00e5ra v\u00e4rderingar och etiska riktlinjer - Hy\u00f6tytuuli","isPartOf":{"@id":"https:\/\/hyotytuuli.fi\/sv\/#website"},"datePublished":"2025-01-17T12:47:54+00:00","dateModified":"2025-02-13T07:23:49+00:00","breadcrumb":{"@id":"https:\/\/hyotytuuli.fi\/sv\/ansvar\/etiska-riktlinjer\/#breadcrumb"},"inLanguage":"sv-SE","potentialAction":[{"@type":"ReadAction","target":["https:\/\/hyotytuuli.fi\/sv\/ansvar\/etiska-riktlinjer\/"]}]},{"@type":"BreadcrumbList","@id":"https:\/\/hyotytuuli.fi\/sv\/ansvar\/etiska-riktlinjer\/#breadcrumb","itemListElement":[{"@type":"ListItem","position":1,"name":"Home","item":"https:\/\/hyotytuuli.fi\/sv\/"},{"@type":"ListItem","position":2,"name":"V\u00e5ra v\u00e4rderingar och etiska riktlinjer"}]},{"@type":"WebSite","@id":"https:\/\/hyotytuuli.fi\/sv\/#website","url":"https:\/\/hyotytuuli.fi\/sv\/","name":"Hy\u00f6tytuuli","description":"","publisher":{"@id":"https:\/\/hyotytuuli.fi\/sv\/#organization"},"potentialAction":[{"@type":"SearchAction","target":{"@type":"EntryPoint","urlTemplate":"https:\/\/hyotytuuli.fi\/sv\/?s={search_term_string}"},"query-input":{"@type":"PropertyValueSpecification","valueRequired":true,"valueName":"search_term_string"}}],"inLanguage":"sv-SE"},{"@type":"Organization","@id":"https:\/\/hyotytuuli.fi\/sv\/#organization","name":"Hy\u00f6tytuuli","url":"https:\/\/hyotytuuli.fi\/sv\/","logo":{"@type":"ImageObject","inLanguage":"sv-SE","@id":"https:\/\/hyotytuuli.fi\/sv\/#\/schema\/logo\/image\/","url":"https:\/\/arenso.fi\/app\/uploads\/2025\/02\/cropped-favicon-1-1.webp","contentUrl":"https:\/\/arenso.fi\/app\/uploads\/2025\/02\/cropped-favicon-1-1.webp","width":512,"height":512,"caption":"Hy\u00f6tytuuli"},"image":{"@id":"https:\/\/hyotytuuli.fi\/sv\/#\/schema\/logo\/image\/"}}]}},"_links":{"self":[{"href":"https:\/\/hyotytuuli.fi\/sv\/wp-json\/wp\/v2\/pages\/7210","targetHints":{"allow":["GET"]}}],"collection":[{"href":"https:\/\/hyotytuuli.fi\/sv\/wp-json\/wp\/v2\/pages"}],"about":[{"href":"https:\/\/hyotytuuli.fi\/sv\/wp-json\/wp\/v2\/types\/page"}],"author":[{"embeddable":true,"href":"https:\/\/hyotytuuli.fi\/sv\/wp-json\/wp\/v2\/users\/1"}],"replies":[{"embeddable":true,"href":"https:\/\/hyotytuuli.fi\/sv\/wp-json\/wp\/v2\/comments?post=7210"}],"version-history":[{"count":2,"href":"https:\/\/hyotytuuli.fi\/sv\/wp-json\/wp\/v2\/pages\/7210\/revisions"}],"predecessor-version":[{"id":7213,"href":"https:\/\/hyotytuuli.fi\/sv\/wp-json\/wp\/v2\/pages\/7210\/revisions\/7213"}],"up":[{"embeddable":true,"href":"https:\/\/hyotytuuli.fi\/sv\/wp-json\/wp\/v2\/pages\/7150"}],"wp:attachment":[{"href":"https:\/\/hyotytuuli.fi\/sv\/wp-json\/wp\/v2\/media?parent=7210"}],"curies":[{"name":"wp","href":"https:\/\/api.w.org\/{rel}","templated":true}]}}