{"id":7215,"date":"2025-01-17T14:58:17","date_gmt":"2025-01-17T12:58:17","guid":{"rendered":"https:\/\/hyotytuuli.fi\/?page_id=7215"},"modified":"2025-02-13T09:29:59","modified_gmt":"2025-02-13T07:29:59","slug":"agenda-2030","status":"publish","type":"page","link":"https:\/\/hyotytuuli.fi\/sv\/ansvar\/agenda-2030\/","title":{"rendered":"Agenda 2030"},"content":{"rendered":"\n\n<style>\n                            @media screen and (min-width: 1px) and (max-width: 9999px) {\n            .Hero-804097834 {\n                background-image: url('https:\/\/arenso.fi\/app\/uploads\/2025\/01\/Vastuullisuus2.jpg');\n            }\n        }\n            \n            @media screen and (max-width: 767.1px) {\n        .Hero-804097834 {\n            height: 230px !important;\n        }\n    }\n    \n                .Hero-804097834 {\n            height: 350px;\n        }\n    \n<\/style>\n\n<section class=\"mb-8\" >\n    <div class=\"\n        Hero\n        Hero-804097834\n        full-width\n        z-10\n        relative bg-cover\n        bg-center inset-x-2\/4\n        flex justify-center items-center\n    \">\n            <h1 class=\"text-white font-bold text-center h2 md:h1 text-balance\"><\/h1>\n        <\/div>\n    <\/section>\n\n\n\n<h2 class=\"wp-block-heading\">Agenda 2030<\/h2>\n\n\n\n<p>Arbetet med h\u00e5llbar utveckling i alla l\u00e4nder i v\u00e4rlden styrs av den globala agendan f\u00f6r h\u00e5llbar utveckling som man enades om i FN 2015, som kallas\u00a0<a href=\"https:\/\/kestavakehitys.fi\/agenda-2030\">Agenda203<\/a><a href=\"https:\/\/kestavakehitys.fi\/agenda-2030\" target=\"_blank\" rel=\"noreferrer noopener\">0<\/a>. Den inneh\u00e5ller 17 m\u00e5l som l\u00e4nderna tillsammans b\u00f6r uppn\u00e5 senast \u00e5r 2030.<\/p>\n\n\n\n<p>Agenda 2030 har ocks\u00e5 hj\u00e4lpt f\u00f6retagsv\u00e4rlden att konkretisera metoder att st\u00e4rka aff\u00e4rsverksamhetens positiva effekter och minska de negativa effekterna. Den presenterar ett ramverk av delomr\u00e5den d\u00e4r tyngdpunkterna f\u00f6r effekterna av den egna verksamheten kan ses och m\u00e4tas.<\/p>\n\n\n\n<p>Som ett finskt f\u00f6retag har vi f\u00f6rbundit oss till att f\u00f6lja&nbsp;<a href=\"https:\/\/www.ykliitto.fi\/julkaisut\/ihmisoikeuksien-yleismaailmallinen-julistus\">principerna i FN:s deklaration om de m\u00e4nskliga r\u00e4ttigheterna<\/a>,&nbsp;<a href=\"https:\/\/tem.fi\/documents\/1410877\/2870803\/ILOn_julistus_tyon_perusoikeuksista.pdf\/e87f5168-f3ef-464b-859c-ad742d3f5a0b\/ILOn_julistus_tyon_perusoikeuksista.pdf\">Internationella arbetsorganisationens konvention om arbetslivets grundl\u00e4ggande principer och r\u00e4ttigheter<\/a>&nbsp;samt&nbsp;<a href=\"https:\/\/www.ihmisoikeuskeskus.fi\/yritysvastuu\/yk-n-yrityksia-ja-ihmisoikeuksia\/\">FN:s principer om f\u00f6retag och m\u00e4nskliga r\u00e4ttigheter<\/a>.<\/p>\n\n\n\n<p>Suomen Hy\u00f6tytuuli Oy har identifierat f\u00f6ljande delomr\u00e5den som de viktigaste tyngdpunkterna i Agenda 2030, ut\u00f6ver vilka vi ocks\u00e5 till till\u00e4mpliga delar kommer att ta h\u00e4nsyn till de \u00f6vriga ovan n\u00e4mnda m\u00e5len:<\/p>\n\n\n\n<div style=\"height:20px\" aria-hidden=\"true\" class=\"wp-block-spacer\"><\/div>\n\n\n<section class=\" my-4 sm:my-8 md:my-12 xl:my-20\" >\n\t\t\t<div class=\"FiftyFiftyImage relative flex justify-between bg-hyotytuuli-light flex-col-reverse lg:flex-row-reverse\">\n\t\t\t<div class=\"w-full aspect-[7\/5] lg:w-1\/2 p-4 sm:p-8 md:p-12  lg:px-12 lg:pt-14 \">\n\t\t\t\t\t\t\t\t\t\t\t\t<h2 class=\"Title flex flex-col justify-start mb-4 text-hyotytuuli-hilight3\">\n\t\t\t\t\t\t7. H\u00e5llbar energi f\u00f6r alla\n\t\t\t\t\t<\/h2>\n\t\t\t\t\t\t\t\t\t\t\t\t\t<div class=\"flex flex-col text-hyotytuuli-hilight3 justify-center \">\n\t\t\t\t\t\t\t\t\t\t\t\t\t<div class=\"column fp-hl-box yksinosto wow scroll-reveal\">\n<div class=\"fp-hl-outer\">\n<div class=\"fp-hl-inner\">\n<p>Vi \u00f6kar produktionen av f\u00f6rnybar energi och \u00f6kar tillg\u00e5ngen p\u00e5 f\u00f6rm\u00e5nlig, tillf\u00f6rlitlig och effektivt producerad energi. Vi fr\u00e4mjar investeringar i ren energiproduktion och utvecklingen inom branschen. Vi utvecklar och uppr\u00e4tth\u00e5ller ett v\u00e4l fungerande eln\u00e4t och tillh\u00f6rande infrastruktur.<\/p>\n<\/div>\n<\/div>\n<\/div>\n\n\t\t\t\t\t\t\t\t\t\t\t\t\t\t\t\t\t<\/div>\n\t\t\t\t\t\t\t\t\t\t<\/div>\n\t\t\t\t\t\t\t<div class=\" self-stretch justify-self-stretch w-full lg:w-1\/2 relative flex justify-center lg:justify-start\">\n\t\t\t\t\t<img decoding=\"async\" loading=\"lazy\" class=\"object-cover h-full w-full aspect-[7\/5]\"  srcset=\"\n\t\t\t\t\t\t\t\t\t\t\thttps:\/\/arenso.fi\/app\/uploads\/2025\/01\/agenda2030-7-e1700485891876-1024x1022-1-150x150.jpg 150w,\n\t\t\t\t\t\t\t\t\t\t\thttps:\/\/arenso.fi\/app\/uploads\/2025\/01\/agenda2030-7-e1700485891876-1024x1022-1-300x225.jpg 300w,\n\t\t\t\t\t\t\t\t\t\t\thttps:\/\/arenso.fi\/app\/uploads\/2025\/01\/agenda2030-7-e1700485891876-1024x1022-1.jpg 600w,\n\t\t\t\t\t\t\t\t\t\t\thttps:\/\/arenso.fi\/app\/uploads\/2025\/01\/agenda2030-7-e1700485891876-1024x1022-1.jpg 600w,\n\t\t\t\t\t\t\t\t\t\t\thttps:\/\/arenso.fi\/app\/uploads\/2025\/01\/agenda2030-7-e1700485891876-1024x1022-1.jpg 600w,\n\t\t\t\t\t\t\t\t\t\t    \"  src=\"https:\/\/arenso.fi\/app\/uploads\/2025\/01\/agenda2030-7-e1700485891876-1024x1022-1.jpg\"\/>\n\t\t\t\t<\/div>\n\t\t\t\t\t<\/div>\n\t\t\t<div class=\"FiftyFiftyImage relative flex justify-between bg-hyotytuuli-light flex-col-reverse lg:flex-row\">\n\t\t\t<div class=\"w-full aspect-[7\/5] lg:w-1\/2 p-4 sm:p-8 md:p-12  lg:px-12 lg:pt-14 \">\n\t\t\t\t\t\t\t\t\t\t\t\t<h2 class=\"Title flex flex-col justify-start mb-4 text-hyotytuuli-hilight3\">\n\t\t\t\t\t\t9. H\u00e5llbar industri, innovationer och infrastruktur\n\t\t\t\t\t<\/h2>\n\t\t\t\t\t\t\t\t\t\t\t\t\t<div class=\"flex flex-col text-hyotytuuli-hilight3 justify-center \">\n\t\t\t\t\t\t\t\t\t\t\t\t\t<div class=\"column fp-hl-box yksinosto wow scroll-reveal\">\n<div class=\"fp-hl-outer\">\n<div class=\"fp-hl-inner\">\n<p>Vi utvecklar h\u00f6gklassig, tillf\u00f6rlitlig och h\u00e5llbar infrastruktur som st\u00f6der produktionen av f\u00f6rnybar energi och hanteringen av eln\u00e4tet. Vi samarbetar inom forskning f\u00f6r att utveckla en genuint mer h\u00e5llbar energiproduktion och fr\u00e4mja den gr\u00f6na omst\u00e4llningen.<\/p>\n<\/div>\n<\/div>\n<\/div>\n\n\t\t\t\t\t\t\t\t\t\t\t\t\t\t\t\t\t<\/div>\n\t\t\t\t\t\t\t\t\t\t<\/div>\n\t\t\t\t\t\t\t<div class=\" self-stretch justify-self-stretch w-full lg:w-1\/2 relative flex justify-center lg:justify-end\">\n\t\t\t\t\t<img decoding=\"async\" loading=\"lazy\" class=\"object-cover h-full w-full aspect-[7\/5]\"  srcset=\"\n\t\t\t\t\t\t\t\t\t\t\thttps:\/\/arenso.fi\/app\/uploads\/2025\/01\/agenda2030-9-1024x1024.png-150x150.jpg 150w,\n\t\t\t\t\t\t\t\t\t\t\thttps:\/\/arenso.fi\/app\/uploads\/2025\/01\/agenda2030-9-1024x1024.png-300x225.jpg 300w,\n\t\t\t\t\t\t\t\t\t\t\thttps:\/\/arenso.fi\/app\/uploads\/2025\/01\/agenda2030-9-1024x1024.png.jpg 600w,\n\t\t\t\t\t\t\t\t\t\t\thttps:\/\/arenso.fi\/app\/uploads\/2025\/01\/agenda2030-9-1024x1024.png.jpg 600w,\n\t\t\t\t\t\t\t\t\t\t\thttps:\/\/arenso.fi\/app\/uploads\/2025\/01\/agenda2030-9-1024x1024.png.jpg 600w,\n\t\t\t\t\t\t\t\t\t\t    \"  src=\"https:\/\/arenso.fi\/app\/uploads\/2025\/01\/agenda2030-9-1024x1024.png.jpg\"\/>\n\t\t\t\t<\/div>\n\t\t\t\t\t<\/div>\n\t\t\t<div class=\"FiftyFiftyImage relative flex justify-between bg-hyotytuuli-light flex-col-reverse lg:flex-row-reverse\">\n\t\t\t<div class=\"w-full aspect-[7\/5] lg:w-1\/2 p-4 sm:p-8 md:p-12  lg:px-12 lg:pt-14 \">\n\t\t\t\t\t\t\t\t\t\t\t\t<h2 class=\"Title flex flex-col justify-start mb-4 text-hyotytuuli-hilight3\">\n\t\t\t\t\t\t11. H\u00e5llbara st\u00e4der och samh\u00e4llen\n\t\t\t\t\t<\/h2>\n\t\t\t\t\t\t\t\t\t\t\t\t\t<div class=\"flex flex-col text-hyotytuuli-hilight3 justify-center \">\n\t\t\t\t\t\t\t\t\t\t\t\t\t<div class=\"column fp-hl-box yksinosto wow scroll-reveal\">\n<div class=\"fp-hl-outer\">\n<div class=\"fp-hl-inner\">\n<p>Vi st\u00e4rker f\u00f6rs\u00f6rjningstryggheten, s\u00e4kerheten och tillg\u00e5ngen till energi genom att producera f\u00f6rnybar energi f\u00f6r finl\u00e4ndare via regionala energibolag som \u00e4ger oss. Vi beaktar de olika perspektiven p\u00e5 h\u00e5llbar utveckling ur ett milj\u00f6- och m\u00e4nniskoperspektiv i de omr\u00e5den d\u00e4r vi \u00e4r verksamma. Vi fr\u00e4mjar skalning av bra l\u00f6sningar i Finland och internationellt.<\/p>\n<\/div>\n<\/div>\n<\/div>\n\n\t\t\t\t\t\t\t\t\t\t\t\t\t\t\t\t\t<\/div>\n\t\t\t\t\t\t\t\t\t\t<\/div>\n\t\t\t\t\t\t\t<div class=\" self-stretch justify-self-stretch w-full lg:w-1\/2 relative flex justify-center lg:justify-start\">\n\t\t\t\t\t<img decoding=\"async\" loading=\"lazy\" class=\"object-cover h-full w-full aspect-[7\/5]\"  srcset=\"\n\t\t\t\t\t\t\t\t\t\t\thttps:\/\/arenso.fi\/app\/uploads\/2025\/01\/Nimeton-1-150x150.jpg 150w,\n\t\t\t\t\t\t\t\t\t\t\thttps:\/\/arenso.fi\/app\/uploads\/2025\/01\/Nimeton-1-300x225.jpg 300w,\n\t\t\t\t\t\t\t\t\t\t\thttps:\/\/arenso.fi\/app\/uploads\/2025\/01\/Nimeton-1.jpg 600w,\n\t\t\t\t\t\t\t\t\t\t\thttps:\/\/arenso.fi\/app\/uploads\/2025\/01\/Nimeton-1.jpg 600w,\n\t\t\t\t\t\t\t\t\t\t\thttps:\/\/arenso.fi\/app\/uploads\/2025\/01\/Nimeton-1.jpg 600w,\n\t\t\t\t\t\t\t\t\t\t    \"  src=\"https:\/\/arenso.fi\/app\/uploads\/2025\/01\/Nimeton-1.jpg\"\/>\n\t\t\t\t<\/div>\n\t\t\t\t\t<\/div>\n\t\t\t<div class=\"FiftyFiftyImage relative flex justify-between bg-hyotytuuli-light flex-col-reverse lg:flex-row\">\n\t\t\t<div class=\"w-full aspect-[7\/5] lg:w-1\/2 p-4 sm:p-8 md:p-12  lg:px-12 lg:pt-14 \">\n\t\t\t\t\t\t\t\t\t\t\t\t<h2 class=\"Title flex flex-col justify-start mb-4 text-hyotytuuli-hilight3\">\n\t\t\t\t\t\t13. Bek\u00e4mpa klimatf\u00f6r\u00e4ndringarna\n\t\t\t\t\t<\/h2>\n\t\t\t\t\t\t\t\t\t\t\t\t\t<div class=\"flex flex-col text-hyotytuuli-hilight3 justify-center \">\n\t\t\t\t\t\t\t\t\t\t\t\t\t<div class=\"column fp-hl-box yksinosto wow scroll-reveal\">\n<div class=\"fp-hl-outer\">\n<div class=\"fp-hl-inner\">\n<p>Vi hj\u00e4lper Finland att uppfylla internationella klimatm\u00e5l, p\u00e5verka i samh\u00e4lleligt viktiga forum och vi \u00f6kar medvetenheten om bek\u00e4mpningen av klimatf\u00f6r\u00e4ndringar. I v\u00e5r verksamhet tar vi ocks\u00e5 h\u00e4nsyn till de perspektiv som kr\u00e4vs f\u00f6r anpassning till klimatf\u00f6r\u00e4ndringarna.<\/p>\n<\/div>\n<\/div>\n<\/div>\n\n\t\t\t\t\t\t\t\t\t\t\t\t\t\t\t\t\t<\/div>\n\t\t\t\t\t\t\t\t\t\t<\/div>\n\t\t\t\t\t\t\t<div class=\" self-stretch justify-self-stretch w-full lg:w-1\/2 relative flex justify-center lg:justify-end\">\n\t\t\t\t\t<img decoding=\"async\" loading=\"lazy\" class=\"object-cover h-full w-full aspect-[7\/5]\"  srcset=\"\n\t\t\t\t\t\t\t\t\t\t\thttps:\/\/arenso.fi\/app\/uploads\/2025\/01\/Ilmastotekoja-150x150.jpg 150w,\n\t\t\t\t\t\t\t\t\t\t\thttps:\/\/arenso.fi\/app\/uploads\/2025\/01\/Ilmastotekoja-300x225.jpg 300w,\n\t\t\t\t\t\t\t\t\t\t\thttps:\/\/arenso.fi\/app\/uploads\/2025\/01\/Ilmastotekoja.jpg 600w,\n\t\t\t\t\t\t\t\t\t\t\thttps:\/\/arenso.fi\/app\/uploads\/2025\/01\/Ilmastotekoja.jpg 600w,\n\t\t\t\t\t\t\t\t\t\t\thttps:\/\/arenso.fi\/app\/uploads\/2025\/01\/Ilmastotekoja.jpg 600w,\n\t\t\t\t\t\t\t\t\t\t    \"  src=\"https:\/\/arenso.fi\/app\/uploads\/2025\/01\/Ilmastotekoja.jpg\"\/>\n\t\t\t\t<\/div>\n\t\t\t\t\t<\/div>\n\t\t\t<div class=\"FiftyFiftyImage relative flex justify-between bg-hyotytuuli-light flex-col-reverse lg:flex-row-reverse\">\n\t\t\t<div class=\"w-full aspect-[7\/5] lg:w-1\/2 p-4 sm:p-8 md:p-12  lg:px-12 lg:pt-14 \">\n\t\t\t\t\t\t\t\t\t\t\t\t<h2 class=\"Title flex flex-col justify-start mb-4 text-hyotytuuli-hilight3\">\n\t\t\t\t\t\t14. Hav och marina resurser\n\t\t\t\t\t<\/h2>\n\t\t\t\t\t\t\t\t\t\t\t\t\t<div class=\"flex flex-col text-hyotytuuli-hilight3 justify-center \">\n\t\t\t\t\t\t\t\t\t\t\t\t\t<div class=\"column fp-hl-box yksinosto wow scroll-reveal\">\n<div class=\"fp-hl-outer\">\n<div class=\"fp-hl-inner\">\n<p>Vi tar hand om ekosystemen i havet och kustomr\u00e5dena under den havsbaserade vindkraftens hela livscykel. Vi minskar f\u00f6roreningen av haven genom att producera f\u00f6rnybar energi och d\u00e4rigenom ocks\u00e5 begr\u00e4nsa klimatf\u00f6r\u00e4ndringarna som p\u00e5verkar haven och anv\u00e4ndningen av fossila br\u00e4nslen i samh\u00e4llet.<\/p>\n<\/div>\n<\/div>\n<\/div>\n\n\t\t\t\t\t\t\t\t\t\t\t\t\t\t\t\t\t<\/div>\n\t\t\t\t\t\t\t\t\t\t<\/div>\n\t\t\t\t\t\t\t<div class=\" self-stretch justify-self-stretch w-full lg:w-1\/2 relative flex justify-center lg:justify-start\">\n\t\t\t\t\t<img decoding=\"async\" loading=\"lazy\" class=\"object-cover h-full w-full aspect-[7\/5]\"  srcset=\"\n\t\t\t\t\t\t\t\t\t\t\thttps:\/\/arenso.fi\/app\/uploads\/2025\/01\/Vedenalainenelama-150x150.jpg 150w,\n\t\t\t\t\t\t\t\t\t\t\thttps:\/\/arenso.fi\/app\/uploads\/2025\/01\/Vedenalainenelama-300x225.jpg 300w,\n\t\t\t\t\t\t\t\t\t\t\thttps:\/\/arenso.fi\/app\/uploads\/2025\/01\/Vedenalainenelama.jpg 600w,\n\t\t\t\t\t\t\t\t\t\t\thttps:\/\/arenso.fi\/app\/uploads\/2025\/01\/Vedenalainenelama.jpg 600w,\n\t\t\t\t\t\t\t\t\t\t\thttps:\/\/arenso.fi\/app\/uploads\/2025\/01\/Vedenalainenelama.jpg 600w,\n\t\t\t\t\t\t\t\t\t\t    \"  src=\"https:\/\/arenso.fi\/app\/uploads\/2025\/01\/Vedenalainenelama.jpg\"\/>\n\t\t\t\t<\/div>\n\t\t\t\t\t<\/div>\n\t\t\t<div class=\"FiftyFiftyImage relative flex justify-between bg-hyotytuuli-light flex-col-reverse lg:flex-row\">\n\t\t\t<div class=\"w-full aspect-[7\/5] lg:w-1\/2 p-4 sm:p-8 md:p-12  lg:px-12 lg:pt-14 \">\n\t\t\t\t\t\t\t\t\t\t\t\t<h2 class=\"Title flex flex-col justify-start mb-4 text-hyotytuuli-hilight3\">\n\t\t\t\t\t\t15. Ekosystem och biologisk m\u00e5ngfald\n\t\t\t\t\t<\/h2>\n\t\t\t\t\t\t\t\t\t\t\t\t\t<div class=\"flex flex-col text-hyotytuuli-hilight3 justify-center \">\n\t\t\t\t\t\t\t\t\t\t\t\t\t<div id=\"page\" class=\"site\">\n<div id=\"content\" class=\"site-content page-middle-section-bg agenda-2030\">\n<div id=\"page\" class=\"site\">\n<div id=\"content\" class=\"site-content page-middle-section-bg agenda-2030\"><main id=\"main\" class=\"site-main\"><\/p>\n<article id=\"post-6120\" class=\"post-6120 page type-page status-publish hentry\">\n<div class=\"entry-content\">\n<section class=\"perinteinen content-section \">\n<div class=\"row content-section-row\">\n<div class=\"column palsta yksipalsta palsta-1\">\n<p>Vi bygger och producerar vindkraft s\u00e5 att vi kan trygga och st\u00e4rka m\u00e5ngfalden av ekosystem p\u00e5 land. Naturv\u00e4rden och att ta h\u00e4nsyn till dem har integrerats i planeringen och utvecklingen av v\u00e5r verksamhet.<\/p>\n<\/div>\n<\/div>\n<\/section>\n<\/div>\n<\/article>\n<p><\/main><\/div>\n<\/div>\n<\/div>\n<\/div>\n\n\t\t\t\t\t\t\t\t\t\t\t\t\t\t\t\t\t<\/div>\n\t\t\t\t\t\t\t\t\t\t<\/div>\n\t\t\t\t\t\t\t<div class=\" self-stretch justify-self-stretch w-full lg:w-1\/2 relative flex justify-center lg:justify-end\">\n\t\t\t\t\t<img decoding=\"async\" loading=\"lazy\" class=\"object-cover h-full w-full aspect-[7\/5]\"  srcset=\"\n\t\t\t\t\t\t\t\t\t\t\thttps:\/\/arenso.fi\/app\/uploads\/2025\/01\/Maanpaallinenelama-150x150.jpg 150w,\n\t\t\t\t\t\t\t\t\t\t\thttps:\/\/arenso.fi\/app\/uploads\/2025\/01\/Maanpaallinenelama-300x225.jpg 300w,\n\t\t\t\t\t\t\t\t\t\t\thttps:\/\/arenso.fi\/app\/uploads\/2025\/01\/Maanpaallinenelama.jpg 600w,\n\t\t\t\t\t\t\t\t\t\t\thttps:\/\/arenso.fi\/app\/uploads\/2025\/01\/Maanpaallinenelama.jpg 600w,\n\t\t\t\t\t\t\t\t\t\t\thttps:\/\/arenso.fi\/app\/uploads\/2025\/01\/Maanpaallinenelama.jpg 600w,\n\t\t\t\t\t\t\t\t\t\t    \"  src=\"https:\/\/arenso.fi\/app\/uploads\/2025\/01\/Maanpaallinenelama.jpg\"\/>\n\t\t\t\t<\/div>\n\t\t\t\t\t<\/div>\n\t<\/section>\n\n\n\n<div style=\"height:50px\" aria-hidden=\"true\" class=\"wp-block-spacer\"><\/div>\n","protected":false},"excerpt":{"rendered":"<p>Agenda 2030 Arbetet med h\u00e5llbar utveckling i alla l\u00e4nder i v\u00e4rlden styrs av den globala agendan f\u00f6r h\u00e5llbar utveckling som man enades om i FN 2015, som kallas\u00a0Agenda2030. Den inneh\u00e5ller 17 m\u00e5l som l\u00e4nderna tillsammans b\u00f6r uppn\u00e5 senast \u00e5r 2030. Agenda 2030 har ocks\u00e5 hj\u00e4lpt f\u00f6retagsv\u00e4rlden att konkretisera metoder att st\u00e4rka aff\u00e4rsverksamhetens positiva effekter och [&hellip;]<\/p>\n","protected":false},"author":1,"featured_media":0,"parent":7150,"menu_order":0,"comment_status":"closed","ping_status":"closed","template":"","meta":{"_acf_changed":false,"footnotes":""},"class_list":["post-7215","page","type-page","status-publish","hentry"],"acf":[],"yoast_head":"<!-- This site is optimized with the Yoast SEO plugin v27.3 - https:\/\/yoast.com\/product\/yoast-seo-wordpress\/ -->\n<title>Agenda 2030 - Hy\u00f6tytuuli<\/title>\n<meta name=\"robots\" content=\"index, follow, max-snippet:-1, max-image-preview:large, max-video-preview:-1\" \/>\n<link rel=\"canonical\" href=\"https:\/\/hyotytuuli.fi\/sv\/ansvar\/agenda-2030\/\" \/>\n<meta property=\"og:locale\" content=\"sv_SE\" \/>\n<meta property=\"og:type\" content=\"article\" \/>\n<meta property=\"og:title\" content=\"Agenda 2030 - Hy\u00f6tytuuli\" \/>\n<meta property=\"og:description\" content=\"Agenda 2030 Arbetet med h\u00e5llbar utveckling i alla l\u00e4nder i v\u00e4rlden styrs av den globala agendan f\u00f6r h\u00e5llbar utveckling som man enades om i FN 2015, som kallas\u00a0Agenda2030. Den inneh\u00e5ller 17 m\u00e5l som l\u00e4nderna tillsammans b\u00f6r uppn\u00e5 senast \u00e5r 2030. Agenda 2030 har ocks\u00e5 hj\u00e4lpt f\u00f6retagsv\u00e4rlden att konkretisera metoder att st\u00e4rka aff\u00e4rsverksamhetens positiva effekter och [&hellip;]\" \/>\n<meta property=\"og:url\" content=\"https:\/\/hyotytuuli.fi\/sv\/ansvar\/agenda-2030\/\" \/>\n<meta property=\"og:site_name\" content=\"Hy\u00f6tytuuli\" \/>\n<meta property=\"article:modified_time\" content=\"2025-02-13T07:29:59+00:00\" \/>\n<meta name=\"twitter:card\" content=\"summary_large_image\" \/>\n<meta name=\"twitter:label1\" content=\"Est. reading time\" \/>\n\t<meta name=\"twitter:data1\" content=\"1 minute\" \/>\n<script type=\"application\/ld+json\" class=\"yoast-schema-graph\">{\"@context\":\"https:\\\/\\\/schema.org\",\"@graph\":[{\"@type\":\"WebPage\",\"@id\":\"https:\\\/\\\/hyotytuuli.fi\\\/sv\\\/ansvar\\\/agenda-2030\\\/\",\"url\":\"https:\\\/\\\/hyotytuuli.fi\\\/sv\\\/ansvar\\\/agenda-2030\\\/\",\"name\":\"Agenda 2030 - Hy\u00f6tytuuli\",\"isPartOf\":{\"@id\":\"https:\\\/\\\/hyotytuuli.fi\\\/sv\\\/#website\"},\"datePublished\":\"2025-01-17T12:58:17+00:00\",\"dateModified\":\"2025-02-13T07:29:59+00:00\",\"breadcrumb\":{\"@id\":\"https:\\\/\\\/hyotytuuli.fi\\\/sv\\\/ansvar\\\/agenda-2030\\\/#breadcrumb\"},\"inLanguage\":\"sv-SE\",\"potentialAction\":[{\"@type\":\"ReadAction\",\"target\":[\"https:\\\/\\\/hyotytuuli.fi\\\/sv\\\/ansvar\\\/agenda-2030\\\/\"]}]},{\"@type\":\"BreadcrumbList\",\"@id\":\"https:\\\/\\\/hyotytuuli.fi\\\/sv\\\/ansvar\\\/agenda-2030\\\/#breadcrumb\",\"itemListElement\":[{\"@type\":\"ListItem\",\"position\":1,\"name\":\"Home\",\"item\":\"https:\\\/\\\/hyotytuuli.fi\\\/sv\\\/\"},{\"@type\":\"ListItem\",\"position\":2,\"name\":\"Agenda 2030\"}]},{\"@type\":\"WebSite\",\"@id\":\"https:\\\/\\\/hyotytuuli.fi\\\/sv\\\/#website\",\"url\":\"https:\\\/\\\/hyotytuuli.fi\\\/sv\\\/\",\"name\":\"Hy\u00f6tytuuli\",\"description\":\"\",\"publisher\":{\"@id\":\"https:\\\/\\\/hyotytuuli.fi\\\/sv\\\/#organization\"},\"potentialAction\":[{\"@type\":\"SearchAction\",\"target\":{\"@type\":\"EntryPoint\",\"urlTemplate\":\"https:\\\/\\\/hyotytuuli.fi\\\/sv\\\/?s={search_term_string}\"},\"query-input\":{\"@type\":\"PropertyValueSpecification\",\"valueRequired\":true,\"valueName\":\"search_term_string\"}}],\"inLanguage\":\"sv-SE\"},{\"@type\":\"Organization\",\"@id\":\"https:\\\/\\\/hyotytuuli.fi\\\/sv\\\/#organization\",\"name\":\"Hy\u00f6tytuuli\",\"url\":\"https:\\\/\\\/hyotytuuli.fi\\\/sv\\\/\",\"logo\":{\"@type\":\"ImageObject\",\"inLanguage\":\"sv-SE\",\"@id\":\"https:\\\/\\\/hyotytuuli.fi\\\/sv\\\/#\\\/schema\\\/logo\\\/image\\\/\",\"url\":\"https:\\\/\\\/arenso.fi\\\/app\\\/uploads\\\/2025\\\/02\\\/cropped-favicon-1-1.webp\",\"contentUrl\":\"https:\\\/\\\/arenso.fi\\\/app\\\/uploads\\\/2025\\\/02\\\/cropped-favicon-1-1.webp\",\"width\":512,\"height\":512,\"caption\":\"Hy\u00f6tytuuli\"},\"image\":{\"@id\":\"https:\\\/\\\/hyotytuuli.fi\\\/sv\\\/#\\\/schema\\\/logo\\\/image\\\/\"}}]}<\/script>\n<!-- \/ Yoast SEO plugin. -->","yoast_head_json":{"title":"Agenda 2030 - Hy\u00f6tytuuli","robots":{"index":"index","follow":"follow","max-snippet":"max-snippet:-1","max-image-preview":"max-image-preview:large","max-video-preview":"max-video-preview:-1"},"canonical":"https:\/\/hyotytuuli.fi\/sv\/ansvar\/agenda-2030\/","og_locale":"sv_SE","og_type":"article","og_title":"Agenda 2030 - Hy\u00f6tytuuli","og_description":"Agenda 2030 Arbetet med h\u00e5llbar utveckling i alla l\u00e4nder i v\u00e4rlden styrs av den globala agendan f\u00f6r h\u00e5llbar utveckling som man enades om i FN 2015, som kallas\u00a0Agenda2030. Den inneh\u00e5ller 17 m\u00e5l som l\u00e4nderna tillsammans b\u00f6r uppn\u00e5 senast \u00e5r 2030. Agenda 2030 har ocks\u00e5 hj\u00e4lpt f\u00f6retagsv\u00e4rlden att konkretisera metoder att st\u00e4rka aff\u00e4rsverksamhetens positiva effekter och [&hellip;]","og_url":"https:\/\/hyotytuuli.fi\/sv\/ansvar\/agenda-2030\/","og_site_name":"Hy\u00f6tytuuli","article_modified_time":"2025-02-13T07:29:59+00:00","twitter_card":"summary_large_image","twitter_misc":{"Est. reading time":"1 minute"},"schema":{"@context":"https:\/\/schema.org","@graph":[{"@type":"WebPage","@id":"https:\/\/hyotytuuli.fi\/sv\/ansvar\/agenda-2030\/","url":"https:\/\/hyotytuuli.fi\/sv\/ansvar\/agenda-2030\/","name":"Agenda 2030 - Hy\u00f6tytuuli","isPartOf":{"@id":"https:\/\/hyotytuuli.fi\/sv\/#website"},"datePublished":"2025-01-17T12:58:17+00:00","dateModified":"2025-02-13T07:29:59+00:00","breadcrumb":{"@id":"https:\/\/hyotytuuli.fi\/sv\/ansvar\/agenda-2030\/#breadcrumb"},"inLanguage":"sv-SE","potentialAction":[{"@type":"ReadAction","target":["https:\/\/hyotytuuli.fi\/sv\/ansvar\/agenda-2030\/"]}]},{"@type":"BreadcrumbList","@id":"https:\/\/hyotytuuli.fi\/sv\/ansvar\/agenda-2030\/#breadcrumb","itemListElement":[{"@type":"ListItem","position":1,"name":"Home","item":"https:\/\/hyotytuuli.fi\/sv\/"},{"@type":"ListItem","position":2,"name":"Agenda 2030"}]},{"@type":"WebSite","@id":"https:\/\/hyotytuuli.fi\/sv\/#website","url":"https:\/\/hyotytuuli.fi\/sv\/","name":"Hy\u00f6tytuuli","description":"","publisher":{"@id":"https:\/\/hyotytuuli.fi\/sv\/#organization"},"potentialAction":[{"@type":"SearchAction","target":{"@type":"EntryPoint","urlTemplate":"https:\/\/hyotytuuli.fi\/sv\/?s={search_term_string}"},"query-input":{"@type":"PropertyValueSpecification","valueRequired":true,"valueName":"search_term_string"}}],"inLanguage":"sv-SE"},{"@type":"Organization","@id":"https:\/\/hyotytuuli.fi\/sv\/#organization","name":"Hy\u00f6tytuuli","url":"https:\/\/hyotytuuli.fi\/sv\/","logo":{"@type":"ImageObject","inLanguage":"sv-SE","@id":"https:\/\/hyotytuuli.fi\/sv\/#\/schema\/logo\/image\/","url":"https:\/\/arenso.fi\/app\/uploads\/2025\/02\/cropped-favicon-1-1.webp","contentUrl":"https:\/\/arenso.fi\/app\/uploads\/2025\/02\/cropped-favicon-1-1.webp","width":512,"height":512,"caption":"Hy\u00f6tytuuli"},"image":{"@id":"https:\/\/hyotytuuli.fi\/sv\/#\/schema\/logo\/image\/"}}]}},"_links":{"self":[{"href":"https:\/\/hyotytuuli.fi\/sv\/wp-json\/wp\/v2\/pages\/7215","targetHints":{"allow":["GET"]}}],"collection":[{"href":"https:\/\/hyotytuuli.fi\/sv\/wp-json\/wp\/v2\/pages"}],"about":[{"href":"https:\/\/hyotytuuli.fi\/sv\/wp-json\/wp\/v2\/types\/page"}],"author":[{"embeddable":true,"href":"https:\/\/hyotytuuli.fi\/sv\/wp-json\/wp\/v2\/users\/1"}],"replies":[{"embeddable":true,"href":"https:\/\/hyotytuuli.fi\/sv\/wp-json\/wp\/v2\/comments?post=7215"}],"version-history":[{"count":1,"href":"https:\/\/hyotytuuli.fi\/sv\/wp-json\/wp\/v2\/pages\/7215\/revisions"}],"predecessor-version":[{"id":7216,"href":"https:\/\/hyotytuuli.fi\/sv\/wp-json\/wp\/v2\/pages\/7215\/revisions\/7216"}],"up":[{"embeddable":true,"href":"https:\/\/hyotytuuli.fi\/sv\/wp-json\/wp\/v2\/pages\/7150"}],"wp:attachment":[{"href":"https:\/\/hyotytuuli.fi\/sv\/wp-json\/wp\/v2\/media?parent=7215"}],"curies":[{"name":"wp","href":"https:\/\/api.w.org\/{rel}","templated":true}]}}