{"id":7218,"date":"2025-01-17T15:27:52","date_gmt":"2025-01-17T13:27:52","guid":{"rendered":"https:\/\/hyotytuuli.fi\/?page_id=7218"},"modified":"2025-02-19T20:28:21","modified_gmt":"2025-02-19T18:28:21","slug":"kontakta-oss","status":"publish","type":"page","link":"https:\/\/hyotytuuli.fi\/sv\/kontakta-oss\/","title":{"rendered":"Kontakta oss"},"content":{"rendered":"\n\n<style>\n                            @media screen and (min-width: 1px) and (max-width: 9999px) {\n            .Hero-1951120757 {\n                background-image: url('https:\/\/arenso.fi\/app\/uploads\/2025\/01\/Ota-yhteytta.jpg');\n            }\n        }\n            \n            @media screen and (max-width: 767.1px) {\n        .Hero-1951120757 {\n            height: 230px !important;\n        }\n    }\n    \n                .Hero-1951120757 {\n            height: 350px;\n        }\n    \n<\/style>\n\n<section class=\"mb-8\" >\n    <div class=\"\n        Hero\n        Hero-1951120757\n        full-width\n        z-10\n        relative bg-cover\n        bg-center inset-x-2\/4\n        flex justify-center items-center\n    \">\n            <h1 class=\"text-white font-bold text-center h2 md:h1 text-balance\"><\/h1>\n        <\/div>\n    <\/section>\n\n\n\n<h2 class=\"wp-block-heading\">Kontaktinformation<\/h2>\n\n\n\n<div class=\"wp-block-columns is-layout-flex wp-container-core-columns-is-layout-9d6595d7 wp-block-columns-is-layout-flex\">\n<div class=\"wp-block-column is-layout-flow wp-block-column-is-layout-flow\">\n<h3 class=\"wp-block-heading\">Kontor<\/h3>\n\n\n\n<p>PB 305, 28601 Bj\u00f6rneborg<br>Bes\u00f6ksadress Lautantekij\u00e4ntie 60, 28880 Bj\u00f6rneborg<br>V\u00e4xel: +358 10&nbsp;525 1860<br>V\u00e5ra e-postadresser har formen:<br>fornamn.efternamn@hyotytuuli.fi<br><a href=\"#formularet\">Skicka ett meddelande via formul\u00e4ret<\/a><\/p>\n<\/div>\n\n\n\n<div class=\"wp-block-column is-layout-flow wp-block-column-is-layout-flow\">\n<h3 class=\"wp-block-heading\">Service och jour<\/h3>\n\n\n\n<p>Service och jour f\u00f6r Suomen Hy\u00f6tytuuli Oy:s vindparker sk\u00f6ts av Tuulia Palvelut Oy. Om du l\u00e4gger m\u00e4rke till n\u00e5gonting speciellt eller avvikande i vindkraftverken ska du kontakta Suomen Hy\u00f6tytuuli eller ringa Tuulia\u2019s journumret 044 701 2318 (kl. 8\u201322).<br><\/p>\n<\/div>\n<\/div>\n\n\n\n<div  class=\"lg:mx-16 wrapmb-8\">\n    <div>\n                    <div class=\"my-4\">\n                <div class=\"AccordionTrigger bg-hyotytuuli py-8 px-16 text-white flex justify-between hover:cursor-pointer\">\n                    <h3>Faktureringsuppgifter<\/h3>\n                    <div>\n                        <svg xmlns=\"http:\/\/www.w3.org\/2000\/svg\" fill=\"none\" viewBox=\"0 0 24 24\" stroke-width=\"1.5\" stroke=\"currentColor\" class=\"w-6 h-6\">\n  <path stroke-linecap=\"round\" stroke-linejoin=\"round\" d=\"M19.5 8.25l-7.5 7.5-7.5-7.5\" \/>\n<\/svg>\n\n                    <\/div>\n                <\/div>\n                <div class=\"AccordionContent hidden px-12 py-8\">\n                    <div class=\" \">\n                        <p>Eftersom vi behandlar alla ink\u00f6psfakturor elektroniskt, \u00f6nskar vi att ni skickar era farturor \u00e5t oss som e-fakturor.<\/p>\n<p>Suomen Hy\u00f6tytuuli Oy, FO-nummer FI34341823<\/p>\n<h4>N\u00e4tfakturering<\/h4>\n<p>Operat\u00f6r: Apix Messaging Oy (003723327487)<br \/>\nNetfakturering adress: 003734341823<br \/>\nEDI-kod: 003734341823<strong><br \/>\n<\/strong><\/p>\n<p>F\u00f6r Danske Bank Oyj, Handelsbanken, Paikallisosuuspankki eller S\u00e4\u00e4st\u00f6pankki:<\/p>\n<p>Operat\u00f6r: DABAFIHH<br \/>\nNetfakturering adress: 003723327487<br \/>\nEDI-kod: 003734341823<\/p>\n<p>Adressen p\u00e5 fakturor som skickas via e-post i pdf-format \u00e4r laskutus(a)hyotytuuli.fi . Varje faktura ska skickas som en separat fil.<\/p>\n<p><strong>Pappersfakturor skickas till v\u00e5r skanningstj\u00e4nst<\/strong><\/p>\n<p>Suomen Hy\u00f6tytuuli Oy (Apix skannauspalvelu)<br \/>\nPL 16112<br \/>\n00021 LASKUTUS<\/p>\n<p>Skanningstj\u00e4nstens adress ska ocks\u00e5 skrivas ut p\u00e5 sj\u00e4lva fakturan.<\/p>\n<p>Fakturor m\u00e5ste inneh\u00e5lla best\u00e4llningsreferensen som tas emot fr\u00e5n best\u00e4llaren och namnet p\u00e5 best\u00e4llaren.<\/p>\n\n                    <\/div>\n                                    <\/div>\n            <\/div>\n            <\/div>\n<\/div>\n\n\n\n<section >\n    <div class=\"ThreeColumns\n        relative\n        flex\n        justify-between\n        flex-col\n        lg:flex-row\n        lg:flex-row\n        my-20\n    \">\n        <div class=\"w-full \">\n            \n        <!-- Carousel Wrapper if more than 3 elements -->\n                   <div class=\"flex gap-2 xl:gap-4 2xl:gap-4\">\n                                                             <!-- Flex item with responsive width to simulate a grid with up to three items -->\n                            <div class=\"relative w-full sm:w-1\/2 md:w-1\/3\">\n                                <div class=\"relative flex justify-center aspect-[7\/5]\">\n                                    <img decoding=\"async\"\n                                        loading=\"lazy\"\n                                        class=\"object-cover h-full w-full\"\n                                        src=\"https:\/\/arenso.fi\/app\/uploads\/2024\/12\/Yleis-Hyotytuuli.jpg\"\n                                    \/>\n                                <\/div>\n                                                                    <div class=\"text-center p-2 sm:p-2 md:p-4 lg:p-4 sm:!px-2\">\n                                        <a\nhref=\"https:\/\/hyotytuuli.fi\/sv\/till-medierna\/\"\nalt=\"\"\ntarget=\"\"\nclass=\"flex justify-center hover:text-link-hover text-hyotytuuli\">\n    <p class=\"pr-1\">Till medierna<\/p>\n    <span class=\"\"><svg xmlns=\"http:\/\/www.w3.org\/2000\/svg\" fill=\"none\" viewBox=\"0 0 24 24\" stroke-width=\"1.5\" stroke=\"currentColor\" class=\"w-6 h-6\">\n  <path stroke-linecap=\"round\" stroke-linejoin=\"round\" d=\"M17.25 8.25 21 12m0 0-3.75 3.75M21 12H3\" \/>\n<\/svg>\n<\/span>\n<\/a>\n                                    <\/div>\n                                                                                            <\/div>\n                                                                                 <!-- Flex item with responsive width to simulate a grid with up to three items -->\n                            <div class=\"relative w-full sm:w-1\/2 md:w-1\/3\">\n                                <div class=\"relative flex justify-center aspect-[7\/5]\">\n                                    <img decoding=\"async\"\n                                        loading=\"lazy\"\n                                        class=\"object-cover h-full w-full\"\n                                        src=\"https:\/\/arenso.fi\/app\/uploads\/2024\/12\/Yleis4-Hyotytuuli.jpg\"\n                                    \/>\n                                <\/div>\n                                                                    <div class=\"text-center p-2 sm:p-2 md:p-4 lg:p-4 sm:!px-2\">\n                                        <a\nhref=\"https:\/\/hyotytuuli.fi\/sv\/for-markagare\/\"\nalt=\"\"\ntarget=\"\"\nclass=\"flex justify-center hover:text-link-hover text-hyotytuuli\">\n    <p class=\"pr-1\">F\u00f6r mark\u00e4gare<\/p>\n    <span class=\"\"><svg xmlns=\"http:\/\/www.w3.org\/2000\/svg\" fill=\"none\" viewBox=\"0 0 24 24\" stroke-width=\"1.5\" stroke=\"currentColor\" class=\"w-6 h-6\">\n  <path stroke-linecap=\"round\" stroke-linejoin=\"round\" d=\"M17.25 8.25 21 12m0 0-3.75 3.75M21 12H3\" \/>\n<\/svg>\n<\/span>\n<\/a>\n                                    <\/div>\n                                                                                            <\/div>\n                                                                                 <!-- Flex item with responsive width to simulate a grid with up to three items -->\n                            <div class=\"relative w-full sm:w-1\/2 md:w-1\/3\">\n                                <div class=\"relative flex justify-center aspect-[7\/5]\">\n                                    <img decoding=\"async\"\n                                        loading=\"lazy\"\n                                        class=\"object-cover h-full w-full\"\n                                        src=\"https:\/\/arenso.fi\/app\/uploads\/2024\/12\/Yleis3-Hyotytuuli.jpg\"\n                                    \/>\n                                <\/div>\n                                                                    <div class=\"text-center p-2 sm:p-2 md:p-4 lg:p-4 sm:!px-2\">\n                                        <a\nhref=\"https:\/\/arenso.fi\/meille-toihin\/\"\nalt=\"\"\ntarget=\"_blank\"\nclass=\"flex justify-center hover:text-link-hover text-hyotytuuli\">\n    <p class=\"pr-1\">\u00c4r du intresserad av att arbeta inom vindkraftsbranschen? Kontakta Arenso Oy f\u00f6r jobbm\u00f6jligheter i Suomen Hy\u00f6tytuuli vindkraftsprojekt.<\/p>\n    <span class=\"\"><svg xmlns=\"http:\/\/www.w3.org\/2000\/svg\" fill=\"none\" viewBox=\"0 0 24 24\" stroke-width=\"1.5\" stroke=\"currentColor\" class=\"w-6 h-6\">\n  <path stroke-linecap=\"round\" stroke-linejoin=\"round\" d=\"M17.25 8.25 21 12m0 0-3.75 3.75M21 12H3\" \/>\n<\/svg>\n<\/span>\n<\/a>\n                                    <\/div>\n                                                                                            <\/div>\n                                                <\/div>\n        \n    <\/div>\n<\/section>\n\n<section class=\" my-4 sm:my-8 md:my-12 xl:my-20\" >\n\t\t\t<div class=\"FiftyFiftyImage relative flex justify-between bg-hyotytuuli-light flex-col-reverse lg:flex-row-reverse\">\n\t\t\t<div class=\"w-full aspect-[7\/5] lg:w-1\/2 p-4 sm:p-8 md:p-12  lg:px-12 lg:pt-14 \">\n\t\t\t\t\t\t\t\t\t\t\t\t<h2 class=\"Title flex flex-col justify-start mb-4 text-hyotytuuli-hilight3\">\n\t\t\t\t\t\tInformationscentralen\n\t\t\t\t\t<\/h2>\n\t\t\t\t\t\t\t\t\t\t\t\t\t<div class=\"flex flex-col text-hyotytuuli-hilight3 justify-center \">\n\t\t\t\t\t\t\t\t\t\t\t\t\t<p>Suomen Hy\u00f6tytuulis Informationscentral \u00e4r bel\u00e4gen l\u00e4ngs Reposaaren maantie i Bj\u00f6rneborg. Centralen ger aktuell information om vindkraft och om Suomen Hy\u00f6tytuulis vindkraftsproduktion till grupper som \u00e4r intresserade av branschen. P\u00e5 g\u00e5rdsomr\u00e5det finns ocks\u00e5 ett f\u00e5geltorn som \u00e4r tillg\u00e4ngligt f\u00f6r bes\u00f6karna. Informationscentralen tar emot grupper enligt separat \u00f6verenskommelse.<\/p>\n<p>Mer information och gruppbokningar Tanja Kivi, tfn +358 10\u00a0525 1860 (v\u00e4xel) eller opastuskeskus (at) hyotytuuli.fi.<\/p>\n<p>Merituulentie 1<br \/>\n28900 BJ\u00d6RNEBORG<\/p>\n\n\t\t\t\t\t\t\t\t\t\t\t\t\t\t\t\t\t<\/div>\n\t\t\t\t\t\t\t\t\t\t<\/div>\n\t\t\t\t\t\t\t<div class=\" self-stretch justify-self-stretch w-full lg:w-1\/2 relative flex justify-center lg:justify-start\">\n\t\t\t\t\t<img decoding=\"async\" loading=\"lazy\" class=\"object-cover h-full w-full aspect-[7\/5]\"  srcset=\"\n\t\t\t\t\t\t\t\t\t\t\thttps:\/\/arenso.fi\/app\/uploads\/2025\/01\/Opastuskeskus-150x150.webp 150w,\n\t\t\t\t\t\t\t\t\t\t\thttps:\/\/arenso.fi\/app\/uploads\/2025\/01\/Opastuskeskus-300x230.webp 300w,\n\t\t\t\t\t\t\t\t\t\t\thttps:\/\/arenso.fi\/app\/uploads\/2025\/01\/Opastuskeskus-768x590.webp 768w,\n\t\t\t\t\t\t\t\t\t\t\thttps:\/\/arenso.fi\/app\/uploads\/2025\/01\/Opastuskeskus.webp 1024w,\n\t\t\t\t\t\t\t\t\t\t\thttps:\/\/arenso.fi\/app\/uploads\/2025\/01\/Opastuskeskus.webp 1024w,\n\t\t\t\t\t\t\t\t\t\t    \"  src=\"https:\/\/arenso.fi\/app\/uploads\/2025\/01\/Opastuskeskus-768x590.webp\"\/>\n\t\t\t\t<\/div>\n\t\t\t\t\t<\/div>\n\t<\/section>\n\n\n\n<div style=\"height:10px\" aria-hidden=\"true\" id=\"formularet\" class=\"wp-block-spacer\"><\/div>\n\n\n\n<h2 class=\"wp-block-heading\">Kontakta oss<\/h2>\n\n\n\n<p>Fyll i kontaktblanketten s\u00e5 kontaktar vi dig inom det snaraste. Vi s\u00f6ker st\u00e4ndigt nya samarbetspartner och vindkraftsexperter.<\/p>\n\n\n\n<p>\u00c4r du intresserad av att arbeta inom vindkraftsbranschen? Kontakta <a href=\"https:\/\/arenso.fi\/meille-toihin\/\" target=\"_blank\" rel=\"noreferrer noopener\">Arenso Oy<\/a> f\u00f6r jobbm\u00f6jligheter i Suomen Hy\u00f6tytuuli vindkraftsprojekt.<\/p>\n\n\n\n<div class=\"wpcf7 no-js\" id=\"wpcf7-f7316-o1\" lang=\"en-US\" dir=\"ltr\" data-wpcf7-id=\"7316\">\n<div class=\"screen-reader-response\"><p role=\"status\" aria-live=\"polite\" aria-atomic=\"true\"><\/p> <ul><\/ul><\/div>\n<form action=\"\/sv\/wp-json\/wp\/v2\/pages\/7218#wpcf7-f7316-o1\" method=\"post\" class=\"wpcf7-form init\" aria-label=\"Contact form\" novalidate=\"novalidate\" data-status=\"init\">\n<div style=\"display: none;\">\n<input type=\"hidden\" name=\"_wpcf7\" value=\"7316\" \/>\n<input type=\"hidden\" name=\"_wpcf7_version\" value=\"6.0.6\" \/>\n<input type=\"hidden\" name=\"_wpcf7_locale\" value=\"en_US\" \/>\n<input type=\"hidden\" name=\"_wpcf7_unit_tag\" value=\"wpcf7-f7316-o1\" \/>\n<input type=\"hidden\" name=\"_wpcf7_container_post\" value=\"0\" \/>\n<input type=\"hidden\" name=\"_wpcf7_posted_data_hash\" value=\"\" \/>\n<input type=\"hidden\" name=\"_wpcf7cf_hidden_group_fields\" value=\"[]\" \/>\n<input type=\"hidden\" name=\"_wpcf7cf_hidden_groups\" value=\"[]\" \/>\n<input type=\"hidden\" name=\"_wpcf7cf_visible_groups\" value=\"[]\" \/>\n<input type=\"hidden\" name=\"_wpcf7cf_repeaters\" value=\"[]\" \/>\n<input type=\"hidden\" name=\"_wpcf7cf_steps\" value=\"{}\" \/>\n<input type=\"hidden\" name=\"_wpcf7cf_options\" value=\"{&quot;form_id&quot;:7316,&quot;conditions&quot;:[],&quot;settings&quot;:{&quot;animation&quot;:&quot;yes&quot;,&quot;animation_intime&quot;:200,&quot;animation_outtime&quot;:200,&quot;conditions_ui&quot;:&quot;normal&quot;,&quot;notice_dismissed&quot;:false,&quot;notice_dismissed_rollback-cf7-5.3.2&quot;:true}}\" \/>\n<\/div>\n<div>\n\t<p><label> \u00c4rende <\/label><br \/>\n<span class=\"wpcf7-form-control-wrap\" data-name=\"menu-882\"><select class=\"wpcf7-form-control wpcf7-select wpcf7-validates-as-required\" aria-required=\"true\" aria-invalid=\"false\" name=\"menu-882\"><option value=\"\">--V\u00e4lja ett \u00e4mne--<\/option><option value=\"Partnerskap, teknik\">Partnerskap, teknik<\/option><option value=\"Partnerskap, produktion och underh\u00e5ll\">Partnerskap, produktion och underh\u00e5ll<\/option><option value=\"Arbetsm\u00f6jligheter\">Arbetsm\u00f6jligheter<\/option><option value=\"Tomtr\u00e4ttsuppl\u00e5telse\">Tomtr\u00e4ttsuppl\u00e5telse<\/option><option value=\"Fakturering\">Fakturering<\/option><option value=\"Andra saker\">Andra saker<\/option><\/select><\/span>\n\t<\/p>\n\t<p><label> Namn <\/label><br \/>\n<span class=\"wpcf7-form-control-wrap\" data-name=\"your-name\"><input size=\"40\" maxlength=\"400\" class=\"wpcf7-form-control wpcf7-text wpcf7-validates-as-required\" autocomplete=\"name\" aria-required=\"true\" aria-invalid=\"false\" value=\"\" type=\"text\" name=\"your-name\" \/><\/span>\n\t<\/p>\n\t<p><label> E-postadress <\/label><br \/>\n<span class=\"wpcf7-form-control-wrap\" data-name=\"your-email\"><input size=\"40\" maxlength=\"400\" class=\"wpcf7-form-control wpcf7-email wpcf7-validates-as-required wpcf7-text wpcf7-validates-as-email\" autocomplete=\"email\" aria-required=\"true\" aria-invalid=\"false\" value=\"\" type=\"email\" name=\"your-email\" \/><\/span>\n\t<\/p>\n\t<p><label> Telefonnummer <\/label><br \/>\n<span class=\"wpcf7-form-control-wrap\" data-name=\"your-phonenumber\"><input size=\"40\" maxlength=\"400\" class=\"wpcf7-form-control wpcf7-tel wpcf7-validates-as-required wpcf7-text wpcf7-validates-as-tel\" aria-required=\"true\" aria-invalid=\"false\" value=\"\" type=\"tel\" name=\"your-phonenumber\" \/><\/span>\n\t<\/p>\n\t<p><label> Meddelande <\/label><br \/>\n<span class=\"wpcf7-form-control-wrap\" data-name=\"your-message\"><textarea cols=\"40\" rows=\"10\" maxlength=\"2000\" class=\"wpcf7-form-control wpcf7-textarea\" aria-invalid=\"false\" name=\"your-message\"><\/textarea><\/span>\n\t<\/p>\n\t<p><input class=\"wpcf7-form-control wpcf7-submit has-spinner\" type=\"submit\" value=\"Skicka\" \/>\n\t<\/p>\n<\/div><div class=\"wpcf7-response-output\" aria-hidden=\"true\"><\/div>\n<\/form>\n<\/div>\n\n","protected":false},"excerpt":{"rendered":"<p>Kontaktinformation Kontor PB 305, 28601 Bj\u00f6rneborgBes\u00f6ksadress Lautantekij\u00e4ntie 60, 28880 Bj\u00f6rneborgV\u00e4xel: +358 10&nbsp;525 1860V\u00e5ra e-postadresser har formen:fornamn.efternamn@hyotytuuli.fiSkicka ett meddelande via formul\u00e4ret Service och jour Service och jour f\u00f6r Suomen Hy\u00f6tytuuli Oy:s vindparker sk\u00f6ts av Tuulia Palvelut Oy. Om du l\u00e4gger m\u00e4rke till n\u00e5gonting speciellt eller avvikande i vindkraftverken ska du kontakta Suomen Hy\u00f6tytuuli eller ringa Tuulia\u2019s [&hellip;]<\/p>\n","protected":false},"author":1,"featured_media":0,"parent":0,"menu_order":0,"comment_status":"closed","ping_status":"closed","template":"","meta":{"_acf_changed":false,"footnotes":""},"class_list":["post-7218","page","type-page","status-publish","hentry"],"acf":[],"yoast_head":"<!-- This site is optimized with the Yoast SEO plugin v27.3 - https:\/\/yoast.com\/product\/yoast-seo-wordpress\/ -->\n<title>Kontakta oss - Hy\u00f6tytuuli<\/title>\n<meta name=\"robots\" content=\"index, follow, max-snippet:-1, max-image-preview:large, max-video-preview:-1\" \/>\n<link rel=\"canonical\" href=\"https:\/\/hyotytuuli.fi\/sv\/kontakta-oss\/\" \/>\n<meta property=\"og:locale\" content=\"sv_SE\" \/>\n<meta property=\"og:type\" content=\"article\" \/>\n<meta property=\"og:title\" content=\"Kontakta oss - Hy\u00f6tytuuli\" \/>\n<meta property=\"og:description\" content=\"Kontaktinformation Kontor PB 305, 28601 Bj\u00f6rneborgBes\u00f6ksadress Lautantekij\u00e4ntie 60, 28880 Bj\u00f6rneborgV\u00e4xel: +358 10&nbsp;525 1860V\u00e5ra e-postadresser har formen:fornamn.efternamn@hyotytuuli.fiSkicka ett meddelande via formul\u00e4ret Service och jour Service och jour f\u00f6r Suomen Hy\u00f6tytuuli Oy:s vindparker sk\u00f6ts av Tuulia Palvelut Oy. Om du l\u00e4gger m\u00e4rke till n\u00e5gonting speciellt eller avvikande i vindkraftverken ska du kontakta Suomen Hy\u00f6tytuuli eller ringa Tuulia\u2019s [&hellip;]\" \/>\n<meta property=\"og:url\" content=\"https:\/\/hyotytuuli.fi\/sv\/kontakta-oss\/\" \/>\n<meta property=\"og:site_name\" content=\"Hy\u00f6tytuuli\" \/>\n<meta property=\"article:modified_time\" content=\"2025-02-19T18:28:21+00:00\" \/>\n<meta name=\"twitter:card\" content=\"summary_large_image\" \/>\n<meta name=\"twitter:label1\" content=\"Est. reading time\" \/>\n\t<meta name=\"twitter:data1\" content=\"1 minute\" \/>\n<script type=\"application\/ld+json\" class=\"yoast-schema-graph\">{\"@context\":\"https:\\\/\\\/schema.org\",\"@graph\":[{\"@type\":\"WebPage\",\"@id\":\"https:\\\/\\\/hyotytuuli.fi\\\/sv\\\/kontakta-oss\\\/\",\"url\":\"https:\\\/\\\/hyotytuuli.fi\\\/sv\\\/kontakta-oss\\\/\",\"name\":\"Kontakta oss - Hy\u00f6tytuuli\",\"isPartOf\":{\"@id\":\"https:\\\/\\\/hyotytuuli.fi\\\/sv\\\/#website\"},\"datePublished\":\"2025-01-17T13:27:52+00:00\",\"dateModified\":\"2025-02-19T18:28:21+00:00\",\"breadcrumb\":{\"@id\":\"https:\\\/\\\/hyotytuuli.fi\\\/sv\\\/kontakta-oss\\\/#breadcrumb\"},\"inLanguage\":\"sv-SE\",\"potentialAction\":[{\"@type\":\"ReadAction\",\"target\":[\"https:\\\/\\\/hyotytuuli.fi\\\/sv\\\/kontakta-oss\\\/\"]}]},{\"@type\":\"BreadcrumbList\",\"@id\":\"https:\\\/\\\/hyotytuuli.fi\\\/sv\\\/kontakta-oss\\\/#breadcrumb\",\"itemListElement\":[{\"@type\":\"ListItem\",\"position\":1,\"name\":\"Home\",\"item\":\"https:\\\/\\\/hyotytuuli.fi\\\/sv\\\/\"},{\"@type\":\"ListItem\",\"position\":2,\"name\":\"Kontakta oss\"}]},{\"@type\":\"WebSite\",\"@id\":\"https:\\\/\\\/hyotytuuli.fi\\\/sv\\\/#website\",\"url\":\"https:\\\/\\\/hyotytuuli.fi\\\/sv\\\/\",\"name\":\"Hy\u00f6tytuuli\",\"description\":\"\",\"publisher\":{\"@id\":\"https:\\\/\\\/hyotytuuli.fi\\\/sv\\\/#organization\"},\"potentialAction\":[{\"@type\":\"SearchAction\",\"target\":{\"@type\":\"EntryPoint\",\"urlTemplate\":\"https:\\\/\\\/hyotytuuli.fi\\\/sv\\\/?s={search_term_string}\"},\"query-input\":{\"@type\":\"PropertyValueSpecification\",\"valueRequired\":true,\"valueName\":\"search_term_string\"}}],\"inLanguage\":\"sv-SE\"},{\"@type\":\"Organization\",\"@id\":\"https:\\\/\\\/hyotytuuli.fi\\\/sv\\\/#organization\",\"name\":\"Hy\u00f6tytuuli\",\"url\":\"https:\\\/\\\/hyotytuuli.fi\\\/sv\\\/\",\"logo\":{\"@type\":\"ImageObject\",\"inLanguage\":\"sv-SE\",\"@id\":\"https:\\\/\\\/hyotytuuli.fi\\\/sv\\\/#\\\/schema\\\/logo\\\/image\\\/\",\"url\":\"https:\\\/\\\/arenso.fi\\\/app\\\/uploads\\\/2025\\\/02\\\/cropped-favicon-1-1.webp\",\"contentUrl\":\"https:\\\/\\\/arenso.fi\\\/app\\\/uploads\\\/2025\\\/02\\\/cropped-favicon-1-1.webp\",\"width\":512,\"height\":512,\"caption\":\"Hy\u00f6tytuuli\"},\"image\":{\"@id\":\"https:\\\/\\\/hyotytuuli.fi\\\/sv\\\/#\\\/schema\\\/logo\\\/image\\\/\"}}]}<\/script>\n<!-- \/ Yoast SEO plugin. -->","yoast_head_json":{"title":"Kontakta oss - Hy\u00f6tytuuli","robots":{"index":"index","follow":"follow","max-snippet":"max-snippet:-1","max-image-preview":"max-image-preview:large","max-video-preview":"max-video-preview:-1"},"canonical":"https:\/\/hyotytuuli.fi\/sv\/kontakta-oss\/","og_locale":"sv_SE","og_type":"article","og_title":"Kontakta oss - Hy\u00f6tytuuli","og_description":"Kontaktinformation Kontor PB 305, 28601 Bj\u00f6rneborgBes\u00f6ksadress Lautantekij\u00e4ntie 60, 28880 Bj\u00f6rneborgV\u00e4xel: +358 10&nbsp;525 1860V\u00e5ra e-postadresser har formen:fornamn.efternamn@hyotytuuli.fiSkicka ett meddelande via formul\u00e4ret Service och jour Service och jour f\u00f6r Suomen Hy\u00f6tytuuli Oy:s vindparker sk\u00f6ts av Tuulia Palvelut Oy. Om du l\u00e4gger m\u00e4rke till n\u00e5gonting speciellt eller avvikande i vindkraftverken ska du kontakta Suomen Hy\u00f6tytuuli eller ringa Tuulia\u2019s [&hellip;]","og_url":"https:\/\/hyotytuuli.fi\/sv\/kontakta-oss\/","og_site_name":"Hy\u00f6tytuuli","article_modified_time":"2025-02-19T18:28:21+00:00","twitter_card":"summary_large_image","twitter_misc":{"Est. reading time":"1 minute"},"schema":{"@context":"https:\/\/schema.org","@graph":[{"@type":"WebPage","@id":"https:\/\/hyotytuuli.fi\/sv\/kontakta-oss\/","url":"https:\/\/hyotytuuli.fi\/sv\/kontakta-oss\/","name":"Kontakta oss - Hy\u00f6tytuuli","isPartOf":{"@id":"https:\/\/hyotytuuli.fi\/sv\/#website"},"datePublished":"2025-01-17T13:27:52+00:00","dateModified":"2025-02-19T18:28:21+00:00","breadcrumb":{"@id":"https:\/\/hyotytuuli.fi\/sv\/kontakta-oss\/#breadcrumb"},"inLanguage":"sv-SE","potentialAction":[{"@type":"ReadAction","target":["https:\/\/hyotytuuli.fi\/sv\/kontakta-oss\/"]}]},{"@type":"BreadcrumbList","@id":"https:\/\/hyotytuuli.fi\/sv\/kontakta-oss\/#breadcrumb","itemListElement":[{"@type":"ListItem","position":1,"name":"Home","item":"https:\/\/hyotytuuli.fi\/sv\/"},{"@type":"ListItem","position":2,"name":"Kontakta oss"}]},{"@type":"WebSite","@id":"https:\/\/hyotytuuli.fi\/sv\/#website","url":"https:\/\/hyotytuuli.fi\/sv\/","name":"Hy\u00f6tytuuli","description":"","publisher":{"@id":"https:\/\/hyotytuuli.fi\/sv\/#organization"},"potentialAction":[{"@type":"SearchAction","target":{"@type":"EntryPoint","urlTemplate":"https:\/\/hyotytuuli.fi\/sv\/?s={search_term_string}"},"query-input":{"@type":"PropertyValueSpecification","valueRequired":true,"valueName":"search_term_string"}}],"inLanguage":"sv-SE"},{"@type":"Organization","@id":"https:\/\/hyotytuuli.fi\/sv\/#organization","name":"Hy\u00f6tytuuli","url":"https:\/\/hyotytuuli.fi\/sv\/","logo":{"@type":"ImageObject","inLanguage":"sv-SE","@id":"https:\/\/hyotytuuli.fi\/sv\/#\/schema\/logo\/image\/","url":"https:\/\/arenso.fi\/app\/uploads\/2025\/02\/cropped-favicon-1-1.webp","contentUrl":"https:\/\/arenso.fi\/app\/uploads\/2025\/02\/cropped-favicon-1-1.webp","width":512,"height":512,"caption":"Hy\u00f6tytuuli"},"image":{"@id":"https:\/\/hyotytuuli.fi\/sv\/#\/schema\/logo\/image\/"}}]}},"_links":{"self":[{"href":"https:\/\/hyotytuuli.fi\/sv\/wp-json\/wp\/v2\/pages\/7218","targetHints":{"allow":["GET"]}}],"collection":[{"href":"https:\/\/hyotytuuli.fi\/sv\/wp-json\/wp\/v2\/pages"}],"about":[{"href":"https:\/\/hyotytuuli.fi\/sv\/wp-json\/wp\/v2\/types\/page"}],"author":[{"embeddable":true,"href":"https:\/\/hyotytuuli.fi\/sv\/wp-json\/wp\/v2\/users\/1"}],"replies":[{"embeddable":true,"href":"https:\/\/hyotytuuli.fi\/sv\/wp-json\/wp\/v2\/comments?post=7218"}],"version-history":[{"count":9,"href":"https:\/\/hyotytuuli.fi\/sv\/wp-json\/wp\/v2\/pages\/7218\/revisions"}],"predecessor-version":[{"id":8214,"href":"https:\/\/hyotytuuli.fi\/sv\/wp-json\/wp\/v2\/pages\/7218\/revisions\/8214"}],"wp:attachment":[{"href":"https:\/\/hyotytuuli.fi\/sv\/wp-json\/wp\/v2\/media?parent=7218"}],"curies":[{"name":"wp","href":"https:\/\/api.w.org\/{rel}","templated":true}]}}