{"id":7226,"date":"2025-01-23T15:59:00","date_gmt":"2025-01-23T13:59:00","guid":{"rendered":"https:\/\/hyotytuuli.fi\/?page_id=7226"},"modified":"2025-02-20T08:44:48","modified_gmt":"2025-02-20T06:44:48","slug":"for-markagare","status":"publish","type":"page","link":"https:\/\/hyotytuuli.fi\/sv\/for-markagare\/","title":{"rendered":"F\u00f6r mark\u00e4gare"},"content":{"rendered":"\n\n<style>\n                            @media screen and (min-width: 1px) and (max-width: 9999px) {\n            .Hero-138612611 {\n                background-image: url('https:\/\/arenso.fi\/app\/uploads\/2025\/01\/a7r05951-edit.jpg.webp');\n            }\n        }\n            \n            @media screen and (max-width: 767.1px) {\n        .Hero-138612611 {\n            height: 230px !important;\n        }\n    }\n    \n                .Hero-138612611 {\n            height: 350px;\n        }\n    \n<\/style>\n\n<section class=\"mb-8\" >\n    <div class=\"\n        Hero\n        Hero-138612611\n        full-width\n        z-10\n        relative bg-cover\n        bg-center inset-x-2\/4\n        flex justify-center items-center\n    \">\n            <h1 class=\"text-white font-bold text-center h2 md:h1 text-balance\"><\/h1>\n        <\/div>\n    <\/section>\n\n\n\n<div style=\"height:50px\" aria-hidden=\"true\" class=\"wp-block-spacer\"><\/div>\n\n\n\n<h2 class=\"wp-block-heading\">F\u00f6r mark\u00e4gare<\/h2>\n\n\n\n<p>Mark\u00e4gare, \u00e4r du intresserad av att arrendera mark f\u00f6r en vindkraftspark och f\u00e5 en kontinuerlig extrainkomst fr\u00e5n din fastighet?<\/p>\n\n\n\n<p><br><\/p>\n\n\n\n\n<div  class=\"contact-cards lg:mx-16 wrapmb-8\">\n\t<div\n\t\tclass=\"flex flex-wrap flex-col sm:flex-row \">\n\t\t\t\t\t\t\t<div class=\"w-full sm:w-1\/2 justify-center\">\n\t\t\t\t\n<div class=\"flex border border-hyotytuuli rounded items-center mb-2 lg:ml-2 px-2 py-4 lg:py-6\">\n\t<div class=\"px-2 lg:px-6\">\n\t\t<img decoding=\"async\" class=\"object-cover rounded-full min-w-[100px] md:min-w-[130px] lg:min-w-[166px] w-[100px] md:w-[130px] lg:w-[166px] aspect-square\" alt=\"Pasi Kein\u00e4nen\" src=\" https:\/\/arenso.fi\/app\/uploads\/2024\/12\/pasi-keinanen.webp \"\/>\n\t<\/div>\n\t<div class=\"flex flex-col w-full overflow-hidden\">\n\t\t<p class=\"font-bold text-hyotytuuli truncate\">Pasi Kein\u00e4nen<\/p>\n\t\t<p class=\"truncate\">Projekt utvecklingchef<\/p>\n\t\t<a href=\"tel:+358 40 835 9135\" class=\"p truncate\">+358 40 835 9135<\/a>\n\t\t<a href=\"mailto:pasi.keinanen@hyotytuuli.fi\" class=\"p truncate\">pasi.keinanen@hyotytuuli.fi<\/a>\n\t<\/div>\n<\/div>\n\t\t\t<\/div>\n\t\t\n\t\t\t<\/div>\n<\/div>\n\n\n<section class=\" my-4 sm:my-8 md:my-12 xl:my-20\" >\n\t\t\t<div class=\"FiftyFiftyImage relative flex justify-between bg-hyotytuuli-light flex-col-reverse lg:flex-row-reverse\">\n\t\t\t<div class=\"w-full aspect-[7\/5] lg:w-1\/2 p-4 sm:p-8 md:p-12  lg:px-12 lg:pt-14 \">\n\t\t\t\t\t\t\t\t\t\t\t\t<h2 class=\"Title flex flex-col justify-start mb-4 text-hyotytuuli-hilight3\">\n\t\t\t\t\t\tInhemsk, solvent partner\n\t\t\t\t\t<\/h2>\n\t\t\t\t\t\t\t\t\t\t\t\t\t<div class=\"flex flex-col text-hyotytuuli-hilight3 justify-center \">\n\t\t\t\t\t\t\t\t\t\t\t\t\t<div class=\"column fp-hl-box yksinosto wow scroll-reveal\">\n<div class=\"fp-hl-outer\">\n<div class=\"fp-hl-inner\">\n<p>Suomen Hy\u00f6tytuuli \u00e4r en pionj\u00e4r inom inhemsk vindkraft. Vi har utvecklat och producerat land- och havsbaserad vindkraft sedan 1998.<\/p>\n<p data-start=\"187\" data-end=\"309\" data-is-last-node=\"\">Vi \u00e4gs av \u00e5tta solventa finska stadsenergibolag, genom vilka den energi vi producerar levereras till hush\u00e5ll och industri.<\/p>\n<\/div>\n<\/div>\n<\/div>\n<div class=\"column fp-hl-box yksinosto wow scroll-reveal\"><\/div>\n\n\t\t\t\t\t\t\t\t\t\t\t\t\t\t\t\t\t<\/div>\n\t\t\t\t\t\t\t\t\t\t<\/div>\n\t\t\t\t\t\t\t<div class=\" self-stretch justify-self-stretch w-full lg:w-1\/2 relative flex justify-center lg:justify-start\">\n\t\t\t\t\t<img decoding=\"async\" loading=\"lazy\" class=\"object-cover h-full w-full aspect-[7\/5]\"  srcset=\"\n\t\t\t\t\t\t\t\t\t\t\thttps:\/\/arenso.fi\/app\/uploads\/2024\/12\/Yleis3-Hyotytuuli-150x150.jpg 150w,\n\t\t\t\t\t\t\t\t\t\t\thttps:\/\/arenso.fi\/app\/uploads\/2024\/12\/Yleis3-Hyotytuuli-300x211.jpg 300w,\n\t\t\t\t\t\t\t\t\t\t\thttps:\/\/arenso.fi\/app\/uploads\/2024\/12\/Yleis3-Hyotytuuli.jpg 762w,\n\t\t\t\t\t\t\t\t\t\t\thttps:\/\/arenso.fi\/app\/uploads\/2024\/12\/Yleis3-Hyotytuuli.jpg 762w,\n\t\t\t\t\t\t\t\t\t\t\thttps:\/\/arenso.fi\/app\/uploads\/2024\/12\/Yleis3-Hyotytuuli.jpg 762w,\n\t\t\t\t\t\t\t\t\t\t    \"  src=\"https:\/\/arenso.fi\/app\/uploads\/2024\/12\/Yleis3-Hyotytuuli.jpg\"\/>\n\t\t\t\t<\/div>\n\t\t\t\t\t<\/div>\n\t\t\t<div class=\"FiftyFiftyImage relative flex justify-between bg-hyotytuuli-light flex-col-reverse lg:flex-row\">\n\t\t\t<div class=\"w-full aspect-[7\/5] lg:w-1\/2 p-4 sm:p-8 md:p-12  lg:px-12 lg:pt-14 \">\n\t\t\t\t\t\t\t\t\t\t\t\t<h2 class=\"Title flex flex-col justify-start mb-4 text-hyotytuuli-hilight3\">\n\t\t\t\t\t\tAnsvarsfull vindkraft\n\t\t\t\t\t<\/h2>\n\t\t\t\t\t\t\t\t\t\t\t\t\t<div class=\"flex flex-col text-hyotytuuli-hilight3 justify-center \">\n\t\t\t\t\t\t\t\t\t\t\t\t\t<div class=\"flex-1 overflow-hidden @container\/thread translate-y-[2rem] -mt-[2rem] pb-[1.5rem]\">\n<div class=\"flex h-full flex-col overflow-y-auto\">\n<div class=\"flex flex-col text-sm md:pb-9\">\n<article class=\"w-full text-token-text-primary focus-visible:outline-2 focus-visible:outline-offset-[-4px]\" dir=\"auto\" data-testid=\"conversation-turn-5\" data-scroll-anchor=\"true\">\n<div class=\"m-auto text-base py-[18px] px-6\">\n<div class=\"mx-auto flex flex-1 gap-4 text-base md:gap-5 lg:gap-6 md:max-w-3xl\">\n<div class=\"group\/conversation-turn relative flex w-full min-w-0 flex-col agent-turn @xs\/thread:px-0 @sm\/thread:px-1.5 @md\/thread:px-4\">\n<div class=\"flex-col gap-1 md:gap-3\">\n<div class=\"flex max-w-full flex-col flex-grow\">\n<div class=\"min-h-8 text-message flex w-full flex-col items-end gap-2 whitespace-normal break-words text-start [.text-message+&amp;]:mt-5\" dir=\"auto\" data-message-author-role=\"assistant\" data-message-id=\"537d7e50-d7e1-47f0-a7f6-254aa5399b3b\" data-message-model-slug=\"gpt-4o-mini\">\n<div class=\"flex w-full flex-col gap-1 empty:hidden first:pt-[3px]\">\n<div class=\"markdown prose w-full break-words dark:prose-invert dark\">\n<p data-start=\"23\" data-end=\"201\">Vi ansvarar f\u00f6r v\u00e5ra vindkraftparker under hela deras livscykel, fr\u00e5n planering och byggnation till produktion och rivning, p\u00e5 ett s\u00e4kert s\u00e4tt med h\u00e4nsyn till milj\u00f6n och naturen.<\/p>\n<p data-start=\"203\" data-end=\"574\">Livsl\u00e4ngden f\u00f6r v\u00e5ra senaste vindkraftverk uppskattas redan \u00f6ver trettio \u00e5r. Genom regelbundet underh\u00e5ll, \u00f6vervakning och m\u00e4tningar s\u00e4kerst\u00e4ller vi att verken har en s\u00e4ker och s\u00e5 l\u00e5ng livsl\u00e4ngd som m\u00f6jligt. N\u00e4r det \u00e4r dags att riva vindkraftverket, anv\u00e4nds delarna och materialen som reservdelar och \u00e5tervinns. Landskapsv\u00e5rden i omr\u00e5det genomf\u00f6rs i samr\u00e5d med mark\u00e4garen.<\/p>\n<p data-start=\"576\" data-end=\"776\" data-is-last-node=\"\">Vi \u00e4r den f\u00f6rsta vindkraftsakt\u00f6ren i Finland som har \u00e5tervunnit rotorbladen fr\u00e5n ett vindkraftverk som n\u00e5tt slutet av sin livscykel, genom att anv\u00e4nda den nationella plastkomposit\u00e5tervinningsmodellen.<\/p>\n<\/div>\n<\/div>\n<\/div>\n<\/div>\n<\/div>\n<\/div>\n<\/div>\n<\/div>\n<\/article>\n<\/div>\n<\/div>\n<\/div>\n\n\t\t\t\t\t\t\t\t\t\t\t\t\t\t\t\t\t<\/div>\n\t\t\t\t\t\t\t\t\t\t<\/div>\n\t\t\t\t\t\t\t<div class=\" self-stretch justify-self-stretch w-full lg:w-1\/2 relative flex justify-center lg:justify-end\">\n\t\t\t\t\t<img decoding=\"async\" loading=\"lazy\" class=\"object-cover h-full w-full aspect-[7\/5]\"  srcset=\"\n\t\t\t\t\t\t\t\t\t\t\thttps:\/\/arenso.fi\/app\/uploads\/2025\/01\/reposaaren-voimaloiden-purku-20221-683x1024.jpg-150x150.webp 150w,\n\t\t\t\t\t\t\t\t\t\t\thttps:\/\/arenso.fi\/app\/uploads\/2025\/01\/reposaaren-voimaloiden-purku-20221-683x1024.jpg-200x300.webp 200w,\n\t\t\t\t\t\t\t\t\t\t\thttps:\/\/arenso.fi\/app\/uploads\/2025\/01\/reposaaren-voimaloiden-purku-20221-683x1024.jpg.webp 683w,\n\t\t\t\t\t\t\t\t\t\t\thttps:\/\/arenso.fi\/app\/uploads\/2025\/01\/reposaaren-voimaloiden-purku-20221-683x1024.jpg.webp 683w,\n\t\t\t\t\t\t\t\t\t\t\thttps:\/\/arenso.fi\/app\/uploads\/2025\/01\/reposaaren-voimaloiden-purku-20221-683x1024.jpg.webp 683w,\n\t\t\t\t\t\t\t\t\t\t    \"  src=\"https:\/\/arenso.fi\/app\/uploads\/2025\/01\/reposaaren-voimaloiden-purku-20221-683x1024.jpg.webp\"\/>\n\t\t\t\t<\/div>\n\t\t\t\t\t<\/div>\n\t\t\t<div class=\"FiftyFiftyImage relative flex justify-between bg-hyotytuuli-light flex-col-reverse lg:flex-row-reverse\">\n\t\t\t<div class=\"w-full aspect-[7\/5] lg:w-1\/2 p-4 sm:p-8 md:p-12  lg:px-12 lg:pt-14 \">\n\t\t\t\t\t\t\t\t\t\t\t\t<h2 class=\"Title flex flex-col justify-start mb-4 text-hyotytuuli-hilight3\">\n\t\t\t\t\t\tH\u00e5llbart partnerskap\n\t\t\t\t\t<\/h2>\n\t\t\t\t\t\t\t\t\t\t\t\t\t<div class=\"flex flex-col text-hyotytuuli-hilight3 justify-center \">\n\t\t\t\t\t\t\t\t\t\t\t\t\t<p data-start=\"22\" data-end=\"143\">Det \u00e4r viktigt f\u00f6r oss att ta hand om v\u00e5ra partnerskap och vi satsar p\u00e5 personlig och l\u00e5ngsiktig samarbete med mark\u00e4gare.<\/p>\n<p data-start=\"145\" data-end=\"302\" data-is-last-node=\"\">Vi vill ocks\u00e5 vara en synlig partner i lokalsamh\u00e4llen d\u00e4r v\u00e5ra vindkraftparker \u00e4r bel\u00e4gna, bland annat genom att st\u00f6dja aktiviteter f\u00f6r lokala barn och unga.<\/p>\n\n\t\t\t\t\t\t\t\t\t\t\t\t\t\t\t\t\t<\/div>\n\t\t\t\t\t\t\t\t\t\t<\/div>\n\t\t\t\t\t\t\t<div class=\" self-stretch justify-self-stretch w-full lg:w-1\/2 relative flex justify-center lg:justify-start\">\n\t\t\t\t\t<img decoding=\"async\" loading=\"lazy\" class=\"object-cover h-full w-full aspect-[7\/5]\"  srcset=\"\n\t\t\t\t\t\t\t\t\t\t\thttps:\/\/arenso.fi\/app\/uploads\/2025\/01\/alajoki-peuralinna-1024x682.jpg-150x150.webp 150w,\n\t\t\t\t\t\t\t\t\t\t\thttps:\/\/arenso.fi\/app\/uploads\/2025\/01\/alajoki-peuralinna-1024x682.jpg-300x200.webp 300w,\n\t\t\t\t\t\t\t\t\t\t\thttps:\/\/arenso.fi\/app\/uploads\/2025\/01\/alajoki-peuralinna-1024x682.jpg-768x512.webp 768w,\n\t\t\t\t\t\t\t\t\t\t\thttps:\/\/arenso.fi\/app\/uploads\/2025\/01\/alajoki-peuralinna-1024x682.jpg.webp 1024w,\n\t\t\t\t\t\t\t\t\t\t\thttps:\/\/arenso.fi\/app\/uploads\/2025\/01\/alajoki-peuralinna-1024x682.jpg.webp 1024w,\n\t\t\t\t\t\t\t\t\t\t    \"  src=\"https:\/\/arenso.fi\/app\/uploads\/2025\/01\/alajoki-peuralinna-1024x682.jpg-768x512.webp\"\/>\n\t\t\t\t<\/div>\n\t\t\t\t\t<\/div>\n\t<\/section>\n\n\n\n<h2 class=\"wp-block-heading\">Kontakta oss<\/h2>\n\n\n\n<p>Fyll i kontaktblanketten s\u00e5 kontaktar vi dig inom det snaraste.<\/p>\n\n\n\n<div class=\"wpcf7 no-js\" id=\"wpcf7-f7316-o1\" lang=\"en-US\" dir=\"ltr\" data-wpcf7-id=\"7316\">\n<div class=\"screen-reader-response\"><p role=\"status\" aria-live=\"polite\" aria-atomic=\"true\"><\/p> <ul><\/ul><\/div>\n<form action=\"\/sv\/wp-json\/wp\/v2\/pages\/7226#wpcf7-f7316-o1\" method=\"post\" class=\"wpcf7-form init\" aria-label=\"Contact form\" novalidate=\"novalidate\" data-status=\"init\">\n<div style=\"display: none;\">\n<input type=\"hidden\" name=\"_wpcf7\" value=\"7316\" \/>\n<input type=\"hidden\" name=\"_wpcf7_version\" value=\"6.0.6\" \/>\n<input type=\"hidden\" name=\"_wpcf7_locale\" value=\"en_US\" \/>\n<input type=\"hidden\" name=\"_wpcf7_unit_tag\" value=\"wpcf7-f7316-o1\" \/>\n<input type=\"hidden\" name=\"_wpcf7_container_post\" value=\"0\" \/>\n<input type=\"hidden\" name=\"_wpcf7_posted_data_hash\" value=\"\" \/>\n<input type=\"hidden\" name=\"_wpcf7cf_hidden_group_fields\" value=\"[]\" \/>\n<input type=\"hidden\" name=\"_wpcf7cf_hidden_groups\" value=\"[]\" \/>\n<input type=\"hidden\" name=\"_wpcf7cf_visible_groups\" value=\"[]\" \/>\n<input type=\"hidden\" name=\"_wpcf7cf_repeaters\" value=\"[]\" \/>\n<input type=\"hidden\" name=\"_wpcf7cf_steps\" value=\"{}\" \/>\n<input type=\"hidden\" name=\"_wpcf7cf_options\" value=\"{&quot;form_id&quot;:7316,&quot;conditions&quot;:[],&quot;settings&quot;:{&quot;animation&quot;:&quot;yes&quot;,&quot;animation_intime&quot;:200,&quot;animation_outtime&quot;:200,&quot;conditions_ui&quot;:&quot;normal&quot;,&quot;notice_dismissed&quot;:false,&quot;notice_dismissed_rollback-cf7-5.3.2&quot;:true}}\" \/>\n<\/div>\n<div>\n\t<p><label> \u00c4rende <\/label><br \/>\n<span class=\"wpcf7-form-control-wrap\" data-name=\"menu-882\"><select class=\"wpcf7-form-control wpcf7-select wpcf7-validates-as-required\" aria-required=\"true\" aria-invalid=\"false\" name=\"menu-882\"><option value=\"\">--V\u00e4lja ett \u00e4mne--<\/option><option value=\"Partnerskap, teknik\">Partnerskap, teknik<\/option><option value=\"Partnerskap, produktion och underh\u00e5ll\">Partnerskap, produktion och underh\u00e5ll<\/option><option value=\"Arbetsm\u00f6jligheter\">Arbetsm\u00f6jligheter<\/option><option value=\"Tomtr\u00e4ttsuppl\u00e5telse\">Tomtr\u00e4ttsuppl\u00e5telse<\/option><option value=\"Fakturering\">Fakturering<\/option><option value=\"Andra saker\">Andra saker<\/option><\/select><\/span>\n\t<\/p>\n\t<p><label> Namn <\/label><br \/>\n<span class=\"wpcf7-form-control-wrap\" data-name=\"your-name\"><input size=\"40\" maxlength=\"400\" class=\"wpcf7-form-control wpcf7-text wpcf7-validates-as-required\" autocomplete=\"name\" aria-required=\"true\" aria-invalid=\"false\" value=\"\" type=\"text\" name=\"your-name\" \/><\/span>\n\t<\/p>\n\t<p><label> E-postadress <\/label><br \/>\n<span class=\"wpcf7-form-control-wrap\" data-name=\"your-email\"><input size=\"40\" maxlength=\"400\" class=\"wpcf7-form-control wpcf7-email wpcf7-validates-as-required wpcf7-text wpcf7-validates-as-email\" autocomplete=\"email\" aria-required=\"true\" aria-invalid=\"false\" value=\"\" type=\"email\" name=\"your-email\" \/><\/span>\n\t<\/p>\n\t<p><label> Telefonnummer <\/label><br \/>\n<span class=\"wpcf7-form-control-wrap\" data-name=\"your-phonenumber\"><input size=\"40\" maxlength=\"400\" class=\"wpcf7-form-control wpcf7-tel wpcf7-validates-as-required wpcf7-text wpcf7-validates-as-tel\" aria-required=\"true\" aria-invalid=\"false\" value=\"\" type=\"tel\" name=\"your-phonenumber\" \/><\/span>\n\t<\/p>\n\t<p><label> Meddelande <\/label><br \/>\n<span class=\"wpcf7-form-control-wrap\" data-name=\"your-message\"><textarea cols=\"40\" rows=\"10\" maxlength=\"2000\" class=\"wpcf7-form-control wpcf7-textarea\" aria-invalid=\"false\" name=\"your-message\"><\/textarea><\/span>\n\t<\/p>\n\t<p><input class=\"wpcf7-form-control wpcf7-submit has-spinner\" type=\"submit\" value=\"Skicka\" \/>\n\t<\/p>\n<\/div><div class=\"wpcf7-response-output\" aria-hidden=\"true\"><\/div>\n<\/form>\n<\/div>\n\n","protected":false},"excerpt":{"rendered":"<p>F\u00f6r mark\u00e4gare Mark\u00e4gare, \u00e4r du intresserad av att arrendera mark f\u00f6r en vindkraftspark och f\u00e5 en kontinuerlig extrainkomst fr\u00e5n din fastighet? Kontakta oss Fyll i kontaktblanketten s\u00e5 kontaktar vi dig inom det snaraste.<\/p>\n","protected":false},"author":1,"featured_media":0,"parent":0,"menu_order":0,"comment_status":"closed","ping_status":"closed","template":"","meta":{"_acf_changed":false,"footnotes":""},"class_list":["post-7226","page","type-page","status-publish","hentry"],"acf":[],"yoast_head":"<!-- This site is optimized with the Yoast SEO plugin v27.3 - https:\/\/yoast.com\/product\/yoast-seo-wordpress\/ -->\n<title>F\u00f6r mark\u00e4gare - Hy\u00f6tytuuli<\/title>\n<meta name=\"robots\" content=\"index, follow, max-snippet:-1, max-image-preview:large, max-video-preview:-1\" \/>\n<link rel=\"canonical\" href=\"https:\/\/hyotytuuli.fi\/sv\/for-markagare\/\" \/>\n<meta property=\"og:locale\" content=\"sv_SE\" \/>\n<meta property=\"og:type\" content=\"article\" \/>\n<meta property=\"og:title\" content=\"F\u00f6r mark\u00e4gare - Hy\u00f6tytuuli\" \/>\n<meta property=\"og:description\" content=\"F\u00f6r mark\u00e4gare Mark\u00e4gare, \u00e4r du intresserad av att arrendera mark f\u00f6r en vindkraftspark och f\u00e5 en kontinuerlig extrainkomst fr\u00e5n din fastighet? Kontakta oss Fyll i kontaktblanketten s\u00e5 kontaktar vi dig inom det snaraste.\" \/>\n<meta property=\"og:url\" content=\"https:\/\/hyotytuuli.fi\/sv\/for-markagare\/\" \/>\n<meta property=\"og:site_name\" content=\"Hy\u00f6tytuuli\" \/>\n<meta property=\"article:modified_time\" content=\"2025-02-20T06:44:48+00:00\" \/>\n<meta name=\"twitter:card\" content=\"summary_large_image\" \/>\n<meta name=\"twitter:label1\" content=\"Est. reading time\" \/>\n\t<meta name=\"twitter:data1\" content=\"1 minute\" \/>\n<script type=\"application\/ld+json\" class=\"yoast-schema-graph\">{\"@context\":\"https:\\\/\\\/schema.org\",\"@graph\":[{\"@type\":\"WebPage\",\"@id\":\"https:\\\/\\\/hyotytuuli.fi\\\/sv\\\/for-markagare\\\/\",\"url\":\"https:\\\/\\\/hyotytuuli.fi\\\/sv\\\/for-markagare\\\/\",\"name\":\"F\u00f6r mark\u00e4gare - Hy\u00f6tytuuli\",\"isPartOf\":{\"@id\":\"https:\\\/\\\/hyotytuuli.fi\\\/sv\\\/#website\"},\"datePublished\":\"2025-01-23T13:59:00+00:00\",\"dateModified\":\"2025-02-20T06:44:48+00:00\",\"breadcrumb\":{\"@id\":\"https:\\\/\\\/hyotytuuli.fi\\\/sv\\\/for-markagare\\\/#breadcrumb\"},\"inLanguage\":\"sv-SE\",\"potentialAction\":[{\"@type\":\"ReadAction\",\"target\":[\"https:\\\/\\\/hyotytuuli.fi\\\/sv\\\/for-markagare\\\/\"]}]},{\"@type\":\"BreadcrumbList\",\"@id\":\"https:\\\/\\\/hyotytuuli.fi\\\/sv\\\/for-markagare\\\/#breadcrumb\",\"itemListElement\":[{\"@type\":\"ListItem\",\"position\":1,\"name\":\"Home\",\"item\":\"https:\\\/\\\/hyotytuuli.fi\\\/sv\\\/\"},{\"@type\":\"ListItem\",\"position\":2,\"name\":\"F\u00f6r mark\u00e4gare\"}]},{\"@type\":\"WebSite\",\"@id\":\"https:\\\/\\\/hyotytuuli.fi\\\/sv\\\/#website\",\"url\":\"https:\\\/\\\/hyotytuuli.fi\\\/sv\\\/\",\"name\":\"Hy\u00f6tytuuli\",\"description\":\"\",\"publisher\":{\"@id\":\"https:\\\/\\\/hyotytuuli.fi\\\/sv\\\/#organization\"},\"potentialAction\":[{\"@type\":\"SearchAction\",\"target\":{\"@type\":\"EntryPoint\",\"urlTemplate\":\"https:\\\/\\\/hyotytuuli.fi\\\/sv\\\/?s={search_term_string}\"},\"query-input\":{\"@type\":\"PropertyValueSpecification\",\"valueRequired\":true,\"valueName\":\"search_term_string\"}}],\"inLanguage\":\"sv-SE\"},{\"@type\":\"Organization\",\"@id\":\"https:\\\/\\\/hyotytuuli.fi\\\/sv\\\/#organization\",\"name\":\"Hy\u00f6tytuuli\",\"url\":\"https:\\\/\\\/hyotytuuli.fi\\\/sv\\\/\",\"logo\":{\"@type\":\"ImageObject\",\"inLanguage\":\"sv-SE\",\"@id\":\"https:\\\/\\\/hyotytuuli.fi\\\/sv\\\/#\\\/schema\\\/logo\\\/image\\\/\",\"url\":\"https:\\\/\\\/arenso.fi\\\/app\\\/uploads\\\/2025\\\/02\\\/cropped-favicon-1-1.webp\",\"contentUrl\":\"https:\\\/\\\/arenso.fi\\\/app\\\/uploads\\\/2025\\\/02\\\/cropped-favicon-1-1.webp\",\"width\":512,\"height\":512,\"caption\":\"Hy\u00f6tytuuli\"},\"image\":{\"@id\":\"https:\\\/\\\/hyotytuuli.fi\\\/sv\\\/#\\\/schema\\\/logo\\\/image\\\/\"}}]}<\/script>\n<!-- \/ Yoast SEO plugin. -->","yoast_head_json":{"title":"F\u00f6r mark\u00e4gare - Hy\u00f6tytuuli","robots":{"index":"index","follow":"follow","max-snippet":"max-snippet:-1","max-image-preview":"max-image-preview:large","max-video-preview":"max-video-preview:-1"},"canonical":"https:\/\/hyotytuuli.fi\/sv\/for-markagare\/","og_locale":"sv_SE","og_type":"article","og_title":"F\u00f6r mark\u00e4gare - Hy\u00f6tytuuli","og_description":"F\u00f6r mark\u00e4gare Mark\u00e4gare, \u00e4r du intresserad av att arrendera mark f\u00f6r en vindkraftspark och f\u00e5 en kontinuerlig extrainkomst fr\u00e5n din fastighet? Kontakta oss Fyll i kontaktblanketten s\u00e5 kontaktar vi dig inom det snaraste.","og_url":"https:\/\/hyotytuuli.fi\/sv\/for-markagare\/","og_site_name":"Hy\u00f6tytuuli","article_modified_time":"2025-02-20T06:44:48+00:00","twitter_card":"summary_large_image","twitter_misc":{"Est. reading time":"1 minute"},"schema":{"@context":"https:\/\/schema.org","@graph":[{"@type":"WebPage","@id":"https:\/\/hyotytuuli.fi\/sv\/for-markagare\/","url":"https:\/\/hyotytuuli.fi\/sv\/for-markagare\/","name":"F\u00f6r mark\u00e4gare - Hy\u00f6tytuuli","isPartOf":{"@id":"https:\/\/hyotytuuli.fi\/sv\/#website"},"datePublished":"2025-01-23T13:59:00+00:00","dateModified":"2025-02-20T06:44:48+00:00","breadcrumb":{"@id":"https:\/\/hyotytuuli.fi\/sv\/for-markagare\/#breadcrumb"},"inLanguage":"sv-SE","potentialAction":[{"@type":"ReadAction","target":["https:\/\/hyotytuuli.fi\/sv\/for-markagare\/"]}]},{"@type":"BreadcrumbList","@id":"https:\/\/hyotytuuli.fi\/sv\/for-markagare\/#breadcrumb","itemListElement":[{"@type":"ListItem","position":1,"name":"Home","item":"https:\/\/hyotytuuli.fi\/sv\/"},{"@type":"ListItem","position":2,"name":"F\u00f6r mark\u00e4gare"}]},{"@type":"WebSite","@id":"https:\/\/hyotytuuli.fi\/sv\/#website","url":"https:\/\/hyotytuuli.fi\/sv\/","name":"Hy\u00f6tytuuli","description":"","publisher":{"@id":"https:\/\/hyotytuuli.fi\/sv\/#organization"},"potentialAction":[{"@type":"SearchAction","target":{"@type":"EntryPoint","urlTemplate":"https:\/\/hyotytuuli.fi\/sv\/?s={search_term_string}"},"query-input":{"@type":"PropertyValueSpecification","valueRequired":true,"valueName":"search_term_string"}}],"inLanguage":"sv-SE"},{"@type":"Organization","@id":"https:\/\/hyotytuuli.fi\/sv\/#organization","name":"Hy\u00f6tytuuli","url":"https:\/\/hyotytuuli.fi\/sv\/","logo":{"@type":"ImageObject","inLanguage":"sv-SE","@id":"https:\/\/hyotytuuli.fi\/sv\/#\/schema\/logo\/image\/","url":"https:\/\/arenso.fi\/app\/uploads\/2025\/02\/cropped-favicon-1-1.webp","contentUrl":"https:\/\/arenso.fi\/app\/uploads\/2025\/02\/cropped-favicon-1-1.webp","width":512,"height":512,"caption":"Hy\u00f6tytuuli"},"image":{"@id":"https:\/\/hyotytuuli.fi\/sv\/#\/schema\/logo\/image\/"}}]}},"_links":{"self":[{"href":"https:\/\/hyotytuuli.fi\/sv\/wp-json\/wp\/v2\/pages\/7226","targetHints":{"allow":["GET"]}}],"collection":[{"href":"https:\/\/hyotytuuli.fi\/sv\/wp-json\/wp\/v2\/pages"}],"about":[{"href":"https:\/\/hyotytuuli.fi\/sv\/wp-json\/wp\/v2\/types\/page"}],"author":[{"embeddable":true,"href":"https:\/\/hyotytuuli.fi\/sv\/wp-json\/wp\/v2\/users\/1"}],"replies":[{"embeddable":true,"href":"https:\/\/hyotytuuli.fi\/sv\/wp-json\/wp\/v2\/comments?post=7226"}],"version-history":[{"count":4,"href":"https:\/\/hyotytuuli.fi\/sv\/wp-json\/wp\/v2\/pages\/7226\/revisions"}],"predecessor-version":[{"id":7429,"href":"https:\/\/hyotytuuli.fi\/sv\/wp-json\/wp\/v2\/pages\/7226\/revisions\/7429"}],"wp:attachment":[{"href":"https:\/\/hyotytuuli.fi\/sv\/wp-json\/wp\/v2\/media?parent=7226"}],"curies":[{"name":"wp","href":"https:\/\/api.w.org\/{rel}","templated":true}]}}