{"id":7258,"date":"2025-02-07T09:03:16","date_gmt":"2025-02-07T07:03:16","guid":{"rendered":"https:\/\/hyotytuuli.fi\/?page_id=7258"},"modified":"2025-06-05T12:58:00","modified_gmt":"2025-06-05T10:58:00","slug":"cookies-beskrivning","status":"publish","type":"page","link":"https:\/\/hyotytuuli.fi\/sv\/cookies-beskrivning\/","title":{"rendered":"Cookies Beskrivning"},"content":{"rendered":"\n\n<style>\n                            @media screen and (min-width: 1px) and (max-width: 9999px) {\n            .Hero-1863246922 {\n                background-image: url('https:\/\/arenso.fi\/app\/uploads\/2025\/01\/Vastuullisuus2.jpg');\n            }\n        }\n            \n            @media screen and (max-width: 767.1px) {\n        .Hero-1863246922 {\n            height: 230px !important;\n        }\n    }\n    \n                .Hero-1863246922 {\n            height: 350px;\n        }\n    \n<\/style>\n\n<section class=\"mb-8\" >\n    <div class=\"\n        Hero\n        Hero-1863246922\n        full-width\n        z-10\n        relative bg-cover\n        bg-center inset-x-2\/4\n        flex justify-center items-center\n    \">\n            <h1 class=\"text-white font-bold text-center h2 md:h1 text-balance\"><\/h1>\n        <\/div>\n    <\/section>\n\n\n\n<h2 class=\"wp-block-heading\">Cookies Beskrivning<\/h2>\n\n\n\n<p>Denna webbplats anv\u00e4nder cookies. Vi anv\u00e4nder enhetsidentifierare f\u00f6r att anpassa inneh\u00e5llet och annonserna till anv\u00e4ndarna, tillhandah\u00e5lla funktioner f\u00f6r sociala medier och analysera v\u00e5r trafik. Vi vidarebefordrar \u00e4ven s\u00e5dana identifierare och annan information fr\u00e5n din enhet till de sociala medier och annons- och analysf\u00f6retag som vi samarbetar med. Dessa kan i sin tur kombinera informationen med annan information som du har tillhandah\u00e5llit eller som de har samlat in n\u00e4r du har anv\u00e4nt deras tj\u00e4nster.&nbsp;Mer information om&nbsp;<a href=\"https:\/\/hyotytuuli.fi\/sv\/cookies-beskrivning\/\"><strong>cookies<\/strong><\/a><\/p>\n\n\n\n<p><strong>Sm\u00e5kakor<\/strong><\/p>\n\n\n\n<p>Vad \u00e4r cookies? En cookie \u00e4r en liten textfil som webbl\u00e4saren sparar p\u00e5 anv\u00e4ndarens enhet. Cookies anv\u00e4nds till exempel n\u00e4r anv\u00e4ndarens data ska bevaras n\u00e4r anv\u00e4ndaren flyttar fr\u00e5n en sida i internettj\u00e4nsten till en annan.<\/p>\n\n\n\n<p>De cookies som anv\u00e4nds p\u00e5 v\u00e5r webbplats samlar endast in pseudonymiserade personuppgifter, vilket inneb\u00e4r att de inte kan kopplas till en enda person utan ytterligare information.<\/p>\n\n\n\n<p><strong>Vad anv\u00e4nds cookies till?<\/strong><\/p>\n\n\n\n<p>Vi samlar in information om hur v\u00e5r webbplats anv\u00e4nds f\u00f6r att ge anv\u00e4ndarna en b\u00e4ttre anv\u00e4ndarupplevelse och f\u00f6r att f\u00f6rb\u00e4ttra webbplatsens funktionalitet. Vi samlar \u00e4ven in cookies f\u00f6r att f\u00f6rb\u00e4ttra marknadsf\u00f6ring och kundservice. Vi anv\u00e4nder endast cookies f\u00f6r eget bruk.<\/p>\n\n\n\n<p><strong>Godk\u00e4nnande av cookies<\/strong><\/p>\n\n\n\n<p>Genom att acceptera cookies kan vi:<strong><\/strong><\/p>\n\n\n\n<ul class=\"wp-block-list\">\n<li>Samla information om webbplatsanv\u00e4ndning.<\/li>\n\n\n\n<li>Lagrar information om webbl\u00e4saren och enheten som anv\u00e4nds f\u00f6r att bes\u00f6ka v\u00e5r webbplats.<\/li>\n\n\n\n<li>Riktar in webbplatsinneh\u00e5ll baserat p\u00e5 information vi samlar in baserat p\u00e5 tidigare bes\u00f6k.<\/li>\n\n\n\n<li>Cookies kan ocks\u00e5 anv\u00e4ndas f\u00f6r att producera riktad reklam relaterad till v\u00e5ra produkter och tj\u00e4nster p\u00e5 andra webbplatser p\u00e5 Internet utifr\u00e5n anv\u00e4ndarens intressen.<\/li>\n<\/ul>\n\n\n\n<p><\/p>\n\n\n\n<div style=\"height:50px\" aria-hidden=\"true\" class=\"wp-block-spacer\"><\/div>\n\n\n\n<div id=\"cookiefirst-policy-page\"><\/div>\n<div>This cookie policy has been created and updated by <a href=\"https:\/\/cookiefirst.com\">CookieFirst CMP<\/a>.<\/div>\n<style>.cookiefirst-cookie-declaration > div:not([dir=\"ltr\"]) {\n  display: none !important;\n}\n<\/style>\n","protected":false},"excerpt":{"rendered":"<p>Cookies Beskrivning Denna webbplats anv\u00e4nder cookies. Vi anv\u00e4nder enhetsidentifierare f\u00f6r att anpassa inneh\u00e5llet och annonserna till anv\u00e4ndarna, tillhandah\u00e5lla funktioner f\u00f6r sociala medier och analysera v\u00e5r trafik. Vi vidarebefordrar \u00e4ven s\u00e5dana identifierare och annan information fr\u00e5n din enhet till de sociala medier och annons- och analysf\u00f6retag som vi samarbetar med. Dessa kan i sin tur kombinera [&hellip;]<\/p>\n","protected":false},"author":1,"featured_media":0,"parent":0,"menu_order":0,"comment_status":"closed","ping_status":"closed","template":"","meta":{"_acf_changed":false,"footnotes":""},"class_list":["post-7258","page","type-page","status-publish","hentry"],"acf":[],"yoast_head":"<!-- This site is optimized with the Yoast SEO plugin v27.3 - https:\/\/yoast.com\/product\/yoast-seo-wordpress\/ -->\n<title>Cookies Beskrivning - Hy\u00f6tytuuli<\/title>\n<meta name=\"robots\" content=\"index, follow, max-snippet:-1, max-image-preview:large, max-video-preview:-1\" \/>\n<link rel=\"canonical\" href=\"https:\/\/hyotytuuli.fi\/sv\/cookies-beskrivning\/\" \/>\n<meta property=\"og:locale\" content=\"sv_SE\" \/>\n<meta property=\"og:type\" content=\"article\" \/>\n<meta property=\"og:title\" content=\"Cookies Beskrivning - Hy\u00f6tytuuli\" \/>\n<meta property=\"og:description\" content=\"Cookies Beskrivning Denna webbplats anv\u00e4nder cookies. Vi anv\u00e4nder enhetsidentifierare f\u00f6r att anpassa inneh\u00e5llet och annonserna till anv\u00e4ndarna, tillhandah\u00e5lla funktioner f\u00f6r sociala medier och analysera v\u00e5r trafik. Vi vidarebefordrar \u00e4ven s\u00e5dana identifierare och annan information fr\u00e5n din enhet till de sociala medier och annons- och analysf\u00f6retag som vi samarbetar med. Dessa kan i sin tur kombinera [&hellip;]\" \/>\n<meta property=\"og:url\" content=\"https:\/\/hyotytuuli.fi\/sv\/cookies-beskrivning\/\" \/>\n<meta property=\"og:site_name\" content=\"Hy\u00f6tytuuli\" \/>\n<meta property=\"article:modified_time\" content=\"2025-06-05T10:58:00+00:00\" \/>\n<meta name=\"twitter:card\" content=\"summary_large_image\" \/>\n<meta name=\"twitter:label1\" content=\"Est. reading time\" \/>\n\t<meta name=\"twitter:data1\" content=\"2 minutes\" \/>\n<script type=\"application\/ld+json\" class=\"yoast-schema-graph\">{\"@context\":\"https:\\\/\\\/schema.org\",\"@graph\":[{\"@type\":\"WebPage\",\"@id\":\"https:\\\/\\\/hyotytuuli.fi\\\/sv\\\/cookies-beskrivning\\\/\",\"url\":\"https:\\\/\\\/hyotytuuli.fi\\\/sv\\\/cookies-beskrivning\\\/\",\"name\":\"Cookies Beskrivning - Hy\u00f6tytuuli\",\"isPartOf\":{\"@id\":\"https:\\\/\\\/hyotytuuli.fi\\\/sv\\\/#website\"},\"datePublished\":\"2025-02-07T07:03:16+00:00\",\"dateModified\":\"2025-06-05T10:58:00+00:00\",\"breadcrumb\":{\"@id\":\"https:\\\/\\\/hyotytuuli.fi\\\/sv\\\/cookies-beskrivning\\\/#breadcrumb\"},\"inLanguage\":\"sv-SE\",\"potentialAction\":[{\"@type\":\"ReadAction\",\"target\":[\"https:\\\/\\\/hyotytuuli.fi\\\/sv\\\/cookies-beskrivning\\\/\"]}]},{\"@type\":\"BreadcrumbList\",\"@id\":\"https:\\\/\\\/hyotytuuli.fi\\\/sv\\\/cookies-beskrivning\\\/#breadcrumb\",\"itemListElement\":[{\"@type\":\"ListItem\",\"position\":1,\"name\":\"Home\",\"item\":\"https:\\\/\\\/hyotytuuli.fi\\\/sv\\\/\"},{\"@type\":\"ListItem\",\"position\":2,\"name\":\"Cookies Beskrivning\"}]},{\"@type\":\"WebSite\",\"@id\":\"https:\\\/\\\/hyotytuuli.fi\\\/sv\\\/#website\",\"url\":\"https:\\\/\\\/hyotytuuli.fi\\\/sv\\\/\",\"name\":\"Hy\u00f6tytuuli\",\"description\":\"\",\"publisher\":{\"@id\":\"https:\\\/\\\/hyotytuuli.fi\\\/sv\\\/#organization\"},\"potentialAction\":[{\"@type\":\"SearchAction\",\"target\":{\"@type\":\"EntryPoint\",\"urlTemplate\":\"https:\\\/\\\/hyotytuuli.fi\\\/sv\\\/?s={search_term_string}\"},\"query-input\":{\"@type\":\"PropertyValueSpecification\",\"valueRequired\":true,\"valueName\":\"search_term_string\"}}],\"inLanguage\":\"sv-SE\"},{\"@type\":\"Organization\",\"@id\":\"https:\\\/\\\/hyotytuuli.fi\\\/sv\\\/#organization\",\"name\":\"Hy\u00f6tytuuli\",\"url\":\"https:\\\/\\\/hyotytuuli.fi\\\/sv\\\/\",\"logo\":{\"@type\":\"ImageObject\",\"inLanguage\":\"sv-SE\",\"@id\":\"https:\\\/\\\/hyotytuuli.fi\\\/sv\\\/#\\\/schema\\\/logo\\\/image\\\/\",\"url\":\"https:\\\/\\\/arenso.fi\\\/app\\\/uploads\\\/2025\\\/02\\\/cropped-favicon-1-1.webp\",\"contentUrl\":\"https:\\\/\\\/arenso.fi\\\/app\\\/uploads\\\/2025\\\/02\\\/cropped-favicon-1-1.webp\",\"width\":512,\"height\":512,\"caption\":\"Hy\u00f6tytuuli\"},\"image\":{\"@id\":\"https:\\\/\\\/hyotytuuli.fi\\\/sv\\\/#\\\/schema\\\/logo\\\/image\\\/\"}}]}<\/script>\n<!-- \/ Yoast SEO plugin. -->","yoast_head_json":{"title":"Cookies Beskrivning - Hy\u00f6tytuuli","robots":{"index":"index","follow":"follow","max-snippet":"max-snippet:-1","max-image-preview":"max-image-preview:large","max-video-preview":"max-video-preview:-1"},"canonical":"https:\/\/hyotytuuli.fi\/sv\/cookies-beskrivning\/","og_locale":"sv_SE","og_type":"article","og_title":"Cookies Beskrivning - Hy\u00f6tytuuli","og_description":"Cookies Beskrivning Denna webbplats anv\u00e4nder cookies. Vi anv\u00e4nder enhetsidentifierare f\u00f6r att anpassa inneh\u00e5llet och annonserna till anv\u00e4ndarna, tillhandah\u00e5lla funktioner f\u00f6r sociala medier och analysera v\u00e5r trafik. Vi vidarebefordrar \u00e4ven s\u00e5dana identifierare och annan information fr\u00e5n din enhet till de sociala medier och annons- och analysf\u00f6retag som vi samarbetar med. Dessa kan i sin tur kombinera [&hellip;]","og_url":"https:\/\/hyotytuuli.fi\/sv\/cookies-beskrivning\/","og_site_name":"Hy\u00f6tytuuli","article_modified_time":"2025-06-05T10:58:00+00:00","twitter_card":"summary_large_image","twitter_misc":{"Est. reading time":"2 minutes"},"schema":{"@context":"https:\/\/schema.org","@graph":[{"@type":"WebPage","@id":"https:\/\/hyotytuuli.fi\/sv\/cookies-beskrivning\/","url":"https:\/\/hyotytuuli.fi\/sv\/cookies-beskrivning\/","name":"Cookies Beskrivning - Hy\u00f6tytuuli","isPartOf":{"@id":"https:\/\/hyotytuuli.fi\/sv\/#website"},"datePublished":"2025-02-07T07:03:16+00:00","dateModified":"2025-06-05T10:58:00+00:00","breadcrumb":{"@id":"https:\/\/hyotytuuli.fi\/sv\/cookies-beskrivning\/#breadcrumb"},"inLanguage":"sv-SE","potentialAction":[{"@type":"ReadAction","target":["https:\/\/hyotytuuli.fi\/sv\/cookies-beskrivning\/"]}]},{"@type":"BreadcrumbList","@id":"https:\/\/hyotytuuli.fi\/sv\/cookies-beskrivning\/#breadcrumb","itemListElement":[{"@type":"ListItem","position":1,"name":"Home","item":"https:\/\/hyotytuuli.fi\/sv\/"},{"@type":"ListItem","position":2,"name":"Cookies Beskrivning"}]},{"@type":"WebSite","@id":"https:\/\/hyotytuuli.fi\/sv\/#website","url":"https:\/\/hyotytuuli.fi\/sv\/","name":"Hy\u00f6tytuuli","description":"","publisher":{"@id":"https:\/\/hyotytuuli.fi\/sv\/#organization"},"potentialAction":[{"@type":"SearchAction","target":{"@type":"EntryPoint","urlTemplate":"https:\/\/hyotytuuli.fi\/sv\/?s={search_term_string}"},"query-input":{"@type":"PropertyValueSpecification","valueRequired":true,"valueName":"search_term_string"}}],"inLanguage":"sv-SE"},{"@type":"Organization","@id":"https:\/\/hyotytuuli.fi\/sv\/#organization","name":"Hy\u00f6tytuuli","url":"https:\/\/hyotytuuli.fi\/sv\/","logo":{"@type":"ImageObject","inLanguage":"sv-SE","@id":"https:\/\/hyotytuuli.fi\/sv\/#\/schema\/logo\/image\/","url":"https:\/\/arenso.fi\/app\/uploads\/2025\/02\/cropped-favicon-1-1.webp","contentUrl":"https:\/\/arenso.fi\/app\/uploads\/2025\/02\/cropped-favicon-1-1.webp","width":512,"height":512,"caption":"Hy\u00f6tytuuli"},"image":{"@id":"https:\/\/hyotytuuli.fi\/sv\/#\/schema\/logo\/image\/"}}]}},"_links":{"self":[{"href":"https:\/\/hyotytuuli.fi\/sv\/wp-json\/wp\/v2\/pages\/7258","targetHints":{"allow":["GET"]}}],"collection":[{"href":"https:\/\/hyotytuuli.fi\/sv\/wp-json\/wp\/v2\/pages"}],"about":[{"href":"https:\/\/hyotytuuli.fi\/sv\/wp-json\/wp\/v2\/types\/page"}],"author":[{"embeddable":true,"href":"https:\/\/hyotytuuli.fi\/sv\/wp-json\/wp\/v2\/users\/1"}],"replies":[{"embeddable":true,"href":"https:\/\/hyotytuuli.fi\/sv\/wp-json\/wp\/v2\/comments?post=7258"}],"version-history":[{"count":2,"href":"https:\/\/hyotytuuli.fi\/sv\/wp-json\/wp\/v2\/pages\/7258\/revisions"}],"predecessor-version":[{"id":7803,"href":"https:\/\/hyotytuuli.fi\/sv\/wp-json\/wp\/v2\/pages\/7258\/revisions\/7803"}],"wp:attachment":[{"href":"https:\/\/hyotytuuli.fi\/sv\/wp-json\/wp\/v2\/media?parent=7258"}],"curies":[{"name":"wp","href":"https:\/\/api.w.org\/{rel}","templated":true}]}}